{"id":5846,"date":"2023-01-06T13:55:01","date_gmt":"2023-01-06T12:55:01","guid":{"rendered":"https:\/\/schmecktbesser.ch\/?page_id=5846"},"modified":"2023-01-13T13:29:34","modified_gmt":"2023-01-13T12:29:34","slug":"allgemeine-nutzungsbedingungen","status":"publish","type":"page","link":"https:\/\/schmecktbesser.yogalingam.ch\/index.php\/allgemeine-nutzungsbedingungen\/","title":{"rendered":"Allgemeine Nutzungsbedingungen"},"content":{"rendered":"\t\t<div data-elementor-type=\"wp-page\" data-elementor-id=\"5846\" class=\"elementor elementor-5846\">\n\t\t\t\t\t\t\t\t\t<section class=\"elementor-section elementor-top-section elementor-element elementor-element-8b6a40b elementor-section-boxed elementor-section-height-default elementor-section-height-default\" data-id=\"8b6a40b\" data-element_type=\"section\">\n\t\t\t\t\t\t<div class=\"elementor-container elementor-column-gap-default\">\n\t\t\t\t\t<div class=\"elementor-column elementor-col-100 elementor-top-column elementor-element elementor-element-8cde6d0\" data-id=\"8cde6d0\" data-element_type=\"column\">\n\t\t\t<div class=\"elementor-widget-wrap elementor-element-populated\">\n\t\t\t\t\t\t\t\t<div class=\"elementor-element elementor-element-2c7c850 elementor-widget elementor-widget-text-editor\" data-id=\"2c7c850\" data-element_type=\"widget\" data-widget_type=\"text-editor.default\">\n\t\t\t\t<div class=\"elementor-widget-container\">\n\t\t\t<style>\/*! elementor - v3.10.2 - 29-01-2023 *\/\n.elementor-widget-text-editor.elementor-drop-cap-view-stacked .elementor-drop-cap{background-color:#818a91;color:#fff}.elementor-widget-text-editor.elementor-drop-cap-view-framed .elementor-drop-cap{color:#818a91;border:3px solid;background-color:transparent}.elementor-widget-text-editor:not(.elementor-drop-cap-view-default) .elementor-drop-cap{margin-top:8px}.elementor-widget-text-editor:not(.elementor-drop-cap-view-default) .elementor-drop-cap-letter{width:1em;height:1em}.elementor-widget-text-editor .elementor-drop-cap{float:left;text-align:center;line-height:1;font-size:50px}.elementor-widget-text-editor .elementor-drop-cap-letter{display:inline-block}<\/style>\t\t\t\t<div class=\"page-title\">\n<h2>AGB<\/h2>\n<\/div>\n<div class=\"lead\"><\/div>\n<div class=\"templateContent\">\n\nAGB &amp; Kundeninfo Stand 1. 1. 2023<br>\n\nAllgemeine Gesch\u00e4ftsbedingungen mit Kundeninformationen\n<br><br>\n<h3>1) Geltungsbereich<\/h3>\n\n1.1 Diese Allgemeinen Gesch\u00e4ftsbedingungen (nachfolgend \u201eAGB\u201d) von Schmecktbesser\u00a0(nachfolgend \u201eVerk\u00e4ufer\u201d), gelten f\u00fcr alle Vertr\u00e4ge, die ein Verbraucher oder Unternehmer (nachfolgend \u201eKunde\u201d) mit dem Verk\u00e4ufer hinsichtlich der vom Verk\u00e4ufer in seinem Online-Shop dargestellten Waren und\/oder Leistungen abschliesst. Hiermit wird der Einbeziehung von eigenen Bedingungen des Kunden widersprochen, es sei denn, es ist etwas anderes vereinbart.\n<br>\n1.2 Verbraucher im Sinne dieser AGB ist jede nat\u00fcrliche Person, die ein Rechtsgesch\u00e4ft zu Zwecken abschliesst, die \u00fcberwiegend weder ihrer gewerblichen noch ihrer selbst\u00e4ndigen beruflichen T\u00e4tigkeit zugerechnet werden k\u00f6nnen. Unternehmer im Sinne dieser AGB ist eine nat\u00fcrliche oder juristische Person oder eine rechtsf\u00e4hige Personengesellschaft, die bei Abschluss eines Rechtsgesch\u00e4fts in Aus\u00fcbung ihrer gewerblichen oder selbst\u00e4ndigen beruflichen T\u00e4tigkeit handelt.<br><br>\n<h3>2) Vertragsschluss<\/h3>\n2.1 Die im Online-Shop des Verk\u00e4ufers enthaltenen Produktbeschreibungen stellen keine verbindlichen Angebote seitens des Verk\u00e4ufers dar, sondern dienen zur Abgabe eines verbindlichen Angebots durch den Kunden.\n<br>\n2.2 Der Kunde kann das Angebot \u00fcber das in den Online-Shop des Verk\u00e4ufers integrierte Online-Bestellformular abgeben. Dabei gibt der Kunde, nachdem er die ausgew\u00e4hlten Waren und\/oder Leistungen in den virtuellen Warenkorb gelegt und den elektronischen Bestellprozess durchlaufen hat, durch Klicken des den Bestellvorgang abschliessenden Fl\u00e4che (senden)\u00a0ein rechtlich verbindliches Vertragsangebot in Bezug auf die im Warenkorb enthaltenen Waren und\/oder Leistungen ab. Ferner kann der Kunde das Angebot auch postalisch, per E-Mail,, SMS, Facebook, per Fax, telefonisch gegen\u00fcber dem Verk\u00e4ufer abgeben.\n<br>\n2.3 Der Verk\u00e4ufer kann das Angebot des Kunden innerhalb von f\u00fcnf Tagen annehmen,\n<ul>\n \t<li>indem er dem Kunden eine schriftliche Auftragsbest\u00e4tigung oder eine Auftragsbest\u00e4tigung in Textform (Fax oder E-Mail) \u00fcbermittelt, wobei insoweit der Zugang der Auftragsbest\u00e4tigung beim Kunden massgeblich ist, oder<\/li>\n \t<li>indem er dem Kunden die bestellte Ware liefert, wobei insoweit der Zugang der Ware beim Kunden massgeblich ist, oder<\/li>\n \t<li>indem er den Kunden nach Abgabe von dessen Bestellung zur Zahlung auffordert.<\/li>\n<\/ul>\nLiegen mehrere der vorgenannten Alternativen vor, kommt der Vertrag in dem Zeitpunkt zustande, in dem eine der vorgenannten Alternativen zuerst eintritt. Nimmt der Verk\u00e4ufer das Angebot des Kunden innerhalb vorgenannter Frist nicht an, so gilt dies als Ablehnung des Angebots mit der Folge, dass der Kunde nicht mehr an seine Willenserkl\u00e4rung gebunden ist.\n<br>\n2.4 F\u00fcr den Vertragsschluss steht ausschliesslich die deutsche Sprache zur Verf\u00fcgung.\n<br>\n2.5 Die Bestellabwicklung und Kontaktaufnahme finden in der Regel per E-Mail und automatisierter Bestellabwicklung statt. Der Kunde hat sicherzustellen, dass die von ihm zur Bestellabwicklung angegebene E-Mail-Adresse zutreffend ist, so dass unter dieser Adresse die vom Verk\u00e4ufer versandten E-Mails empfangen werden k\u00f6nnen. Insbesondere hat der Kunde bei dem Einsatz von SPAM-Filtern sicherzustellen, dass alle vom Verk\u00e4ufer oder von diesem mit der Bestellabwicklung beauftragten Dritten versandten E-Mails zugestellt werden k\u00f6nnen.<br><br>\n<h3>3) WIDERRUFSRECHT<\/h3>\n3.1 Sie haben ein 14-t\u00e4giges Widerrufsrecht ohne Begr\u00fcndung.<br><br>\n<h3>4) Preise und Zahlungsbedingungen<\/h3>\n4.1 Sofern sich aus der Produktbeschreibung des Verk\u00e4ufers nichts anderes ergibt, handelt es sich bei den angegebenen Preisen um Gesamtpreise, die die gesetzliche, schweizerische Mehrwertsteuer \u00a0enthalten. Gegebenenfalls zus\u00e4tzlich anfallende Liefer- und Versandkosten werden in der jeweiligen Produktbeschreibung gesondert angegeben.\n<br>\n4.2 Der Verk\u00e4ufer bietet die Zahlungsm\u00f6glichk per Rechungskauf und Vorauskasse an.\n<br>\n4.3 Ist Vorauskasse vereinbart, ist die Zahlung sofort nach Vertragsabschluss f\u00e4llig.\n<br>\n4.4\u00a0Bei Auswahl der Zahlungsart Rechnungskauf wird der Kaufpreis f\u00e4llig, nachdem die Ware geliefert und in Rechnung gestellt wurde. In diesem Fall ist der Kaufpreis innerhalb von 14 (vierzehn) Tagen ab Erhalt der Rechnung ohne Abzug zu zahlen, sofern nichts anderes vereinbart ist. Der Verk\u00e4ufer beh\u00e4lt sich vor, die Zahlungsart Rechnungskauf nur bis zu einem bestimmten Bestellvolumen anzubieten und diese Zahlungsart bei \u00dcberschreitung des angegebenen Bestellvolumens abzulehnen. In diesem Fall wird der Verk\u00e4ufer den Kunden in seinen Zahlungsinformationen im Online-Shop auf eine entsprechende Zahlungsbeschr\u00e4nkung hinweisen.\n<br>\n4.5 Bei Zahlungsverzug ist der Verk\u00e4ufer\u00a0bei Vorliegen der gesetzlichen Voraussetzungen berechtigt, Verzugszinse in H\u00f6he von 5% der Rechnungssumme zu verlangen. Der Verk\u00e4ufer beh\u00e4lt sich das Recht vor, den Kunden vorg\u00e4ngig zu mahnen, wobei die Mahngeb\u00fchr bei der 2. Mahnung\u00a0 CHF 7.- und bei der 3. Mahnung CHF. 14.- betr\u00e4gt.\n<br>\n4.6\u00a0Der Kunde erkl\u00e4rt sich damit einverstanden, dass der Verk\u00e4ufer\u00a0den f\u00fcr die Bonit\u00e4tspr\u00fcfung des Kunden sowie f\u00fcr das Inkasso des Kaufpreises beigezogenen Dritten (insbesondere der Wirtschaftsauskunftei CRIF AG, Z\u00fcrich, oder einem mit dieser verbundenen Unternehmen) jederzeit Zugriff auf seine aus der gesch\u00e4ftlichen Beziehung stammenden personenbezogenen Daten unter Einschluss aller Zahlungserfahrungen aus dem Bestellvorgang gew\u00e4hrt. Der Kunde ist berechtigt, seine vorstehende Zustimmung jederzeit schriftlich zu widerrufen.<br><br>\n<h3>5) LIEFER- UND VERSANDBEDINGUNGEN<\/h3>\n5.1 Die Lieferung erfolgt nur innerhalb der Schweiz und ist kostenfrei ab einem Bestellwert von 130 CHF. Bei einem Bestellwert von weniger als 130.- CHF erfolgt die Lieferung zu einer Versandkostenpauschale von 7.00 CHF und unter 30.- CHF eine Versandkostenpauschale von 7.90 CHF\n<br>\n5.2 Der Verk\u00e4ufer\u00a0ist zu Teillieferungen und Teilleistungen berechtigt. Dabei entstehende Kosten f\u00fcr den getrennten Versand tr\u00e4gt der Verk\u00e4ufer.\n<br>\n5.3 Die Lieferung erfolgt \u00fcber die Schweizer Post. Der Verk\u00e4ufer\u00a0versendet von Montag bis Mittwoch. Vor 15\u00a0Uhr bestellte Artikel werden noch am selben Tag versandfertig gemacht. Sollte ein Artikel in Ausnahmef\u00e4llen nicht innerhalb von 24 Stunden versandfertig sein, werden Sie per Email informiert.\nBestellte Ware\u00a0liefern wir unverz\u00fcglich nach Eingang der Bestellung und gegebenenfalls nach eingegangener Vorkasse grunds\u00e4tzlich innerhalb von maximal 2\u00a0Tagen. Auf evtl. abweichende Lieferzeiten weisen wir auf der jeweiligen Produktseite hin.\n<br>\n5.4 Nimmt ein K\u00e4ufer die Ware nicht ab, so kann der Verk\u00e4ufer\u00a0nach eigener Wahl entweder nach Ablauf einer Frist von 2 Wochen die Ware an einen Dritten verkaufen und den urspr\u00fcnglichen K\u00e4ufer f\u00fcr einen eventuell entstandenen Verlust haftbar machen oder auf der Erf\u00fcllung des Vertrages beharren. Vorbehalten bleiben die \u00fcbrigen gesetzlichen Anspr\u00fcche des Verk\u00e4ufers.\n<br>\n5.5\u00a0Sollte die Ware aufgrund h\u00f6herer Gewalt oder Produkteinstellung nicht lieferbar sein oder dem Verk\u00e4ufer\u00a0die bestellten Produkte nicht unter zumutbaren Bedingungen beschaffen k\u00f6nnen und sollten diese Umst\u00e4nde erst nach Vertragsschluss eingetreten und nicht durch den Verk\u00e4ufer\u00a0zu verantworten sein, so wird der Verk\u00e4ufer\u00a0von der Lieferpflicht befreit. Sollten Ereignisse, die dem Verk\u00e4ufer\u00a0die Lieferung wesentlich erschweren oder unm\u00f6glich machen &#8211; beispielsweise Streik, Aussperrung, beh\u00f6rdliche Anordnungen oder \u00c4hnliches &#8211; eintreten, hat der Verk\u00e4ufer\u00a0Verz\u00f6gerungen auch bei verbindlich vereinbarten Fristen und Terminen nicht zu vertreten.\n<br>\n5.6\u00a0Sie haben ein 14-t\u00e4giges Widerrufsrecht ohne Begr\u00fcndung. Bitte senden Sie uns Ihren Widerruf innerhalb von 14 Tagen nach Erhalt der Ware zu (massgeblich ist die rechtzeitige Absendung). Die Ware senden Sie uns bitte innerhalb von 14 Tagen nach dem Widerruf zur\u00fcck. Wir erstatten die Zahlungen sobald wir die Ware erhalten haben. Der Widerruf ist zu richten an:\n<br>\nDaniel Roth,\nZiegelei 1, CH-3672 Oberdiessbach<br> <br>\n<h3>R\u00fcckgabebedingungen<\/h3>\nEs k\u00f6nnen innerhalb 30 Tagen nur einwandfreie Produkte zur\u00fcckgesendet werden. Ge\u00f6ffnete oder gebrauchte Produkte k\u00f6nnen nicht retourniert werden und der Warenwert kann nicht zur\u00fcckerstattet werden.\nDie R\u00fccksendekosten tr\u00e4gt der K\u00e4ufer.\nWir behalten uns vor, Ersatz f\u00fcr m\u00f6gliche Besch\u00e4digungen oder \u00fcberm\u00e4ssige Abnutzung vom zu erstattenden Kaufpreis abzuziehen. Bitte beachten Sie, dass wir f\u00fcr folgende Produkte kein Widerrufsrecht gew\u00e4hren:\nVersiegelte Waren, die aus Gr\u00fcnden des Gesundheitsschutzes oder aus Hygienegr\u00fcnden nicht zur R\u00fcckgabe geeignet sind und deren Versiegelung nach der Lieferung entfernt wurde.\n<br><br>\nAdresse f\u00fcr R\u00fccksendungen:\n<br>\n\nDaniel Roth,\nZiegelei 1, CH-3672 Oberdiessbach<br><br>\n<h3>6) EIGENTUMSVORBEHALT<\/h3>\n6.1 Gegen\u00fcber Verbrauchern beh\u00e4lt sich der Verk\u00e4ufer bis zur vollst\u00e4ndigen Bezahlung des geschuldeten Kaufpreises das Eigentum an der gelieferten Ware vor.\n<br>\n6.2 Gegen\u00fcber Unternehmern beh\u00e4lt sich der Verk\u00e4ufer bis zur vollst\u00e4ndigen Begleichung aller Forderungen aus einer laufenden Gesch\u00e4ftsbeziehung das Eigentum an der gelieferten Ware vor.\n<br>\n6.3 Handelt der Kunde als Unternehmer, so ist er zur Weiterver\u00e4usserung der Vorbehaltsware im ordnungsgem\u00e4ssen Gesch\u00e4ftsbetrieb berechtigt. S\u00e4mtliche hieraus entstehenden Forderungen gegen Dritte tritt der Kunde in H\u00f6he des jeweiligen Rechnungswertes (einschliesslich gesetzliche Mehrwertsteuer) im Voraus an den Verk\u00e4ufer ab. Diese Abtretung gilt unabh\u00e4ngig davon, ob die Vorbehaltsware ohne oder nach Verarbeitung weiterverkauft worden ist. Der Kunde bleibt zur Einziehung der Forderungen auch nach der Abtretung erm\u00e4chtigt. Die Befugnis des Verk\u00e4ufers, die Forderungen selbst einzuziehen, bleibt davon unber\u00fchrt. Der Verk\u00e4ufer wird jedoch die Forderungen nicht einziehen, solange der Kunde seinen Zahlungsverpflichtungen dem Verk\u00e4ufer gegen\u00fcber nachkommt, nicht in Zahlungsverzug ger\u00e4t und kein Antrag auf Er\u00f6ffnung eines Insolvenzverfahrens gestellt ist.<br><br>\n<h3>7) M\u00c4NGELHAFTUNG<\/h3>\nLiegt ein Mangel der Kaufsache vor, gelten die gesetzlichen Vorschriften. Hiervon abweichend gilt f\u00fcr Sachen, die nicht entsprechend ihrer \u00fcblichen Verwendungsweise f\u00fcr ein Bauwerk verwendet worden sind und dessen Mangelhaftigkeit verursacht haben:\n<br>\n7.1 F\u00fcr Unternehmer begr\u00fcndet ein unwesentlicher Mangel grunds\u00e4tzlich keine M\u00e4ngelanspr\u00fcche, hat der Verk\u00e4ufer die Wahl der Art der Nacherf\u00fcllung, betr\u00e4gt bei neuen Waren die Verj\u00e4hrungsfrist f\u00fcr M\u00e4ngel ein Jahr ab Gefahr\u00fcbergang, sind bei gebrauchten Waren die Rechte und Anspr\u00fcche wegen M\u00e4ngeln grunds\u00e4tzlich ausgeschlossen, beginnt die Verj\u00e4hrung nicht erneut, wenn im Rahmen der M\u00e4ngelhaftung eine Ersatzlieferung erfolgt.\n<br>\n7.2 F\u00fcr Verbraucher betr\u00e4gt die Verj\u00e4hrungsfrist f\u00fcr M\u00e4ngelanspr\u00fcche bei neuen Waren zwei Jahre ab Ablieferung der Ware an den Kunden.Bei gebrauchten Waren ein Jahr ab Ablieferung der Ware an den Kunden, mit der Einschr\u00e4nkung der Ziffer 7.3.\n<br>\n7.3 F\u00fcr Unternehmer und Verbraucher gilt, dass die vorstehenden Haftungs- und Verj\u00e4hrungsfristbeschr\u00e4nkungen in Ziffer 7.1 und Ziffer 7.2 sich nicht auf Schadens- und Aufwendungsersatzanspr\u00fcche beziehen, die der K\u00e4ufer nach den gesetzlichen Vorschriften wegen M\u00e4ngeln nach Massgabe der Ziffer 8 geltend machen kann.\n<br>\n7.4 Dar\u00fcber hinaus gilt f\u00fcr Unternehmer, dass die gesetzlichen Verj\u00e4hrungsfristen f\u00fcr den R\u00fcckgriffsanspruch unber\u00fchrt bleiben. Gleiches gilt f\u00fcr Unternehmer und Verbraucher bei vors\u00e4tzlicher Pflichtverletzung und arglistigem Verschweigen eines Mangels.\n<br>\n7.5 Handelt der Kunde als Kaufmann, trifft ihn die kaufm\u00e4nnische Untersuchungs- und R\u00fcgepflicht. Unterl\u00e4sst der Kunde die dort geregelten Anzeigepflichten, gilt die Ware als genehmigt.\n<br>\n7.6 Handelt der Kunde als Verbraucher, so wird er gebeten, angelieferte Waren mit offensichtlichen Transportsch\u00e4den bei dem Zusteller zu reklamieren und hiervon den Verk\u00e4ufer in Kenntnis zu setzen. Kommt der Kunde dem nicht nach, hat dies keinerlei Auswirkungen auf seine gesetzlichen oder vertraglichen M\u00e4ngelanspr\u00fcche.\n<br>\n7.7 Ist die Nacherf\u00fcllung im Wege der Ersatzlieferung erfolgt, ist der Kunde dazu verpflichtet, die zuerst gelieferte Ware innerhalb von 30 Tagen an den Verk\u00e4ufer auf dessen Kosten zur\u00fcckzusenden. Die R\u00fccksendung der mangelhaften Ware hat nach den gesetzlichen Vorschriften zu erfolgen.<br><br>\n<h3>8) HAFTUNG<\/h3>\nDer Verk\u00e4ufer haftet dem Kunden aus allen vertraglichen, vertrags\u00e4hnlichen und gesetzlichen, auch deliktischen Anspr\u00fcchen auf Schadens- und Aufwendungsersatz wie folgt:\n<br>\n8.1 Der Verk\u00e4ufer haftet aus jedem Rechtsgrund uneingeschr\u00e4nkt\nbei Vorsatz oder grober Fahrl\u00e4ssigkeit,\nbei fahrl\u00e4ssiger oder vors\u00e4tzlicher Verletzung des Lebens, des K\u00f6rpers oder der Gesundheit,\naufgrund eines Garantieversprechens, soweit diesbez\u00fcglich nichts anderes geregelt ist,\naufgrund zwingender Haftung wie etwa nach dem Produkthaftungsgesetz.\n<br>\n8.2 Verletzt der Verk\u00e4ufer fahrl\u00e4ssig eine wesentliche Vertragspflicht, ist die Haftung auf den vertragstypischen, vorhersehbaren Schaden begrenzt, sofern nicht gem\u00e4ss\u00a0Ziffer 8.1 unbeschr\u00e4nkt gehaftet wird. Wesentliche Vertragspflichten sind Pflichten, die der Vertrag dem Verk\u00e4ufer nach seinem Inhalt zur Erreichung des Vertragszwecks auferlegt, deren Erf\u00fcllung die ordnungsgem\u00e4sse Durchf\u00fchrung des Vertrags \u00fcberhaupt erst erm\u00f6glicht und auf deren Einhaltung der Kunde regelm\u00e4ssig vertrauen darf.\n<br>\n8.3 Im \u00dcbrigen ist eine Haftung des Verk\u00e4ufers ausgeschlossen.\n<br>\n8.4 Vorstehende Haftungsregelungen gelten auch im Hinblick auf die Haftung des Verk\u00e4ufers f\u00fcr seine Erf\u00fcllungsgehilfen und gesetzlichen Vertreter.\n<br>\n8.5\u00a0Auf dieser Website und auf den Etiketten der Verpackungen finden Sie Anwendungsempfehlungen zu Informationszwecken. Dies ist kein Ersatz f\u00fcr eine \u00e4rztliche Beratung \u00a0oder durch medizinisches Fachpersonal. Wir k\u00f6nnen deshalb nicht f\u00fcr allf\u00e4llige gesundheitliche Sch\u00e4den verantwortlich gemacht werden. Wenden Sie sich daher f\u00fcr gesundheitliche Fragen direkt an Ihren Arzt.<br><br>\n<h3>9) EINL\u00d6SUNG VON AKTIONSGUTSCHEINEN<\/h3>\n9.1 Gutscheine, die vom Verk\u00e4ufer im Rahmen von Werbeaktionen mit einer bestimmten G\u00fcltigkeitsdauer unentgeltlich ausgegeben werden und die vom Kunden nicht k\u00e4uflich erworben werden k\u00f6nnen (nachfolgend \u201eAktionsgutscheine\u201d), k\u00f6nnen nur im Online-Shop des Verk\u00e4ufers und nur im angegebenen Zeitraum eingel\u00f6st werden.\n<br>\n9.2 Einzelne Produkte k\u00f6nnen von der Gutscheinaktion ausgeschlossen sein, sofern sich eine entsprechende Einschr\u00e4nkung aus dem Inhalt des Aktionsgutscheins ergibt.\n<br>\n9.3 Aktionsgutscheine k\u00f6nnen nur vor Abschluss des Bestellvorgangs eingel\u00f6st werden. Eine nachtr\u00e4gliche Verrechnung ist nicht m\u00f6glich.\n<br>\n9.4 Pro Bestellung kann immer nur ein Aktionsgutschein eingel\u00f6st werden.\n<br>\n9.5 Der Warenwert muss mindestens dem Betrag des Aktionsgutscheins entsprechen. Etwaiges Restguthaben wird vom Verk\u00e4ufer nicht erstattet.\n<br>\n9.6 Reicht der Wert des Aktionsgutscheins zur Deckung der Bestellung nicht aus, kann zur Begleichung des Differenzbetrages eine der \u00fcbrigen vom Verk\u00e4ufer angebotenen Zahlungsarten gew\u00e4hlt werden.\n<br>\n9.7 Das Guthaben eines Aktionsgutscheins wird weder in Bargeld ausgezahlt noch verzinst.\n<br>\n9.8 Der Aktionsgutschein wird nicht erstattet, wenn der Kunde die mit dem Aktionsgutschein ganz oder teilweise bezahlte Ware im Rahmen seines gesetzlichen Widerrufsrechts zur\u00fcckgibt.\n<br>\n9.9 Der Aktionsgutschein ist \u00fcbertragbar. Der Verk\u00e4ufer kann mit befreiender Wirkung an den jeweiligen Inhaber, der den Aktionsgutschein im Online-Shop des Verk\u00e4ufers einl\u00f6st, leisten. Dies gilt nicht, wenn der Verk\u00e4ufer Kenntnis oder grob fahrl\u00e4ssige Unkenntnis von der Nichtberechtigung, der Gesch\u00e4ftsunf\u00e4higkeit oder der fehlenden Vertretungsberechtigung des jeweiligen Inhabers hat.<br><br>\n<h3>10) ANWENDBARES RECHT<\/h3>\nF\u00fcr s\u00e4mtliche Rechtsbeziehungen der Parteien gilt das Schweizerische Obligationenrecht (OR) unter Ausschluss der Gesetze \u00fcber den internationalen Kauf beweglicher Waren. Bei Verbrauchern gilt diese Rechtswahl nur insoweit, als nicht der gew\u00e4hrte Schutz durch zwingende Bestimmungen des Rechts des Staates, in dem der Verbraucher seinen gew\u00f6hnlichen Aufenthalt hat, entzogen wird.<br><br>\n<h3>11) GERICHTSSTAND<\/h3>\nHandelt der Kunde als Kaufmann, juristische Person des \u00f6ffentlichen Rechts, ist ausschliesslicher Gerichtsstand f\u00fcr alle Streitigkeiten aus diesem Vertrag Bern. Hat der Kunde seinen Sitz ausserhalb der Schweiz, so ist Bern ausschliesslicher Gerichtsstand f\u00fcr alle Streitigkeiten aus diesem Vertrag, wenn der Vertrag oder Anspr\u00fcche aus dem Vertrag der beruflichen oder gewerblichen T\u00e4tigkeit des Kunden zugerechnet werden k\u00f6nnen. Der Verk\u00e4ufer ist in den vorstehenden F\u00e4llen jedoch in jedem Fall berechtigt, das Gericht am Sitz des Kunden anzurufen.\n\nDie allgemeinen Gesch\u00e4ftsbedingungen basieren auf dem schweizerischen Obligationenrecht. Es gilt die salvatorische Klausel. Schmecktbesser\u00a0beh\u00e4lt sich das Recht vor, die AGB jederzeit und ohne Ank\u00fcndigung zu \u00e4ndern. Es gilt die jeweils aktuellste auf der www.schmecktbesser.ch Seite\u00a0publizierte AGB-Fassung.\n\n<\/div>\t\t\t\t\t\t<\/div>\n\t\t\t\t<\/div>\n\t\t\t\t\t<\/div>\n\t\t<\/div>\n\t\t\t\t\t\t\t<\/div>\n\t\t<\/section>\n\t\t\t\t\t\t\t<\/div>\n\t\t","protected":false},"excerpt":{"rendered":"<p>AGB AGB &amp; Kundeninfo Stand 1. 1. 2023 Allgemeine Gesch\u00e4ftsbedingungen mit Kundeninformationen 1) Geltungsbereich 1.1 Diese Allgemeinen Gesch\u00e4ftsbedingungen (nachfolgend \u201eAGB\u201d) von Schmecktbesser\u00a0(nachfolgend \u201eVerk\u00e4ufer\u201d), gelten f\u00fcr alle Vertr\u00e4ge, die ein Verbraucher oder Unternehmer (nachfolgend \u201eKunde\u201d) mit dem Verk\u00e4ufer hinsichtlich der vom Verk\u00e4ufer in seinem Online-Shop dargestellten Waren und\/oder Leistungen abschliesst. Hiermit wird der Einbeziehung von eigenen [&hellip;]<\/p>\n","protected":false},"author":1,"featured_media":0,"parent":0,"menu_order":0,"comment_status":"closed","ping_status":"closed","template":"","meta":{"footnotes":""},"class_list":["post-5846","page","type-page","status-publish","hentry"],"_links":{"self":[{"href":"https:\/\/schmecktbesser.yogalingam.ch\/index.php\/wp-json\/wp\/v2\/pages\/5846","targetHints":{"allow":["GET"]}}],"collection":[{"href":"https:\/\/schmecktbesser.yogalingam.ch\/index.php\/wp-json\/wp\/v2\/pages"}],"about":[{"href":"https:\/\/schmecktbesser.yogalingam.ch\/index.php\/wp-json\/wp\/v2\/types\/page"}],"author":[{"embeddable":true,"href":"https:\/\/schmecktbesser.yogalingam.ch\/index.php\/wp-json\/wp\/v2\/users\/1"}],"replies":[{"embeddable":true,"href":"https:\/\/schmecktbesser.yogalingam.ch\/index.php\/wp-json\/wp\/v2\/comments?post=5846"}],"version-history":[{"count":20,"href":"https:\/\/schmecktbesser.yogalingam.ch\/index.php\/wp-json\/wp\/v2\/pages\/5846\/revisions"}],"predecessor-version":[{"id":6385,"href":"https:\/\/schmecktbesser.yogalingam.ch\/index.php\/wp-json\/wp\/v2\/pages\/5846\/revisions\/6385"}],"wp:attachment":[{"href":"https:\/\/schmecktbesser.yogalingam.ch\/index.php\/wp-json\/wp\/v2\/media?parent=5846"}],"curies":[{"name":"wp","href":"https:\/\/api.w.org\/{rel}","templated":true}]}}