{"id":6093,"date":"2023-01-12T20:32:18","date_gmt":"2023-01-12T19:32:18","guid":{"rendered":"https:\/\/schmecktbesser.ch\/?post_type=product&#038;p=6093"},"modified":"2024-02-23T10:06:31","modified_gmt":"2024-02-23T09:06:31","slug":"fleischbouillon-extra-hell-500g","status":"publish","type":"product","link":"https:\/\/schmecktbesser.ch\/index.php\/product\/fleischbouillon-extra-hell-500g\/","title":{"rendered":"Fleischbouillon Spezial extra hell Paste 500g Gluten- u. Lactosefrei, o Palm\u00f6l"},"content":{"rendered":"<p>Zum Verbessern von Gem\u00fcse, Suppen, Saucen, Reis und Teigwaren.<br \/>\nGanz speziell geeignet f\u00fcr Fleischfondues.<\/p>\n<p>Aus hochwertigen Rohstoffen, ohne Konservierungsmittel und Farbstoffen hergestellt.<\/p>\n<p><strong>Anwendung:<\/strong><br \/>\n20 g Bouillonpaste (1 Essl\u00f6ffel) in 1 Liter kochendem Wasser aufl\u00f6sen. Ist sofort l\u00f6slich<\/p>\n<p><strong>Zusammensetzung:<\/strong><br \/>\nKochsalz unjodiert, Geschmacksverst\u00e4rker: Glutamat E-621, Speisew\u00fcrze (enth\u00e4lt Soja), tierisches Fett geh\u00e4rtet, Rindfleischextrakt.<\/p>\n<p>in der Schweiz hergestellt<\/p>\n","protected":false},"excerpt":{"rendered":"<p>Zum Verbessern von Gem\u00fcse, Suppen, Saucen, Reis und Teigwaren.<br \/>\nGanz speziell geeignet f\u00fcr Fleischfondues.<\/p>\n","protected":false},"featured_media":6313,"template":"","meta":{"site-sidebar-layout":"default","site-content-layout":"default","ast-global-header-display":"","ast-main-header-display":"","ast-hfb-above-header-display":"","ast-hfb-below-header-display":"","ast-hfb-mobile-header-display":"","site-post-title":"","ast-breadcrumbs-content":"","ast-featured-img":"","footer-sml-layout":"","theme-transparent-header-meta":"default","adv-header-id-meta":"","stick-header-meta":"","header-above-stick-meta":"","header-main-stick-meta":"","header-below-stick-meta":""},"product_cat":[263],"product_tag":[],"class_list":{"0":"post-6093","1":"product","2":"type-product","3":"status-publish","4":"has-post-thumbnail","6":"product_cat-fleischbouillon","7":"desktop-align-center","8":"tablet-align-center","9":"mobile-align-center","11":"first","12":"instock","13":"taxable","14":"shipping-taxable","15":"purchasable","16":"product-type-simple"},"_links":{"self":[{"href":"https:\/\/schmecktbesser.ch\/index.php\/wp-json\/wp\/v2\/product\/6093","targetHints":{"allow":["GET"]}}],"collection":[{"href":"https:\/\/schmecktbesser.ch\/index.php\/wp-json\/wp\/v2\/product"}],"about":[{"href":"https:\/\/schmecktbesser.ch\/index.php\/wp-json\/wp\/v2\/types\/product"}],"wp:featuredmedia":[{"embeddable":true,"href":"https:\/\/schmecktbesser.ch\/index.php\/wp-json\/wp\/v2\/media\/6313"}],"wp:attachment":[{"href":"https:\/\/schmecktbesser.ch\/index.php\/wp-json\/wp\/v2\/media?parent=6093"}],"wp:term":[{"taxonomy":"product_cat","embeddable":true,"href":"https:\/\/schmecktbesser.ch\/index.php\/wp-json\/wp\/v2\/product_cat?post=6093"},{"taxonomy":"product_tag","embeddable":true,"href":"https:\/\/schmecktbesser.ch\/index.php\/wp-json\/wp\/v2\/product_tag?post=6093"}],"curies":[{"name":"wp","href":"https:\/\/api.w.org\/{rel}","templated":true}]}}