{"id":6102,"date":"2023-01-12T22:00:10","date_gmt":"2023-01-12T21:00:10","guid":{"rendered":"https:\/\/schmecktbesser.ch\/?post_type=product&#038;p=6102"},"modified":"2026-01-03T14:32:08","modified_gmt":"2026-01-03T13:32:08","slug":"spaghettigewuerz-200g","status":"publish","type":"product","link":"https:\/\/schmecktbesser.ch\/index.php\/product\/spaghettigewuerz-200g\/","title":{"rendered":"Spaghettigew\u00fcrz, 200g, Gluten, Glutamat u. Lactosefrei"},"content":{"rendered":"<p>Eine hervorragende Gew\u00fcrzmischung f\u00fcr eine kr\u00e4ftige und schmackhafte Pastasauce.<\/p>\n<p><strong>Zubereitung:<\/strong><\/p>\n<p>f\u00fcr 500 g Spaghetti: 2 EL Spaghetti-W\u00fcrzmischung mit 5 frischen Tomaten oder 125 g Pelati, 30 Minuten leicht k\u00f6cheln lassen.<\/p>\n<p>&nbsp;<\/p>\n<p><strong>Zusammensetzung:<\/strong><br \/>\nZwiebeln, Knoblauch, Streuw\u00fcrze, Peperoni, Pfeffer, Oregano, Kr\u00e4uter<\/p>\n","protected":false},"excerpt":{"rendered":"<p>Eine hervorragende Gew\u00fcrzmischung f\u00fcr eine kr\u00e4ftige und schmackhafte Pastasauce. Zubereitung: f\u00fcr 500 g Spaghetti: 2 EL Spaghetti-W\u00fcrzmischung mit 5 frischen Tomaten oder 125 g Pelati, 30 Minuten leicht k\u00f6cheln lassen. &nbsp; Zusammensetzung: Zwiebeln, Knoblauch, Streuw\u00fcrze, Peperoni, Pfeffer, Oregano, Kr\u00e4uter<\/p>\n","protected":false},"featured_media":6361,"template":"","meta":{"site-sidebar-layout":"default","site-content-layout":"default","ast-global-header-display":"","ast-main-header-display":"","ast-hfb-above-header-display":"","ast-hfb-below-header-display":"","ast-hfb-mobile-header-display":"","site-post-title":"","ast-breadcrumbs-content":"","ast-featured-img":"","footer-sml-layout":"","theme-transparent-header-meta":"default","adv-header-id-meta":"","stick-header-meta":"","header-above-stick-meta":"","header-main-stick-meta":"","header-below-stick-meta":""},"product_brand":[],"product_cat":[268,259],"product_tag":[],"class_list":{"0":"post-6102","1":"product","2":"type-product","3":"status-publish","4":"has-post-thumbnail","6":"product_cat-gluten-lactose-und-glutamatfreie-produkte","7":"product_cat-vegetarische-wuerzmischungen","8":"desktop-align-center","9":"tablet-align-center","10":"mobile-align-center","12":"first","13":"instock","14":"taxable","15":"shipping-taxable","16":"purchasable","17":"product-type-simple"},"_links":{"self":[{"href":"https:\/\/schmecktbesser.ch\/index.php\/wp-json\/wp\/v2\/product\/6102","targetHints":{"allow":["GET"]}}],"collection":[{"href":"https:\/\/schmecktbesser.ch\/index.php\/wp-json\/wp\/v2\/product"}],"about":[{"href":"https:\/\/schmecktbesser.ch\/index.php\/wp-json\/wp\/v2\/types\/product"}],"wp:featuredmedia":[{"embeddable":true,"href":"https:\/\/schmecktbesser.ch\/index.php\/wp-json\/wp\/v2\/media\/6361"}],"wp:attachment":[{"href":"https:\/\/schmecktbesser.ch\/index.php\/wp-json\/wp\/v2\/media?parent=6102"}],"wp:term":[{"taxonomy":"product_brand","embeddable":true,"href":"https:\/\/schmecktbesser.ch\/index.php\/wp-json\/wp\/v2\/product_brand?post=6102"},{"taxonomy":"product_cat","embeddable":true,"href":"https:\/\/schmecktbesser.ch\/index.php\/wp-json\/wp\/v2\/product_cat?post=6102"},{"taxonomy":"product_tag","embeddable":true,"href":"https:\/\/schmecktbesser.ch\/index.php\/wp-json\/wp\/v2\/product_tag?post=6102"}],"curies":[{"name":"wp","href":"https:\/\/api.w.org\/{rel}","templated":true}]}}