{"id":6106,"date":"2023-01-12T21:39:23","date_gmt":"2023-01-12T20:39:23","guid":{"rendered":"https:\/\/schmecktbesser.ch\/?post_type=product&#038;p=6106"},"modified":"2024-11-10T14:57:54","modified_gmt":"2024-11-10T13:57:54","slug":"streuwuerze-mit-meersalz-und-kraeutern-800g","status":"publish","type":"product","link":"https:\/\/schmecktbesser.yogalingam.ch\/index.php\/product\/streuwuerze-mit-meersalz-und-kraeutern-800g\/","title":{"rendered":"Streuw\u00fcrze mit Meersalz und Kr\u00e4utern, 800g"},"content":{"rendered":"<p><strong>Direkt ab Produktion<\/strong><\/p>\n<p><strong>Zusammensetzung:\u00a0<\/strong><\/p>\n<p>Meersalz, MILCHzucker, Maltodextrin, WEIZENst\u00e4rke, Zwiebelpulver, Raps\u00f6l, Lauchpulver, Trennmittel E-341, Zitronens\u00e4ure E-330, Gew\u00fcrze und Kr\u00e4uter.<\/p>\n","protected":false},"excerpt":{"rendered":"<p>Direkt ab Produktion Zusammensetzung:\u00a0 Meersalz, MILCHzucker, Maltodextrin, WEIZENst\u00e4rke, Zwiebelpulver, Raps\u00f6l, Lauchpulver, Trennmittel E-341, Zitronens\u00e4ure E-330, Gew\u00fcrze und Kr\u00e4uter.<\/p>\n","protected":false},"featured_media":6843,"template":"","meta":[],"product_brand":[],"product_cat":[266,259],"product_tag":[],"class_list":{"0":"post-6106","1":"product","2":"type-product","3":"status-publish","4":"has-post-thumbnail","6":"product_cat-streuwuerze-mit-meersalz-und-kraeutern","7":"product_cat-vegetarische-wuerzmischungen","9":"first","10":"instock","11":"taxable","12":"shipping-taxable","13":"purchasable","14":"product-type-simple"},"_links":{"self":[{"href":"https:\/\/schmecktbesser.yogalingam.ch\/index.php\/wp-json\/wp\/v2\/product\/6106","targetHints":{"allow":["GET"]}}],"collection":[{"href":"https:\/\/schmecktbesser.yogalingam.ch\/index.php\/wp-json\/wp\/v2\/product"}],"about":[{"href":"https:\/\/schmecktbesser.yogalingam.ch\/index.php\/wp-json\/wp\/v2\/types\/product"}],"wp:featuredmedia":[{"embeddable":true,"href":"https:\/\/schmecktbesser.yogalingam.ch\/index.php\/wp-json\/wp\/v2\/media\/6843"}],"wp:attachment":[{"href":"https:\/\/schmecktbesser.yogalingam.ch\/index.php\/wp-json\/wp\/v2\/media?parent=6106"}],"wp:term":[{"taxonomy":"product_brand","embeddable":true,"href":"https:\/\/schmecktbesser.yogalingam.ch\/index.php\/wp-json\/wp\/v2\/product_brand?post=6106"},{"taxonomy":"product_cat","embeddable":true,"href":"https:\/\/schmecktbesser.yogalingam.ch\/index.php\/wp-json\/wp\/v2\/product_cat?post=6106"},{"taxonomy":"product_tag","embeddable":true,"href":"https:\/\/schmecktbesser.yogalingam.ch\/index.php\/wp-json\/wp\/v2\/product_tag?post=6106"}],"curies":[{"name":"wp","href":"https:\/\/api.w.org\/{rel}","templated":true}]}}