{"id":6107,"date":"2023-01-12T21:38:19","date_gmt":"2023-01-12T20:38:19","guid":{"rendered":"https:\/\/schmecktbesser.ch\/?post_type=product&#038;p=6107"},"modified":"2024-02-29T21:39:07","modified_gmt":"2024-02-29T20:39:07","slug":"cafe-de-paris-kraeuter-glutenfrei-400g","status":"publish","type":"product","link":"https:\/\/schmecktbesser.ch\/index.php\/product\/cafe-de-paris-kraeuter-glutenfrei-400g\/","title":{"rendered":"Cafe de Paris Kr\u00e4uter 400g Glutenfrei, Lactosefrei"},"content":{"rendered":"<p><strong>Zusammensetzung:<\/strong><br \/>\nPflanzenfett nachhaltig, Kochsalz unjodiert, Gew\u00fcrze (Curry, Pfeffer, Nelken, Paprika, Macis, Kurkuma), Senf, Glutamat, Kr\u00e4uter (Petersilie, Kerbel, Majoran, Thymian, Rosmarin) Vollei-,\u00a0 Zwiebel-, Knoblauch- Pulver, Zitronens\u00e4ure, Kristallzucker, Maisst\u00e4rke, Hefe.<\/p>\n<p><strong>Allergene<\/strong>:<br \/>\nSenf, Ei<\/p>\n<p>Im K\u00fchlschrank aufbewahren<br \/>\n<strong>Glutenfrei<\/strong><\/p>\n<p><strong>Lactosefrei<\/strong><\/p>\n","protected":false},"excerpt":{"rendered":"<p>Zergeht zart schmelzend auf gebratenem oder grilliertem Fleisch. Auch zum W\u00fcrzen von Kartoffeln, Gem\u00fcse und Teigwaren. Feine Beigabe zu Fleisch- und Gem\u00fcsefondues.<\/p>\n<p><strong>Glutenfrei!<\/strong><\/p>\n<p><strong>Lactosefrei!<\/strong><\/p>\n","protected":false},"featured_media":6837,"template":"","meta":{"site-sidebar-layout":"default","site-content-layout":"default","ast-global-header-display":"","ast-main-header-display":"","ast-hfb-above-header-display":"","ast-hfb-below-header-display":"","ast-hfb-mobile-header-display":"","site-post-title":"","ast-breadcrumbs-content":"","ast-featured-img":"","footer-sml-layout":"","theme-transparent-header-meta":"default","adv-header-id-meta":"","stick-header-meta":"","header-above-stick-meta":"","header-main-stick-meta":"","header-below-stick-meta":""},"product_cat":[260,264],"product_tag":[],"class_list":{"0":"post-6107","1":"product","2":"type-product","3":"status-publish","4":"has-post-thumbnail","6":"product_cat-cafe-de-paris","7":"product_cat-verkaufshit","8":"desktop-align-center","9":"tablet-align-center","10":"mobile-align-center","12":"first","13":"instock","14":"taxable","15":"shipping-taxable","16":"purchasable","17":"product-type-simple"},"_links":{"self":[{"href":"https:\/\/schmecktbesser.ch\/index.php\/wp-json\/wp\/v2\/product\/6107","targetHints":{"allow":["GET"]}}],"collection":[{"href":"https:\/\/schmecktbesser.ch\/index.php\/wp-json\/wp\/v2\/product"}],"about":[{"href":"https:\/\/schmecktbesser.ch\/index.php\/wp-json\/wp\/v2\/types\/product"}],"wp:featuredmedia":[{"embeddable":true,"href":"https:\/\/schmecktbesser.ch\/index.php\/wp-json\/wp\/v2\/media\/6837"}],"wp:attachment":[{"href":"https:\/\/schmecktbesser.ch\/index.php\/wp-json\/wp\/v2\/media?parent=6107"}],"wp:term":[{"taxonomy":"product_cat","embeddable":true,"href":"https:\/\/schmecktbesser.ch\/index.php\/wp-json\/wp\/v2\/product_cat?post=6107"},{"taxonomy":"product_tag","embeddable":true,"href":"https:\/\/schmecktbesser.ch\/index.php\/wp-json\/wp\/v2\/product_tag?post=6107"}],"curies":[{"name":"wp","href":"https:\/\/api.w.org\/{rel}","templated":true}]}}