{"id":6108,"date":"2023-01-12T21:36:13","date_gmt":"2023-01-12T20:36:13","guid":{"rendered":"https:\/\/schmecktbesser.ch\/?post_type=product&#038;p=6108"},"modified":"2023-01-13T15:08:47","modified_gmt":"2023-01-13T14:08:47","slug":"steinpilz-streuwuerze-180g","status":"publish","type":"product","link":"https:\/\/schmecktbesser.ch\/index.php\/product\/steinpilz-streuwuerze-180g\/","title":{"rendered":"Steinpilz Streuw\u00fcrze, 180g"},"content":{"rendered":"<p><strong>Zusammensetzung:<\/strong><br \/>\nKochsalz unjodiert, Geschmacksverst\u00e4rker, Glutamat, Maisst\u00e4rke, Milchzucker, Maltodextrin, Kartoffelst\u00e4rke, Knoblauch, Zwiebeln, Gew\u00fcrze (Curry, Pfeffer, Koriander), Speisew\u00fcrze, pflanzliches Fett, Pilzaroma, getrocknete Pilze 1.5% (Butterpilze, Steinpilze)<\/p>\n<p><strong>GLUTENFREI!<\/strong><\/p>\n","protected":false},"excerpt":{"rendered":"<p>Hervorragend geeignet zum W\u00fcrzen und Nachw\u00fcrzen von Fleischgerichten, Risotto &amp;Teigwaren.<\/p>\n<p><strong>GLUTENFREI!<\/strong><\/p>\n","protected":false},"featured_media":6335,"template":"","meta":{"site-sidebar-layout":"default","site-content-layout":"default","ast-global-header-display":"","ast-main-header-display":"","ast-hfb-above-header-display":"","ast-hfb-below-header-display":"","ast-hfb-mobile-header-display":"","site-post-title":"","ast-breadcrumbs-content":"","ast-featured-img":"","footer-sml-layout":"","theme-transparent-header-meta":"default","adv-header-id-meta":"","stick-header-meta":"","header-above-stick-meta":"","header-main-stick-meta":"","header-below-stick-meta":""},"product_cat":[259],"product_tag":[],"class_list":{"0":"post-6108","1":"product","2":"type-product","3":"status-publish","4":"has-post-thumbnail","6":"product_cat-vegetarische-wuerzmischungen","7":"desktop-align-center","8":"tablet-align-center","9":"mobile-align-center","11":"first","12":"instock","13":"taxable","14":"shipping-taxable","15":"purchasable","16":"product-type-simple"},"_links":{"self":[{"href":"https:\/\/schmecktbesser.ch\/index.php\/wp-json\/wp\/v2\/product\/6108","targetHints":{"allow":["GET"]}}],"collection":[{"href":"https:\/\/schmecktbesser.ch\/index.php\/wp-json\/wp\/v2\/product"}],"about":[{"href":"https:\/\/schmecktbesser.ch\/index.php\/wp-json\/wp\/v2\/types\/product"}],"wp:featuredmedia":[{"embeddable":true,"href":"https:\/\/schmecktbesser.ch\/index.php\/wp-json\/wp\/v2\/media\/6335"}],"wp:attachment":[{"href":"https:\/\/schmecktbesser.ch\/index.php\/wp-json\/wp\/v2\/media?parent=6108"}],"wp:term":[{"taxonomy":"product_cat","embeddable":true,"href":"https:\/\/schmecktbesser.ch\/index.php\/wp-json\/wp\/v2\/product_cat?post=6108"},{"taxonomy":"product_tag","embeddable":true,"href":"https:\/\/schmecktbesser.ch\/index.php\/wp-json\/wp\/v2\/product_tag?post=6108"}],"curies":[{"name":"wp","href":"https:\/\/api.w.org\/{rel}","templated":true}]}}