{"id":6116,"date":"2023-01-12T20:34:31","date_gmt":"2023-01-12T19:34:31","guid":{"rendered":"https:\/\/schmecktbesser.ch\/?post_type=product&#038;p=6116"},"modified":"2024-09-25T16:47:58","modified_gmt":"2024-09-25T14:47:58","slug":"fleisch-marinade-250g","status":"publish","type":"product","link":"https:\/\/schmecktbesser.ch\/index.php\/product\/fleisch-marinade-250g\/","title":{"rendered":"Fleisch Marinade, 250g"},"content":{"rendered":"<p><strong>Zusammensetzung:<\/strong><br \/>\nSonnenblumen\u00f6l, SOJAfett geh\u00e4rtet, Gew\u00fcrzmischung(Salz unjodiert, Paprika, Geschmacksverst\u00e4rker E-621, Zwiebeln, Gew\u00fcrze, Kr\u00e4uter, Knoblauch, SENF, Wasser, Rotweinessig, Pfeffer, S\u00e4uerungsmittel: Zitronens\u00e4ure<\/p>\n","protected":false},"excerpt":{"rendered":"<p>Zusammensetzung: Sonnenblumen\u00f6l, SOJAfett geh\u00e4rtet, Gew\u00fcrzmischung(Salz unjodiert, Paprika, Geschmacksverst\u00e4rker E-621, Zwiebeln, Gew\u00fcrze, Kr\u00e4uter, Knoblauch, SENF, Wasser, Rotweinessig, Pfeffer, S\u00e4uerungsmittel: Zitronens\u00e4ure<\/p>\n","protected":false},"featured_media":6314,"template":"","meta":{"site-sidebar-layout":"default","site-content-layout":"default","ast-global-header-display":"","ast-main-header-display":"","ast-hfb-above-header-display":"","ast-hfb-below-header-display":"","ast-hfb-mobile-header-display":"","site-post-title":"","ast-breadcrumbs-content":"","ast-featured-img":"","footer-sml-layout":"","theme-transparent-header-meta":"default","adv-header-id-meta":"","stick-header-meta":"","header-above-stick-meta":"","header-main-stick-meta":"","header-below-stick-meta":""},"product_brand":[],"product_cat":[257],"product_tag":[],"class_list":{"0":"post-6116","1":"product","2":"type-product","3":"status-publish","4":"has-post-thumbnail","6":"product_cat-wuerzmischung-fuer-fleisch","7":"desktop-align-center","8":"tablet-align-center","9":"mobile-align-center","11":"first","12":"instock","13":"taxable","14":"shipping-taxable","15":"purchasable","16":"product-type-simple"},"_links":{"self":[{"href":"https:\/\/schmecktbesser.ch\/index.php\/wp-json\/wp\/v2\/product\/6116","targetHints":{"allow":["GET"]}}],"collection":[{"href":"https:\/\/schmecktbesser.ch\/index.php\/wp-json\/wp\/v2\/product"}],"about":[{"href":"https:\/\/schmecktbesser.ch\/index.php\/wp-json\/wp\/v2\/types\/product"}],"wp:featuredmedia":[{"embeddable":true,"href":"https:\/\/schmecktbesser.ch\/index.php\/wp-json\/wp\/v2\/media\/6314"}],"wp:attachment":[{"href":"https:\/\/schmecktbesser.ch\/index.php\/wp-json\/wp\/v2\/media?parent=6116"}],"wp:term":[{"taxonomy":"product_brand","embeddable":true,"href":"https:\/\/schmecktbesser.ch\/index.php\/wp-json\/wp\/v2\/product_brand?post=6116"},{"taxonomy":"product_cat","embeddable":true,"href":"https:\/\/schmecktbesser.ch\/index.php\/wp-json\/wp\/v2\/product_cat?post=6116"},{"taxonomy":"product_tag","embeddable":true,"href":"https:\/\/schmecktbesser.ch\/index.php\/wp-json\/wp\/v2\/product_tag?post=6116"}],"curies":[{"name":"wp","href":"https:\/\/api.w.org\/{rel}","templated":true}]}}