{"id":6120,"date":"2023-01-12T21:51:32","date_gmt":"2023-01-12T20:51:32","guid":{"rendered":"https:\/\/schmecktbesser.ch\/?post_type=product&#038;p=6120"},"modified":"2024-02-29T21:34:33","modified_gmt":"2024-02-29T20:34:33","slug":"cafe-de-paris-knoblauch-glutenfrei-laktosenfrei-400g","status":"publish","type":"product","link":"https:\/\/schmecktbesser.ch\/index.php\/product\/cafe-de-paris-knoblauch-glutenfrei-laktosenfrei-400g\/","title":{"rendered":"Cafe de Paris Knoblauch 400g Glutenfrei, Lactosefrei"},"content":{"rendered":"<p><strong>Zusammensetzung:<\/strong><br \/>\nPflanzenfett nachhaltig, Knoblauchpulver 4.7%, Kochsalz unjodiert, Senf, Glutamat, Volleipulver, Petersilie, Maisst\u00e4rke, Gew\u00fcrze, Zitronens\u00e4ure, Zwiebelpulver, Gem\u00fcseextrakt.<\/p>\n<p><strong>Allergene:<\/strong><br \/>\nSenf, Ei,<\/p>\n<p>Im K\u00fchlschrank aufbewahren<\/p>\n","protected":false},"excerpt":{"rendered":"<p>Zergeht zart schmelzend auf gebratenem oder grilliertem Fleisch. Auch zum W\u00fcrzen von Kartoffeln, Gem\u00fcse und Teigwaren. Feine Beigabe zu Fleisch- und Gem\u00fcsefondues.<\/p>\n","protected":false},"featured_media":6597,"template":"","meta":{"site-sidebar-layout":"default","site-content-layout":"default","ast-global-header-display":"","ast-main-header-display":"","ast-hfb-above-header-display":"","ast-hfb-below-header-display":"","ast-hfb-mobile-header-display":"","site-post-title":"","ast-breadcrumbs-content":"","ast-featured-img":"","footer-sml-layout":"","theme-transparent-header-meta":"default","adv-header-id-meta":"","stick-header-meta":"","header-above-stick-meta":"","header-main-stick-meta":"","header-below-stick-meta":""},"product_cat":[260,264],"product_tag":[],"class_list":{"0":"post-6120","1":"product","2":"type-product","3":"status-publish","4":"has-post-thumbnail","6":"product_cat-cafe-de-paris","7":"product_cat-verkaufshit","8":"desktop-align-center","9":"tablet-align-center","10":"mobile-align-center","12":"first","13":"instock","14":"taxable","15":"shipping-taxable","16":"purchasable","17":"product-type-simple"},"_links":{"self":[{"href":"https:\/\/schmecktbesser.ch\/index.php\/wp-json\/wp\/v2\/product\/6120","targetHints":{"allow":["GET"]}}],"collection":[{"href":"https:\/\/schmecktbesser.ch\/index.php\/wp-json\/wp\/v2\/product"}],"about":[{"href":"https:\/\/schmecktbesser.ch\/index.php\/wp-json\/wp\/v2\/types\/product"}],"wp:featuredmedia":[{"embeddable":true,"href":"https:\/\/schmecktbesser.ch\/index.php\/wp-json\/wp\/v2\/media\/6597"}],"wp:attachment":[{"href":"https:\/\/schmecktbesser.ch\/index.php\/wp-json\/wp\/v2\/media?parent=6120"}],"wp:term":[{"taxonomy":"product_cat","embeddable":true,"href":"https:\/\/schmecktbesser.ch\/index.php\/wp-json\/wp\/v2\/product_cat?post=6120"},{"taxonomy":"product_tag","embeddable":true,"href":"https:\/\/schmecktbesser.ch\/index.php\/wp-json\/wp\/v2\/product_tag?post=6120"}],"curies":[{"name":"wp","href":"https:\/\/api.w.org\/{rel}","templated":true}]}}