{"id":6142,"date":"2023-01-12T21:42:42","date_gmt":"2023-01-12T20:42:42","guid":{"rendered":"https:\/\/schmecktbesser.ch\/?post_type=product&#038;p=6142"},"modified":"2024-02-22T19:06:49","modified_gmt":"2024-02-22T18:06:49","slug":"salat-wuerzmischung-200g","status":"publish","type":"product","link":"https:\/\/schmecktbesser.ch\/index.php\/product\/salat-wuerzmischung-200g\/","title":{"rendered":"Salat W\u00fcrzmischung fixfertig, 200g"},"content":{"rendered":"<p><strong>Zusammensetzung:<\/strong><br \/>\nZwiebeln, Salz unjodiert, Geschmacksverst\u00e4rker E621, MILCHzucker, Maltodextrin, pflanz. Fett (Raps), Maisst\u00e4rke, Kr\u00e4uter, Hefeextrakt, Pfeffer, Kartofelst\u00e4rke<\/p>\n","protected":false},"excerpt":{"rendered":"<p>Zusammensetzung: Zwiebeln, Salz unjodiert, Geschmacksverst\u00e4rker E621, MILCHzucker, Maltodextrin, pflanz. Fett (Raps), Maisst\u00e4rke, Kr\u00e4uter, Hefeextrakt, Pfeffer, Kartofelst\u00e4rke<\/p>\n","protected":false},"featured_media":6345,"template":"","meta":{"site-sidebar-layout":"default","site-content-layout":"default","ast-global-header-display":"","ast-main-header-display":"","ast-hfb-above-header-display":"","ast-hfb-below-header-display":"","ast-hfb-mobile-header-display":"","site-post-title":"","ast-breadcrumbs-content":"","ast-featured-img":"","footer-sml-layout":"","theme-transparent-header-meta":"default","adv-header-id-meta":"","stick-header-meta":"","header-above-stick-meta":"","header-main-stick-meta":"","header-below-stick-meta":""},"product_cat":[15],"product_tag":[],"class_list":{"0":"post-6142","1":"product","2":"type-product","3":"status-publish","4":"has-post-thumbnail","6":"product_cat-uncategorized","7":"desktop-align-center","8":"tablet-align-center","9":"mobile-align-center","11":"first","12":"instock","13":"taxable","14":"shipping-taxable","15":"purchasable","16":"product-type-simple"},"_links":{"self":[{"href":"https:\/\/schmecktbesser.ch\/index.php\/wp-json\/wp\/v2\/product\/6142","targetHints":{"allow":["GET"]}}],"collection":[{"href":"https:\/\/schmecktbesser.ch\/index.php\/wp-json\/wp\/v2\/product"}],"about":[{"href":"https:\/\/schmecktbesser.ch\/index.php\/wp-json\/wp\/v2\/types\/product"}],"wp:featuredmedia":[{"embeddable":true,"href":"https:\/\/schmecktbesser.ch\/index.php\/wp-json\/wp\/v2\/media\/6345"}],"wp:attachment":[{"href":"https:\/\/schmecktbesser.ch\/index.php\/wp-json\/wp\/v2\/media?parent=6142"}],"wp:term":[{"taxonomy":"product_cat","embeddable":true,"href":"https:\/\/schmecktbesser.ch\/index.php\/wp-json\/wp\/v2\/product_cat?post=6142"},{"taxonomy":"product_tag","embeddable":true,"href":"https:\/\/schmecktbesser.ch\/index.php\/wp-json\/wp\/v2\/product_tag?post=6142"}],"curies":[{"name":"wp","href":"https:\/\/api.w.org\/{rel}","templated":true}]}}