{"id":6145,"date":"2023-01-12T20:40:17","date_gmt":"2023-01-12T19:40:17","guid":{"rendered":"https:\/\/schmecktbesser.ch\/?post_type=product&#038;p=6145"},"modified":"2023-01-13T15:08:48","modified_gmt":"2023-01-13T14:08:48","slug":"rahmsauce-300g","status":"publish","type":"product","link":"https:\/\/schmecktbesser.ch\/index.php\/product\/rahmsauce-300g\/","title":{"rendered":"Rahmsauce, 300g"},"content":{"rendered":"<p><strong>Zusammensetzung:<\/strong><br \/>\nRahmpulver, Weizenst\u00e4rke, Magermilchpulver, W\u00fcrze, Fleischextrakt, Zwiebelpulver, Palm\u00f6l, Verdickungsmittel E406, Weisswein, Zitronens\u00e4ure.<\/p>\n<p><strong>Allergene:<\/strong><br \/>\nGlutenhaltiges Getreide, Milch\/Milcherzeugnisse, Mais, Glutamat, Knoblauch<\/p>\n","protected":false},"excerpt":{"rendered":"<p>Mild und doch pikant f\u00fcr Teigwaren, Gefl\u00fcgel, Kalbs-, Schweinefleisch und Bratk\u00fcgeli<\/p>\n<p><strong>Zubereitung<\/strong>: 75g Rahmsauce in 5dl kaltem Wasser anr\u00fchren und unter R\u00fchren 2-3 aufkochen.<\/p>\n","protected":false},"featured_media":6316,"template":"","meta":{"site-sidebar-layout":"default","site-content-layout":"default","ast-global-header-display":"","ast-main-header-display":"","ast-hfb-above-header-display":"","ast-hfb-below-header-display":"","ast-hfb-mobile-header-display":"","site-post-title":"","ast-breadcrumbs-content":"","ast-featured-img":"","footer-sml-layout":"","theme-transparent-header-meta":"default","adv-header-id-meta":"","stick-header-meta":"","header-above-stick-meta":"","header-main-stick-meta":"","header-below-stick-meta":""},"product_cat":[261],"product_tag":[],"class_list":{"0":"post-6145","1":"product","2":"type-product","3":"status-publish","4":"has-post-thumbnail","6":"product_cat-saucen-pulver","7":"desktop-align-center","8":"tablet-align-center","9":"mobile-align-center","11":"first","12":"instock","13":"taxable","14":"shipping-taxable","15":"purchasable","16":"product-type-simple"},"_links":{"self":[{"href":"https:\/\/schmecktbesser.ch\/index.php\/wp-json\/wp\/v2\/product\/6145","targetHints":{"allow":["GET"]}}],"collection":[{"href":"https:\/\/schmecktbesser.ch\/index.php\/wp-json\/wp\/v2\/product"}],"about":[{"href":"https:\/\/schmecktbesser.ch\/index.php\/wp-json\/wp\/v2\/types\/product"}],"wp:featuredmedia":[{"embeddable":true,"href":"https:\/\/schmecktbesser.ch\/index.php\/wp-json\/wp\/v2\/media\/6316"}],"wp:attachment":[{"href":"https:\/\/schmecktbesser.ch\/index.php\/wp-json\/wp\/v2\/media?parent=6145"}],"wp:term":[{"taxonomy":"product_cat","embeddable":true,"href":"https:\/\/schmecktbesser.ch\/index.php\/wp-json\/wp\/v2\/product_cat?post=6145"},{"taxonomy":"product_tag","embeddable":true,"href":"https:\/\/schmecktbesser.ch\/index.php\/wp-json\/wp\/v2\/product_tag?post=6145"}],"curies":[{"name":"wp","href":"https:\/\/api.w.org\/{rel}","templated":true}]}}