{"id":7157,"date":"2024-04-24T08:58:53","date_gmt":"2024-04-24T06:58:53","guid":{"rendered":"https:\/\/schmecktbesser.ch\/?post_type=product&#038;p=7157"},"modified":"2025-03-02T08:22:58","modified_gmt":"2025-03-02T07:22:58","slug":"bergwacholder-latwerge100-natuerlich-1kg","status":"publish","type":"product","link":"https:\/\/schmecktbesser.yogalingam.ch\/index.php\/product\/bergwacholder-latwerge100-natuerlich-1kg\/","title":{"rendered":"Wacholder-Latwerge 100% Nat\u00fcrlich 450g"},"content":{"rendered":"<p>Der alternative Brotaufstrich aus unseren W\u00e4ldern.<\/p>\n<p>Zutaten:<\/p>\n<p>Glucosesirup, Wacholdersaft 30.0%, Zuckerarten<\/p>\n<p>N\u00e4hrwert:<\/p>\n<p>N\u00e4hrwerte 100g: Energie 1355 kJ (318 kcal), Fett 0g, davon ges\u00e4ttigte Fetts\u00e4uren 0g, Kohlenhydrate 79g, davon Zucker 36g, Eiweiss 0g, Salz 0g<\/p>\n","protected":false},"excerpt":{"rendered":"<p>&nbsp;<\/p>\n<p>Wacholder-Latwerge ist schlechthin der traditionelle und charaktervolle ostschweizer Brotaufstrich mit Wurzeln im Appenzellerland.<br \/>\nIm braunen Fruchtfleisch der Wacholderbeere findet sich ein sehr aromatisches \u00e4therisches \u00d6l, sowie Invertzucker, Harz-, Gerb- und Bitterstoffe. Seinen Wirkstoffen wird eine desinfizierende Wirkung nachgesagt. Die Beeren werden haupts\u00e4chlich in Portugal und im Balkan gesammelt, wo diese zum Teil noch wild wachsen. Anschliessend werden sie gesiebt und in der Schweiz gepresst.<br \/>\nOb als Brotaufstrich, zum s\u00fcssen von Tee, zum aromatisieren von Saucen, zum s\u00fcssen von Joghurt. Zum naschen oder zum verfeinern von Desserts. Original Eisenhut Latwerge ist in der Ostschweiz schon lange ein Klassiker.<\/p>\n","protected":false},"featured_media":7540,"template":"","meta":[],"product_brand":[],"product_cat":[268],"product_tag":[],"class_list":{"0":"post-7157","1":"product","2":"type-product","3":"status-publish","4":"has-post-thumbnail","6":"product_cat-gluten-lactose-und-glutamatfreie-produkte","8":"first","9":"instock","10":"taxable","11":"shipping-taxable","12":"purchasable","13":"product-type-simple"},"_links":{"self":[{"href":"https:\/\/schmecktbesser.yogalingam.ch\/index.php\/wp-json\/wp\/v2\/product\/7157","targetHints":{"allow":["GET"]}}],"collection":[{"href":"https:\/\/schmecktbesser.yogalingam.ch\/index.php\/wp-json\/wp\/v2\/product"}],"about":[{"href":"https:\/\/schmecktbesser.yogalingam.ch\/index.php\/wp-json\/wp\/v2\/types\/product"}],"wp:featuredmedia":[{"embeddable":true,"href":"https:\/\/schmecktbesser.yogalingam.ch\/index.php\/wp-json\/wp\/v2\/media\/7540"}],"wp:attachment":[{"href":"https:\/\/schmecktbesser.yogalingam.ch\/index.php\/wp-json\/wp\/v2\/media?parent=7157"}],"wp:term":[{"taxonomy":"product_brand","embeddable":true,"href":"https:\/\/schmecktbesser.yogalingam.ch\/index.php\/wp-json\/wp\/v2\/product_brand?post=7157"},{"taxonomy":"product_cat","embeddable":true,"href":"https:\/\/schmecktbesser.yogalingam.ch\/index.php\/wp-json\/wp\/v2\/product_cat?post=7157"},{"taxonomy":"product_tag","embeddable":true,"href":"https:\/\/schmecktbesser.yogalingam.ch\/index.php\/wp-json\/wp\/v2\/product_tag?post=7157"}],"curies":[{"name":"wp","href":"https:\/\/api.w.org\/{rel}","templated":true}]}}