{"id":7185,"date":"2024-05-05T14:45:59","date_gmt":"2024-05-05T12:45:59","guid":{"rendered":"https:\/\/schmecktbesser.ch\/?post_type=product&#038;p=7185"},"modified":"2024-10-29T07:17:44","modified_gmt":"2024-10-29T06:17:44","slug":"granatapfel-cranberry-kapseln-vitamin-c-traegt-zu-einer-normalen-funktion-des-immunsystems-bei-30-tage-versorgung-inhalt-60-kapseln-fuellmenge-333-g","status":"publish","type":"product","link":"https:\/\/schmecktbesser.yogalingam.ch\/index.php\/product\/granatapfel-cranberry-kapseln-vitamin-c-traegt-zu-einer-normalen-funktion-des-immunsystems-bei-30-tage-versorgung-inhalt-60-kapseln-fuellmenge-333-g\/","title":{"rendered":"Granatapfel Cranberry Kapseln Vitamin C tr\u00e4gt zu einer normalen Funktion des Immunsystems   30 Tage Versorgung  Inhalt: 60 Kapseln | F\u00fcllmenge: 33,3 g."},"content":{"rendered":"<p><strong>Gutes f\u00fcr das Immunsystem<\/strong><\/p>\n<p><strong>Granatapfel Cranberry Kapseln mit\u00a0integriertem, exklusiven Zellschutz Komplex von PlantaVis<\/strong><\/p>\n<p>Nahrungserg\u00e4nzungsmittel mit 15,3% Granatapfelschalen Extrakt, 14,4% Cranberry Extrakt, B\u00e4rentraubenpulver,\u00a0Zellschutz Komplex\u00a0(Camu Camu Extrakt mit 20% Vitamin C, Vitamin C, Jiaogulanextrakt, Cordycepspulver, Shiitakepulver, Kapernextrakt, Astragaloside Extrakt (1%),\u00a0Gerstenextrakt\u00a0mit 20-25% \u00df-Glucan, Chlorophyllin, Melonenextrakt (Extramel\u00ae) enth\u00e4lt bioaktive Superoxiddismutase (SOD), schwarzer Pfefferextrakt mit 95% Piperin), Hagebuttenpulver, schwarzer Rettichpulver, Vitamin C, mittelkettige Triglyceride \u00d6l, Trennmittel: Magnesiumsalze der Speisefetts\u00e4uren, Geranium Robertianum Extrakt, Geranium maculatum Extrakt\u00a0&#8211; hochwertiges Qualit\u00e4tsprodukt von PlantaVis<\/p>\n<h5>Granatapfel Cranberry Kapseln (KernSt\u00e4rke)\u00a0mit\u00a0integriertem, exklusiven Zellschutz Komplex von PlantaVis<\/h5>\n<p>Vitamin C tr\u00e4gt zu einer normalen Funktion des Immunsystems bei<\/p>\n<p>Das Immunsystem ist ein hochkomplexes System, an dem viele verschiedene\u00a0Prozesse beteiligt sind. Als Gesundheitsw\u00e4chter sch\u00fctzt es uns vor\u00a0Erkrankungen und wehrt permanent den Angriff von Viren und Bakterien\u00a0ab. Kurz: Ein leistungsf\u00e4higes Immunsystem ist eine Voraussetzung f\u00fcr die\u00a0Gesundheit. In unseren KernSt\u00e4rke Kapseln wird ein hochwertiger Granatapfelschalen\u00a0Extrakt, mit wertvollem Cranberry Extrakt kombiniert, au\u00dferdem\u00a0sind Vitamin C, sowie unserer exklusiver ZellschutzKomplex enthalten.\u00a0Zwei KernSt\u00e4rke Kapseln pro Tag reichen aus, um das Immunsystem mit wichtigen N\u00e4hrstoffen zu versorgen.<\/p>\n<h5>Damit Infektionen unbemerkt vor\u00fcberziehen<\/h5>\n<p>Rund um die Uhr versuchen Infektionserreger in den menschlichen K\u00f6rper\u00a0einzudringen: fast immer vergeblich. Denn ein vitales Immunsystem ist\u00a0meistens in der Lage, uns vor Keimen, Viren und Bakterien zu sch\u00fctzen, was\u00a0wir so lange als Selbstverst\u00e4ndlichkeit betrachten, wie das Immunsystem intakt\u00a0ist. Daf\u00fcr braucht es allerdings auch eine gute Versorgung mit hochwertigen\u00a0N\u00e4hrstoffen \u2013 insbesondere in Zeiten grosser Belastung: bei Mangelern\u00e4hrung,\u00a0bei langer anhaltenden Stresssituationen, bei gro\u00dfer k\u00f6rperlicher\u00a0Beanspruchung, wenn wir besonders vielen und\/oder aggressiven Erregern\u00a0ausgesetzt sind, w\u00e4hrend und nach erfolgreich \u00fcberstandenen Infekten.\u00a0Wenn unsere k\u00f6rpereigene Abwehr effektiv arbeitet, ziehen die meisten Infektionen\u00a0unbemerkt vor\u00fcber. Das eigene Immunsystem zu st\u00e4rken, geh\u00f6rt daher zu dem Besten, was wir f\u00fcr unsere Gesundheit tun k\u00f6nnen.<\/p>\n<h5>Mineralien, Vitamine plus Proanthocyanidine<\/h5>\n<p>Die Kombination aus hochwertigem Cranberry Extrakt mit Granatapfelschalen\u00a0Extrakt bildet zusammen mit B\u00e4rentraubenblatt Pulver die pflanzliche\u00a0Basis der KernSt\u00e4rke Kapseln.\u00a0Die Cranberry (auch \u201eGro\u00dfe Moosbeere\u201c genannt) w\u00e4chst in den Hochmooren\u00a0Nordamerikas und ist eng verwandt mit der europ\u00e4ischen Preiselbeere\u00a0und der Heidelbeere. Sie enthalt reichlich Vitamine und Mineralstoffe.<br \/>\nDazu geh\u00f6ren:<\/p>\n<ul>\n<li>Vitamin C<\/li>\n<li>Provitamin A<\/li>\n<li>Vitamin B6<\/li>\n<li>Vitamin K<\/li>\n<li>Eisen<\/li>\n<li>Calcium<\/li>\n<li>Kalium<\/li>\n<li>Magnesium<\/li>\n<li>Folsaure<\/li>\n<\/ul>\n<p>Entscheidend fur die besonderen Fahigkeiten der Cranberry ist ihr hoher\u00a0Gehalt an sekund\u00e4ren Pflanzenstoffen wie Proanthocyanidinen, die auch als\u00a0PAC bezeichnet werden.\u00a0Der Granatapfel ist eine der \u00e4ltesten Kulturpflanzen des Mittleren\u00a0Ostens. Auch der Granatapfel z\u00e4hlt in Sachen Vitamine und Mineralien zu\u00a0den absoluten Spitzenreitern. Zu den Inhaltsstoffen der Frucht geh\u00f6ren\u00a0viel Kalium, Calcium und Eisen, auserdem B-Vitamine und Antioxidantien.\u00a0Mit einem extra Plus an Vitamin C, dass zu einer normalen Funktion des\u00a0Immunsystems beitr\u00e4gt, und dem PlantaVis ZellschutzKomplex sind Sie also\u00a0auf der sicheren Seite, wenn\u00a0es darum geht, dem Immunsystem wichtige\u00a0N\u00e4hrstoffe bereitzustellen.<\/p>\n<h5>Granatapfel<\/h5>\n<p>Der Geschmack der von leuchtend rotem, saftigem Fruchtfleisch umh\u00fcllten Kerne, der s\u00fcsslich, s\u00e4uerliche und bittere Akzente vereint. Inhaltlich bietet der Granatapfel eine gute Kombination aus B-Vitaminen, Vitamin C und K sowie einigen Mineralstoffen. Dazu weist die Frucht, die nicht mit dem Apfel aber den Myrtenartigen Pflanzen verwandt ist, Ballaststoffe sowie zahlreiche sekund\u00e4re Pflanzenstoffe oder Polyphenole auf.<\/p>\n<p>Anti-Aging:\u00a0Antioxidans neutralisieren die zerst\u00f6renden freien Radikalen im K\u00f6rper. Freie Radikale formen sich w\u00e4hrend des nat\u00fcrlichen Stoffwechsels im K\u00f6rper. Rauchen, \u00dcbergewicht, schlechte Nahrung und Stress und andere Faktoren, k\u00f6nnen eine ungesunde Zunahme der freien Radikale im K\u00f6rper f\u00fchren, die den K\u00f6rper anfangen anzufallen. Untersuchungen haben herausgefunden, dass degenerative Erkrankungen ein Resultat von Sch\u00e4den die die freien Radikale hervorrufen kommen.<\/p>\n<h5>Cranberry &#8211; Die Beere des amerikanischen Nordens<\/h5>\n<p>Dazu kommen Extrakte der Grossfruchtigen Moosbeere, die auch im Deutschen besser als Cranberry bekannt ist. Die Beerenfrucht stammt urspr\u00fcnglich von den n\u00f6rdlichen Teilen des amerikanischen Ostens. Ihren Weg nach Europa hat sie m\u00f6glicherweise durch die Seefahrt gefunden. Allerdings konnte sich Cranberry oder Vaccinium macrocarpon hier nur in wenigen Gebieten mit den Witterungs- und Bodenverh\u00e4ltnissen anfreunden. Dazu z\u00e4hlen einige niederl\u00e4ndische Inseln, unter anderem Terschelling, sowie deutsche Moorgebiete. Abgerundet wird die Zusammensetzung der Granatapfel und Cranberry Kapseln durch einen zus\u00e4tzlichen Anteil an nat\u00fcrlichem Vitamin C sowie dem von PlantaVis entwickelten Zellschutz Komplex, der neben weiteren Fruchtextrakten und -pulvern auch Pilz- und Kr\u00e4uterausz\u00fcge enth\u00e4lt.<\/p>\n<h5>Hauptbestandteile unseres Zellschutzkomplexes sind:<\/h5>\n<p>ZellschutzKomplex: (Camu Camu Extrakt mit 20 % L-Ascorbins\u00e4ure (VitaminC1), L-Ascorbins\u00e4ure\u00a0(VitaminC1), Jiaogulan Extrakt, Cordyceps Sinensis Pulver, Shiitake Pulver, Kapern Extrakt, Astragaloside Extrakt I-VII,\u00a0Gersten Extrakt\u00a0mit 20-25% \u00df-Glucan, Chlorophyllin, Melonen Extrakt (EXTRAMEL\u00ae) enth\u00e4lt bioaktive Superoxiddismutase (SOD), schwarzer Pfeffer Extrakt mit 95% Piperine)<\/p>\n<h5>\u200bWas ist der exklusive\u00a0Zellschutz Komplex von PlantaVis?<\/h5>\n<p>Als innovatives Unternehmen in Sachen Herstellung und Entwicklung von Nahrungserg\u00e4nzungsmitteln, arbeiten wir von der PlantaVis\u00ae eng mit Wissenschaftlern aus den Bereichen Ern\u00e4hrung, Epi- und Nutrigenetik sowie der Medizin und Pharmazie zusammen. Neben dem \u00fcberlieferten, tradierten Wissen um den gesundheitlichen Wert von Nahrungsmitteln aus aller Welt, legen wir grossen Wert auf modernste Forschungsergebnisse, die wir tagt\u00e4glich in unsere Arbeit einfliessen lassen. Ein Ergebnis dieser Arbeit, auf das wir ganz besonders stolz sind, ist unser neuer, exklusiver Zellschutzkomplex. Zu hoher oxidativer Stress, ist zu einem generellen Problem in unserer modernen Gesellschaft geworden.\u00a0Die Gr\u00fcnde hierf\u00fcr sind vor allem in unserer Lebensf\u00fchrung zu suchen. Allen voran die \u00fcberm\u00e4ssige Verwendung von Genussmitteln, eine einseitige Ern\u00e4hrungsweise, Stress in Schule, Alltag und Beruf, Bewegungsmangel, aber auch Umweltgifte und verschiedene Medikamente, deren Einnahme zwingend notwendig ist. Die Folgen k\u00f6nnen ein geschw\u00e4chtes Immunsystem, beschleunigte Zellalterung, chronisch entz\u00fcndliche Erkrankungen, Stoffwechselst\u00f6rungen und unerw\u00fcnschte Arzneimittelwirkungen sein. Demgegen\u00fcber steht bei den meisten Menschen eine zu geringe Aufnahme von Obst, Gem\u00fcse, Kr\u00e4utern und Pilzen. Mit der Folge eines Mangels an sekund\u00e4ren Pflanzenstoffen. F\u00fcr zahlreiche Substanzen dieser umfangreichen Naturstoffgruppe, gilt eine antioxidative Wirkung inzwischen als wissenschaftlich belegt. Mit unserem intelligent zusammengesetzten Zellschutzkomplex, bieten wir eine L\u00f6sung f\u00fcr diese moderne Form der Mangelern\u00e4hrung. Sie finden ihn deshalb zus\u00e4tzlich in vielen unserer aktuellen Produkte.<\/p>\n<h5>Tipp:<\/h5>\n<p>Da gesundheitsbezogene Aussagen\u00a0f\u00fcr ein Nahrungserg\u00e4nzungsmittel wie Granatapfel Cranberry\u00a0 KernSt\u00e4rke Kapseln\u00a0und dessen\u00a0Zutaten nur im gesetzlichen Ramen m\u00f6glich sind, ist eine Internetrecherche \u00fcber die positiven Eigenschaften zu empfehlen.<br \/>\nInternetrecherche:\u00a0<a href=\"https:\/\/www.google.com\/search?q=Granatapfel+wirkung&amp;sca_esv=1e424f4fdf06d354&amp;sca_upv=1&amp;sxsrf=ADLYWIJpDAWxOMKBP9IGjE6PdCvk6xTw2g%3A1726945258577&amp;ei=6hfvZon2Io_XhbIP4cq4wAE&amp;ved=0ahUKEwiJk7y13NSIAxWPa0EAHWElDhgQ4dUDCA8&amp;uact=5&amp;oq=Granatapfel+wirkung&amp;gs_lp=Egxnd3Mtd2l6LXNlcnAiE0dyYW5hdGFwZmVsIHdpcmt1bmcyChAAGIAEGEMYigUyChAAGIAEGEMYigUyChAAGIAEGEMYigUyChAAGIAEGEMYigUyChAAGIAEGEMYigUyBRAAGIAEMgoQABiABBhDGIoFMgUQABiABDIFEAAYgAQyBRAAGIAESI4QUH5YrAdwAXgBkAEAmAE_oAF8qgEBMrgBA8gBAPgBAZgCA6ACiwHCAgoQABiwAxjWBBhHwgINEAAYgAQYsAMYQxiKBcICDhAAGLADGOQCGNYE2AEBwgIWEC4YgAQYsAMYQxjUAhjIAxiKBdgBAcICExAuGIAEGLADGEMYyAMYigXYAQHCAgcQABiABBgNmAMAiAYBkAYSugYGCAEQARgJkgcBM6AH7g4&amp;sclient=gws-wiz-serp\" target=\"_blank\" rel=\"noopener\">Granatapfe<\/a>l,\u00a0<a href=\"https:\/\/www.google.com\/search?q=cranberry+wirkung\" target=\"_blank\" rel=\"noopener\">Cranberry<\/a><br \/>\nWikipedia:\u00a0<a href=\"https:\/\/de.wikipedia.org\/wiki\/Granatapfel\" target=\"_blank\" rel=\"noopener\">Granatapfe<\/a>l,\u00a0<a href=\"https:\/\/de.wikipedia.org\/wiki\/Gro%C3%9Ffr%C3%BCchtige_Moosbeere\" target=\"_blank\" rel=\"noopener\">Cranberry<\/a><\/p>\n<p><strong>Anwendung:<\/strong><\/p>\n<p>T\u00e4glich zwei Kapseln mit ausreichend Fl\u00fcssigkeit einnehmen.\u00a0Die Produkte sollten langfristig und konsequent angewandt werden, denn nur so ist es gew\u00e4hrleistet, dass die hochwertigen Wirkstoffe die gew\u00fcnschten Ergebnisse erzielen.<br \/>\nEine Dose reicht f\u00fcr einen Monatsbedarf und ist f\u00fcr eine dauerhafte Anwendung geeignet.<\/p>\n<p><strong>Zutaten:<\/strong><\/p>\n<p>Kapselh\u00fclle: Hydroxypropylmethylcellulose, 15,3% Granatapfelschalen Extrakt, 14,4% Cranberry Extrakt, B\u00e4rentraubenpulver,\u00a0Zellschutz Komplex\u00a0(Camu Camu Extrakt mit 20% Vitamin C, Vitamin C, Jiaogulanextrakt, Cordycepspulver, Shiitakepulver, Kapernextrakt, Astragaloside Extrakt (1%),\u00a0Gerstenextrakt\u00a0mit 20-25% \u00df-Glucan, Chlorophyllin, Melonenextrakt (Extramel\u00ae) enth\u00e4lt bioaktive Superoxiddismutase (SOD), schwarzer Pfefferextrakt mit 95% Piperin), Hagebuttenpulver, schwarzer Rettichpulver, Vitamin C, mittelkettige Triglyceride \u00d6l, Trennmittel: Magnesiumsalze der Speisefetts\u00e4uren, Geranium Robertianum Extrakt, Geranium maculatum Extrakt<\/p>\n<p><strong>Zusammensetzung:<\/strong><\/p>\n<p>Zusammensetzungpro TagesdosisRM (%)Granatapfelschalenextrakt170.00 mg**-davon Ellags\u00e4ure (40%)68.00 mg**Cranberry Extrakt160.00 mg**Vitamin C26.00 mg32.50 %\u00a0\u00a0\u00a0RM(%): Referenzmengen (f\u00fcr den durchschnittlichen Erwachsenen) nach LMIV**keine Referenzmenge vorhanden<\/p>\n<p><strong>Hinweis:<\/strong><\/p>\n<p>Die angegebene empfohlene t\u00e4gliche Verzehrsmenge darf nicht \u00fcberschritten werden. Nahrungserg\u00e4nzungsmittel sollten nicht als Ersatz f\u00fcr eine ausgewogene und abwechslungsreiche Ern\u00e4hrung verwendet werden. Ausserhalb der Reichweite von Kindern aufbewahren.\u00a0Lagern Sie das Produkt trocken, lichtgesch\u00fctzt und nicht \u00fcber 25\u00b0C.<\/p>\n<p>Benutzen Sie dieses Produkt nicht, wenn das Sicherheitssiegel besch\u00e4digt ist.<\/p>\n<p>Wenn Sie schwanger sind oder stillen, kontaktieren\u00a0Sie bitte Ihren Arzt, bevor Sie das Produkt benutzen.<\/p>\n","protected":false},"excerpt":{"rendered":"<p>Gutes f\u00fcr das Immunsystem Granatapfel Cranberry Kapseln mit\u00a0integriertem, exklusiven Zellschutz Komplex von PlantaVis Nahrungserg\u00e4nzungsmittel mit 15,3% Granatapfelschalen Extrakt, 14,4% Cranberry Extrakt, B\u00e4rentraubenpulver,\u00a0Zellschutz Komplex\u00a0(Camu Camu Extrakt mit 20% Vitamin C, Vitamin C, Jiaogulanextrakt, Cordycepspulver, Shiitakepulver, Kapernextrakt, Astragaloside Extrakt (1%),\u00a0Gerstenextrakt\u00a0mit 20-25% \u00df-Glucan, Chlorophyllin, Melonenextrakt (Extramel\u00ae) enth\u00e4lt bioaktive Superoxiddismutase (SOD), schwarzer Pfefferextrakt mit 95% Piperin), Hagebuttenpulver, schwarzer Rettichpulver, [&hellip;]<\/p>\n","protected":false},"featured_media":7186,"template":"","meta":[],"product_brand":[],"product_cat":[15,270],"product_tag":[],"class_list":{"0":"post-7185","1":"product","2":"type-product","3":"status-publish","4":"has-post-thumbnail","6":"product_cat-uncategorized","7":"product_cat-nahrungsergaenzung","9":"first","10":"instock","11":"taxable","12":"shipping-taxable","13":"purchasable","14":"product-type-simple"},"_links":{"self":[{"href":"https:\/\/schmecktbesser.yogalingam.ch\/index.php\/wp-json\/wp\/v2\/product\/7185","targetHints":{"allow":["GET"]}}],"collection":[{"href":"https:\/\/schmecktbesser.yogalingam.ch\/index.php\/wp-json\/wp\/v2\/product"}],"about":[{"href":"https:\/\/schmecktbesser.yogalingam.ch\/index.php\/wp-json\/wp\/v2\/types\/product"}],"wp:featuredmedia":[{"embeddable":true,"href":"https:\/\/schmecktbesser.yogalingam.ch\/index.php\/wp-json\/wp\/v2\/media\/7186"}],"wp:attachment":[{"href":"https:\/\/schmecktbesser.yogalingam.ch\/index.php\/wp-json\/wp\/v2\/media?parent=7185"}],"wp:term":[{"taxonomy":"product_brand","embeddable":true,"href":"https:\/\/schmecktbesser.yogalingam.ch\/index.php\/wp-json\/wp\/v2\/product_brand?post=7185"},{"taxonomy":"product_cat","embeddable":true,"href":"https:\/\/schmecktbesser.yogalingam.ch\/index.php\/wp-json\/wp\/v2\/product_cat?post=7185"},{"taxonomy":"product_tag","embeddable":true,"href":"https:\/\/schmecktbesser.yogalingam.ch\/index.php\/wp-json\/wp\/v2\/product_tag?post=7185"}],"curies":[{"name":"wp","href":"https:\/\/api.w.org\/{rel}","templated":true}]}}