{"id":7187,"date":"2024-05-05T14:53:42","date_gmt":"2024-05-05T12:53:42","guid":{"rendered":"https:\/\/schmecktbesser.ch\/?post_type=product&#038;p=7187"},"modified":"2024-10-27T12:02:50","modified_gmt":"2024-10-27T11:02:50","slug":"bitterstoff-kapseln-natuerliche-kraft-der-bitterstoffe-fuer-das-wohlbefinden-30-tage-versorgung-inhalt-60-kapseln-fuellmenge-3111-g","status":"publish","type":"product","link":"https:\/\/schmecktbesser.ch\/index.php\/product\/bitterstoff-kapseln-natuerliche-kraft-der-bitterstoffe-fuer-das-wohlbefinden-30-tage-versorgung-inhalt-60-kapseln-fuellmenge-3111-g\/","title":{"rendered":"Bitterlein: Bitterstoff Kapseln Nat\u00fcrliche Kraft der Bitterstoffe f\u00fcr das wohlbefinden 30 Tage Versorgung  Inhalt: 60 Kapseln | F\u00fcllmenge: 31,11 g."},"content":{"rendered":"<p><strong>Nat\u00fcrliche Kraft aus Bitterstoffen<\/strong><\/p>\n<p><strong>Mit verschiedenen Pflanzenextrakten<\/strong><\/p>\n<p>Nahrungserg\u00e4nzungsmittel mit\u00a0Olivenblatt Extrakt 20% Oleuropein, Mate Extrakt 5% Koffein, Tribulus Extrakt 40% Saponine, Brokkoli Pulver, Enzianwurzel Pulver, Schafgarbenkraut Pulver, Angelikawurzel Pulver, Grapefruitextrakt, 99% Naringin, Senfsaat Pulver gelb, L\u00f6wenzahnwurzel-Pulver, Artischockenextrakt 2,5% Cynarin, Hopfenzapfen Pulver, Meerrettich, Thymian Pulver, Koriander, Anis Pulver, Fenchel Pulver, Rosmarin Pulver, schwarzer Pfeffer Extrakt 95% Piperine\u00a0&#8211; hochwertiges Qualit\u00e4tsprodukt von PlantaVis<\/p>\n<h5>Bitterstoff Kapseln (Bitterlein)<\/h5>\n<p>Die nat\u00fcrliche Entgiftungskur mit Bitterstoffen aus verschiedenen Kr\u00e4uterextrakten.\u00a0Gutes\u00a0f\u00fcr den menschlichen Organismus und den Verdauungsbereich.<\/p>\n<h5>Was bitter schmeckt, regt den Organismus an<\/h5>\n<p>Bitterstoffe aus verschiedenen Kr\u00e4uterextrakten scheinen auf den ersten Biss keine angenehmen Lebensmittel zu sein, ist doch bitterer Geschmack eher unbeliebt. Den Bitterstoffen tut man allerdings Unrecht, wenn man ihre Vorz\u00fcge verkennt. Bittere und scharfe Kr\u00e4uter wie etwa Senfsaaten, L\u00f6wenzahn und Enzianwurzel wirken wie ein &#171;Weckruf&#187; auf den menschlichen Organismus: Die bitteren Substanzen regen diverse K\u00f6rpers\u00e4fte insbesondere im Verdauungsbereich an. Magens\u00e4ure und Gallenfl\u00fcssigkeit seien hier beispielhaft genannt, die Leber und Bauchspeicheldr\u00fcse profitieren in der Regel von dieser Aktivit\u00e4t ebenfalls. Eine durch bittere Kr\u00e4uter angeregte Verdauung wird von vielen Menschen wie eine Tiefenreinigung empfunden, da der Verdauungsprozess intensiviert wird. Das Produkt in Kapselform erleichtert die Aufnahme der bitteren Kr\u00e4uterextrakte, die viele Menschen auch als appetitd\u00e4mpfend empfinden.<\/p>\n<h5>\nNat\u00fcrliche\u00a0Bitterstoffe\u00a0aus Kr\u00e4uterextrakten:<\/h5>\n<ul>\n<li>Olivenblatt Extrakt<\/li>\n<li>Mate Extrakt<\/li>\n<li>Tribulus Extrakt<\/li>\n<li>Brokkoli Pulver<\/li>\n<li>Enzianwurzel Pulver<\/li>\n<li>Schafgarbenkraut Pulver<\/li>\n<li>Angelikawurzel Pulver<\/li>\n<li>Grapefruitextrakt<\/li>\n<li>Senfsaat<\/li>\n<li>L\u00f6wenzahnwurzel-Pulver<\/li>\n<li>Artischockenextrakt<\/li>\n<li>Hopfenzapfen Pulver<\/li>\n<li>Meerrettich<\/li>\n<li>Thymian Pulver<\/li>\n<li>Koriander<\/li>\n<li>Anis Pulver<\/li>\n<li>Fenchel Pulver<\/li>\n<li>Rosmarin Pulver<\/li>\n<li>schwarzer Pfeffer Extrakt<\/li>\n<\/ul>\n<p>Die Bitterstoff Kapseln sind\u00a0ein Nahrungserg\u00e4nzungsmittel mit Bitterstoffen auf der Basis von Kr\u00e4uterausz\u00fcgen.<\/p>\n<p>Diese nat\u00fcrlichen Inhaltsstoffe\u00a0k\u00f6nnen bei Bl\u00e4hungen oder V\u00f6llegef\u00fchl im Magen verwendet werden. Der Bitterstoff Cynarin, der in der Artischocke enthalten ist, regt die Leber- und Gallent\u00e4tigkeit an und f\u00f6rdert somit die Verdauung.<\/p>\n<h5>Tipp:<\/h5>\n<p>Wenn auch Sie zu den Menschen geh\u00f6ren, die einen bitteren Geschmack lieber meiden, k\u00f6nnen Sie versuchen, sich langsam an diese Geschmacksrichtung heranzutasten. Beginnen Sie beispielsweise mit fruchtig-bitteren Fr\u00fcchten wie der Grapefruit oder mit einer kleinen Menge Wildkr\u00e4uter im Salat. So k\u00f6nnen Sie sich nach und nach an den ungewohnten Geschmack gew\u00f6hnen und die n\u00fctzlichen\u00a0Bitterstoffe\u00a0wieder in Ihre Ern\u00e4hrung integrieren.<\/p>\n<h5>Neue Verpackung und Name, gleicher Inhalt.<\/h5>\n<p>&nbsp;<\/p>\n<p><strong>Anwendung:<\/strong><\/p>\n<p>T\u00e4glich zwei Kapseln mit ausreichend Fl\u00fcssigkeit nach dem Fr\u00fchst\u00fcck einnehmen.\u00a0Die Produkte sollten langfristig und konsequent angewandt werden, denn nur so ist es gew\u00e4hrleistet, dass die hochwertigen Wirkstoffe die gew\u00fcnschten Ergebnisse erzielen.<br \/>\nEine Dose reicht f\u00fcr einen Monatsbedarf und ist f\u00fcr eine dauerhafte Anwendung geeignet.<\/p>\n<p>Anwendungsdauer Empfehlung:\u00a0mindestens eine vier-Monatskur.<\/p>\n<p><strong>Zutaten:<\/strong><\/p>\n<p>Kapselh\u00fclle: Hydroxypropylmethylcellulose, Olivenblatt Extrakt 20% Oleuropein, Mate Extrakt 8% Koffein, Tribulus Extrakt 40% Saponine, Brokkoli Pulver, Enzianwurzel Pulver, Schafgarbenkraut Extrakt, Angelikawurzel Pulver, Grapefruit Pulver, 99% Naringin, Senfsaat Pulver gelb, L\u00f6wenzahnwurzel-Pulver, Artischocken Extrakt\u00a02,5% Cynarin, Hopfenzapfen Pulver, Meerrettich, Thymian Pulver, Koriander, Anis Pulver, Fenchelsamen Pulver, Rosmarin Pulver, schwarzer Pfeffer Extrakt 95% Piperine<\/p>\n<p><strong>Zusammensetzung:<\/strong><\/p>\n<p>Zusammensetzungpro TagesdosisRM (%)Olivenblatt Extrakt\u00a0100.00 mg**-davon Oleuropein (20%)20.00 mg**Enzianwurzel60.00 mg**Angelikawurzel60.00 mg**Artischocken Extrakt40.00 mg**-davon Cynarin (2,5%)1.00 mg**\u00a0\u00a0\u00a0RM(%): Referenzmengen (f\u00fcr den durchschnittlichen Erwachsenen) nach LMIVNach VO EG 1169\/2011 ** keine Empfehlung vorhanden<\/p>\n<p><strong>Hinweis:<\/strong><\/p>\n<p>Die angegebene empfohlene t\u00e4gliche Einnahmeempfehlung\u00a0darf nicht \u00fcberschritten werden. Nahrungserg\u00e4nzungsmittel sollten nicht als Ersatz f\u00fcr eine ausgewogene und abwechslungsreiche Ern\u00e4hrung verwendet werden. Au\u00dferhalb der Reichweite von Kindern aufbewahren.\u00a0Lagern Sie das Produkt trocken, lichtgesch\u00fctzt und nicht \u00fcber 25\u00b0C.<\/p>\n<p>Benutzen Sie dieses Produkt nicht, wenn das Sicherheitssiegel besch\u00e4digt ist.<\/p>\n<p>Wenn Sie schwanger sind oder stillen, kontaktieren\u00a0Sie bitte Ihren Arzt, bevor Sie das Produkt benutzen.<\/p>\n","protected":false},"excerpt":{"rendered":"<p>Nat\u00fcrliche Kraft aus Bitterstoffen Mit verschiedenen Pflanzenextrakten Nahrungserg\u00e4nzungsmittel mit\u00a0Olivenblatt Extrakt 20% Oleuropein, Mate Extrakt 5% Koffein, Tribulus Extrakt 40% Saponine, Brokkoli Pulver, Enzianwurzel Pulver, Schafgarbenkraut Pulver, Angelikawurzel Pulver, Grapefruitextrakt, 99% Naringin, Senfsaat Pulver gelb, L\u00f6wenzahnwurzel-Pulver, Artischockenextrakt 2,5% Cynarin, Hopfenzapfen Pulver, Meerrettich, Thymian Pulver, Koriander, Anis Pulver, Fenchel Pulver, Rosmarin Pulver, schwarzer Pfeffer Extrakt 95% Piperine\u00a0&#8211; &hellip;<\/p>\n<p class=\"read-more\"> <a class=\"\" href=\"https:\/\/schmecktbesser.ch\/index.php\/product\/bitterstoff-kapseln-natuerliche-kraft-der-bitterstoffe-fuer-das-wohlbefinden-30-tage-versorgung-inhalt-60-kapseln-fuellmenge-3111-g\/\"> <span class=\"screen-reader-text\">Bitterlein: Bitterstoff Kapseln Nat\u00fcrliche Kraft der Bitterstoffe f\u00fcr das wohlbefinden 30 Tage Versorgung  Inhalt: 60 Kapseln | F\u00fcllmenge: 31,11 g.<\/span> Weiterlesen &raquo;<\/a><\/p>\n","protected":false},"featured_media":7188,"template":"","meta":{"site-sidebar-layout":"default","site-content-layout":"default","ast-global-header-display":"","ast-main-header-display":"","ast-hfb-above-header-display":"","ast-hfb-below-header-display":"","ast-hfb-mobile-header-display":"","site-post-title":"","ast-breadcrumbs-content":"","ast-featured-img":"","footer-sml-layout":"","theme-transparent-header-meta":"default","adv-header-id-meta":"","stick-header-meta":"","header-above-stick-meta":"","header-main-stick-meta":"","header-below-stick-meta":""},"product_brand":[],"product_cat":[15,270],"product_tag":[],"class_list":{"0":"post-7187","1":"product","2":"type-product","3":"status-publish","4":"has-post-thumbnail","6":"product_cat-uncategorized","7":"product_cat-nahrungsergaenzung","8":"desktop-align-center","9":"tablet-align-center","10":"mobile-align-center","12":"first","13":"instock","14":"taxable","15":"shipping-taxable","16":"purchasable","17":"product-type-simple"},"_links":{"self":[{"href":"https:\/\/schmecktbesser.ch\/index.php\/wp-json\/wp\/v2\/product\/7187","targetHints":{"allow":["GET"]}}],"collection":[{"href":"https:\/\/schmecktbesser.ch\/index.php\/wp-json\/wp\/v2\/product"}],"about":[{"href":"https:\/\/schmecktbesser.ch\/index.php\/wp-json\/wp\/v2\/types\/product"}],"wp:featuredmedia":[{"embeddable":true,"href":"https:\/\/schmecktbesser.ch\/index.php\/wp-json\/wp\/v2\/media\/7188"}],"wp:attachment":[{"href":"https:\/\/schmecktbesser.ch\/index.php\/wp-json\/wp\/v2\/media?parent=7187"}],"wp:term":[{"taxonomy":"product_brand","embeddable":true,"href":"https:\/\/schmecktbesser.ch\/index.php\/wp-json\/wp\/v2\/product_brand?post=7187"},{"taxonomy":"product_cat","embeddable":true,"href":"https:\/\/schmecktbesser.ch\/index.php\/wp-json\/wp\/v2\/product_cat?post=7187"},{"taxonomy":"product_tag","embeddable":true,"href":"https:\/\/schmecktbesser.ch\/index.php\/wp-json\/wp\/v2\/product_tag?post=7187"}],"curies":[{"name":"wp","href":"https:\/\/api.w.org\/{rel}","templated":true}]}}