{"id":7189,"date":"2024-05-05T14:59:07","date_gmt":"2024-05-05T12:59:07","guid":{"rendered":"https:\/\/schmecktbesser.ch\/?post_type=product&#038;p=7189"},"modified":"2024-10-27T11:58:10","modified_gmt":"2024-10-27T10:58:10","slug":"mariendistel-kapseln-cholin-traegt-zur-erhaltung-einer-normalen-leberfunktion-bei-30-tage-versorgung-inhalt-60-kapseln-fuellmenge-3608-g","status":"publish","type":"product","link":"https:\/\/schmecktbesser.ch\/index.php\/product\/mariendistel-kapseln-cholin-traegt-zur-erhaltung-einer-normalen-leberfunktion-bei-30-tage-versorgung-inhalt-60-kapseln-fuellmenge-3608-g\/","title":{"rendered":"Mariendistel Kapseln Cholin tr\u00e4gt zur Erhaltung einer normalen Leberfunktion bei 30 Tage Versorgung  Inhalt: 60 Kapseln | F\u00fcllmenge: 36,08g."},"content":{"rendered":"<p><strong>Gutes zur Erhaltung einer normalen Leberfunktion<\/strong><\/p>\n<p><strong>Mariendistel Kapseln mit nat\u00fcrlichem\u00a0Zellschutz Komplex von PlantaVis<\/strong><\/p>\n<p>Nahrungserg\u00e4nzungsmittel mit Mariendistel Extrakt, Kapselh\u00fclle: Hydroxypropyl- methylcellulose, Artischocken Extrakt, ZellschutzKomplex (Camu Camu Extrakt mit 20 % Vitamin C, Vitamin C, Jiaogulan Extrakt, Cordyceps Sinensis Pulver, Shiitake Pulver, Kapern Extrakt, Astra- galoside Extrakt I &#8211; VII, Gersten Extrakt mit 20-25 % \u00df-Glucan, Chlorophyllin, Melonen Extrakt (Extramel\u00ae) enth\u00e4lt bioaktive Superoxiddismutase (SOD), schwarzer Pfeffer Extrakt mit 95 % Piperine), Burma Spirulina Pulver, Cholin, Vitamin C, Curcuma Extrakt (95 % Curcuminoide), L\u00f6wenzahn Extrakt, Vitamin E, Mittelkettige Triglyceride \u00d6l, Trennmittel: Magnesiumsalze der Speisefetts\u00e4uren, Lapachorinden Pulver\u00a0&#8211; hochwertiges Qualit\u00e4tsprodukt von PlantaVis<\/p>\n<h5>Mariendistel Kapseln\u00a0mit nat\u00fcrlichem\u00a0Zellschutz Komplex von PlantaVis.\u00a0Gezielte N\u00e4hrstoffkombination f\u00fcr die Leber.<\/h5>\n<p>Nat\u00fcrliche Kraft\u00a0zur Erhaltung einer normalen Leberfunktion<\/p>\n<p>Die Leber ist das Entgiftungsorgan Nummer eins im K\u00f6rper des Menschen. Ein Leben lang muss sie verarbeiten, was wir geniessen. Die Mariendistel\u00a0unterst\u00fctzen die Leber durch ihren nat\u00fcrlichen Gehalt an Silymarin. Durch Ern\u00e4hrungsfehler (zu wenig Vollwertkost, zu viele tierische Fette) Umweltgifte und Medikamente- oder Alkoholkonsum werden die Funktionen von Leber und Galle beeintr\u00e4chtigt. Es ist also wichtig, die Verdauungsfunktion dieser Organe zu unterst\u00fctzen und so den Folgen der vielf\u00e4ltigen Belastungen, denen sie t\u00e4glich ausgesetzt sind, entgegenzuwirken.<\/p>\n<ul>\n<li>Cholin tr\u00e4gt zur Erhaltung\u00a0einer normalen Leberfunktion bei<\/li>\n<li>Vorbeugung toxischer Lebersch\u00e4den<\/li>\n<li>Cholin tr\u00e4gt zu einem normalen Fettstoffwechsel bei<\/li>\n<li>Die Leber ist das wichtigste Stoffwechselorgan<\/li>\n<li>Die Leber produziert, speichert, reguliert und baut ab<\/li>\n<li>Vitamin C\u00a0tr\u00e4gt zu einem normalen Energiestoffwechsel bei<\/li>\n<li>Vitamin E\u00a0tr\u00e4gt dazu bei, die Zellen vor oxidativem Stress zu sch\u00fctzen<\/li>\n<\/ul>\n<p>Wo es um Blutreinigung, Entgiftung und Heilung der Leber geht, f\u00e4llt das Gespr\u00e4ch schnell auf die Mariendistel. Und das aus gutem Grund. Die Inhaltsstoffe der Mariendistel sind seit Jahrhunderten bew\u00e4hrt, wenn es um die Lebergesundheit geht. Und heute erlebt die Mariendistel ein wahres Comeback. Denn sie ist einer der Hauptlieferanten des\u00a0Silymarin, aus dem das\u00a0Silibinin\u00a0gewonnen wird.\u00a0Silibinin\u00a0wird zur Behandlung von Pilzvergiftungen verabreicht. Es eignet sich auch sehr gut zur Pr\u00e4vention und zur St\u00e4rkung der Leber. Weil das\u00a0Silymarin\u00a0nicht wasserl\u00f6slich ist, kann die Mariendistel leider nicht als Aufguss oder Tee zubereitet werden. Die standardm\u00e4ssige Verabreichung ist die Einnahme in Form von Kapseln. \u201eGutes f\u00fcr die Leber\u201c enth\u00e4lt neben pulverisiertem\u00a0Mariendistelkraut\u00a0die\u00a0Vitamine\u00a0C und E sowie\u00a0Cholin\u00a0und ist zus\u00e4tzlich mit dem PlantaVis-Zellschutzkomplex\u00a0angereichert.<\/p>\n<h5>Hauptbestandteile unseres Zellschutzkomplexes sind:<\/h5>\n<p>ZellschutzKomplex: (Camu Camu Extrakt mit 20 % L-Ascorbins\u00e4ure (VitaminC1), L-Ascorbins\u00e4ure\u00a0(VitaminC1), Jiaogulan Extrakt, Cordyceps Sinensis Pulver, Shiitake Pulver, Kapern Extrakt, Astragaloside Extrakt I-VII,\u00a0Gersten Extrakt\u00a0mit 20-25% \u00df-Glucan, Chlorophyllin, Melonen Extrakt (EXTRAMEL\u00ae), schwarzer Pfeffer Extrakt mit 95% Piperine)<\/p>\n<h5>\u200bWas ist der exklusive\u00a0Zellschutz Komplex von PlantaVis?<\/h5>\n<p>Als innovatives Unternehmen in Sachen Herstellung und Entwicklung von Nahrungserg\u00e4nzungsmitteln, arbeiten wir von der PlantaVis\u00ae eng mit Wissenschaftlern aus den Bereichen Ern\u00e4hrung, Epi- und Nutrigenetik sowie der Medizin und Pharmazie zusammen. Neben dem \u00fcberlieferten, tradierten Wissen um den gesundheitlichen Wert von Nahrungsmitteln aus aller Welt, legen wir grossen Wert auf modernste Forschungsergebnisse, die wir tagt\u00e4glich in unsere Arbeit einfliessen lassen. Ein Ergebnis dieser Arbeit, auf das wir ganz besonders stolz sind, ist unser neuer, exklusiver Zellschutzkomplex. Zu hoher oxidativer Stress, ist zu einem generellen Problem in unserer modernen Gesellschaft geworden.\u00a0Die Gr\u00fcnde hierf\u00fcr sind vor allem in unserer Lebensf\u00fchrung zu suchen. Allen voran die \u00fcberm\u00e4ssige Verwendung von Genussmitteln, eine einseitige Ern\u00e4hrungsweise, Stress in Schule, Alltag und Beruf, Bewegungsmangel, aber auch Umweltgifte und verschiedene Medikamente, deren Einnahme zwingend notwendig ist. Die Folgen k\u00f6nnen ein geschw\u00e4chtes Immunsystem, beschleunigte Zellalterung, chronisch entz\u00fcndliche Erkrankungen, Stoffwechselst\u00f6rungen und unerw\u00fcnschte Arzneimittelwirkungen sein. Demgegen\u00fcber steht bei den meisten Menschen eine zu geringe Aufnahme von Obst, Gem\u00fcse, Kr\u00e4utern und Pilzen. Mit der Folge eines Mangels an sekund\u00e4ren Pflanzenstoffen. F\u00fcr zahlreiche Substanzen dieser umfangreichen Naturstoffgruppe, gilt eine antioxidative Wirkung inzwischen als wissenschaftlich belegt. Mit unserem intelligent zusammengesetzten Zellschutzkomplex, bieten wir eine L\u00f6sung f\u00fcr diese moderne Form der Mangelern\u00e4hrung. Sie finden ihn deshalb zus\u00e4tzlich in vielen unserer aktuellen Produkte.<\/p>\n<p>&nbsp;<\/p>\n<p>&nbsp;<\/p>\n<p><strong>Anwendung:<\/strong><\/p>\n<p>T\u00e4glich zwei Kapseln mit ausreichend Fl\u00fcssigkeit nach dem Abendessen einnehmen.\u00a0Die Produkte sollten langfristig und konsequent angewandt werden, denn nur so ist es gew\u00e4hrleistet, dass die hochwertigen Wirkstoffe die gew\u00fcnschten Ergebnisse erzielen.<br \/>\nEine Dose reicht f\u00fcr einen Monatsbedarf und ist f\u00fcr eine dauerhafte Anwendung geeignet.<\/p>\n<p>Anwendungsdauer Empfehlung:\u00a0mindestens eine vier-Monatskur.<\/p>\n<p><strong>Zutaten:<\/strong><\/p>\n<p>Mariendistel Extrakt, Kapselh\u00fclle: Hydroxypropyl- methylcellulose, Artischocken Extrakt, ZellschutzKomplex (Camu Camu Extrakt mit 20 % Vitamin C, Vitamin C, Jiaogulan Extrakt, Cordyceps Sinensis Pulver, Shiitake Pulver, Kapern Extrakt, Astragaloside Extrakt I &#8211; VII, Gersten Extrakt mit 20-25 % \u00df-Glucan, Chlorophyllin, Melonen Extrakt (Extramel\u00ae) enth\u00e4lt bioaktive Superoxiddismutase (SOD), schwarzer Pfeffer Extrakt mit 95 % Piperine), Burma Spirulina Pulver, Cholin, Vitamin C, Curcuma Extrakt (95 % Curcuminoide), L\u00f6wenzahn Extrakt, Vitamin E, Mittelkettige Triglyceride \u00d6l, Trennmittel: Magnesiumsalze der Speisefetts\u00e4uren, Lapachorinden Pulver.<\/p>\n<p>Zusammensetztung:<\/p>\n<p>Zusammensetzungpro Tagesdosis 2 KapselnRM (%)Cholin48.69 mg**Vitamin C48.00 mg60.00 %Vitamin E3,36mg a-TE28.00 %Mariendistel460 mg**<\/p>\n<p>RM(%): Referenzmengen (f\u00fcr den durchschnittlichen Erwachsenen) nach LMIV<\/p>\n<p>**keine Referenzmenge vorhanden<\/p>\n<p>Hinweis:<\/p>\n<p>Die angegebene empfohlene t\u00e4gliche Verzehrsmenge darf nicht \u00fcberschritten werden. Nahrungserg\u00e4nzungsmittel sollten nicht als Ersatz f\u00fcr eine ausgewogene und abwechslungsreiche Ern\u00e4hrung verwendet werden. Ausserhalb der Reichweite von Kindern aufbewahren.\u00a0Lagern Sie das Produkt trocken, lichtgesch\u00fctzt und nicht \u00fcber 25\u00b0C.<\/p>\n<p>Benutzen Sie dieses Produkt nicht, wenn das Sicherheitssiegel besch\u00e4digt ist.<\/p>\n<p>Wenn Sie schwanger sind oder stillen, kontaktieren\u00a0Sie bitte Ihren Arzt, bevor Sie das Produkt benutzen.<\/p>\n","protected":false},"excerpt":{"rendered":"<p>Gutes zur Erhaltung einer normalen Leberfunktion Mariendistel Kapseln mit nat\u00fcrlichem\u00a0Zellschutz Komplex von PlantaVis Nahrungserg\u00e4nzungsmittel mit Mariendistel Extrakt, Kapselh\u00fclle: Hydroxypropyl- methylcellulose, Artischocken Extrakt, ZellschutzKomplex (Camu Camu Extrakt mit 20 % Vitamin C, Vitamin C, Jiaogulan Extrakt, Cordyceps Sinensis Pulver, Shiitake Pulver, Kapern Extrakt, Astra- galoside Extrakt I &#8211; VII, Gersten Extrakt mit 20-25 % \u00df-Glucan, Chlorophyllin, &hellip;<\/p>\n<p class=\"read-more\"> <a class=\"\" href=\"https:\/\/schmecktbesser.ch\/index.php\/product\/mariendistel-kapseln-cholin-traegt-zur-erhaltung-einer-normalen-leberfunktion-bei-30-tage-versorgung-inhalt-60-kapseln-fuellmenge-3608-g\/\"> <span class=\"screen-reader-text\">Mariendistel Kapseln Cholin tr\u00e4gt zur Erhaltung einer normalen Leberfunktion bei 30 Tage Versorgung  Inhalt: 60 Kapseln | F\u00fcllmenge: 36,08g.<\/span> Weiterlesen &raquo;<\/a><\/p>\n","protected":false},"featured_media":7190,"template":"","meta":{"site-sidebar-layout":"default","site-content-layout":"default","ast-global-header-display":"","ast-main-header-display":"","ast-hfb-above-header-display":"","ast-hfb-below-header-display":"","ast-hfb-mobile-header-display":"","site-post-title":"","ast-breadcrumbs-content":"","ast-featured-img":"","footer-sml-layout":"","theme-transparent-header-meta":"default","adv-header-id-meta":"","stick-header-meta":"","header-above-stick-meta":"","header-main-stick-meta":"","header-below-stick-meta":""},"product_brand":[],"product_cat":[15,270],"product_tag":[],"class_list":{"0":"post-7189","1":"product","2":"type-product","3":"status-publish","4":"has-post-thumbnail","6":"product_cat-uncategorized","7":"product_cat-nahrungsergaenzung","8":"desktop-align-center","9":"tablet-align-center","10":"mobile-align-center","12":"first","13":"instock","14":"taxable","15":"shipping-taxable","16":"purchasable","17":"product-type-simple"},"_links":{"self":[{"href":"https:\/\/schmecktbesser.ch\/index.php\/wp-json\/wp\/v2\/product\/7189","targetHints":{"allow":["GET"]}}],"collection":[{"href":"https:\/\/schmecktbesser.ch\/index.php\/wp-json\/wp\/v2\/product"}],"about":[{"href":"https:\/\/schmecktbesser.ch\/index.php\/wp-json\/wp\/v2\/types\/product"}],"wp:featuredmedia":[{"embeddable":true,"href":"https:\/\/schmecktbesser.ch\/index.php\/wp-json\/wp\/v2\/media\/7190"}],"wp:attachment":[{"href":"https:\/\/schmecktbesser.ch\/index.php\/wp-json\/wp\/v2\/media?parent=7189"}],"wp:term":[{"taxonomy":"product_brand","embeddable":true,"href":"https:\/\/schmecktbesser.ch\/index.php\/wp-json\/wp\/v2\/product_brand?post=7189"},{"taxonomy":"product_cat","embeddable":true,"href":"https:\/\/schmecktbesser.ch\/index.php\/wp-json\/wp\/v2\/product_cat?post=7189"},{"taxonomy":"product_tag","embeddable":true,"href":"https:\/\/schmecktbesser.ch\/index.php\/wp-json\/wp\/v2\/product_tag?post=7189"}],"curies":[{"name":"wp","href":"https:\/\/api.w.org\/{rel}","templated":true}]}}