{"id":7191,"date":"2024-05-05T15:04:37","date_gmt":"2024-05-05T13:04:37","guid":{"rendered":"https:\/\/schmecktbesser.ch\/?post_type=product&#038;p=7191"},"modified":"2024-10-27T11:54:14","modified_gmt":"2024-10-27T10:54:14","slug":"hirse-plus-koffein-kapseln-fuer-die-haare-biotin-selen-und-zink-tragen-zur-erhaltung-normaler-haare-bei-30-tage-versorgung-inhalt-60-kapseln-fuellmenge-3008-g","status":"publish","type":"product","link":"https:\/\/schmecktbesser.yogalingam.ch\/index.php\/product\/hirse-plus-koffein-kapseln-fuer-die-haare-biotin-selen-und-zink-tragen-zur-erhaltung-normaler-haare-bei-30-tage-versorgung-inhalt-60-kapseln-fuellmenge-3008-g\/","title":{"rendered":"Haartastisch: Hirse plus Koffein Kapseln f\u00fcr die Haare Biotin, Selen und Zink tragen zur Erhaltung normaler Haare bei 30 Tage Versorgung  Inhalt: 60 Kapseln | F\u00fcllmenge: 30,08 g."},"content":{"rendered":"<p><strong>Gutes f\u00fcr die Haare<\/strong><\/p>\n<p><strong>HaarTastisch mit Biotin, Selen, Zink und nat\u00fcrlichem\u00a0Zellschutz Komplex<\/strong><\/p>\n<p>Nahrungserg\u00e4nzungsmittel mit Braunhirse Pulver 17.5%, ZellschutzKomplex (Camu Camu Extrakt mit 20 % Vitamin C, Vitamin C, Jiao-gulan Extrakt, Cordyceps Sinensis Pulver, Shiitake Pulver, Kapern Extrakt, Astragaloside Extrakt I-VII, Gersten Extrakt mit 20\u201325 % \u00df-Glucan, Chlorophyllin, Melonen Extrakt (Extramel\u00ae), schwarzer Pfeffer Extrakt mit 95 % Piperine)\u00a0enth\u00e4lt bioaktive Superoxiddismutase (SOD), Leinsamen Pulver, Brennnesselwurzel Extrakt, Zinkgluconat, Vitamin C, Vitamin E, Granatapfelschalen Pulver, Bambussprossen Extrakt, Wassernabelkraut Pulver, Natriumhyaluronat, Eisengluconat, Koffein Pulver, Trennmittel: Magnesiumsalze der Speisefetts\u00e4uren, mittelkettige Triglyceride \u00d6l, Kupfergluconat, Aminobenzoes\u00e4ure, Natriumselenitpentahydrat, Natriummolybdat, Biotin\u00a0&#8211; hochwertiges Qualit\u00e4tsprodukt von PlantaVis.<\/p>\n<h5>Hirse plus Koffein Kapseln (HaarTastisch) f\u00fcr die Haare\u00a0mit Biotin, Zink, Selen\u00a0und dem\u00a0integrierten, exklusiven Zellschutz Komplex von PlantaVis<\/h5>\n<p>Gutes f\u00fcr die Haare<\/p>\n<h5>Die optimale N\u00e4hrstoffversorgung f\u00fcr die Haare<\/h5>\n<p>Alle N\u00e4hrstoffe, die unsere Haarwurzeln ben\u00f6tigen, f\u00fcr optimales Haarwachstum und eine gepflegte Haarstruktur.<\/p>\n<p>Biotin,\u00a0Selen\u00a0und\u00a0Zink\u00a0tragen zur Erhaltung normaler Haare bei und sind in \u201eHirse\u00a0mit Koffein \u2013 Gutes f\u00fcr die Haare\u201c ebenso enthalten wie kiesels\u00e4urehaltige und mineralstoffreiche\u00a0Hirse\u00a0plus Koffein.<\/p>\n<p>Hirse plus Koffein Kapseln f\u00fcr die Haare\u00a0mit Braunhirse,\u00a0Biotin, Zink, Selen\u00a0und dem\u00a0integrierten, exklusiven Zellschutz Komplex von PlantaVis,<\/p>\n<h5>Nahrung f\u00fcr Haarwurzeln und Haare<\/h5>\n<p>Auch Haare brauchen eine gute N\u00e4hrstoffversorgung, damit sie gesund und voll wachsen k\u00f6nnen &#8211; und eine nachhaltige N\u00e4hrstoffversorgung kommt von innen. Die Braunhirse, die \u00fcbrigens von Natur aus glutenfrei ist, gilt als das mineralstoffreichste Getreide der Welt. Gemahlene Braunhirse wird deshalb nicht gesch\u00e4lt, damit s\u00e4mtliche N\u00e4hrstoffe erhalten bleiben. Sie ist auch aufgrund ihres hohen Siliziumgehaltes besonders wertvoll und hilft bei der N\u00e4hrstoffversorgung von Haaren und Haarwurzeln.<\/p>\n<p>Zink und Selen tragen dazu bei, die Zellen vor oxidativem Stress\u00a0zu sch\u00fctzen.<\/p>\n<p>Zink\u00a0ist notwendig f\u00fcr den Aufbau k\u00f6rpereigener Eiweisse. Eiweisse bilden das Ger\u00fcst von Haut, Haaren, N\u00e4gel und Bindegewebe. Biotin spielt eine Rolle im Stoffwechsel der Aminos\u00e4uren, welche wiederum Eiweissbestandteile darstellen.<\/p>\n<p>Hinzu kommen Kupfer, Selen,\u00a0Vitamin C, Vitamin, Vitamin E, Biotin, Koffein,\u00a0Molybd\u00e4n, Eisengluconat,\u00a0Zinkgluconat, D-L-alpha Tocopherolacetat, Bambussprossen Extrakt\u00a0(75% Silicium), Feigenpulver, Brennesselextrakt, Leinsamenpulver, schwarzer Pfeffer, Melonenextrakt, Granatapfelschalen, Wassernabelkraut,\u00a017,5 % Braunhirse, Gerstenextrakt\u00a0sowie der exklusive Zellschutz Komplex\u00a0Camu Camu Extrakt mit 20% L-Ascorbins\u00e4ure1, L-Ascorbins\u00e4ure1, Jiaogulanextrakt, Cordycepspulver, Shiitakepulver, Kapernextrakt, Astragaloside Extrakt (1%), Gerstenextrakt mit 20-25% \u00df-Glucan, Chlorophyllin, Melonenextrakt (Extramel\u00ae), schwarzer Pfefferextrakt\u00a0mit 95% Piperin), von PlantaVis, der eine Reihe an Vitalstoffen\u00a0und Extrakten gewonnen aus nat\u00fcrlichen Quellen vereint.<\/p>\n<p>Die Rezeptur \u00a0der Hirse und Koffein Kapseln von PlantaVis\u00a0ist speziell f\u00fcr den Aufbau und die Pflege von Haaren und N\u00e4geln entwickelt worden. Die\u00a0Aktivstoffe unterst\u00fctzen gezielt den Stoffwechsel von Haaren und N\u00e4geln, verbessern deren Qualit\u00e4t und beg\u00fcnstigen die Reparaturprozesse.<\/p>\n<p>Eigenschaften:<\/p>\n<p>&#8211; Erh\u00f6hung des Anagen \/ Telogen- Verh\u00e4ltnisses<br \/>\n&#8211; f\u00f6rdert die Haardichte<br \/>\n&#8211; erh\u00f6ht das Haarvolumen<br \/>\n&#8211; stimuliert und regeneriert die Kopfhaut<br \/>\n&#8211; f\u00fcr gl\u00e4nzendere Haare<br \/>\n&#8211; f\u00fcr ges\u00fcnderes Haar<\/p>\n<p>Sch\u00f6nes, gesundes Haar ist ein allgemeines Zeichen f\u00fcr Vitalit\u00e4t, dies gilt f\u00fcr M\u00e4nner und Frauen gleichermassen. Vielf\u00e4ltige Umwelteinfl\u00fcsse und der Mangel an einigen Vitalstoffen k\u00f6nnen sich negativ auf das Haar auswirken. Wie die Haut profitiert das Haar allgemein von einer gesunden, abwechslungsreichen Ern\u00e4hrung und besonders von bestimmten Mikron\u00e4hrstoffen. Nur wenn der gesamte Stoffwechsel und die Zellteilung des K\u00f6rpers gut funktionieren, werden auch neue Haarwurzeln gebildet.<br \/>\nDie Pigmentierung der Haare wird unter anderem von bestimmten Spurenelementen unterst\u00fctzt. Sie ist entscheidend f\u00fcr die Farbe des Haars, bei grauem Haar etwa fehlt das Farbpigment Melanin.<\/p>\n<p>Das vegane Produkt &#171;Hirse mit Koffein&#187; stimmt als Nahrungserg\u00e4nzungsmittel haarfreundliche Mikron\u00e4hrstoffe in sinnvoller Dosierung aufeinander ab.<\/p>\n<h5>Hauptbestandteile unseres Zellschutzkomplexes sind:<\/h5>\n<p>ZellschutzKomplex: (Camu Camu Extrakt mit 20 % Vitamin C, Vitamin C , Jiaogulan Extrakt, Cordyceps Sinensis Pulver, Shiitake Pulver, Kapern Extrakt, Astragaloside Extrakt I-VII,\u00a0Gersten Extrakt\u00a0mit 20-25% \u00df-Glucan, Chlorophyllin, Melonen Extrakt (EXTRAMEL\u00ae) enth\u00e4lt bioaktive Superoxiddismutase (SOD), schwarzer Pfeffer Extrakt mit 95% Piperine)<\/p>\n<h5>\u200bWas ist der exklusive\u00a0Zellschutz Komplex von PlantaVis?<\/h5>\n<p>Als innovatives Unternehmen in Sachen Herstellung und Entwicklung von Nahrungserg\u00e4nzungsmitteln, arbeiten wir von der PlantaVis\u00ae eng mit Wissenschaftlern aus den Bereichen Ern\u00e4hrung, Epi- und Nutrigenetik sowie der Medizin und Pharmazie zusammen. Neben dem \u00fcberlieferten, tradierten Wissen um den gesundheitlichen Wert von Nahrungsmitteln aus aller Welt, legen wir grossen Wert auf modernste Forschungsergebnisse, die wir tagt\u00e4glich in unsere Arbeit einfliessen lassen. Ein Ergebnis dieser Arbeit, auf das wir ganz besonders stolz sind, ist unser neuer, exklusiver Zellschutzkomplex. Zu hoher oxidativer Stress, ist zu einem generellen Problem in unserer modernen Gesellschaft geworden.\u00a0Die Gr\u00fcnde hierf\u00fcr sind vor allem in unserer Lebensf\u00fchrung zu suchen. Allen voran die \u00fcberm\u00e4ssige Verwendung von Genussmitteln, eine einseitige Ern\u00e4hrungsweise, Stress in Schule, Alltag und Beruf, Bewegungsmangel, aber auch Umweltgifte und verschiedene Medikamente, deren Einnahme zwingend notwendig ist. Die Folgen k\u00f6nnen ein geschw\u00e4chtes Immunsystem, beschleunigte Zellalterung, chronisch entz\u00fcndliche Erkrankungen, Stoffwechselst\u00f6rungen und unerw\u00fcnschte Arzneimittelwirkungen sein. Demgegen\u00fcber steht bei den meisten Menschen eine zu geringe Aufnahme von Obst, Gem\u00fcse, Kr\u00e4utern und Pilzen. Mit der Folge eines Mangels an sekund\u00e4ren Pflanzenstoffen. F\u00fcr zahlreiche Substanzen dieser umfangreichen Naturstoffgruppe, gilt eine antioxidative Wirkung inzwischen als wissenschaftlich belegt. Mit unserem intelligent zusammengesetzten Zellschutzkomplex, bieten wir eine L\u00f6sung f\u00fcr diese moderne Form der Mangelern\u00e4hrung. Sie finden ihn deshalb zus\u00e4tzlich in vielen unserer aktuellen Produkte.<\/p>\n<h5>Tipp:<\/h5>\n<p>Da gesundheitsbezogene Aussagen\u00a0f\u00fcr ein Nahrungserg\u00e4nzungsmittel wie HaarTastisch und dessen\u00a0Zutaten nur im gesetzlichen Ramen m\u00f6glich sind, ist eine Internetrecherche \u00fcber die positiven Eigenschaften zu empfehlen.<br \/>\nWikipedia:\u00a0<a href=\"https:\/\/de.wikipedia.org\/wiki\/Braunhirse\" target=\"_blank\" rel=\"noopener\">BraunHirse<\/a>,\u00a0<a href=\"https:\/\/de.wikipedia.org\/wiki\/Brennnesseln\" target=\"_blank\" rel=\"noopener\">Brennnesselwurzel<\/a><\/p>\n<p>&nbsp;<\/p>\n<p><strong>Anwendung:<\/strong><\/p>\n<p>T\u00e4glich eine\u00a0Kapsel (Schweiz), zwei Kapseln (EU) mit ausreichend Fl\u00fcssigkeit nach dem Fr\u00fchst\u00fcck oder Mittagessen\u00a0einnehmen. Die Produkte sollten langfristig und konsequent angewandt werden, denn nur so ist es gew\u00e4hrleistet, dass die hochwertigen Wirkstoffe die gew\u00fcnschten Ergebnisse erzielen.<br \/>\nEine Dose reicht f\u00fcr einen Monatsbedarf und ist f\u00fcr eine dauerhafte Anwendung geeignet.<\/p>\n<p>Anwendungsdauer Empfehlung:\u00a0mindestens eine vier-Monatekur.<\/p>\n<p><strong>Zutaten:<\/strong><\/p>\n<p>Kapselh\u00fclle: Hydroxypropylmethylcellulose, Braunhirse Pulver 17.5%, ZellschutzKomplex (Camu Camu Extrakt mit 20 % Vitamin C, Vitamin C, Jiao-gulan Extrakt, Cordyceps Sinensis Pulver, Shiitake Pulver, Kapern Extrakt, Astragaloside Extrakt I-VII, Gersten Extrakt mit 20\u201325 % \u00df-Glucan, Chlorophyllin, Melonen Extrakt (Extramel\u00ae), schwarzer Pfeffer Extrakt mit 95 % Piperine) enth\u00e4lt bioaktive Superoxiddismutase (SOD), Leinsamen Pulver, Brennnesselwurzel Extrakt, Zinkgluconat, Vitamin C, Vitamin E, Granatapfelschalen Pulver, Bambussprossen Extrakt, Wassernabelkraut Pulver, Natriumhyaluronat, Eisengluconat, Koffein Pulver, Trennmittel: Magnesiumsalze der Speisefetts\u00e4uren, mittelkettige Triglyceride \u00d6l, Kupfergluconat, Aminobenzoes\u00e4ure, Natriumselenitpentahydrat, Natriummolybdat, Biotin<\/p>\n<ul>\n<li>Vitamin C tr\u00e4gt dazu bei, die Zellen vor oxidativem Stress zu sch\u00fctzen<\/li>\n<li>Biotin, Selen und Zink tragen zur\u00a0Erhaltung normaler Haare bei<\/li>\n<\/ul>\n<p><strong>Zusammensetzung:<\/strong><\/p>\n<p>Zusammensetzungpro Tagesdosis 1 KapselRM (%)Braunhirse Pulver90.00 mg**Vitamin C24.00 mg30.00 %Vitamin E6.00 mg a-TE\u00a050.00 %Koffein5.00 mg**Zink5.00 mg50.00 %Eisen0.57 mg4.13 %Kupfer0.5 mg\u00a0\u00a050.40 %Selen27.60 \u03bcg\u00a0\u00a050.18 %Biotin25.00\u00a0\u03bcg\u00a0\u00a050.00 %Molybd\u00e4n24.98 \u03bcg\u00a0\u00a049.96 %\u00a0RM(%): Referenzmengen (f\u00fcr den durchschnittlichen Erwachsenen) nach LMIV.<br \/>\n** keine Empfehlung vorhanden<\/p>\n<p><strong>Hinweis:<\/strong><\/p>\n<p>Die angegebene empfohlene t\u00e4gliche Verzehrsmenge darf nicht \u00fcberschritten werden. Nahrungserg\u00e4nzungsmittel sollten nicht als Ersatz f\u00fcr eine ausgewogene und abwechslungsreiche Ern\u00e4hrung verwendet werden. Ausserhalb der Reichweite von Kindern aufbewahren.\u00a0Lagern Sie das Produkt trocken, lichtgesch\u00fctzt und nicht \u00fcber 25\u00b0C.<\/p>\n<p>Benutzen Sie dieses Produkt nicht, wenn das Sicherheitssiegel besch\u00e4digt ist.<\/p>\n<p>Enth\u00e4lt Koffein &#8211;\u00a0F\u00fcr Kinder und schwangere Frauen nicht empfohlen.<\/p>\n<p>Wenn Sie schwanger sind oder stillen, kontaktieren\u00a0Sie bitte Ihren Arzt, bevor Sie das Produkt benutzen.<\/p>\n","protected":false},"excerpt":{"rendered":"<p>Gutes f\u00fcr die Haare HaarTastisch mit Biotin, Selen, Zink und nat\u00fcrlichem\u00a0Zellschutz Komplex Nahrungserg\u00e4nzungsmittel mit Braunhirse Pulver 17.5%, ZellschutzKomplex (Camu Camu Extrakt mit 20 % Vitamin C, Vitamin C, Jiao-gulan Extrakt, Cordyceps Sinensis Pulver, Shiitake Pulver, Kapern Extrakt, Astragaloside Extrakt I-VII, Gersten Extrakt mit 20\u201325 % \u00df-Glucan, Chlorophyllin, Melonen Extrakt (Extramel\u00ae), schwarzer Pfeffer Extrakt mit 95 [&hellip;]<\/p>\n","protected":false},"featured_media":7192,"template":"","meta":[],"product_brand":[],"product_cat":[15,270],"product_tag":[],"class_list":{"0":"post-7191","1":"product","2":"type-product","3":"status-publish","4":"has-post-thumbnail","6":"product_cat-uncategorized","7":"product_cat-nahrungsergaenzung","9":"first","10":"instock","11":"taxable","12":"shipping-taxable","13":"purchasable","14":"product-type-simple"},"_links":{"self":[{"href":"https:\/\/schmecktbesser.yogalingam.ch\/index.php\/wp-json\/wp\/v2\/product\/7191","targetHints":{"allow":["GET"]}}],"collection":[{"href":"https:\/\/schmecktbesser.yogalingam.ch\/index.php\/wp-json\/wp\/v2\/product"}],"about":[{"href":"https:\/\/schmecktbesser.yogalingam.ch\/index.php\/wp-json\/wp\/v2\/types\/product"}],"wp:featuredmedia":[{"embeddable":true,"href":"https:\/\/schmecktbesser.yogalingam.ch\/index.php\/wp-json\/wp\/v2\/media\/7192"}],"wp:attachment":[{"href":"https:\/\/schmecktbesser.yogalingam.ch\/index.php\/wp-json\/wp\/v2\/media?parent=7191"}],"wp:term":[{"taxonomy":"product_brand","embeddable":true,"href":"https:\/\/schmecktbesser.yogalingam.ch\/index.php\/wp-json\/wp\/v2\/product_brand?post=7191"},{"taxonomy":"product_cat","embeddable":true,"href":"https:\/\/schmecktbesser.yogalingam.ch\/index.php\/wp-json\/wp\/v2\/product_cat?post=7191"},{"taxonomy":"product_tag","embeddable":true,"href":"https:\/\/schmecktbesser.yogalingam.ch\/index.php\/wp-json\/wp\/v2\/product_tag?post=7191"}],"curies":[{"name":"wp","href":"https:\/\/api.w.org\/{rel}","templated":true}]}}