{"id":7195,"date":"2024-05-05T15:48:14","date_gmt":"2024-05-05T13:48:14","guid":{"rendered":"https:\/\/schmecktbesser.ch\/?post_type=product&#038;p=7195"},"modified":"2024-10-27T11:45:34","modified_gmt":"2024-10-27T10:45:34","slug":"pinienrinde-mit-opc-kapseln-vitamin-a-d-b6-c-eisen-colostrum-und-kupfer-tragen-zu-einer-normalen-funktion-des-immunsystems-bei-60-tage-versorgung-inhalt-60-kapseln-fuellmenge-299-g","status":"publish","type":"product","link":"https:\/\/schmecktbesser.ch\/index.php\/product\/pinienrinde-mit-opc-kapseln-vitamin-a-d-b6-c-eisen-colostrum-und-kupfer-tragen-zu-einer-normalen-funktion-des-immunsystems-bei-60-tage-versorgung-inhalt-60-kapseln-fuellmenge-299-g\/","title":{"rendered":"Pinienrinde mit OPC Kapseln Vitamin D, A, B6, C, Eisen, colostrum und Kupfer tragen zu einer normalen Funktion des Immunsystems bei 60 Tage Versorgung  Inhalt: 60 Kapseln | F\u00fcllmenge: 29,9 g."},"content":{"rendered":"<p><strong>Gutes f\u00fcr das Immunsystem<\/strong><\/p>\n<p><strong>Pinienrindenextrakt mit OPC Kapseln plus\u00a0nat\u00fcrlichem\u00a0Zellschutz Komplex von\u00a0PlantaVis<\/strong><\/p>\n<p>Nahrungserg\u00e4nzungsmittel mit Pinienrinden Extrakt\u00a0(95% Oligomere Proanthocyanidine OPC), ZellschutzKomplex (Camu Camu Extrakt mit 20 % Vitamin C, Vitamin C, Jiaogulan Extrakt, Cordyceps Sinensis Pulver, Shiitake Pulver, Kapern Extrakt, Astragaloside Extrakt I-VII, Gersten Extrakt mit 20-25 % \u00df-Glucan, Chlorophyllin, Melonen Extrakt (Extramel\u00ae)\u00a0enth\u00e4lt bioaktive Superoxiddismutase (SOD), schwarzer Pfeffer Extrakt mit 95 % Piperine), Eisengluconat, Vitamin C, Burma Spirulina Pulver, Brokkoli Extrakt, Karotten Extrakt, Kohlgem\u00fcse Extrakt, Polypodium Leucotomos Pulver, Granatapfelschalen Extrakt, ballaststoffreiche Akazienfaser (Fibregum TM), schwarzer Knoblauch Extrakt, Trennmittel: Magnesiumsalze der Speisefetts\u00e4uren, Mittelkettige Triglyceride \u00d6l, Vitamin A, Kn\u00f6terich Extrakt, Kupfergluconat, Vitamin D2, Vitamin B6\u00a0\u00a0&#8211; hochwertiges Qualit\u00e4tsprodukt von PlantaVis.<\/p>\n<h5>Pinienrinde\u00a0OPC Kapseln mit nat\u00fcrlichem\u00a0Zellschutz Komplex<\/h5>\n<p>Gutes f\u00fcr das Immunsystem<\/p>\n<p>Vitamin A, Vitamin D, Vitamin B6, Vitamin C, Eisen und Kupfer\u00a0tragen zu einer normalen Funktion des Immunsystems bei.<\/p>\n<p>Vitamin C tr\u00e4gt dazu bei, die Zellen vor oxidativem Stress zu sch\u00fctzen und tr\u00e4gt zu einer normalen Kollagenbildung f\u00fcr eine normale Funktion der Blutgef\u00e4sse, f\u00fcr eine normale Knorpelfunktion, f\u00fcr eine normale Funktion von Haut, Z\u00e4hnen, Zahnfleisch, Knochen, sowie zu einer normalen Funktion des Immunsystems bei.<\/p>\n<h5>Wie unterst\u00fctzt\u00a0Pinienrinde OPC?<\/h5>\n<p>Mit Pinienrinde OPC \u00a0l\u00e4sst sich Lebenskraft aus der reinen Natur sch\u00f6pfen. Es enth\u00e4lt wertvolles OPC aus Pinienrinde\u00a0\u00a0und ist zus\u00e4tzlich mit Vitamin C angereichert. Dies ist wahrhaftig das hohe C f\u00fcr unseren K\u00f6rper, denn es birgt viel Positives f\u00fcr unser Wohlbefinden in sich: So tr\u00e4gt es zur normalen Funktion des Immun\u00adsystems, einem normalen Energiestoffwechsel, zum Schutz der Zellen vor oxidativem Stress und zur Verringerung von M\u00fcdigkeit und Erm\u00fcdung bei. Es sorgt f\u00fcr eine normale Funktion der Blutgef\u00e4sse und unterst\u00fctzt die Kollagenbildung f\u00fcr eine normale Funktion der Blutgef\u00e4sse. Dar\u00fcber hinaus erh\u00f6ht es die Eisenaufnahme.<\/p>\n<p>Diese hochwertige Rezeptur enth\u00e4lt noch weitere nat\u00fcrliche\u00a0Bestandteile wie\u00a0Camu Camu, Jiaogulanextrakt, Cordycepspulver, Shiitakepulver, Kapernextrakt, Astragaloside Extrakt, Chlorophyllin, Melonenextrakt (Extramel\u00ae), schwarzer Pfefferextrakt mit 95% Piperin), Eisengluconat, Burma\u00a0Spirulina Pulver, Spinatextrakt (10% Ecdysteron), Brokkoli Extrakt,\u00a0Karottenextrakt, Kohlgem\u00fcseextrakt,\u00a0Polypodium Leucotomos Pulver, Granatapfelextrakt (40% Ellags\u00e4ure),\u00a0Colostrum\u00a0Pulver, Kn\u00f6terichextrakt (25% Resveratrol) und\u00a0schwarzer Knoblauchextrakt.<\/p>\n<h5>Nat\u00fcrliches Antioxidans aus der\u00a0Pinienrinde<\/h5>\n<p>Die\u00a0Pinienrinde\u00a0ist besonders reich an oligomeren Proanthocyanidinen (OPC), die als nat\u00fcrliche Gegenspieler von oxidativem Stress und freien Radikalen gelten.<\/p>\n<ul>\n<li>Pinienrindenextrakt enth\u00e4lt zahlreiche\u00a0Antioxidantien, insbesondere\u00a0OPC.<\/li>\n<li>Das antioxidative Potenzial von Pinienrindenextrakt gilt als circa 20 Mal h\u00f6her als das von Vitamin\u00a0C.<\/li>\n<li>Zur Unterst\u00fctzung des Extraktes aus der\u00a0Pinienrinde\u00a0sind zus\u00e4tzlich die aus nat\u00fcrlichen Quellen gewonnenen\u00a0Vitamine\u00a0A, B6, C und D enthalten.<\/li>\n<li>Die enthaltenen Mineralstoffe beziehungsweise Spurenelemente Eisen und Kupfer tragen zu einer normalen Funktion des Immunsystems bei.<\/li>\n<li>Kupfer\u00a0tr\u00e4gt dar\u00fcber hinaus dazu bei, die Zellen vor oxidativem Stress zu sch\u00fctzen.<\/li>\n<\/ul>\n<h5>OPC\u00a0\u2013 der Bodyguard der B\u00e4ume<\/h5>\n<p>Oxidativer Stress, ausgel\u00f6st durch einen zu hohen Anteil freier Radikale im K\u00f6rper, kann die nat\u00fcrliche Balance des Stoffwechsels in den Zellen unseres K\u00f6rpers st\u00f6ren. Umgekehrt k\u00f6nnen\u00a0Antioxidantien\u00a0einen wichtigen Beitrag zur Zellgesundheit leisten. Wenn die Konzentration der freien Radikale h\u00f6her ist als n\u00f6tig, w\u00e4hrend zugleich ein Gegengewicht in Form von\u00a0Antioxidantien\u00a0fehlt, sprechen ganzheitliche Therapeutinnen und Therapeuten von oxidativem Stress, der sich negativ auswirkt. Als nat\u00fcrlicher Gegenspieler von oxidativem Stress gelten\u00a0oligomere Proanthocyanidine, kurz\u00a0OPC, wie sie in der\u00a0Pinienrinde\u00a0enthalten sind und hier in der Rinde eine Art Leibw\u00e4chterfunktion zum Schutz des Baumes \u00fcbernehmen.<\/p>\n<p>Die Rinde der Pinie ist besonders reich an OPC. Dies sind kondensierte Gerbstoffe oder Tannine, die zu den Flavanolen z\u00e4hlen und als sekund\u00e4re Pflanzenstoffe den B\u00e4umen helfen, Fressfeinde abzuhalten. Zugleich dienen sie den B\u00e4umen als nat\u00fcrlicher Witterungs- und UV-Schutz. Deshalb ist die Konzentration von OPC in der Pinienrinde besonders hoch: Der Anteil liegt meist zwischen 85 und 90 Prozent. Die \u201ePinienrinde mit OPC\u201c-Kapseln von PlantaVis enthalten 95 Prozent schonend gewonnenen Pinienrindenextrakt.<\/p>\n<h5>Hauptbestandteile unseres Zellschutzkomplexes sind:<\/h5>\n<p>ZellschutzKomplex: (Camu Camu Extrakt mit 20 % Vitamin C, Vitamin C , Jiaogulan Extrakt, Cordyceps Sinensis Pulver, Shiitake Pulver, Kapern Extrakt, Astragaloside Extrakt I-VII,\u00a0Gersten Extrakt\u00a0mit 20-25% \u00df-Glucan, Chlorophyllin, Melonen Extrakt (EXTRAMEL\u00ae) enth\u00e4lt bioaktive Superoxiddismutase (SOD), schwarzer Pfeffer Extrakt mit 95% Piperine)<\/p>\n<h5>\u200bWas ist der exklusive\u00a0Zellschutz Komplex von PlantaVis?<\/h5>\n<p>Als innovatives Unternehmen in Sachen Herstellung und Entwicklung von Nahrungserg\u00e4nzungsmitteln, arbeiten wir von der PlantaVis\u00ae eng mit Wissenschaftlern aus den Bereichen Ern\u00e4hrung, Epi- und Nutrigenetik sowie der Medizin und Pharmazie zusammen. Neben dem \u00fcberlieferten, tradierten Wissen um den gesundheitlichen Wert von Nahrungsmitteln aus aller Welt, legen wir grossen Wert auf modernste Forschungsergebnisse, die wir tagt\u00e4glich in unsere Arbeit einfliessen lassen. Ein Ergebnis dieser Arbeit, auf das wir ganz besonders stolz sind, ist unser neuer, exklusiver Zellschutzkomplex. Zu hoher oxidativer Stress, ist zu einem generellen Problem in unserer modernen Gesellschaft geworden.\u00a0Die Gr\u00fcnde hierf\u00fcr sind vor allem in unserer Lebensf\u00fchrung zu suchen. Allen voran die \u00fcberm\u00e4ssige Verwendung von Genussmitteln, eine einseitige Ern\u00e4hrungsweise, Stress in Schule, Alltag und Beruf, Bewegungsmangel, aber auch Umweltgifte und verschiedene Medikamente, deren Einnahme zwingend notwendig ist. Die Folgen k\u00f6nnen ein geschw\u00e4chtes Immunsystem, beschleunigte Zellalterung, chronisch entz\u00fcndliche Erkrankungen, Stoffwechselst\u00f6rungen und unerw\u00fcnschte Arzneimittelwirkungen sein. Demgegen\u00fcber steht bei den meisten Menschen eine zu geringe Aufnahme von Obst, Gem\u00fcse, Kr\u00e4utern und Pilzen. Mit der Folge eines Mangels an sekund\u00e4ren Pflanzenstoffen. F\u00fcr zahlreiche Substanzen dieser umfangreichen Naturstoffgruppe, gilt eine antioxidative Wirkung inzwischen als wissenschaftlich belegt. Mit unserem intelligent zusammengesetzten Zellschutzkomplex, bieten wir eine L\u00f6sung f\u00fcr diese moderne Form der Mangelern\u00e4hrung. Sie finden ihn deshalb zus\u00e4tzlich in vielen unserer aktuellen Produkte.<\/p>\n<h5>Tipp:<\/h5>\n<p>Oxidativer Stress\u00a0entsteht nicht von selbst. Die wichtigsten Ursachen f\u00fcr die Vermehrung von freien Radikalen und der Verminderung von Radikalenf\u00e4ngern, den\u00a0Antioxidantien, sind Belastungen, die durch Krankheiten, Verhaltensweisen oder Umwelteinfl\u00fcsse entstehen. Wer das Rauchen vermeidet, Alkohol nur in Massen zu sich nimmt, Stress abbaut und den Einfluss sch\u00e4digender Umwelteinfl\u00fcsse und Umweltgifte (wie Luftverschmutzung, Pestizide, L\u00f6sungsmittel, Schwermetalle) minimiert, sch\u00fctzt den eigenen K\u00f6rper damit zugleich vor oxidativem Stress.<\/p>\n<p>Da gesundheitsbezogene Aussagen\u00a0f\u00fcr ein Nahrungserg\u00e4nzungsmittel wie Pinienrinde\u00a0OPC Kapseln\u00a0und dessen\u00a0Zutaten nur im gesetzlichen Ramen m\u00f6glich sind, ist eine Internetrecherche \u00fcber die positiven Eigenschaften zu empfehlen.<br \/>\nInternetrecherche:\u00a0<a href=\"https:\/\/www.pharmawiki.ch\/wiki\/index.php?wiki=Polyphenole\" target=\"_blank\" rel=\"noopener\">OPC\u00a0Oligomere Proanthocyanidine von\u00a0\u00a0Pinienrinden Extrakt<\/a>,\u00a0<a href=\"https:\/\/de.wikipedia.org\/wiki\/Spirulina\" target=\"_blank\" rel=\"noopener\">Spirulina<\/a>,\u00a0<a href=\"http:\/\/granatapfel\/\" target=\"_blank\" rel=\"noopener\">Granatapfel,<\/a>\u00a0<a href=\"https:\/\/www.pharmawiki.ch\/wiki\/index.php?wiki=Knoblauch\" target=\"_blank\" rel=\"noopener\">schwarzer Knoblauch<\/a>,<\/p>\n<p>&nbsp;<\/p>\n<p><strong>Anwendung:<\/strong><\/p>\n<p>T\u00e4glich eine\u00a0Kapsel (Schweiz), zwei Kapseln (EU)\u00a0mit ausreichend Fl\u00fcssigkeit nach einer Mahlzeit einnehmen.\u00a0Die\u00a0Produkte sollten langfristig und konsequent angewandt werden, denn nur so ist es gew\u00e4hrleistet, dass die hochwertigen Wirkstoffe die\u00a0gew\u00fcnschten Ergebnisse\u00a0erzielen.<br \/>\nEine Dose reicht f\u00fcr einen Monatsbedarf und ist f\u00fcr eine dauerhafte Anwendung geeignet.<br \/>\nPinienrinde mit OPC sollte nicht gemeinsam mit Blutverd\u00fcnnungsmitteln eingenommen werden.<\/p>\n<p><strong>Zutaten:<br \/>\n<\/strong><\/p>\n<p>Pinienrinden Extrakt (95% Oligomere Proanthocyanidine), Kapselh\u00fclle: Hydroxypropylmethylcellulose, ZellschutzKomplex (Camu Camu Extrakt mit 20 % Vitamin C, Vitamin C, Jiaogulan Extrakt, Cordyceps Sinensis Pulver, Shiitake Pulver, Kapern Ex- trakt, Astragaloside Extrakt I-VII, Gersten Extrakt mit 20-25 % \u00df-Glucan, Chlorophyllin, Melonen Extrakt (Extramel\u00ae) enth\u00e4lt bioaktive Superoxiddismutase (SOD), schwarzer Pfeffer Extrakt mit 95 % Piperine), Eisengluconat, Vitamin C, Burma Spirulina Pulver, Brokkoli Extrakt, Karotten Extrakt, Kohlgem\u00fcse Extrakt, Polypodium Leucotomos Pulver, Granatapfelschalen Extrakt, ballaststoffreiche Akazienfaser (Fibregum TM), schwarzer Knoblauch Extrakt, Trennmittel: Magnesiumsalze der Speisefetts\u00e4uren, Mittelkettige Triglyceride \u00d6l, Vitamin A, Kn\u00f6terich Extrakt, Kupfergluconat, Vitamin D2, Vitamin B6<\/p>\n<p>Vitamin C tr\u00e4gt dazu bei, die Zellen vor oxidativem Stress zu sch\u00fctzen und tr\u00e4gt zu einer normalen Kollagenbildung f\u00fcr eine normale Funktion der Blutgef\u00e4sse, f\u00fcr eine normale Knorpelfunktion, f\u00fcr eine normale Funktion von Haut, Z\u00e4hnen, Zahnfleisch, Knochen, sowie zu einer normalen Funktion des Immunsystems bei.<\/p>\n<p>Zusammensetztung:<\/p>\n<p>Zusammensetzungpro Tagesdosis (1 Kapsel)RM (%)Pinienrindenextrakt150.00 mg**- davon Oligomere Proanthocyanide (95%)142.50 mg**Vitamin C24.00 mg30.00 %Eisen7.00 mg50.00 %Vitamin B6700.00 \u03bcg 50.08 %Kupfer500.00 \u03bcg 50.05 %Vitamin A400.00 \u03bcg RE 50.00 %Vitamin D22.50 \u03bcg 50.00 %\u00a0\u00a0\u00a0RM(%): Referenzmengen (f\u00fcr den durchschnittlichen Erwachsenen) nach LMIV**keine Referenzmenge vorhanden.<\/p>\n<p>Hinweis:<\/p>\n<p>Die angegebene empfohlene t\u00e4gliche Einnahmeempfehlung\u00a0darf nicht \u00fcberschritten werden. Nahrungserg\u00e4nzungsmittel sollten nicht als Ersatz f\u00fcr eine ausgewogene und abwechslungsreiche Ern\u00e4hrung verwendet werden. Ausserhalb der Reichweite von Kindern aufbewahren.\u00a0Lagern Sie das Produkt trocken, lichtgesch\u00fctzt und nicht \u00fcber 25\u00b0C.<\/p>\n<p>Benutzen Sie dieses Produkt nicht, wenn das Sicherheitssiegel besch\u00e4digt ist.<\/p>\n<p>Wenn Sie schwanger sind oder stillen, kontaktieren\u00a0Sie bitte Ihren Arzt, bevor Sie das Produkt benutzen.<\/p>\n<p>Pinienrinde mit OPC sollte nicht gemeinsam mit Blutverd\u00fcnnungsmitteln eingenommen werden.<\/p>\n","protected":false},"excerpt":{"rendered":"<p>Gutes f\u00fcr das Immunsystem Pinienrindenextrakt mit OPC Kapseln plus\u00a0nat\u00fcrlichem\u00a0Zellschutz Komplex von\u00a0PlantaVis Nahrungserg\u00e4nzungsmittel mit Pinienrinden Extrakt\u00a0(95% Oligomere Proanthocyanidine OPC), ZellschutzKomplex (Camu Camu Extrakt mit 20 % Vitamin C, Vitamin C, Jiaogulan Extrakt, Cordyceps Sinensis Pulver, Shiitake Pulver, Kapern Extrakt, Astragaloside Extrakt I-VII, Gersten Extrakt mit 20-25 % \u00df-Glucan, Chlorophyllin, Melonen Extrakt (Extramel\u00ae)\u00a0enth\u00e4lt bioaktive Superoxiddismutase (SOD), schwarzer &hellip;<\/p>\n<p class=\"read-more\"> <a class=\"\" href=\"https:\/\/schmecktbesser.ch\/index.php\/product\/pinienrinde-mit-opc-kapseln-vitamin-a-d-b6-c-eisen-colostrum-und-kupfer-tragen-zu-einer-normalen-funktion-des-immunsystems-bei-60-tage-versorgung-inhalt-60-kapseln-fuellmenge-299-g\/\"> <span class=\"screen-reader-text\">Pinienrinde mit OPC Kapseln Vitamin D, A, B6, C, Eisen, colostrum und Kupfer tragen zu einer normalen Funktion des Immunsystems bei 60 Tage Versorgung  Inhalt: 60 Kapseln | F\u00fcllmenge: 29,9 g.<\/span> Weiterlesen &raquo;<\/a><\/p>\n","protected":false},"featured_media":7196,"template":"","meta":{"site-sidebar-layout":"default","site-content-layout":"default","ast-global-header-display":"","ast-main-header-display":"","ast-hfb-above-header-display":"","ast-hfb-below-header-display":"","ast-hfb-mobile-header-display":"","site-post-title":"","ast-breadcrumbs-content":"","ast-featured-img":"","footer-sml-layout":"","theme-transparent-header-meta":"default","adv-header-id-meta":"","stick-header-meta":"","header-above-stick-meta":"","header-main-stick-meta":"","header-below-stick-meta":""},"product_brand":[],"product_cat":[15,270],"product_tag":[],"class_list":{"0":"post-7195","1":"product","2":"type-product","3":"status-publish","4":"has-post-thumbnail","6":"product_cat-uncategorized","7":"product_cat-nahrungsergaenzung","8":"desktop-align-center","9":"tablet-align-center","10":"mobile-align-center","12":"first","13":"instock","14":"taxable","15":"shipping-taxable","16":"purchasable","17":"product-type-simple"},"_links":{"self":[{"href":"https:\/\/schmecktbesser.ch\/index.php\/wp-json\/wp\/v2\/product\/7195","targetHints":{"allow":["GET"]}}],"collection":[{"href":"https:\/\/schmecktbesser.ch\/index.php\/wp-json\/wp\/v2\/product"}],"about":[{"href":"https:\/\/schmecktbesser.ch\/index.php\/wp-json\/wp\/v2\/types\/product"}],"wp:featuredmedia":[{"embeddable":true,"href":"https:\/\/schmecktbesser.ch\/index.php\/wp-json\/wp\/v2\/media\/7196"}],"wp:attachment":[{"href":"https:\/\/schmecktbesser.ch\/index.php\/wp-json\/wp\/v2\/media?parent=7195"}],"wp:term":[{"taxonomy":"product_brand","embeddable":true,"href":"https:\/\/schmecktbesser.ch\/index.php\/wp-json\/wp\/v2\/product_brand?post=7195"},{"taxonomy":"product_cat","embeddable":true,"href":"https:\/\/schmecktbesser.ch\/index.php\/wp-json\/wp\/v2\/product_cat?post=7195"},{"taxonomy":"product_tag","embeddable":true,"href":"https:\/\/schmecktbesser.ch\/index.php\/wp-json\/wp\/v2\/product_tag?post=7195"}],"curies":[{"name":"wp","href":"https:\/\/api.w.org\/{rel}","templated":true}]}}