{"id":7197,"date":"2024-05-05T15:53:57","date_gmt":"2024-05-05T13:53:57","guid":{"rendered":"https:\/\/schmecktbesser.ch\/?post_type=product&#038;p=7197"},"modified":"2024-10-27T11:41:33","modified_gmt":"2024-10-27T10:41:33","slug":"collagen-drink-pulver-collagen-drink-pulver-fuer-gelenke-knorpel-und-muskelerhalt-30-tage-versorgung-inhalt-300g","status":"publish","type":"product","link":"https:\/\/schmecktbesser.yogalingam.ch\/index.php\/product\/collagen-drink-pulver-collagen-drink-pulver-fuer-gelenke-knorpel-und-muskelerhalt-30-tage-versorgung-inhalt-300g\/","title":{"rendered":"Collagen Drink Pulver Gelenke COLLAGEN DRINK PULVER f\u00fcr gelenke, Knorpel und Muskelerhalt 30 Tage Versorgung  Inhalt: 300g"},"content":{"rendered":"<p><strong>Gutes f\u00fcr Gelenke, Knorpel und Muskelerhalt<\/strong><\/p>\n<p><strong>Die Power-Kombination mit Collagen, Molkenprotein (Leucin), Hyalurons\u00e4ure, Curcuma, Weihrauch und Vitamin D &amp; K2<\/strong><\/p>\n<p>Nahrungserg\u00e4nzungsmittel mit\u00a0Traubenzucker, Kollagenhydrolysat, schwarze Johannisbeere Fruchtpulver, Aroma, S\u00e4uerungsmittel: Zitronens\u00e4ure, Molke Protein (Leucin),\u00a0Weihrauch Pulver, Calciumcarbonat, Magnesiumcarbonat, Natriumhyalurronat Hyalurons\u00e4ure, Curcuma Pulver, Kaliumchlorid, L Ascorbins\u00e4ure, Menachinon, S\u00fcssungsmittel Sucralose, Dinatriumhydrogenphosphat, Mangangluconat, Zinkcarbonat, Cholecalciferol, Kupfergluconat\u00a0&#8211; hochwertiges, laborgepr\u00fcftes Qualit\u00e4tsprodukt von PlantaVis.<\/p>\n<p>Im menschlichen K\u00f6rper ist Collagen mit \u00fcber 30 % Anteil an der Gesamtmasse aller Proteine das h\u00e4ufigst vorkommende Eiweiss. Es ist ein wesentlicher organischer Bestandteil des Bindegewebes und wirkt wie ein flexibles Ger\u00fcst und verleiht Geweben wie Haut, N\u00e4gel, Haare, Knochen, Z\u00e4hne, Knorpel, Sehnen, B\u00e4nder,\u00a0Lunge und\u00a0 Blutgef\u00e4ssen Elastizit\u00e4t, Reissfestigkeit und Druckresistenz.<\/p>\n<h5>Collagen Drink Pulver\u00a0f\u00fcr Gelenke, Knorpel\u00a0und Muskelerhalt\u00a0von PlantaVis<\/h5>\n<p>Die Power-Kombination mit Collagen, Molkenprotein, Hyalurons\u00e4ure, Curcuma, Weihrauch, Kollagenhydrolisat, Calcium, Magnesium, Mangan sowie weitere nennenswerte Inhaltsstoffe wie Kalium, Zink, Kupfer und Vitamin D3 &amp; Vitamin K2 um eine optimale Zufuhr der N\u00e4hrstoffe zu gew\u00e4hrleisten. Vitamin C tr\u00e4gt zudem zu einer normalen Kollagenbildung und einer normalen Knorpelfunktion bei. Dadurch eignet sich das Collagen f\u00fcr alle, die einen aktiven Lebensstil pflegen und ihre Nahrung erg\u00e4nzen wollen.<\/p>\n<p>Die Gelenke unseres K\u00f6rpers sind h\u00e4ufig grossen Belastungen ausgesetzt. Sie m\u00fcssen beweglich wie auch stabil sein. Durch ihre Beanspruchung kann es vor allem bei \u00e4lteren Menschen zu abnutzungsbedingten Gelenkproblemen kommen. Naturgem\u00e4ss\u00a0tritt solch eine Arthrose im Alter h\u00e4ufiger auf. Aber auch die grosse Belastung durch Hochleistungssport oder \u00dcbergewicht kann Ursache einer Arthrose sein.<\/p>\n<p>Grossen Untersuchungen zufolge hat schon fast die H\u00e4lfte aller 30j\u00e4hrigen Verschleisserscheinungen an den Gelenken, auch wenn sie noch keine Beschwerden haben. Was bedeutet, dass fast alle Menschen im Laufe ihres Lebens mehr oder weniger stark von Gelenkabnutzungen betroffen sind. Ist der sch\u00fctzende Gelenkknorpel einmal vollst\u00e4ndig zerst\u00f6rt, so kann dies nicht mehr r\u00fcckg\u00e4ngig gemacht werden. Um einem Gelenkverschleiss vorzubeugen, muss fr\u00fchzeitig und dauerhaft mit der Pr\u00e4vention begonnen werden. Fr\u00fchzeitig bedeutet: so lange noch Knorpelsubstanz vorhanden ist, um deren Neubildung stimulieren zu k\u00f6nnen.<\/p>\n<p>Eine mit Collagen-Hydrolysat angereicherte Ern\u00e4hrung stellt nach aktuellen Studien eine neue M\u00f6glichkeit dar, effektiv den Knorpelaufbau und damit die Beweglichkeit zu f\u00f6rdern bei gleichzeitiger Linderung der Schmerzen.<\/p>\n<h5>R\u00fcckgang der Kollagenbildung schon ab dem 25. bis 30. Lebensjahr<\/h5>\n<p>Zwar kann der K\u00f6rper Collagen\u00a0selbst produzieren, allerdings l\u00e4sst die Produktion von Collagen\u00a0ab etwa dem 25. bis 30.\u00a0Lebensjahr stetig nach. Die Folge: Die Haut altert und wird schlaffer. Und auch die Gelenkknorpel bauen sich im Alter st\u00e4rker ab, was wiederum zu noch anf\u00e4lligen Gelenken f\u00fchren kann, da der Knorpel seine Funktion als nat\u00fcrliche Schutzschicht nicht mehr erf\u00fcllen kann. Unser K\u00f6rper kann Collagen\u00a0nicht speichern \u2013 es wird sozusagen sofort verbraucht und in Haut und Gelenken eingebaut. Wir sind also auf st\u00e4ndigen Nachschub angewiesen. Daf\u00fcr eignet sich Collagenhydrolysat in Pulverform, weil es dem K\u00f6rper sofort zur Verf\u00fcgung steht. Das Protein kann \u00fcber den Blutkreislauf dorthin gelangen, wo es gebraucht wird \u2013 in das Knorpelgewebe, das die Gelenke vor Abnutzung sch\u00fctzt.<\/p>\n<h5>Besonderer Bedarf an Collagen\u00a0besteht bei:<\/h5>\n<ul>\n<li>Gelenkverschleiss<\/li>\n<li>Personen ab 25 Jahren<\/li>\n<li>allen Menschen mit gesundheitlichen Problemen<\/li>\n<\/ul>\n<p>\u00dcbrigens greifen auch Sportler\/-innen h\u00e4ufig zum Gelenkschutz und Muskelaufbau zu Collagenprodukten.<\/p>\n<h5>Kollagenhydrosylat<\/h5>\n<p>Die in Gelenken enthaltene Knorpelsubstanz besteht zu einem hohen Prozentsatz aus collagenem Eiweiss. Um einem \u00fcberm\u00e4ssigen Knorpelabbau entgegenzuwirken, m\u00fcssen diese Eiweissbausteine ausreichend ersetzt werden. Kollagenhydrolysat ist ein ideales Knorpelaufbau-Pr\u00e4parat, das den erh\u00f6hten Bedarf ausgleichen kann bei gleichzeitiger Linderung der Schmerzen.<\/p>\n<h5>Natriumhyalurons\u00e4ure<\/h5>\n<p>Ist ein zentraler Bestandteil der nat\u00fcrlichen Gelenkschmiere. Es besitzt die F\u00e4higkeit, zu ihrer Masse sehr grosse Mengen an Wasser zu binden (bis zu sechs Liter Wasser pro Gramm).<br \/>\nDas Natriumsalz der Hyalurons\u00e4ure wird von Zellen der Gelenkschleimhaut gebildet und direkt in das Gelenk abgegeben. Hyaluronan sch\u00fctzt die empfindliche Oberfl\u00e4che der Gelenke und hat dar\u00fcber hinaus eine entz\u00fcndungshemmende Wirkung.<\/p>\n<h5>Curcuma<\/h5>\n<p>Curcuma\u00a0wird\u00a0im Ayurveda oft gegen entz\u00fcndliche Erkrankungen und Gelenkbeschwerden\u00a0eingesetzt.<\/p>\n<h5>Molkenprotein &#8211; Muskelabbau im Alter verhindern<\/h5>\n<p>Molkenprotein hat die h\u00f6chste biologische Wertigkeit unter allen Eiweissen. Um die Qualit\u00e4t eines Eiweisses zu beurteilen, messen Wissenschaftler den Anteil der Aminos\u00e4uren, die im K\u00f6rper aufgenommen, zur\u00fcckgehalten und verwertet werden, und bestimmen so die biologische Wertigkeit des Eiweisses.<br \/>\nMolkenprotein sorgt f\u00fcr eine kontinuierliche Proteinversorgung und liefert gleichzeitig, schnell resorbierbares Leucin \u2013 eine Aminos\u00e4ure, die den Muskelaufbau besser als alle anderen Aminos\u00e4uren f\u00f6rdern kann. Molkenprotein mit Leucin ist daher f\u00fcr Sportler und Senioren ein hervorragendes Protein. Es kann den Muskelstoffwechsel ankurbeln und den altersbedingten Muskelabbau verhindern, so dass es f\u00fcr jede Altersgruppe das ideale Protein darstellt.<\/p>\n<h5>Abnehmen mit Collagen<\/h5>\n<p>Collagen spielt als Eiweiss eine zentrale Bedeutung beim Abnehmprozess. Proteine sind die wichtigsten Stoffe zum Muskelerhalt und zum Muskelaufbau. Ohne Proteine, keine Muskeln \u2013 und ohne Muskeln, kein nachhaltiges Abnehmen. Denn Muskeln sehen nicht nur gut aus, sie erh\u00f6hen auch den Grundumsatz, welchen der menschliche K\u00f6rper t\u00e4glich an Kalorien verbraucht. Sprich, mit mehr Muskeln werden auch viel mehr Kalorien verbrannt, ohne etwas zu tun.<br \/>\nDurch den positiven Einfluss auf Knochen, Gewebe und Knorpel unterst\u00fctzt das Eiweiss den K\u00f6rper dabei, langfristig gesund und sportliche aktiv zu bleiben. Gerade sportlich\u00a0aktive Menschen sind auf die Unterst\u00fctzung von Eiweiss angewiesen, um ihren K\u00f6rper bei der zus\u00e4tzlichen Belastung zu unterst\u00fctzen. Ein gesundes und vor allem auch nachhaltiges Abnehmen ist nur durch die Hilfe von Proteinen m\u00f6glich. Collagen unterst\u00fctzt hier in erster Linie das Bindegewebe und ist somit essentiell\u00a0f\u00fcr Muskulatur und ein gutes Hautbild<\/p>\n<p><strong>Anwendung:<\/strong><\/p>\n<p>T\u00e4glich 10 g\u00a0(ein Essl\u00f6ffel, Messl\u00f6ffel)\u00a0\u00a0Collagen Drink Pulver\u00a0mit 2dl\u00a0Fl\u00fcssigkeit vor dem Fr\u00fchst\u00fcck einnehmen.\u00a0Die Produkte sollten langfristig und konsequent angewandt werden, denn nur so ist es gew\u00e4hrleistet, dass die hochwertigen Wirkstoffe die gew\u00fcnschten Ergebnisse erzielen.<br \/>\nEine Dose reicht f\u00fcr einen Monatsbedarf und ist f\u00fcr eine dauerhafte Anwendung geeignet.<\/p>\n<p><strong>Zutaten:<\/strong><\/p>\n<p>Kollagenhydrolysat, Traubenzucker,\u00a0schwarze Johannisbeere Fruchtpulver, Aroma Waldfrucht, Zitronens\u00e4ure anhydrat, Molkenprotein 70 (Leucin), Weihrauch Pulver, Calciumcarbonat, Magnesiumcarbonat, Natriumhyalurronat Hyalurons\u00e4ure, Curcuma Pulver, Kaliumchlorid, L Ascorbins\u00e4ure (Vitamin C), Vitamin K2 Menachinon, S\u00fcssungsmittel Sucralose, Dinatriumhydrogenphosphat, Mangangluconat, Zinkcarbonat, Cholecalciferol Vitamin D3, Kupfergluconat<\/p>\n<p>Wir verwenden ein Kollgaenhydrolysat Typ 1\u00a0mit dem Zusatz Typ B. Das heisst, es ist \u00fcber B-basic Extraktion gewonnen worden.<\/p>\n<p><strong>Zusammensetzung:<\/strong><\/p>\n<p>Zusammensetzungpro Tagesdosis 10gRM (%)Kollagenhydrolysat3.49 g**Calcium120.12 mg15.01 %Magnesium57.66 mg15.37 %Mangan1.23 mg61.70 %Zink3.12 mg31.15 %Kupfer0.28 mg28.00 %Vitamin C50.00 mg62.50 %Vitamin K240.00\u00a0\u03bcg53.00 %Vitamin D35.00\u00a0\u03bcg100.00%Hyalurons\u00e4ure100.00 mg100.00%\u00a0\u00a0\u00a0RM(%): Referenzmengen (f\u00fcr den durchschnittlichen Erwachsenen) nach LMIV** keine Referenzmenge vorhanden<\/p>\n<p><strong>Hinweis:<\/strong><\/p>\n<p>Die angegebene empfohlene t\u00e4gliche Einnahmeempfehlung\u00a0darf nicht \u00fcberschritten werden. Nahrungserg\u00e4nzungsmittel sollten nicht als Ersatz f\u00fcr eine ausgewogene und abwechslungsreiche Ern\u00e4hrung verwendet werden. Ausserhalb der Reichweite von Kindern aufbewahren.\u00a0Lagern Sie das Produkt trocken, lichtgesch\u00fctzt und nicht \u00fcber 25\u00b0C.<\/p>\n<p>Benutzen Sie dieses Produkt nicht, wenn das Sicherheitssiegel besch\u00e4digt ist.<\/p>\n<p>Wenn Sie schwanger sind oder stillen, kontaktieren\u00a0Sie bitte Ihren Arzt, bevor Sie das Produkt benutzen.<\/p>\n<p>Patientinnen und Patienten, die Antikoagulantien einnehmen, sollten vor der Einnahme von Vitamin K-Pr\u00e4paraten ihre \u00c4rztin oder ihren Arzt konsultieren<\/p>\n<p>&nbsp;<\/p>\n","protected":false},"excerpt":{"rendered":"<p>Gutes f\u00fcr Gelenke, Knorpel und Muskelerhalt Die Power-Kombination mit Collagen, Molkenprotein (Leucin), Hyalurons\u00e4ure, Curcuma, Weihrauch und Vitamin D &amp; K2 Nahrungserg\u00e4nzungsmittel mit\u00a0Traubenzucker, Kollagenhydrolysat, schwarze Johannisbeere Fruchtpulver, Aroma, S\u00e4uerungsmittel: Zitronens\u00e4ure, Molke Protein (Leucin),\u00a0Weihrauch Pulver, Calciumcarbonat, Magnesiumcarbonat, Natriumhyalurronat Hyalurons\u00e4ure, Curcuma Pulver, Kaliumchlorid, L Ascorbins\u00e4ure, Menachinon, S\u00fcssungsmittel Sucralose, Dinatriumhydrogenphosphat, Mangangluconat, Zinkcarbonat, Cholecalciferol, Kupfergluconat\u00a0&#8211; hochwertiges, laborgepr\u00fcftes Qualit\u00e4tsprodukt von PlantaVis. [&hellip;]<\/p>\n","protected":false},"featured_media":7198,"template":"","meta":[],"product_brand":[],"product_cat":[15,270],"product_tag":[],"class_list":{"0":"post-7197","1":"product","2":"type-product","3":"status-publish","4":"has-post-thumbnail","6":"product_cat-uncategorized","7":"product_cat-nahrungsergaenzung","9":"first","10":"instock","11":"taxable","12":"shipping-taxable","13":"purchasable","14":"product-type-simple"},"_links":{"self":[{"href":"https:\/\/schmecktbesser.yogalingam.ch\/index.php\/wp-json\/wp\/v2\/product\/7197","targetHints":{"allow":["GET"]}}],"collection":[{"href":"https:\/\/schmecktbesser.yogalingam.ch\/index.php\/wp-json\/wp\/v2\/product"}],"about":[{"href":"https:\/\/schmecktbesser.yogalingam.ch\/index.php\/wp-json\/wp\/v2\/types\/product"}],"wp:featuredmedia":[{"embeddable":true,"href":"https:\/\/schmecktbesser.yogalingam.ch\/index.php\/wp-json\/wp\/v2\/media\/7198"}],"wp:attachment":[{"href":"https:\/\/schmecktbesser.yogalingam.ch\/index.php\/wp-json\/wp\/v2\/media?parent=7197"}],"wp:term":[{"taxonomy":"product_brand","embeddable":true,"href":"https:\/\/schmecktbesser.yogalingam.ch\/index.php\/wp-json\/wp\/v2\/product_brand?post=7197"},{"taxonomy":"product_cat","embeddable":true,"href":"https:\/\/schmecktbesser.yogalingam.ch\/index.php\/wp-json\/wp\/v2\/product_cat?post=7197"},{"taxonomy":"product_tag","embeddable":true,"href":"https:\/\/schmecktbesser.yogalingam.ch\/index.php\/wp-json\/wp\/v2\/product_tag?post=7197"}],"curies":[{"name":"wp","href":"https:\/\/api.w.org\/{rel}","templated":true}]}}