{"id":7199,"date":"2024-05-05T15:59:22","date_gmt":"2024-05-05T13:59:22","guid":{"rendered":"https:\/\/schmecktbesser.ch\/?post_type=product&#038;p=7199"},"modified":"2025-01-30T17:30:46","modified_gmt":"2025-01-30T16:30:46","slug":"eisen-kapseln-eisen-traegt-zur-normalen-bildung-von-roten-blutkoerperchen-und-haemoglobin-bei-inhalt-60-kapseln-fuellmenge-2968-g","status":"publish","type":"product","link":"https:\/\/schmecktbesser.yogalingam.ch\/index.php\/product\/eisen-kapseln-eisen-traegt-zur-normalen-bildung-von-roten-blutkoerperchen-und-haemoglobin-bei-inhalt-60-kapseln-fuellmenge-2968-g\/","title":{"rendered":"Blutgut-Eisen Kapseln Eisen tr\u00e4gt zur normalen Bildung von roten Blutk\u00f6rperchen und H\u00e4moglobin bei Inhalt: 60 Kapseln | F\u00fcllmenge: 29,68g."},"content":{"rendered":"<p><strong>Gutes f\u00fcr das Blut<\/strong><\/p>\n<p><strong>Eisen Kapseln mit nat\u00fcrlichem\u00a0Zellschutz Komplex von PlantaVis<\/strong><\/p>\n<p>Nahrungserg\u00e4nzungsmittel mit Acerola Pulver Extrakt, Kapselh\u00fclle: Hydroxypropylmethylcellulose, ZellschutzKomplex (Camu Camu Extrakt mit 20 % Vitamin C, Vitamin C, Jiaogulan Extrakt, Cordyceps Sinensis Pulver, Shiitake Pulver, Kapern Extrakt, Astragaloside Extrakt I-VII, Gersten Extrakt mit 20-25 % \u00df-Glucan, Chlorophyllin, Melonen Extrakt (Extramel\u00ae) enth\u00e4lt bioaktive Superoxiddismutase (SOD), schwarzer Pfeffer Extrakt mit 95 % Piperine), Reismehl, Eisen, S\u00e4uerungsmittel: Zitronens\u00e4ure, schwarzer Pfeffer Extrakt (Bioperine\u00ae) &#8211; hochwertiges Qualit\u00e4tsprodukt von PlantaVis.<\/p>\n<h5>Eisen Kapseln (BlutGut) mit nat\u00fcrlichem\u00a0Zellschutz Komplex von PlantaVis<\/h5>\n<p>Gutes f\u00fcr das Blut.<\/p>\n<p>Eisenmangel geh\u00f6rt zu den h\u00e4ufigsten Mangelerscheinungen weltweit, etwa 30%, also 2 Milliarden Menschen, sind davon betroffen. Zu den Risikogruppen geh\u00f6ren vor allem Frauen. Doch auch der v\u00f6llige Verzicht auf Fleisch- und Fischprodukte gef\u00e4hrdet die Versorgung mit dem Spurenelement.<\/p>\n<p>Frauen sind durch den hohen Blutverlust w\u00e4hrend der Menstruation besonders h\u00e4ufig von einem Eisenmangel betroffen. Ebenso k\u00f6nnen Menschen, die eine gr\u00f6ssere Operation hinter sich haben, aufgrund des Blutverlustes zu wenig\u00a0Eisen\u00a0im Blut haben. Und auch Menschen, die sich\u00a0vegan\u00a0oder vegetarisch ern\u00e4hren, haben oft Schwierigkeiten, eine ausreichende Menge\u00a0Eisen\u00a0aufzunehmen, da pflanzliches\u00a0Eisen\u00a0von unserem K\u00f6rper nicht so gut verwertet werden kann.<\/p>\n<h5>Symptome des Eisenmangels<\/h5>\n<p>Der K\u00f6rper kann einen Eisenmangel \u00fcber einen bestimmten Zeitraum kompensieren, allerdings treten in dieser Phase bereits Symptome wie spr\u00f6de Haare und N\u00e4gel, trockene Haut, rissige Mundwinkel, Schleimhautver\u00e4nderungen im Mund und der Speiser\u00f6hre und Zungenbrennen auf.<br \/>\nWird die Anzahl der sauerstofftragenden roten Blutk\u00f6rperchen immer weniger, verschlechtert sich auch die Sauerstoffversorgung der Zellen. Hat der K\u00f6rper also \u00fcber l\u00e4ngere Zeit zu wenig Eisen; kommt es zur Blutarmut (An\u00e4mie) mit den typischen Symptomen: andauernde M\u00fcdigkeit, verminderte Leistungsf\u00e4higkeit und Konzentrationsschw\u00e4che, Bl\u00e4sse, Schwindel und Kopfschmerzen, Kribbeln in H\u00e4nden und Beinen. Der Organismus wird allgemein anf\u00e4lliger f\u00fcr Krankheiten.<\/p>\n<h5>Eisenverlust<\/h5>\n<p>Bei hoher sportlicher Belastung steigt der Verlust an Mineralstoffen und Spurenelementen \u00fcber die Niere oder den Schweiss.<br \/>\nZu geringe Eisenzufuhr: Menschen, die keine tierischen Nahrungsmittel zu sich nehmen, haben oft einen erniedrigten Eisenspiegel. In pflanzlichen Nahrungsmitteln ist zwar gen\u00fcgend Eisen enthalten, jedoch liegt es in einer Form vor, die der K\u00f6rper nicht verwerten kann.<br \/>\nErh\u00f6hter Bedarf: W\u00e4hrend Schwangerschaft und Stillzeit ist der erh\u00f6hte Bedarf an Eisen in vielen F\u00e4llen nicht \u00fcber die Nahrung auszugleichen. In diesem Falle ist die Einnahme von Eisentabletten n\u00f6tig. Auch Kinder in der Wachstumsphase und Pubert\u00e4t ben\u00f6tigen eine h\u00f6here Eisenzufuhr.<\/p>\n<ul>\n<li>Eisen ist das zentrale Spurenelement f\u00fcr die Blutbildung<\/li>\n<li>Eisen ist zust\u00e4ndig f\u00fcr den Sauerstofftransport im roten Blutfarbstoff (H\u00e4moglobin)<\/li>\n<li>H\u00e4moglobin ist wichtig f\u00fcr einen optimalen Energiestoffwechsel<\/li>\n<li>Kompensation von Eisenverlusten bei der Menstruation, nach Operationen<\/li>\n<li>Kompensation des erh\u00f6hten Eisenbedarfes in Schwangerschaft und Stillzeit<\/li>\n<li>beim Sportler: Kompensation der erh\u00f6hten Eisenverluste; vermindert \u00dcbers\u00e4uerung in der Muskulatur<\/li>\n<li>ideale Nahrungserg\u00e4nzung bei einer Ern\u00e4hrungsweise mit wenig Fleisch<\/li>\n<\/ul>\n<h5>Ein starkes Trio:\u00a0Eisen\u00a0und Vitamin\u00a0C plus PlantaVis-Zellschutzkomplex<\/h5>\n<p>\u201eEisen\u00a0\u2013 Gutes f\u00fcr das Blut\u201c enth\u00e4lt neben dem\u00a0Eisen\u00a0auch Vitamin\u00a0C, das ein wichtiger Tr\u00e4ger bei der Eisenaufnahme ist. Es kommt n\u00e4mlich nicht nur darauf an\u00a0wie viel\u00a0Eisen\u00a0wir unserem K\u00f6rper zuf\u00fchren, sondern vor allem auch, wie viel\u00a0Eisen\u00a0unser K\u00f6rper tats\u00e4chlich aufnimmt. Die Resorption von\u00a0Eisen\u00a0kann durch Vitamin\u00a0C und\/oder durch Lebensmittel, die Zitronen- oder Milchs\u00e4ure enthalten, unterst\u00fctzt werden.<br \/>\nDer exklusive PlantaVis-Zellschutzkomplex\u00a0macht das starke Trio komplett: Die im\u00a0Zellschutzkomplex\u00a0enthaltenen Extrakte und Konzentrate aus Obst, Gem\u00fcse, Kr\u00e4utern und Pilzen unterst\u00fctzen eine ausgewogene Ern\u00e4hrung; und die enthaltenen\u00a0Vitamine\u00a0und\u00a0Mineralstoffe\u00a0decken teilweise den Tagesbedarf an essenziellen N\u00e4hrstoffen.<\/p>\n<h5>Hauptbestandteile unseres Zellschutzkomplexes sind:<\/h5>\n<p>ZellschutzKomplex: (Camu Camu Extrakt mit 20 % Vitamin C, Vitamin C , Jiaogulan Extrakt, Cordyceps Sinensis Pulver, Shiitake Pulver, Kapern Extrakt, Astragaloside Extrakt I-VII,\u00a0Gersten Extrakt\u00a0mit 20-25% \u00df-Glucan, Chlorophyllin, Melonen Extrakt (EXTRAMEL\u00ae) enth\u00e4lt bioaktive Superoxiddismutase (SOD), schwarzer Pfeffer Extrakt mit 95% Piperine)<\/p>\n<h5>\u200bWas ist der exklusive\u00a0Zellschutz Komplex von PlantaVis?<\/h5>\n<p>Als innovatives Unternehmen in Sachen Herstellung und Entwicklung von Nahrungserg\u00e4nzungsmitteln, arbeiten wir von der PlantaVis\u00ae eng mit Wissenschaftlern aus den Bereichen Ern\u00e4hrung, Epi- und Nutrigenetik sowie der Medizin und Pharmazie zusammen. Neben dem \u00fcberlieferten, tradierten Wissen um den gesundheitlichen Wert von Nahrungsmitteln aus aller Welt, legen wir grossen Wert auf modernste Forschungsergebnisse, die wir tagt\u00e4glich in unsere Arbeit einfliessen lassen. Ein Ergebnis dieser Arbeit, auf das wir ganz besonders stolz sind, ist unser neuer, exklusiver Zellschutzkomplex. Zu hoher oxidativer Stress, ist zu einem generellen Problem in unserer modernen Gesellschaft geworden.\u00a0Die Gr\u00fcnde hierf\u00fcr sind vor allem in unserer Lebensf\u00fchrung zu suchen. Allen voran die \u00fcberm\u00e4ssige Verwendung von Genussmitteln, eine einseitige Ern\u00e4hrungsweise, Stress in Schule, Alltag und Beruf, Bewegungsmangel, aber auch Umweltgifte und verschiedene Medikamente, deren Einnahme zwingend notwendig ist. Die Folgen k\u00f6nnen ein geschw\u00e4chtes Immunsystem, beschleunigte Zellalterung, chronisch entz\u00fcndliche Erkrankungen, Stoffwechselst\u00f6rungen und unerw\u00fcnschte Arzneimittelwirkungen sein. Demgegen\u00fcber steht bei den meisten Menschen eine zu geringe Aufnahme von Obst, Gem\u00fcse, Kr\u00e4utern und Pilzen. Mit der Folge eines Mangels an sekund\u00e4ren Pflanzenstoffen. F\u00fcr zahlreiche Substanzen dieser umfangreichen Naturstoffgruppe, gilt eine antioxidative Wirkung inzwischen als wissenschaftlich belegt. Mit unserem intelligent zusammengesetzten Zellschutzkomplex, bieten wir eine L\u00f6sung f\u00fcr diese moderne Form der Mangelern\u00e4hrung. Sie finden ihn deshalb zus\u00e4tzlich in vielen unserer aktuellen Produkte.<\/p>\n<h5>Tipp:<\/h5>\n<p>Tee, Kaffee und\u00a0Calcium\u00a0in der Milch k\u00f6nnen die Eisenaufnahme hemmen. Es ist daher empfehlenswert, direkt nach dem Verzehr eisenhaltiger Lebensmittel oder\u00a0Nahrungserg\u00e4nzungsmittel\u00a0auf diese Getr\u00e4nke zu verzichten.<\/p>\n<p>Da gesundheitsbezogene Aussagen\u00a0f\u00fcr ein Nahrungserg\u00e4nzungsmittel wie BlutGut und dessen\u00a0Zutaten nur im gesetzlichen Ramen m\u00f6glich sind, ist eine Internetrecherche \u00fcber die positiven Eigenschaften zu empfehlen.<br \/>\nInternetrecherche:\u00a0<a href=\"https:\/\/www.zentrum-der-gesundheit.de\/ernaehrung\/lebensmittel\/obst-fruechte\/acerola\" target=\"_blank\" rel=\"noopener\">Acerola<\/a><\/p>\n<p><strong>Anwendung:<\/strong><\/p>\n<p>T\u00e4glich zwei Kapseln mit ausreichend Fl\u00fcssigkeit einnehmen. Die\u00a0Produkte sollten langfristig und konsequent angewandt werden, denn nur so ist es gew\u00e4hrleistet, dass die hochwertigen Wirkstoffe die\u00a0gew\u00fcnschten Ergebnisse\u00a0erzielen.<br \/>\nEine Dose reicht f\u00fcr einen Monatsbedarf und ist f\u00fcr eine dauerhafte Anwendung geeignet.<\/p>\n<p><strong>Zutaten:<br \/>\n<\/strong><\/p>\n<p>Acerola Pulver Extrakt, Kapselh\u00fclle: Hydroxypropylmethylcellulose, ZellschutzKomplex (Camu Camu Extrakt mit 20 % Vitamin C, Vitamin C, Jiaogulan Extrakt, Cordyceps Sinensis Pulver, Shiitake Pulver, Kapern Extrakt, Astragaloside Extrakt I-VII, Gersten Extrakt mit 20-25 % \u00df-Glucan, Chlorophyllin, Melonen Extrakt (Extramel\u00ae) enth\u00e4lt bioaktive Superoxiddismutase (SOD), schwarzer Pfeffer Extrakt mit 95 % Piperine), Reismehl, Eisen, S\u00e4uerungsmittel: Zitronens\u00e4ure, schwarzer Pfeffer Extrakt (Bioperine\u00ae)<\/p>\n<ul>\n<li>Eisen tr\u00e4gt zur normalen Bildung von roten Blutk\u00f6rperchen und H\u00e4moglobin bei<\/li>\n<li>Eisen tr\u00e4g zu einem normalen Sauerstofftransport im K\u00f6rper bei<\/li>\n<li>Eisen tr\u00e4g\u00a0zur Verringerung von M\u00fcdigkeit und Erm\u00fcdung bei<\/li>\n<\/ul>\n<p>Hinweis:<\/p>\n<p>Die angegebene empfohlene t\u00e4gliche Einnahmeempfehlung\u00a0darf nicht \u00fcberschritten werden. Nahrungserg\u00e4nzungsmittel sollten nicht als Ersatz f\u00fcr eine ausgewogene und abwechslungsreiche Ern\u00e4hrung verwendet werden. Ausserhalb der Reichweite von Kindern aufbewahren.\u00a0Lagern Sie das Produkt trocken, lichtgesch\u00fctzt und nicht \u00fcber 25\u00b0C.<\/p>\n<p>Benutzen Sie dieses Produkt nicht, wenn das Sicherheitssiegel besch\u00e4digt ist.<\/p>\n<p>Wenn Sie schwanger sind oder stillen, kontaktieren\u00a0Sie bitte Ihren Arzt, bevor Sie das Produkt benutzen.<\/p>\n","protected":false},"excerpt":{"rendered":"<p>Gutes f\u00fcr das Blut Eisen Kapseln mit nat\u00fcrlichem\u00a0Zellschutz Komplex von PlantaVis Nahrungserg\u00e4nzungsmittel mit Acerola Pulver Extrakt, Kapselh\u00fclle: Hydroxypropylmethylcellulose, ZellschutzKomplex (Camu Camu Extrakt mit 20 % Vitamin C, Vitamin C, Jiaogulan Extrakt, Cordyceps Sinensis Pulver, Shiitake Pulver, Kapern Extrakt, Astragaloside Extrakt I-VII, Gersten Extrakt mit 20-25 % \u00df-Glucan, Chlorophyllin, Melonen Extrakt (Extramel\u00ae) enth\u00e4lt bioaktive Superoxiddismutase (SOD), [&hellip;]<\/p>\n","protected":false},"featured_media":7200,"template":"","meta":[],"product_brand":[],"product_cat":[15,270],"product_tag":[],"class_list":{"0":"post-7199","1":"product","2":"type-product","3":"status-publish","4":"has-post-thumbnail","6":"product_cat-uncategorized","7":"product_cat-nahrungsergaenzung","9":"first","10":"instock","11":"taxable","12":"shipping-taxable","13":"purchasable","14":"product-type-simple"},"_links":{"self":[{"href":"https:\/\/schmecktbesser.yogalingam.ch\/index.php\/wp-json\/wp\/v2\/product\/7199","targetHints":{"allow":["GET"]}}],"collection":[{"href":"https:\/\/schmecktbesser.yogalingam.ch\/index.php\/wp-json\/wp\/v2\/product"}],"about":[{"href":"https:\/\/schmecktbesser.yogalingam.ch\/index.php\/wp-json\/wp\/v2\/types\/product"}],"wp:featuredmedia":[{"embeddable":true,"href":"https:\/\/schmecktbesser.yogalingam.ch\/index.php\/wp-json\/wp\/v2\/media\/7200"}],"wp:attachment":[{"href":"https:\/\/schmecktbesser.yogalingam.ch\/index.php\/wp-json\/wp\/v2\/media?parent=7199"}],"wp:term":[{"taxonomy":"product_brand","embeddable":true,"href":"https:\/\/schmecktbesser.yogalingam.ch\/index.php\/wp-json\/wp\/v2\/product_brand?post=7199"},{"taxonomy":"product_cat","embeddable":true,"href":"https:\/\/schmecktbesser.yogalingam.ch\/index.php\/wp-json\/wp\/v2\/product_cat?post=7199"},{"taxonomy":"product_tag","embeddable":true,"href":"https:\/\/schmecktbesser.yogalingam.ch\/index.php\/wp-json\/wp\/v2\/product_tag?post=7199"}],"curies":[{"name":"wp","href":"https:\/\/api.w.org\/{rel}","templated":true}]}}