{"id":7203,"date":"2024-05-05T16:06:51","date_gmt":"2024-05-05T14:06:51","guid":{"rendered":"https:\/\/schmecktbesser.ch\/?post_type=product&#038;p=7203"},"modified":"2024-10-27T11:28:02","modified_gmt":"2024-10-27T10:28:02","slug":"arthronvis-msm-kapseln-arthronvis-msm-kapseln-fuer-gelenke-60-tage-versorgung-inhalt-120-kapseln-1059-g","status":"publish","type":"product","link":"https:\/\/schmecktbesser.ch\/index.php\/product\/arthronvis-msm-kapseln-arthronvis-msm-kapseln-fuer-gelenke-60-tage-versorgung-inhalt-120-kapseln-1059-g\/","title":{"rendered":"ArthronVis MSM Kapseln arthronvis MSM Kapseln f\u00fcr gelenke 60 Tage Versorgung  Inhalt: 120 Kapseln = 105,9 g."},"content":{"rendered":"<p><strong>Gutes\u00a0f\u00fcr Gelenke<\/strong><\/p>\n<p><strong>ArthronVis MSM (Methyl Sulfonyl Methane) organische, nat\u00fcrliche Schwefelverbindung<\/strong><\/p>\n<h5>ArthronVis MSM Kapseln &#8211; Nahrungserg\u00e4nzungsmittel mit Methyl Sulfonyl Methane,\u00a099.9% Reinheit &#8211; hochwertiges Qualit\u00e4tsprodukt von PlantaVis<\/h5>\n<p>Unterst\u00fctzend f\u00fcr Gelenke<\/p>\n<p>ArthronVis MSM (Methyl Sulfonyl Methane). Dabei handelt es sich um eine organische, nat\u00fcrliche Schwefelverbindung, die den menschlichen K\u00f6rper mit wertvollem nat\u00fcrlichem Schwefel versorgen kann. Damit sind nat\u00fcrlich nicht die giftigen Schwefelverbindungen gemeint, die zu Gesundheitssch\u00e4den f\u00fchren k\u00f6nnen. Es geht hier vielmehr um den auch f\u00fcr den Menschen lebensnotwendigen Mineralstoff Schwefel. In der Natur kommt kaum ein pflanzlicher oder tierischer Organismus ohne Methylsulfonylmethan (MSM) aus. Das liegt haupts\u00e4chlich an seinem zentralen Bestandteil: organischer Schwefel.<br \/>\nBei der Ern\u00e4hrung legen wir oft Wert auf Vitamine oder auch auf Magnesium und Calcium.<\/p>\n<h5>Arthrose \u2013 fortschreitender Knorpelabbau im Gelenk<\/h5>\n<p>In Deutschland leiden etwa f\u00fcnf Millionen Frauen und M\u00e4nner unter Beschwerden, die durch eine Arthrose verursacht werden. Die Tendenz ist sogar steigend.\u00a0Von einer Arthrose spricht man, wenn es einen fortschreitenden Knorpelabbau in einem Gelenk gibt. Die Arthrose wird auch als Gelenkverschleiss\u00a0bezeichnet. Im Verlauf kommt es zu einem fortschreitenden Knorpelverlust. Es treten dann Beschwerden wie Steifigkeitsgef\u00fchl, Schmerzen und Bewegungseinschr\u00e4nkungen auf, die \u00fcber die Zeit zunehmen. Im menschlichen K\u00f6rper gibt es etwa hundert Gelenke und diese k\u00f6nnten durch \u00dcberlastung alle eine Arthrose bekommen. Besonders gef\u00e4hrdet sind aber stark beanspruchte Gelenke, die eine grosse Last tragen oder besonders viel Kraft \u00fcbertragen m\u00fcssen, wie das H\u00fcftgelenk und das Kniegelenk. Das Kniegelenk ist am h\u00e4ufigsten von Arthrose betroffen.<\/p>\n<h5>Typisch f\u00fcr den Beginn einer Arthrose sind drei Arten von Schmerzen:<\/h5>\n<ul>\n<li>der Anlaufschmerz (\u201eeingerostete Gelenke\u201c) zu Beginn einer Bewegung, zum Beispiel beim Losgehen<\/li>\n<li>der Erm\u00fcdungsschmerz nach langer Belastung, wenn man zum Beispiel lange steht<\/li>\n<li>der Belastungsschmerz, wenn man eine Bewegung sehr intensiv aus\u00fcbt, zum Beispiel schnelles Laufen<\/li>\n<\/ul>\n<h5>Was ist MSM?<\/h5>\n<p>MSM (Methyl Sulfonyl Methane) ist ein lebenswichtiges Element, eine biologisch verwertbare Form von di\u00e4tetischem Schwefel und ist eine nat\u00fcrlich vorkommende Verbindung, die in bedeutenden Mengen, besonders in Nerven, Bindegewebe, Haaren, Knochen und Knorpel gefunden wird.<br \/>\nDer menschliche K\u00f6rper besteht zu 0,2 Prozent aus Schwefel. Auf den ersten Blick scheint dieser Bruchteil eines Prozents nicht der Rede wert zu sein. Betrachtet man die mengenm\u00e4ssige Verteilung der Elemente im menschlichen K\u00f6rper aber n\u00e4her, wird die Wichtigkeit des Schwefels mehr als deutlich. So enth\u00e4lt unser K\u00f6rper beispielsweise f\u00fcnfmal mehr Schwefel als Magnesium und vierzigmal mehr Schwefel als Eisen.<br \/>\nMSM ist eine flexible Bindung zwischen Proteinen. Wenn eine Zelle stirbt, \u00fcbernimmt eine andere Zelle ihren Platz ein. Ohne MSM schiebt sich die Zelle zwar an die gebrauchte Stelle &#8211; arbeitet aber nicht.<\/p>\n<p>Der Mineralstoff wird essentiell beim Aufbau vieler Aminos\u00e4uren, Enzyme, Hormone und Antioxidantien ben\u00f6tigt.<br \/>\nDie Einnahme von MSM kann somit die Bildung von neuen Zellen und neuem Bindegewebe unterst\u00fctzen und dar\u00fcber hinaus normale Muskeln, B\u00e4nder und geschmeidige Gelenke f\u00f6rdern.<\/p>\n<h5>Tipp:<\/h5>\n<p>Auch wenn es\u00a0mit Arthrose verst\u00e4ndlicherweise oft schwerf\u00e4llt: Bewegung ist Teil jeder Therapie. Mehrmals w\u00f6chentlich durchgef\u00fchrte gezielte Bewegung (Fahrradfahren, Schwimmen, Wassergymnastik, Laufen und Walken) erh\u00e4lt die Beweglichkeit und st\u00e4rkt ausserdem die st\u00fctzende Muskulatur ums Gelenk und f\u00f6rdert die Durchblutung. Wurden die Schmerzen gemindert und sind die Entz\u00fcndungen abgeklungen, f\u00e4llt es den meisten Betroffenen wesentlich leichter, sich aktiv zu bewegen. Auf diese Weise k\u00f6nnen sich verschiedene Therapieans\u00e4tze gegenseitig erg\u00e4nzen.<\/p>\n<p>Da gesundheitsbezogene Aussagen\u00a0f\u00fcr ein Nahrungserg\u00e4nzungsmittel wie MSM Arthronvis und dessen\u00a0Zutaten nur im gesetzlichen Ramen m\u00f6glich sind, ist eine Internetrecherche \u00fcber die positiven Eigenschaften zu empfehlen.<br \/>\nInternetrecherche:\u00a0<a href=\"https:\/\/www.pharmawiki.ch\/wiki\/index.php?wiki=MSM\" target=\"_blank\" rel=\"noopener\">MSM-Methyl Sulfonyl Methane<\/a><\/p>\n<p><strong>Anwendung:<\/strong><\/p>\n<p>T\u00e4glich eine\u00a0Kapsel\u00a0mit ausreichend Fl\u00fcssigkeit einnehmen.\u00a0Die\u00a0Produkte sollten langfristig und konsequent angewandt werden, denn nur so ist es gew\u00e4hrleistet, dass die hochwertigen Wirkstoffe die\u00a0gew\u00fcnschten Ergebnisse\u00a0erzielen.<\/p>\n<p>Hinweis:<\/p>\n<p>Die angegebene empfohlene t\u00e4gliche Einnahmeempfehlung\u00a0darf nicht \u00fcberschritten werden. Die vorliegende erg\u00e4nzende bilanzierte Di\u00e4t\u00a0sollte\u00a0nicht als Ersatz f\u00fcr eine ausgewogene und abwechslungsreiche Ern\u00e4hrung verwendet werden. Ausserhalb der Reichweite von Kindern aufbewahren.<br \/>\nLagern Sie das Produkt trocken, lichtgesch\u00fctzt und nicht \u00fcber 25\u00b0C.<\/p>\n<p>Benutzen Sie dieses Produkt nicht, wenn das Sicherheitssiegel besch\u00e4digt ist.<br \/>\nNur unter \u00e4rztlicher Aufsicht einnehmen. Im Zweifelsfall mit dem behandelnden Arzt abstimmen.<\/p>\n<p>Wenn Sie schwanger sind oder stillen, kontaktieren\u00a0Sie bitte Ihren Arzt, bevor Sie das Produkt benutzen.<\/p>\n<p><strong>Zutaten:<\/strong><\/p>\n<p>Methyl Sulfonyl Methan 99.9% Reinheit (0.75g pro Kapsel), Kapselh\u00fclle: Hydroxypropylmethylcellulose, mittelkettige Triglyceride<\/p>\n<p>Zusammensetztung:<\/p>\n<table border=\"0\" cellspacing=\"1\" cellpadding=\"5\">\n<tbody>\n<tr>\n<td>Zusammensetzung<\/td>\n<td>pro Tagedosis\u00a0\u00a0(1 Kapsel)<\/td>\n<td>RM (%)<\/td>\n<\/tr>\n<tr>\n<td>MSM mit 99,9 % Reinheit<\/td>\n<td>750.00 mg<\/td>\n<td>**<\/td>\n<\/tr>\n<tr>\n<td><\/td>\n<td><\/td>\n<td><\/td>\n<\/tr>\n<tr>\n<td colspan=\"3\">RM(%): Referenzmengen (f\u00fcr den durchschnittlichen Erwachsenen) nach LMIV<\/td>\n<\/tr>\n<tr>\n<td colspan=\"3\">**keine Referenzmenge vorhanden<\/td>\n<\/tr>\n<\/tbody>\n<\/table>\n<p>&nbsp;<\/p>\n","protected":false},"excerpt":{"rendered":"<p>Gutes\u00a0f\u00fcr Gelenke ArthronVis MSM (Methyl Sulfonyl Methane) organische, nat\u00fcrliche Schwefelverbindung ArthronVis MSM Kapseln &#8211; Nahrungserg\u00e4nzungsmittel mit Methyl Sulfonyl Methane,\u00a099.9% Reinheit &#8211; hochwertiges Qualit\u00e4tsprodukt von PlantaVis Unterst\u00fctzend f\u00fcr Gelenke ArthronVis MSM (Methyl Sulfonyl Methane). Dabei handelt es sich um eine organische, nat\u00fcrliche Schwefelverbindung, die den menschlichen K\u00f6rper mit wertvollem nat\u00fcrlichem Schwefel versorgen kann. Damit sind nat\u00fcrlich &hellip;<\/p>\n<p class=\"read-more\"> <a class=\"\" href=\"https:\/\/schmecktbesser.ch\/index.php\/product\/arthronvis-msm-kapseln-arthronvis-msm-kapseln-fuer-gelenke-60-tage-versorgung-inhalt-120-kapseln-1059-g\/\"> <span class=\"screen-reader-text\">ArthronVis MSM Kapseln arthronvis MSM Kapseln f\u00fcr gelenke 60 Tage Versorgung  Inhalt: 120 Kapseln = 105,9 g.<\/span> Weiterlesen &raquo;<\/a><\/p>\n","protected":false},"featured_media":7270,"template":"","meta":{"site-sidebar-layout":"default","site-content-layout":"default","ast-global-header-display":"","ast-main-header-display":"","ast-hfb-above-header-display":"","ast-hfb-below-header-display":"","ast-hfb-mobile-header-display":"","site-post-title":"","ast-breadcrumbs-content":"","ast-featured-img":"","footer-sml-layout":"","theme-transparent-header-meta":"default","adv-header-id-meta":"","stick-header-meta":"","header-above-stick-meta":"","header-main-stick-meta":"","header-below-stick-meta":""},"product_brand":[],"product_cat":[15,270],"product_tag":[],"class_list":{"0":"post-7203","1":"product","2":"type-product","3":"status-publish","4":"has-post-thumbnail","6":"product_cat-uncategorized","7":"product_cat-nahrungsergaenzung","8":"desktop-align-center","9":"tablet-align-center","10":"mobile-align-center","12":"first","13":"instock","14":"taxable","15":"shipping-taxable","16":"purchasable","17":"product-type-simple"},"_links":{"self":[{"href":"https:\/\/schmecktbesser.ch\/index.php\/wp-json\/wp\/v2\/product\/7203","targetHints":{"allow":["GET"]}}],"collection":[{"href":"https:\/\/schmecktbesser.ch\/index.php\/wp-json\/wp\/v2\/product"}],"about":[{"href":"https:\/\/schmecktbesser.ch\/index.php\/wp-json\/wp\/v2\/types\/product"}],"wp:featuredmedia":[{"embeddable":true,"href":"https:\/\/schmecktbesser.ch\/index.php\/wp-json\/wp\/v2\/media\/7270"}],"wp:attachment":[{"href":"https:\/\/schmecktbesser.ch\/index.php\/wp-json\/wp\/v2\/media?parent=7203"}],"wp:term":[{"taxonomy":"product_brand","embeddable":true,"href":"https:\/\/schmecktbesser.ch\/index.php\/wp-json\/wp\/v2\/product_brand?post=7203"},{"taxonomy":"product_cat","embeddable":true,"href":"https:\/\/schmecktbesser.ch\/index.php\/wp-json\/wp\/v2\/product_cat?post=7203"},{"taxonomy":"product_tag","embeddable":true,"href":"https:\/\/schmecktbesser.ch\/index.php\/wp-json\/wp\/v2\/product_tag?post=7203"}],"curies":[{"name":"wp","href":"https:\/\/api.w.org\/{rel}","templated":true}]}}