{"id":7205,"date":"2024-05-05T16:10:52","date_gmt":"2024-05-05T14:10:52","guid":{"rendered":"https:\/\/schmecktbesser.ch\/?post_type=product&#038;p=7205"},"modified":"2024-10-24T15:34:44","modified_gmt":"2024-10-24T13:34:44","slug":"curcuma-weihrauch-kapseln-vitamin-c-traegt-dazu-bei-die-zellen-vor-oxidativem-stress-zu-schuetzen-30-tage-versorgung-inhalt-60-kapseln-fuellmenge-342-g","status":"publish","type":"product","link":"https:\/\/schmecktbesser.yogalingam.ch\/index.php\/product\/curcuma-weihrauch-kapseln-vitamin-c-traegt-dazu-bei-die-zellen-vor-oxidativem-stress-zu-schuetzen-30-tage-versorgung-inhalt-60-kapseln-fuellmenge-342-g\/","title":{"rendered":"Curcuma Weihrauch Kapseln Vitamin C tr\u00e4gt dazu bei, die Zellen vor oxidativem Stress zu sch\u00fctzen 30 Tage Versorgung  Inhalt: 60 Kapseln | F\u00fcllmenge: 34,2 g."},"content":{"rendered":"<p><strong>Gutes f\u00fcr die Zellen<\/strong><\/p>\n<p><strong>Curcuma Weihrauch Kapseln mit integriertem, exklusiven Zellschutz Komplex.<\/strong><\/p>\n<p>Nahrungserg\u00e4nzungsmittel mit Curcuma Pulver, Weihrauch Pulver, Kapselh\u00fclle: Hydroxypropylmethylcellulose, ZellschutzKomplex (Camu Camu Extrakt mit 20 % Vitamin C, Vitamin C, Jiaogulan Extrakt, Cordyceps Sinensis Pulver, Shiitake Pulver, Kapern Extrakt, Astragaloside Extrakt I-VII\u00a0(1%), Gersten Extrakt mit 20-25% \u00df-Glucan, Chlorophyllin, Melonen Extrakt (Extramel\u00ae)\u00a0enth\u00e4lt bioaktive Superoxiddismutase (SOD), schwarzer Pfeffer Extrakt mit 95 % Piperine), Eichenrinde Pulver, Curcuma Extrakt\u00a0(95 Curcuminode), Potentilla Tormentilla Extrakt, Vitamin C, Weihrauch Extrakt\u00a0\u00a0(65% Boswelias\u00e4ure), Mittelkettige Triglyceride \u00d6l, Trennmittel: Magnesiumsalze der Speisefetts\u00e4uren &#8211; hochwertiges Qualit\u00e4tsprodukt von PlantaVis.<\/p>\n<h5>Curcuma Weihrauch Kapseln mit\u00a0integriertem, exklusiven Zellschutz Komplex von PlantaVis<\/h5>\n<p>Enth\u00e4lt wertvolle\u00a0Bitterstoffe,\u00a0\u00e4therische \u00d6le\u00a0und\u00a0sekund\u00e4re Pflanzenstoffe<br \/>\nMit wertvollen\u00a0Curcuminoide und\u00a0schwarzem\u00a0Pfefferextrakt\u00a0(95% Piperin)<\/p>\n<h5>Curcuma\u00a0und\u00a0Weihrauch\u00a0\u2013 zwei Naturstoffe mit wachsender Beliebtheit<\/h5>\n<p>Die beiden Naturstoffe\u00a0Curcuma\u00a0und\u00a0Weihrauch\u00a0werden seit mehr als 3.500 Jahren als gesunder Lebensmittelrohstoff eingesetzt. Daran hat sich bis heute nichts ge\u00e4ndert, abgesehen davon, dass beide Stoffe heute auch in der westlichen Welt eine wachsende Beliebtheit erfahren.<\/p>\n<h5>Sind die Zellen gesund, ist der Mensch gesund*<\/h5>\n<p>Der menschliche Organismus besteht aus etwa 100 Billionen Zellen, die bei einer durchschnittlichen Gr\u00f6sse von etwa 0,02 Millimeter aneinandergereiht eine L\u00e4nge von rund 2,5 Millionen Kilometer ergeben: Dementsprechend haben viele bekannte Erkrankungen ihren Ursprung in Dysfunktionen von K\u00f6rperzellen. Solche St\u00f6rungen k\u00f6nnen auf vielf\u00e4ltige Weise entstehen. Auf eine Formel gebracht, k\u00f6nnte man sagen: So lange die Zellen gesund sind, ist es auch der Mensch.<\/p>\n<p>Die richtige Versorgung der Zellen mit Mikron\u00e4hrstoffen \u2013 sozusagen der Zellnahrung \u2013 spielt eine wichtige Rolle zur Erhaltung der Zellgesundheit. Ein weiterer Aspekt ist, die Zellen vor freien Radikalen zu sch\u00fctzten. Diese greifen massiv in den Zellstoffwechsel ein und k\u00f6nnen K\u00f6rpergewebe und Organe sch\u00e4digen. Die Zahl der freien Radikalen, die unsere Zellen angreifen, unterscheidet sich individuell und h\u00e4ngt vom Gesundheitszustand und der Lebensweise jedes Einzelnen ab. Fest steht: Bis zu einem gewissen Grad kann unser K\u00f6rper\u00a0freie Radikale\u00a0kompensieren, wenn sie jedoch dauerhaft \u00dcberhand nehmen, kann es kritisch werden. Ein wirksamer Schutz vor freien Radikalen sind\u00a0Antioxidantien.<\/p>\n<h5>Die vereinte Kraft aus\u00a0Weihrauch,\u00a0Curcuma\u00a0und dem exklusiven\u00a0Zellschutzkomplex\u00a0von PlantaVis<\/h5>\n<p>Schon vor 3.500 Jahren wurde\u00a0Weihrauch\u00a0im alten \u00c4gypten genutzt. Die Verwendung des Curcumas\u00a0ist sogar schon seit 4.000 Jahren belegt. Die Kombination der beiden Naturstoffe mit dem exklusiven\u00a0Zellschutzkomplex\u00a0von PlantaVis schafft die vielf\u00e4ltigen Einsatzm\u00f6glichkeiten von \u201eCurcuma\u00a0plus\u00a0Weihrauch\u201c.<\/p>\n<p>Curcuma\u00a0(Kurkuma, Gelber Ingwer, Safranwurzel, Gelbwurzel) z\u00e4hlt zu den Ingwergew\u00e4chsen, die in den tropischen Regionen Asiens gedeihen. Als Naturstoff wird der in der Erde wachsende Teil verwendet, der dem Ingwer \u00e4hnlich sieht. Gemahlen ist\u00a0Curcuma\u00a0fester Bestandteil der asiatischen und insbesondere auch der ayurvedischen K\u00fcche. Es enth\u00e4lt \u00e4therische \u00d6le,\u00a0Harze,\u00a0Eiweisse\u00a0und Zuckerverbindungen sowie rund 5\u00a0Prozent Curcumin und andere Curcuminoide, auf die die intensive gelbe Farbe zur\u00fcckzuf\u00fchren ist und die als die biologisch aktiven Inhaltsstoffe gelten.<\/p>\n<p>Weihrauch\u00a0ist das luftgetrocknete Gummiharz, das aus dem Weihrauchbaum gewonnen wird. Das \u00e4therische \u00d6l, das dem Rauch seinen charakteristischen aromatischen Duft verleiht, ist prim\u00e4r f\u00fcr die\u00a0R\u00e4ucherung\u00a0und in der Parfumindustrie von grossem Interesse. Die im Weihrauchpulver enthaltene Boswellias\u00e4uren sind die wichtigsten Bestandteile des Weihrauchs und gelten als die wirksamkeitsbestimmenden Inhaltsstoffe von Produkten aus Weihrauchtrockenextrakten.<\/p>\n<p>Die im\u00a0Zellschutzkomplex\u00a0von PlantaVis\u00a0enthaltenen Extrakte und Konzentrate aus Obst, Gem\u00fcse, Kr\u00e4utern und Pilzen unterst\u00fctzen eine ausgewogene Ern\u00e4hrung. Die enthaltenen\u00a0Vitamine\u00a0und\u00a0Mineralstoffe\u00a0decken teilweise den Tagesbedarf an essenziellen N\u00e4hrstoffen wie\u00a0Vitamin C. So gleicht der\u00a0Zellschutzkomplex\u00a0negative Folgen unserer modernen Lebens- und Ern\u00e4hrungsweise aus und unterst\u00fctzt die normale Zellgesundheit.<\/p>\n<p>Curcuma wird im Ayurveda oft gegen entz\u00fcndliche Beschwerden\u00a0eingesetzt.<\/p>\n<p>Durch das enthaltene Piperin und Curcuminoiden werden werden die Inhaltsstoffe gut vom\u00a0K\u00f6rper aufgenommen.<\/p>\n<p>Ebenfalls aus der ayurvedischen Kunde bekannt ist der indische Weihrauch (Boswellia serrata) mit einer \u00e4hnlich langen Anwendungsgeschichte wir Kurkuma. Der entscheidende Wirkstoff beim Weihrauch sind die Boswelias\u00e4uren, das sind die Alpha-Boswelias\u00e4ure und die Beta-Boswelias\u00e4ure. Ausserdem gibt es nach heutigem Kenntnisstand weitere f\u00fcnf Derivate der Boswelias\u00e4uren.<\/p>\n<ul>\n<li>Vitamin C tr\u00e4gt dazu bei, die Zellen vor oxidativem Stress zu sch\u00fctzen<\/li>\n<li>\u200bVitamin C tr\u00e4gt zu einer normalen Kollagenbildung f\u00fcr eine normale Funktion der Blutgef\u00e4sse und Knochen bei<\/li>\n<li>Vitamin C tr\u00e4gt zu einer normalen Funktion des Immunsystems bei<\/li>\n<li>Vitamin C tr\u00e4gt zur normalen psychischen Funktion bei<\/li>\n<li>Vitamin C tr\u00e4gt zu einer normalen Kollagenbildung f\u00fcr eine normale Knorpelfunktion bei<\/li>\n<li>Vitamin C tr\u00e4gt zur Verringerung von M\u00fcdigkeit und Erm\u00fcdung bei<\/li>\n<\/ul>\n<h5>Hauptbestandteile unseres Zellschutzkomplexes sind:<\/h5>\n<p>ZellschutzKomplex: (Camu Camu Extrakt mit 20 % Vitamin C, Vitamin C , Jiaogulan Extrakt, Cordyceps Sinensis Pulver, Shiitake Pulver, Kapern Extrakt, Astragaloside Extrakt I-VII,\u00a0Gersten Extrakt\u00a0mit 20-25% \u00df-Glucan, Chlorophyllin, Melonen Extrakt (EXTRAMEL\u00ae) enth\u00e4lt bioaktive Superoxiddismutase (SOD), schwarzer Pfeffer Extrakt mit 95% Piperine)<\/p>\n<h5>\u200bWas ist der exklusive\u00a0Zellschutz Komplex von PlantaVis?<\/h5>\n<p>Als innovatives Unternehmen in Sachen Herstellung und Entwicklung von Nahrungserg\u00e4nzungsmitteln, arbeiten wir von der PlantaVis\u00ae eng mit Wissenschaftlern aus den Bereichen Ern\u00e4hrung, Epi- und Nutrigenetik sowie der Medizin und Pharmazie zusammen. Neben dem \u00fcberlieferten, tradierten Wissen um den gesundheitlichen Wert von Nahrungsmitteln aus aller Welt, legen wir grossen Wert auf modernste Forschungsergebnisse, die wir tagt\u00e4glich in unsere Arbeit einfliessen lassen. Ein Ergebnis dieser Arbeit, auf das wir ganz besonders stolz sind, ist unser neuer, exklusiver Zellschutzkomplex. Zu hoher oxidativer Stress, ist zu einem generellen Problem in unserer modernen Gesellschaft geworden.\u00a0Die Gr\u00fcnde hierf\u00fcr sind vor allem in unserer Lebensf\u00fchrung zu suchen. Allen voran die \u00fcberm\u00e4ssige Verwendung von Genussmitteln, eine einseitige Ern\u00e4hrungsweise, Stress in Schule, Alltag und Beruf, Bewegungsmangel, aber auch Umweltgifte und verschiedene Medikamente, deren Einnahme zwingend notwendig ist. Die Folgen k\u00f6nnen ein geschw\u00e4chtes Immunsystem, beschleunigte Zellalterung, chronisch entz\u00fcndliche Erkrankungen, Stoffwechselst\u00f6rungen und unerw\u00fcnschte Arzneimittelwirkungen sein. Demgegen\u00fcber steht bei den meisten Menschen eine zu geringe Aufnahme von Obst, Gem\u00fcse, Kr\u00e4utern und Pilzen. Mit der Folge eines Mangels an sekund\u00e4ren Pflanzenstoffen. F\u00fcr zahlreiche Substanzen dieser umfangreichen Naturstoffgruppe, gilt eine antioxidative Wirkung inzwischen als wissenschaftlich belegt. Mit unserem intelligent zusammengesetzten Zellschutzkomplex, bieten wir eine L\u00f6sung f\u00fcr diese moderne Form der Mangelern\u00e4hrung. Sie finden ihn deshalb zus\u00e4tzlich in vielen unserer aktuellen Produkte.<\/p>\n<h5>Tipp:<\/h5>\n<p>Da gesundheitsbezogene Aussagen\u00a0f\u00fcr ein Nahrungserg\u00e4nzungsmittel wie Curcuma &amp; Weihrauch\u00a0und dessen\u00a0Zutaten nur im gesetzlichen Ramen m\u00f6glich sind, ist eine Internetrecherche \u00fcber die positiven Eigenschaften zu empfehlen.<br \/>\nInternetrecherche:\u00a0<a href=\"https:\/\/www.pharmawiki.ch\/wiki\/index.php?wiki=Kurkuma\" target=\"_blank\" rel=\"noopener\">Curcuma<\/a>,\u00a0<a href=\"https:\/\/www.pharmawiki.ch\/wiki\/index.php?wiki=Weihrauch\" target=\"_blank\" rel=\"noopener\">Weihrauch<\/a><br \/>\nWikipedia:<a href=\"https:\/\/de.wikipedia.org\/wiki\/Kurkuma\" target=\"_blank\" rel=\"noopener\">\u00a0Curcuma<\/a>,\u00a0<a href=\"https:\/\/de.wikipedia.org\/wiki\/Weihrauch\" target=\"_blank\" rel=\"noopener\">Weihrauch<\/a><\/p>\n<p><strong>Anwendung:<\/strong><\/p>\n<p>T\u00e4glich zwei Kapseln mit ausreichend Fl\u00fcssigkeit nach dem Mittagessen einnehmen.\u00a0Die Produkte sollten langfristig und konsequent angewandt werden, denn nur so ist es gew\u00e4hrleistet, dass die hochwertigen Wirkstoffe die gew\u00fcnschten Ergebnisse erzielen.<br \/>\nEine Dose reicht f\u00fcr einen Monatsbedarf und ist f\u00fcr eine dauerhafte Anwendung geeignet.<\/p>\n<p><strong>Zutaten:<\/strong><\/p>\n<p>Curcuma Pulver, Weihrauch Pulver, Kapselh\u00fclle: Hydroxypropylmethylcellulose, ZellschutzKomplex (Camu Camu Extrakt mit 20 % Vitamin C, Vitamin C, Jiaogulan Extrakt, Cordyceps Sinensis Pulver, Shiitake Pulver, Kapern Extrakt, Astragaloside Extrakt I-VII (1%), Gersten Extrakt mit 20-25% \u00df-Glucan, Chlorophyllin, Melonen Extrakt (Extramel\u00ae) enth\u00e4lt bioaktive Superoxiddismutase (SOD), schwarzer Pfeffer Extrakt mit 95 % Piperine), Eichenrinde Pulver, Curcuma Extrakt (95 Curcuminode), Potentilla Tormentilla Extrakt, Vitamin C, Weihrauch Extrakt \u00a0(65% Boswelias\u00e4ure), Mittelkettige Triglyceride \u00d6l, Trennmittel: Magnesiumsalze der Speisefetts\u00e4uren<\/p>\n<ul>\n<li>Vitamin C tr\u00e4gt dazu bei, die Zellen vor oxidativem Stress zu sch\u00fctzen<\/li>\n<li>\u200bVitamin C tr\u00e4gt zu einer normalen Kollagenbildung f\u00fcr eine normale Funktion der Blutgef\u00e4sse und Knochen bei<\/li>\n<li>Vitamin C tr\u00e4gt zu einer normalen Funktion des Immunsystems bei<\/li>\n<li>Vitamin C tr\u00e4gt zur normalen psychischen Funktion bei<\/li>\n<li>Vitamin C tr\u00e4gt zu einer normalen Kollagenbildung f\u00fcr eine normale Knorpelfunktion bei<\/li>\n<li>Vitamin C tr\u00e4gt zur Verringerung von M\u00fcdigkeit und Erm\u00fcdung bei.<\/li>\n<\/ul>\n<p>Zusammensetzung:<\/p>\n<p>Zusammensetzungpro Tagesdosis 2 KapselnRM (%)Vitamin C48.00 mg60.00 %Weihrauch Pulver\u00a0230.00 mg**Curcuma Pulver250.00 mg**Weichrauch Extrakt (65% Boswellis\u00e4ure)32.50 mg**Curcuma Extrakt (95 Curcuminode)47.50 mg**<\/p>\n<p>RM(%): Referenzmengen (f\u00fcr den durchschnittlichen Erwachsenen) nach LMIV<\/p>\n<p>**keine Referenzmenge vorhanden.<\/p>\n<p>Hinweis:<\/p>\n<p>Die angegebene empfohlene t\u00e4gliche Einnahmeempfehlung\u00a0darf nicht \u00fcberschritten werden. Nahrungserg\u00e4nzungsmittel sollten nicht als Ersatz f\u00fcr eine ausgewogene und abwechslungsreiche Ern\u00e4hrung verwendet werden. Ausserhalb der Reichweite von Kindern aufbewahren.\u00a0Lagern Sie das Produkt trocken, lichtgesch\u00fctzt und nicht \u00fcber 25\u00b0C.<\/p>\n<p>Benutzen Sie dieses Produkt nicht, wenn das Sicherheitssiegel besch\u00e4digt ist.<\/p>\n<p>Wenn Sie schwanger sind oder stillen, kontaktieren\u00a0Sie bitte Ihren Arzt, bevor Sie das Produkt benutzen.<\/p>\n<p>&nbsp;<\/p>\n","protected":false},"excerpt":{"rendered":"<p>Gutes f\u00fcr die Zellen Curcuma Weihrauch Kapseln mit integriertem, exklusiven Zellschutz Komplex. Nahrungserg\u00e4nzungsmittel mit Curcuma Pulver, Weihrauch Pulver, Kapselh\u00fclle: Hydroxypropylmethylcellulose, ZellschutzKomplex (Camu Camu Extrakt mit 20 % Vitamin C, Vitamin C, Jiaogulan Extrakt, Cordyceps Sinensis Pulver, Shiitake Pulver, Kapern Extrakt, Astragaloside Extrakt I-VII\u00a0(1%), Gersten Extrakt mit 20-25% \u00df-Glucan, Chlorophyllin, Melonen Extrakt (Extramel\u00ae)\u00a0enth\u00e4lt bioaktive Superoxiddismutase (SOD), [&hellip;]<\/p>\n","protected":false},"featured_media":7206,"template":"","meta":[],"product_brand":[],"product_cat":[15,270],"product_tag":[],"class_list":{"0":"post-7205","1":"product","2":"type-product","3":"status-publish","4":"has-post-thumbnail","6":"product_cat-uncategorized","7":"product_cat-nahrungsergaenzung","9":"first","10":"instock","11":"taxable","12":"shipping-taxable","13":"purchasable","14":"product-type-simple"},"_links":{"self":[{"href":"https:\/\/schmecktbesser.yogalingam.ch\/index.php\/wp-json\/wp\/v2\/product\/7205","targetHints":{"allow":["GET"]}}],"collection":[{"href":"https:\/\/schmecktbesser.yogalingam.ch\/index.php\/wp-json\/wp\/v2\/product"}],"about":[{"href":"https:\/\/schmecktbesser.yogalingam.ch\/index.php\/wp-json\/wp\/v2\/types\/product"}],"wp:featuredmedia":[{"embeddable":true,"href":"https:\/\/schmecktbesser.yogalingam.ch\/index.php\/wp-json\/wp\/v2\/media\/7206"}],"wp:attachment":[{"href":"https:\/\/schmecktbesser.yogalingam.ch\/index.php\/wp-json\/wp\/v2\/media?parent=7205"}],"wp:term":[{"taxonomy":"product_brand","embeddable":true,"href":"https:\/\/schmecktbesser.yogalingam.ch\/index.php\/wp-json\/wp\/v2\/product_brand?post=7205"},{"taxonomy":"product_cat","embeddable":true,"href":"https:\/\/schmecktbesser.yogalingam.ch\/index.php\/wp-json\/wp\/v2\/product_cat?post=7205"},{"taxonomy":"product_tag","embeddable":true,"href":"https:\/\/schmecktbesser.yogalingam.ch\/index.php\/wp-json\/wp\/v2\/product_tag?post=7205"}],"curies":[{"name":"wp","href":"https:\/\/api.w.org\/{rel}","templated":true}]}}