{"id":7207,"date":"2024-05-05T16:15:11","date_gmt":"2024-05-05T14:15:11","guid":{"rendered":"https:\/\/schmecktbesser.ch\/?post_type=product&#038;p=7207"},"modified":"2025-01-30T17:49:23","modified_gmt":"2025-01-30T16:49:23","slug":"wechseljahre-reife-wunder-kapseln-reife-wunder-kapseln-fuer-die-wechseljahre-frauenbalance-30-tage-versorgung-inhalt-60-kapseln-fuellmenge-547-g","status":"publish","type":"product","link":"https:\/\/schmecktbesser.ch\/index.php\/product\/wechseljahre-reife-wunder-kapseln-reife-wunder-kapseln-fuer-die-wechseljahre-frauenbalance-30-tage-versorgung-inhalt-60-kapseln-fuellmenge-547-g\/","title":{"rendered":"Reife-Wunder Kapseln &#8211; F\u00fcr die Wechseljahre &#8211; Frauenbalance 30 Tage Versorgung  Inhalt: 60 Kapseln | F\u00fcllmenge: 54,7 g."},"content":{"rendered":"<p><strong>Wechseljahre\u00a0Kapseln mit nat\u00fcrlichen Inhaltsstoffen<\/strong><\/p>\n<p><strong>Die Wechseljahre neu erleben<\/strong><\/p>\n<p>Nahrungserg\u00e4nzungsmittel mit Yamswurzel Extrakt, Rotklee Extrakt, Calciumchlorid, Kapselh\u00fclle: Hydroxypropylmethylcellulose, Baldrianwurzel Extrakt, Dioscorea villosa Wurzelextrakt, Frauenmantel Extrakt, Salbei Extrakt, Eisen-II-gluconat, M\u00f6nchspfeffer Extrakt, Vitamin B12, Folat, Vitamin B6\u00a0&#8211; hochwertiges Qualit\u00e4tsprodukt von PlantaVis.<\/p>\n<h5>Die Wechseljahre Reife-Wunder\u00a0Kapseln mit neuer Rezeptur f\u00fcr die Frauenbalance w\u00e4hrend der\u00a0Menopause<\/h5>\n<h5>Entwickelt f\u00fcr die Zyklusharmonisierung und Regulierung der Hormont\u00e4tigkeit der Frau<\/h5>\n<p>Die Wechseljahre \u2013 eine Zeit von (hormonellen) Ver\u00e4nderungen<\/p>\n<p>Die Wechseljahre (medizinisch: Klimakterium) bezeichnen eine Phase der hormonellen Umstellung,\u00a0welche mehrere Jahre andauert.\u00a0In\u00a0\u00a0dieser Zeit stellt\u00a0sich der K\u00f6rper auf das Ende der reproduktiven, fruchtbaren Lebensphase ein. Der Beginn und die Dauer der Wechseljahre sind sehr variabel, im Durchschnitt beginnen die Wechseljahre im Alter zwischen 45 bis 55 Jahren. Irrt\u00fcmlicherweise wird h\u00e4ufig angenommen, dass die Wechseljahre mit der Menopause, dem Zeitpunkt der letzten Regelblutung, beginnen. Jedoch beginnen die Wechseljahre bereits ein bis vier Jahre vor der Menopause.<\/p>\n<h5>Zu den h\u00e4ufigsten Beschwerden z\u00e4hlen:<\/h5>\n<ul>\n<li>Hitzewallungen und Schweissausbr\u00fcche<\/li>\n<li>Stimmungsschwankungen bis hin zur depressiven Neigung<\/li>\n<li>Schlafst\u00f6rungen, Abgeschlagenheit und M\u00fcdigkeit<\/li>\n<li>Gelenk- &amp; Muskelschmerzen bis hin zu Osteoporose<\/li>\n<li>Ver\u00e4nderung der Schleimh\u00e4ute und Scheidentrockenheit<\/li>\n<\/ul>\n<p>\u200bWir bei PlantaVis setzen bei unseren Produkten auf die Kraft der Pflanzen und nutzen die Eigenschaften der Natur in Kombination mit wichtigen Vitaminen und Mineralstoffen, um den K\u00f6rper zu unterst\u00fctzen.<\/p>\n<p>Die\u00a0Reife-Wunder Kapseln von PlantaVis wurde speziell f\u00fcr die Wechseljahre konzipiert und\u00a0soll Frauen durch diese aufregende, aber auch anstrengende Phase begleiten. Sie entahalten\u00a0sorgf\u00e4ltig ausgew\u00e4hlte Pflanzen Extrakte unter anderem aus der Yamswurzel, Rotklee und Salbei.<\/p>\n<h5>Nat\u00fcrliche Phytohormone aus der Yamswurzel und Rotklee<\/h5>\n<p>Phytohormone sind pflanzeneigene Botenstoffe, welche sowohl die Entwicklung als auch das Wachstum von Pflanzen steuern.<\/p>\n<p>Die Yamswurzel (auch unter den Namen Yam oder Yams bekannt) stammt urspr\u00fcnglich aus Afrika und S\u00fcdostasien.\u00a0Geschmacklich \u00e4hnelt die Wurzel der S\u00fcsskartoffel, in einigen L\u00e4ndern ist die Yamswurzel ein wichtiges und beliebtes Grundnahrungsmittel. Das Besondere an der Yamswurzel ist ihr Gehalt an Diosgenin, ein sekund\u00e4rer Pflanzenstoff, dessen Struktur an das Hormon Progesteron erinnert, jedoch keine direkten hormonellen (Neben-)Wirkungen besitzt.\u00a0Aufgrund dieser chemischen \u00c4hnlichkeit wird Diosgenin unter anderem zur synthetischen Herstellung von Progesteron genutzt.<\/p>\n<p>Der Rotklee ist in Asien und Europa heimisch und geh\u00f6rt zur Familie der Schmetterlingsbl\u00fctler. H\u00e4ufig findet man den Rotklee auf Wiesen und an R\u00e4ndern von \u00c4ckern.\u00a0Vor allem seine Inhaltsstoffe machen ihn so beliebt:\u00a0Neben Gerbstoffen und Sterolen z\u00e4hlen die Phyto\u00f6strogene, die sogenannten Isoflavone, zu seinen begehrtesten Inhaltsstoffen.<\/p>\n<h5>Salbei<\/h5>\n<p>Der Salbei ist im gesamten Mittelmeerraum beheimatet und geh\u00f6rt zur Familie der Lippenbl\u00fctler. Schon fr\u00fchzeitig erkannte man die besonderen Eigenschaften seiner Bl\u00e4tter, weshalb der Salbei auch in der Naturheilkunde genutzt wird.<\/p>\n<h5>Baldrian<\/h5>\n<p>Baldrian kommt wild in Mittel- und Osteuropa vor und w\u00e4chst\u00a0auf feuchten Wiesen, an Ufern und an Waldr\u00e4ndern. Er bevorzugt lehmige und humose, basische B\u00f6den. Der Baldrian ist eine mehrj\u00e4hrige, winterharte Staude.<\/p>\n<h5>Ausgew\u00e4hlte B-Vitamine zur Unterst\u00fctzung bei Wechseljahresbeschwerden<\/h5>\n<p>Grunds\u00e4tzlich wird eine ausreichende Versorgung mit B-Vitaminen auch w\u00e4hrend der Wechseljahre empfohlen. Daher wurden f\u00fcr unser Reife-Wunder speziell die Vitamine B6, Folat (B9) und B12 ausgew\u00e4hlt.<\/p>\n<ul>\n<li>Vitamin B6 und B12 unterst\u00fctzen die normale Funktion des Nervensystems<\/li>\n<li>Vitamin B6, B12 und Folat tragen zur normalen psychischen Funktion, zu einem normalen Energiestoffwechsel und zur Verringerung von M\u00fcdigkeit und Erm\u00fcdung bei<\/li>\n<li>Vitamin B6 ist f\u00fcr die Bildung roter Blutk\u00f6rperchen &amp; Hormonen wichtig und tr\u00e4gt zur Regulierung der Hormont\u00e4tigkeit bei<\/li>\n<li>Nahrungserg\u00e4nzungsmittel mit Pflanzenextrakten aus\u00a0der\u00a0Yamswurzel, Rotklee und Salbei<\/li>\n<li>Vitamin B6 tr\u00e4gt zur Regulierung der Hormont\u00e4tigkeit bei<\/li>\n<li>Vitamin B12, Folat und Eisen tragen zu einer Verringerung von M\u00fcdigkeit und Erm\u00fcdung bei<\/li>\n<li>Vitamin B6, B12 und Fols\u00e4ure tragen zur normalen psychischen Funktion bei<\/li>\n<\/ul>\n<h5>Tipp:<\/h5>\n<p>Bei\u00a0Hitzewallungen und Schweissausbr\u00fcchen kann ein Tee aus Salbeibl\u00e4ttern mildernd sein.\u00a0Achtsamkeits- und Entspannungs\u00fcbungen k\u00f6nnen\u00a0sich positiv auf physische und auch psychische Stresssymptome auswirken. Ausserdem\u00a0f\u00f6rdert Bewegung an der frischen Luft die Durchblutung und kurbelt die Produktion des Gl\u00fcckshormons Serotonin an. Bei hormonell bedingten Stimmungsschwankungen k\u00f6nnen Meditation und Yoga helfen, die Symptome abzumildern. Hier finden Sie die\u00a0<a href=\"https:\/\/www.plantavis.ch\/de\/produkte\/kinderwunsch\/Gefuehls-Chaos\/?oid=3309&amp;lang=de\">Gef\u00fchls-Chaos Kapseln<\/a>.<\/p>\n<p>Da gesundheitsbezogene Aussagen\u00a0f\u00fcr ein Nahrungserg\u00e4nzungsmittel wie Curcuma &amp; Weihrauch\u00a0und dessen\u00a0Zutaten nur im gesetzlichen Ramen m\u00f6glich sind, ist eine Internetrecherche \u00fcber die positiven Eigenschaften zu empfehlen.<br \/>\nInternetrecherche:\u00a0<a href=\"https:\/\/de.wikipedia.org\/wiki\/Yams\" target=\"_blank\" rel=\"noopener\">Yamswurzel<\/a>,\u00a0<a href=\"https:\/\/www.pharmawiki.ch\/wiki\/index.php?wiki=Rotklee#:~:text=Rotklee%20ist%20unter%20anderem%20in,wird%20haupts%C3%A4chlich%20als%20Nahrungsmittelerg%C3%A4nzung%20vertrieben.&amp;text=Der%20Rotklee%20(Trifolium%20pratense%20L,Familie%20der%20Leguminosen%20(Fabaceae).\" target=\"_blank\" rel=\"noopener\">Rotklee<\/a>,\u00a0<a href=\"https:\/\/www.pharmawiki.ch\/wiki\/index.php?wiki=baldrian\" target=\"_blank\" rel=\"noopener\">Baldrianwurzel<\/a>,\u00a0<a href=\"https:\/\/www.pharmawiki.ch\/wiki\/index.php?wiki=Frauenmantel\" target=\"_blank\" rel=\"noopener\">Frauenmantel<\/a>,\u00a0<a href=\"https:\/\/de.wikipedia.org\/wiki\/M%C3%B6nchspfeffer\" target=\"_blank\" rel=\"noopener\">M\u00f6nchspfeffer<\/a>,\u00a0<a href=\"https:\/\/www.pharmawiki.ch\/wiki\/index.php?wiki=salbei\" target=\"_blank\" rel=\"noopener\">Salbei<\/a><\/p>\n<p>&nbsp;<\/p>\n<p><strong>Anwendung:<\/strong><\/p>\n<p>T\u00e4glich zwei\u00a0Kapseln mit ausreichend Fl\u00fcssigkeit nach dem Fr\u00fchst\u00fcck oder Mittagessen einnehmen.\u00a0Die Produkte sollten langfristig und konsequent angewandt werden, denn nur so ist es gew\u00e4hrleistet, dass die hochwertigen Wirkstoffe die gew\u00fcnschten Ergebnisse erzielen.<br \/>\nEine Dose reicht f\u00fcr einen Monatsbedarf und ist f\u00fcr eine dauerhafte Anwendung geeignet.<\/p>\n<p>Anwendungsdauer Empfehlung:\u00a0mindestens eine drei-Monatekur.<\/p>\n<p><strong>Zutaten:<\/strong><\/p>\n<p>Yamswurzel Extrakt, Rotklee Extrakt, Kapselh\u00fclle: Hydropropylmethylcellulose, Calciumchlorid, M\u00f6nchspfeffer Extrakt, Johanniskraut Pulver, Baldrianwurzel Extrakt, Frauenmantel Extrakt, Salbei Extrakt, Eisen-II-gluconat, Vitamin B12, Fols\u00e4ure, Vitamin B6<\/p>\n<p>Zusammensetzung:<\/p>\n<p>Zusammensetzungpro Tagesdosis 2 KapslenRM (%)Yamswurzel440 mg**- davon Diosgenin (16%)86.00 mg**Rotklee\u00a0352.00 mg**- davon Isoflavone (8%)28.16 mg**M\u00f6nchspfeffer4.00 mg**Eisen4.99 mg\u00a035.63 %Vitamin B6823.00 \u03bcg\u00a058.79 %Folat100.00 \u03bcg\u00a050.00 %Vitamin B1225.00 \u03bcg1000.00 %<\/p>\n<p>RM(%): Referenzmengen (f\u00fcr den durchschnittlichen Erwachsenen) nach LMIV<\/p>\n<p>**keine Empfehlung vorhanden<\/p>\n<p>Hinweis:<\/p>\n<p>Die angegebene empfohlene t\u00e4gliche Verzehrsmenge darf nicht \u00fcberschritten werden. Nahrungserg\u00e4nzungsmittel sollten nicht als Ersatz f\u00fcr eine ausgewogene und abwechslungsreiche Ern\u00e4hrung verwendet werden. Ausserhalb der Reichweite von Kindern aufbewahren.\u00a0Lagern Sie das Produkt trocken, lichtgesch\u00fctzt und nicht \u00fcber 25\u00b0C.<\/p>\n<p>Benutzen Sie dieses Produkt nicht, wenn das Sicherheitssiegel besch\u00e4digt ist.<\/p>\n<p>Wenn Sie schwanger sind oder stillen, kontaktieren\u00a0Sie bitte Ihren Arzt, bevor Sie das Produkt benutzen.<\/p>\n","protected":false},"excerpt":{"rendered":"<p>Wechseljahre\u00a0Kapseln mit nat\u00fcrlichen Inhaltsstoffen Die Wechseljahre neu erleben Nahrungserg\u00e4nzungsmittel mit Yamswurzel Extrakt, Rotklee Extrakt, Calciumchlorid, Kapselh\u00fclle: Hydroxypropylmethylcellulose, Baldrianwurzel Extrakt, Dioscorea villosa Wurzelextrakt, Frauenmantel Extrakt, Salbei Extrakt, Eisen-II-gluconat, M\u00f6nchspfeffer Extrakt, Vitamin B12, Folat, Vitamin B6\u00a0&#8211; hochwertiges Qualit\u00e4tsprodukt von PlantaVis. Die Wechseljahre Reife-Wunder\u00a0Kapseln mit neuer Rezeptur f\u00fcr die Frauenbalance w\u00e4hrend der\u00a0Menopause Entwickelt f\u00fcr die Zyklusharmonisierung und Regulierung &hellip;<\/p>\n<p class=\"read-more\"> <a class=\"\" href=\"https:\/\/schmecktbesser.ch\/index.php\/product\/wechseljahre-reife-wunder-kapseln-reife-wunder-kapseln-fuer-die-wechseljahre-frauenbalance-30-tage-versorgung-inhalt-60-kapseln-fuellmenge-547-g\/\"> <span class=\"screen-reader-text\">Reife-Wunder Kapseln &#8211; F\u00fcr die Wechseljahre &#8211; Frauenbalance 30 Tage Versorgung  Inhalt: 60 Kapseln | F\u00fcllmenge: 54,7 g.<\/span> Weiterlesen &raquo;<\/a><\/p>\n","protected":false},"featured_media":7208,"template":"","meta":{"site-sidebar-layout":"default","site-content-layout":"default","ast-global-header-display":"","ast-main-header-display":"","ast-hfb-above-header-display":"","ast-hfb-below-header-display":"","ast-hfb-mobile-header-display":"","site-post-title":"","ast-breadcrumbs-content":"","ast-featured-img":"","footer-sml-layout":"","theme-transparent-header-meta":"default","adv-header-id-meta":"","stick-header-meta":"","header-above-stick-meta":"","header-main-stick-meta":"","header-below-stick-meta":""},"product_cat":[15,270],"product_tag":[],"class_list":{"0":"post-7207","1":"product","2":"type-product","3":"status-publish","4":"has-post-thumbnail","6":"product_cat-uncategorized","7":"product_cat-nahrungsergaenzung","8":"desktop-align-center","9":"tablet-align-center","10":"mobile-align-center","12":"first","13":"instock","14":"taxable","15":"shipping-taxable","16":"purchasable","17":"product-type-simple"},"_links":{"self":[{"href":"https:\/\/schmecktbesser.ch\/index.php\/wp-json\/wp\/v2\/product\/7207","targetHints":{"allow":["GET"]}}],"collection":[{"href":"https:\/\/schmecktbesser.ch\/index.php\/wp-json\/wp\/v2\/product"}],"about":[{"href":"https:\/\/schmecktbesser.ch\/index.php\/wp-json\/wp\/v2\/types\/product"}],"wp:featuredmedia":[{"embeddable":true,"href":"https:\/\/schmecktbesser.ch\/index.php\/wp-json\/wp\/v2\/media\/7208"}],"wp:attachment":[{"href":"https:\/\/schmecktbesser.ch\/index.php\/wp-json\/wp\/v2\/media?parent=7207"}],"wp:term":[{"taxonomy":"product_cat","embeddable":true,"href":"https:\/\/schmecktbesser.ch\/index.php\/wp-json\/wp\/v2\/product_cat?post=7207"},{"taxonomy":"product_tag","embeddable":true,"href":"https:\/\/schmecktbesser.ch\/index.php\/wp-json\/wp\/v2\/product_tag?post=7207"}],"curies":[{"name":"wp","href":"https:\/\/api.w.org\/{rel}","templated":true}]}}