{"id":7209,"date":"2024-05-05T16:19:13","date_gmt":"2024-05-05T14:19:13","guid":{"rendered":"https:\/\/schmecktbesser.ch\/?post_type=product&#038;p=7209"},"modified":"2025-01-30T17:47:48","modified_gmt":"2025-01-30T16:47:48","slug":"augen-holunder-kapseln-vitamin-a-und-vitamin-b2-tragen-zur-erhaltung-normaler-sehkraft-bei-30-tage-versorgung-inhalt-60-kapseln-fuellmenge-328-g","status":"publish","type":"product","link":"https:\/\/schmecktbesser.ch\/index.php\/product\/augen-holunder-kapseln-vitamin-a-und-vitamin-b2-tragen-zur-erhaltung-normaler-sehkraft-bei-30-tage-versorgung-inhalt-60-kapseln-fuellmenge-328-g\/","title":{"rendered":"DURCHBLICK Augen Holunder Lutein Kapseln Lutein, Vitamin A und Vitamin B2 tragen zur Erhaltung normaler Sehkraft bei 30 Tage Versorgung  Inhalt: 60 Kapseln | F\u00fcllmenge: 32,8g."},"content":{"rendered":"<p><strong>Gutes f\u00fcr die Augen mit Lutein<\/strong><\/p>\n<p>Holunder\u00a0Kapseln\u00a0mit Vitamin A,\u00a0B2, Lutein\u00a0und nat\u00fcrlichem\u00a0Zellschutz Komplex<\/p>\n<p>Nahrungserg\u00e4nzungsmittel mit Holunderbl\u00fcten Pulver, Kapselh\u00fclle: Hydroxypropylmethylcellulose,\u00a0Zellschutz\u00a0Komplex\u00a0(Camu Camu Extrakt mit 20 % Vitamin C,\u00a0Vitamin C,\u00a0Jiaogulanextrakt, Cordycepspulver, Shiitakepulver, Kapernextrakt, Astragaloside\u00a0Extrakt (1%),\u00a0Gerstenextrakt\u00a0mit 20-25% \u00df-Glucan, Chlorophyllin, Melonenextrakt\u00a0(Extramel\u00ae) enth\u00e4lt bioaktive Superoxiddismutase (SOD), schwarzer Pfefferextrakt mit 95% Piperin), Rote Beetepulver, Heidelbeerpulver, Tagetesextrakt (5% Lutein), 4,6% Holunderbeeren Extrakt\u00a0(10% Anthocyane), D-L-Alpha Tocopherolacetat, Beta Carotin, Astaxanthin\u00a0(2% Carotinoide), Tagetesextrakt (5% Zeaxantin), Mittelkettige Triglyceride,\u00a0Trennmittel: Magnesiumsalze der Speisefetts\u00e4uren, Retinylacetat, Riboflavin\u00a0\u00a0\u00a0&#8211; hochwertiges Qualit\u00e4tsprodukt von PlantaVis.<\/p>\n<h5>Holunder\u00a0Kapseln (DurchBlick) f\u00fcr die Augen mit Vitamni A, Vitamin B2, Lutein, Zeaxanthin und nat\u00fcrlichem Zellschutz Komplex von PlantaVis<\/h5>\n<p>Unsere Augen ben\u00f6tigen ca.\u00a0ein Drittel der Leistungsf\u00e4higkeit unseres Gehirns. Die Augen sind\u00a0nicht nur das leistungsf\u00e4higste, sondern auch das empfindlichste Organ, welches ausreichend N\u00e4hrstoff\u00a0braucht.<\/p>\n<h5>Auch Augen brauchen eine gute Versorgung mit Mikron\u00e4hrstoffen<\/h5>\n<p>Was h\u00e4ufig vergessen wird: Gesunde Augen und eine gute Sehkraft h\u00e4ngen auch von der Versorgung der Augen mit Mikron\u00e4hrstoffen ab. Allen voran sind hier die\u00a0Vitamine\u00a0A und B2 zu nennen, die zur Erhaltung einer normalen Sehkraft beitragen. Weil auch\u00a0oxidativer Stress\u00a0ein St\u00f6rfaktor f\u00fcr die Sehkraft ist, braucht es zudem eine gute Zellgesundheit f\u00fcr den Erhalt der Sehkraft.\u00a0Vitamin C\u00a0und\u00a0Vitamin E\u00a0tragen dazu bei, die Zellen vor oxidativem Stress zu sch\u00fctzen. Damit und mit dem exklusiven Zellschutz von PlantaVis enth\u00e4lt \u201eGutes f\u00fcr die Augen\u201c die nat\u00fcrliche Kraft des Holunders plus weitere wichtige\u00a0Mikron\u00e4hrstoffe, die unsere Augen brauchen \u2013 insbesondere dann, wenn sie ohnehin schon \u00fcberreizt und \u00fcberanstrengt sind.<\/p>\n<h5>Nat\u00fcrliche Kraft f\u00fcr die Augen &#8211;\u00a0Holunder\u00a0mit\u00a0Vitamin A\u00a0und B2<\/h5>\n<p>Der Holunder ist sowohl als vielseitiges Nahrungsmittel als auch in der Naturheilkunde bekannt. Das liegt einerseits an seinem herb-s\u00fcsslichen Geschmack, vor allem aber an den Inhaltsstoffen. Die Bl\u00fcten und Beeren enthalten verschiedene \u00e4therische \u00d6le, Bitterstoffe, Carotinoide, Flavonoide, Mineralstoffe wie Kalium, Vitamin C, Vitamin A und B-Vitamine. Damit enthalten unsere Holunder-Kapseln viel \u201eGutes f\u00fcr die Augen\u201c. Insbesondere Vitamin A und Vitamin B2 tragen zur Erhaltung der normalen Sehkraft bei.<br \/>\nIntensive Bildschirmarbeit ist nur eine von mehreren Ursachen.<\/p>\n<p>Gereizte, trockene und \u00fcberanstrengte Augen sind heute f\u00fcr viele Menschen ein nahezu t\u00e4gliches Problem. Die typischen Symptome sind:<\/p>\n<ul>\n<li>Brennen<\/li>\n<li>R\u00f6tung<\/li>\n<li>Juckreiz<\/li>\n<li>Schwellung<\/li>\n<\/ul>\n<p>Obendrein kommt es h\u00e4ufig zu einem Fremdk\u00f6rpergef\u00fchl, \u00e4hnlich dem eines Sandkornes im Auge. Ganz abgesehen davon, dass ger\u00f6tete und geschwollene Augen nicht sch\u00f6n aussehen, ist der Leidensdruck mitunter hoch, zumal die Beschwerden oft mit dem Gef\u00fchl einer nachlassenden Sehkraft einhergehen.<br \/>\nDas Brennen und Jucken f\u00fchrt zudem h\u00e4ufig zu Folgebeschwerden: Wer st\u00e4ndig an den ohnehin schon wunden Augen reibt, riskiert zus\u00e4tzlich noch eine Infektion, gerade durch den st\u00e4ndigen Kontakt mit den H\u00e4nden. Die Ursachen f\u00fcr \u00fcberanstrengte Augen sind vielf\u00e4ltig und reichen von Rauch, Zugluft (insbesondere durch Klimaanlagen) \u00fcber grelles Licht und trockene Raumluft bis hin zu Alterserscheinungen oder \u00dcberanstrengung durch intensive Arbeit am Bildschirm.<\/p>\n<ul>\n<li>Vitamin A und Vitamin B2 tragen zur Erhaltung\u00a0normaler Sehkraft bei<\/li>\n<li>Vitamin E tr\u00e4gt dazu bei,\u00a0die Zellen vor oxidativem Stress zu sch\u00fctzen<\/li>\n<\/ul>\n<h5>Holunder Kapseln &#8211; reich an nat\u00fcrlichen Polyphenolen und Vitaminen<\/h5>\n<p>Holunder (Sambucus) wird in gut ein Dutzend Arten unterteilt. Die meisten von ihnen kommen auch in unseren Breitengraden vor, wobei hierzulande der Schwarze Holunder (Sambucus nigra) am weitesten verbreitet ist. An Inhaltsstoffen sind neben dem oft leicht toxisch wirkenden Sambunigrin, das bei Hitzeeinwirkung jedoch zerf\u00e4llt, vor allem ein hoher Anteil an Vitamin C und B-Vitaminen zu erw\u00e4hnen. Dazu enthalten die Beeren die Pflanzenfarbstoffe Sambucin, Sambicyanin und Chrysanthemin, die zu den Anthocyanidinen oder nat\u00fcrlichen Polyphenolen z\u00e4hlen.<\/p>\n<h5>Mit Holunder Pulver und Holunder Extrakt<\/h5>\n<p>F\u00fcr die Holunder Kapseln von PlantaVis werden ausschliesslich nach strengen Kriterien ausgew\u00e4hlte Holunderbeeren verwendet und schonend zu einem Pulver verarbeitet, das 28,3 Prozent des Kapselinhaltes ausmacht. Dazu kommt ein 4,6 prozentiger Anteil an ebenso sorgf\u00e4ltig gewonnenen Holunderbeeren Extrakt mit zehn Prozent Anthocyanen. Zus\u00e4tzlich\u00a0sind neben den Vitaminen C und E sowie dem Provitamin A oder Batacarotin auch Vitamin A und Vitamin B2 enthalten, die zur Erhaltung einer normalen Sehkraft beitragen.<\/p>\n<h5>Nat\u00fcrliches Lutein und\u00a0Zeaxanthin aus\u00a0Tagetesextrakt<\/h5>\n<p>Zeaxanthin ist ein pflanzlicher Inhaltsstoff mit wichtigen Funktionen f\u00fcr unsere Gesundheit, insbesondere der Augengesundheit.\u00a0Neuen Erkenntnissen zufolge kann eine\u00a0Zufuhr an\u00a0Lutein\u00a0und\u00a0Zeaxanthin\u00a0bestimmten Augenkrankheiten vorbeugen \u2013 vor allem der altersbedingten Makula-Degeneration (AMD), die viele Menschen im Alter erblinden l\u00e4sst.<br \/>\nZeaxanthin und Lutein, sowie das aus Lutein gebildete Meso-Zeaxanthin (Meso-Z.), kommen in hohen Konzentrationen in der Netzhaut des menschlichen Auges vor. Und dort besonders im Bereich der Makula (Gelber Fleck), der Region des sch\u00e4rfsten Sehens. Aus diesem Grund ist eine ausreichende Versorgung des K\u00f6rpers mit Lutein und Zeaxanthin zur Vorsorge sehr zu empfehlen.<\/p>\n<h5>Hauptbestandteile unseres Zellschutzkomplexes sind:<\/h5>\n<p>ZellschutzKomplex: (Camu Camu Extrakt mit 20 % Vitamin C, Vitamin C , Jiaogulan Extrakt, Cordyceps Sinensis Pulver, Shiitake Pulver, Kapern Extrakt, Astragaloside Extrakt I-VII,\u00a0Gersten Extrakt\u00a0mit 20-25% \u00df-Glucan, Chlorophyllin, Melonen Extrakt (EXTRAMEL\u00ae) enth\u00e4lt bioaktive Superoxiddismutase (SOD), schwarzer Pfeffer Extrakt mit 95% Piperine)<\/p>\n<h5>\u200bWas ist der exklusive\u00a0Zellschutz Komplex von PlantaVis?<\/h5>\n<p>Als innovatives Unternehmen in Sachen Herstellung und Entwicklung von Nahrungserg\u00e4nzungsmitteln, arbeiten wir von der PlantaVis\u00ae eng mit Wissenschaftlern aus den Bereichen Ern\u00e4hrung, Epi- und Nutrigenetik sowie der Medizin und Pharmazie zusammen. Neben dem \u00fcberlieferten, tradierten Wissen um den gesundheitlichen Wert von Nahrungsmitteln aus aller Welt, legen wir grossen Wert auf modernste Forschungsergebnisse, die wir tagt\u00e4glich in unsere Arbeit einfliessen lassen. Ein Ergebnis dieser Arbeit, auf das wir ganz besonders stolz sind, ist unser neuer, exklusiver Zellschutzkomplex. Zu hoher oxidativer Stress, ist zu einem generellen Problem in unserer modernen Gesellschaft geworden.\u00a0Die Gr\u00fcnde hierf\u00fcr sind vor allem in unserer Lebensf\u00fchrung zu suchen. Allen voran die \u00fcberm\u00e4ssige Verwendung von Genussmitteln, eine einseitige Ern\u00e4hrungsweise, Stress in Schule, Alltag und Beruf, Bewegungsmangel, aber auch Umweltgifte und verschiedene Medikamente, deren Einnahme zwingend notwendig ist. Die Folgen k\u00f6nnen ein geschw\u00e4chtes Immunsystem, beschleunigte Zellalterung, chronisch entz\u00fcndliche Erkrankungen, Stoffwechselst\u00f6rungen und unerw\u00fcnschte Arzneimittelwirkungen sein. Demgegen\u00fcber steht bei den meisten Menschen eine zu geringe Aufnahme von Obst, Gem\u00fcse, Kr\u00e4utern und Pilzen. Mit der Folge eines Mangels an sekund\u00e4ren Pflanzenstoffen. F\u00fcr zahlreiche Substanzen dieser umfangreichen Naturstoffgruppe, gilt eine antioxidative Wirkung inzwischen als wissenschaftlich belegt. Mit unserem intelligent zusammengesetzten Zellschutzkomplex, bieten wir eine L\u00f6sung f\u00fcr diese moderne Form der Mangelern\u00e4hrung. Sie finden ihn deshalb zus\u00e4tzlich in vielen unserer aktuellen Produkte.<\/p>\n<h5>Tipp:<\/h5>\n<p>Bei trockenen und gereizten Augen kann ein wenig Detektivarbeit gute Dienste leisten: Suchen Sie nach Ihrem individuellen Ausl\u00f6ser f\u00fcr die Beschwerden und versuchen Sie dann, diesen so gut es geht zu meiden. Oft hilft es schon, einmal in der Stunde bewusst f\u00fcr einige Sekunden zu blinzeln oder den Blick regelm\u00e4\u00dfig vom Monitor abschweifen zu lassen und aus dem Fenster zu schauen. Achten Sie auch einmal bewusst darauf, wie oft Sie sich mit den H\u00e4nden an die Augen fassen und reiben. Gerade hierdurch nehmen die Beschwerden nur noch zu und Sie riskieren, sich \u00fcber die H\u00e4nde zu infizieren.<\/p>\n<p>&nbsp;<\/p>\n<p><strong>Anwendung:<\/strong><\/p>\n<p>T\u00e4glich zwei\u00a0Kapseln\u00a0mit ausreichend Fl\u00fcssigkeit einnehmen.\u00a0Die Produkte sollten langfristig und konsequent angewandt werden, denn nur so ist es gew\u00e4hrleistet, dass die hochwertigen Wirkstoffe die gew\u00fcnschten Ergebnisse erzielen.<br \/>\nEine Dose reicht f\u00fcr einen Monatsbedarf und ist f\u00fcr eine dauerhafte Anwendung geeignet.<\/p>\n<p>Anwendungsdauer Empfehlung:\u00a0mindestens eine drei-Monatskur.<\/p>\n<p><strong>Zutaten:<\/strong><\/p>\n<p>Holunderbl\u00fcten Pulver, Kapselh\u00fclle: Hydroxypropylmethylcellulose,\u00a0Zellschutz\u00a0Komplex\u00a0(Camu Camu Extrakt mit 20 % Vitamin C,\u00a0Vitamin C,\u00a0Jiaogulanextrakt, Cordycepspulver, Shiitakepulver, Kapernextrakt, Astragaloside\u00a0Extrakt (1%),\u00a0Gerstenextrakt\u00a0mit 20-25% \u00df-Glucan, Chlorophyllin, Melonenextrakt\u00a0(Extramel\u00ae) enth\u00e4lt bioaktive Superoxiddismutase (SOD), schwarzer Pfefferextrakt mit 95% Piperin), Rote Beetepulver, Heidelbeerpulver, Tagetesextrakt (5% Lutein), 4,6% Holunderbeeren Extrakt\u00a0(10% Anthocyane), D-L-Alpha Tocopherolacetat, Beta Carotin, Astaxanthin\u00a0(2% Carotinoide), Tagetesextrakt (5% Zeaxantin), Mittelkettige Triglyceride,\u00a0Trennmittel: Magnesiumsalze der Speisefetts\u00e4uren, Retinylacetat, Riboflavin<\/p>\n<ul>\n<li>Vitamin C tr\u00e4gt dazu bei, die Zellen vor oxidativem Stress zu sch\u00fctzen<\/li>\n<li>Vitamin A und Vitamin B2 tragen zur Erhaltung normaler Sehkraft bei.<\/li>\n<\/ul>\n<p>Hinweis:<\/p>\n<p>Die angegebene empfohlene t\u00e4gliche Verzehrsmenge darf nicht \u00fcberschritten werden. Nahrungserg\u00e4nzungsmittel sollten nicht als Ersatz f\u00fcr eine ausgewogene und abwechslungsreiche Ern\u00e4hrung verwendet werden. Ausserhalb der Reichweite von Kindern aufbewahren.\u00a0Lagern Sie das Produkt trocken, lichtgesch\u00fctzt und nicht \u00fcber 25\u00b0C.<\/p>\n<p>Benutzen Sie dieses Produkt nicht, wenn das Sicherheitssiegel besch\u00e4digt ist.<\/p>\n<p>Wenn Sie schwanger sind oder stillen, kontaktieren\u00a0Sie bitte Ihren Arzt, bevor Sie das Produkt benutzen.<\/p>\n<p>Zusammensetzung:<\/p>\n<table border=\"0\" cellspacing=\"1\" cellpadding=\"5\">\n<tbody>\n<tr>\n<td>Zusammensetzung<\/td>\n<td>pro Tagesdosis (2 Kapseln)<\/td>\n<td>RM (%)<\/td>\n<\/tr>\n<tr>\n<td>Holunderbl\u00fcten Pulver<\/td>\n<td>310.00 mg<\/td>\n<td>**<\/td>\n<\/tr>\n<tr>\n<td>Tagetesextrakt<\/td>\n<td>77.00 mg<\/td>\n<td>**<\/td>\n<\/tr>\n<tr>\n<td>&#8211; davon Lutein 5%<\/td>\n<td>3.85 mg<\/td>\n<td>**<\/td>\n<\/tr>\n<tr>\n<td>Vitamin E<\/td>\n<td>12.02 mg a-TE<\/td>\n<td>100.24 %<\/td>\n<\/tr>\n<tr>\n<td>Vitamin B2<\/td>\n<td>1.40 mg<\/td>\n<td>100.00 %<\/td>\n<\/tr>\n<tr>\n<td>Vitamin A<\/td>\n<td>803.60\u00a0\u03bcg RE<\/td>\n<td>100.45 %<\/td>\n<\/tr>\n<tr>\n<td><\/td>\n<td><\/td>\n<td><\/td>\n<\/tr>\n<tr>\n<td colspan=\"3\">RM(%): Referenzmengen (f\u00fcr den durchschnittlichen Erwachsenen) nach LMIV<\/td>\n<\/tr>\n<tr>\n<td colspan=\"3\">**keine Referenzmenge vorhanden<\/td>\n<\/tr>\n<\/tbody>\n<\/table>\n<p>&nbsp;<\/p>\n","protected":false},"excerpt":{"rendered":"<p>Gutes f\u00fcr die Augen mit Lutein Holunder\u00a0Kapseln\u00a0mit Vitamin A,\u00a0B2, Lutein\u00a0und nat\u00fcrlichem\u00a0Zellschutz Komplex Nahrungserg\u00e4nzungsmittel mit Holunderbl\u00fcten Pulver, Kapselh\u00fclle: Hydroxypropylmethylcellulose,\u00a0Zellschutz\u00a0Komplex\u00a0(Camu Camu Extrakt mit 20 % Vitamin C,\u00a0Vitamin C,\u00a0Jiaogulanextrakt, Cordycepspulver, Shiitakepulver, Kapernextrakt, Astragaloside\u00a0Extrakt (1%),\u00a0Gerstenextrakt\u00a0mit 20-25% \u00df-Glucan, Chlorophyllin, Melonenextrakt\u00a0(Extramel\u00ae) enth\u00e4lt bioaktive Superoxiddismutase (SOD), schwarzer Pfefferextrakt mit 95% Piperin), Rote Beetepulver, Heidelbeerpulver, Tagetesextrakt (5% Lutein), 4,6% Holunderbeeren Extrakt\u00a0(10% Anthocyane), D-L-Alpha &hellip;<\/p>\n<p class=\"read-more\"> <a class=\"\" href=\"https:\/\/schmecktbesser.ch\/index.php\/product\/augen-holunder-kapseln-vitamin-a-und-vitamin-b2-tragen-zur-erhaltung-normaler-sehkraft-bei-30-tage-versorgung-inhalt-60-kapseln-fuellmenge-328-g\/\"> <span class=\"screen-reader-text\">DURCHBLICK Augen Holunder Lutein Kapseln Lutein, Vitamin A und Vitamin B2 tragen zur Erhaltung normaler Sehkraft bei 30 Tage Versorgung  Inhalt: 60 Kapseln | F\u00fcllmenge: 32,8g.<\/span> Mehr lesen &raquo;<\/a><\/p>\n","protected":false},"featured_media":7210,"template":"","meta":{"site-sidebar-layout":"default","site-content-layout":"default","ast-global-header-display":"","ast-main-header-display":"","ast-hfb-above-header-display":"","ast-hfb-below-header-display":"","ast-hfb-mobile-header-display":"","site-post-title":"","ast-breadcrumbs-content":"","ast-featured-img":"","footer-sml-layout":"","theme-transparent-header-meta":"default","adv-header-id-meta":"","stick-header-meta":"","header-above-stick-meta":"","header-main-stick-meta":"","header-below-stick-meta":""},"product_cat":[15,270],"product_tag":[],"class_list":{"0":"post-7209","1":"product","2":"type-product","3":"status-publish","4":"has-post-thumbnail","6":"product_cat-uncategorized","7":"product_cat-nahrungsergaenzung","8":"desktop-align-center","9":"tablet-align-center","10":"mobile-align-center","12":"first","13":"instock","14":"taxable","15":"shipping-taxable","16":"purchasable","17":"product-type-simple"},"_links":{"self":[{"href":"https:\/\/schmecktbesser.ch\/index.php\/wp-json\/wp\/v2\/product\/7209","targetHints":{"allow":["GET"]}}],"collection":[{"href":"https:\/\/schmecktbesser.ch\/index.php\/wp-json\/wp\/v2\/product"}],"about":[{"href":"https:\/\/schmecktbesser.ch\/index.php\/wp-json\/wp\/v2\/types\/product"}],"wp:featuredmedia":[{"embeddable":true,"href":"https:\/\/schmecktbesser.ch\/index.php\/wp-json\/wp\/v2\/media\/7210"}],"wp:attachment":[{"href":"https:\/\/schmecktbesser.ch\/index.php\/wp-json\/wp\/v2\/media?parent=7209"}],"wp:term":[{"taxonomy":"product_cat","embeddable":true,"href":"https:\/\/schmecktbesser.ch\/index.php\/wp-json\/wp\/v2\/product_cat?post=7209"},{"taxonomy":"product_tag","embeddable":true,"href":"https:\/\/schmecktbesser.ch\/index.php\/wp-json\/wp\/v2\/product_tag?post=7209"}],"curies":[{"name":"wp","href":"https:\/\/api.w.org\/{rel}","templated":true}]}}