{"id":7213,"date":"2024-05-05T16:27:08","date_gmt":"2024-05-05T14:27:08","guid":{"rendered":"https:\/\/schmecktbesser.ch\/?post_type=product&#038;p=7213"},"modified":"2025-01-30T17:41:29","modified_gmt":"2025-01-30T16:41:29","slug":"venenheld-kapseln-vitamin-c-traegt-zu-einer-normalen-kollagenbildung-fuer-eine-normale-funktion-der-blutgefaesse-bei-30-tage-versorgung-inhalt-60-kapseln-fuellmenge-338-g","status":"publish","type":"product","link":"https:\/\/schmecktbesser.yogalingam.ch\/index.php\/product\/venenheld-kapseln-vitamin-c-traegt-zu-einer-normalen-kollagenbildung-fuer-eine-normale-funktion-der-blutgefaesse-bei-30-tage-versorgung-inhalt-60-kapseln-fuellmenge-338-g\/","title":{"rendered":"VenenHeld Citrus Aurantium Kapseln Gutes f\u00fcr die Venen und Blutgef\u00e4sse  Citurs Aurantium Kapseln mit nat\u00fcrlichem Zellschutz Komplex"},"content":{"rendered":"<h2>Vitamin C tr\u00e4gt zu einer normalen Kollagenbildung f\u00fcr eine normale Funktion der Blutgef\u00e4\u00dfe bei<\/h2>\n<p>&nbsp;<\/p>\n<p>Nahrungserg\u00e4nzungsmittel mit Citrus Extrakt (50% Bioflavonoide), Kapselh\u00fclle: Hydroxypropylmethylcellulose, ZellschutzKomplex (Camu Camu Extrakt mit 20 % Vitamin C, Vitamin C, Jiaogulan Extrakt, Cordyceps Sinensis Pulver, Shiitake Pulver, Kapern Extrakt, Astragaloside Extrakt I-VII, Gersten Extrakt mit 20-25 % \u00df-Glucan, Chlorophyllin, Melonen Extrakt (Extramel\u00ae) enth\u00e4lt bioaktive Superoxiddismutase (SOD), schwarzer Pfeffer Extrakt mit 95 % Piperine), Ginkgo Biloba Blatt Pulver, Buchweizenmehl, Rosskastanien Extrakt, Vitamin C, Trennmittel: Magnesiumsalze der Speisefetts\u00e4uren, mittelkettige Triglyceride \u00d6l, Vitamin B12, Vitamin B6, Fols\u00e4ure\u00a0&#8211; hochwertiges Qualit\u00e4tsprodukt von PlantaVis.<\/p>\n<h5>Citrus\u00a0Aurantium\u00a0Kapseln (VenenHeld) f\u00fcr die Blutgef\u00e4sse mit nat\u00fcrlichem\u00a0Zellschutz Komplex von PlantaVis<\/h5>\n<p>Vitamin C tr\u00e4gt zu einer normalen Kollagenbildung f\u00fcr eine normale Funktion der Blutgef\u00e4sse bei<\/p>\n<p>Citrus-Bioflavonoide sind starke Antioxidantien. Sie tragen zum Schutz vor freien Radikalen bei. Sie bewahren u.a. Vitamin C vor der Oxidation.<\/p>\n<p>Venenleiden sind \u00fcberaus verbreitet und keineswegs allein bei \u00e4lteren Menschen anzutreffen. Was die Beinvenen entlastet, zur Abschwellung von geschwollenen Beinen beitr\u00e4gt und die Durchblutung der Beine f\u00f6rdert, ist gut f\u00fcr die Venen.\u00a0Citrus Aurantinum\u00a0enth\u00e4lt Bioflavonoide wie Hesperidin, Rutin, Naringin und Quercitrin. Insbesondere das Hesperidin wird gegen ven\u00f6se Beinbeschwerden eingesetzt und hat zudem antioxidative Eigenschaften.<\/p>\n<h5>Das Venensystem leistet schwere Arbeit<\/h5>\n<p>Das Arteriensystem transportiert sauerstoff- und n\u00e4hrstoffreiches Blut bis in die \u00e4ussersten Winkel des K\u00f6rpers und bis in s\u00e4mtliche Zellen. Anschliessend \u00fcbernimmt das Venensystem den R\u00fccktransport des sauerstoff- und n\u00e4hrstoffarmen Blutes zur\u00fcck zum Herzen. Unsere Venen transportieren dabei jeden Tag rund 7.000 Liter Blut zum Herzen. Dabei leisten vor allem die Beinvenen schwere Arbeit. Wenn dieser ven\u00f6se R\u00fcckstrom nicht richtig funktioniert, kommt es zu Beschwerden. Erste Anzeichen sind oft Ver\u00e4nderungen an den Beinen wie Besenreiser, die anfangs eher kosmetisch st\u00f6ren. Sp\u00e4testens wenn jedoch Krampfadern entstehen, geht es um mehr als nur kosmetische Aspekte. Schwere, m\u00fcde und juckende Beine oder geschwollene Kn\u00f6chel k\u00f6nnen Hinweise auf eine Venenschw\u00e4che sein. Wer die Anzeichen richtig deutet und rechtzeitig handelt, kann die Symptome lindern und die Lebensqualit\u00e4t steigern.<\/p>\n<h5>Hesperidin aus Citrus-Bioflavonoiden bei ven\u00f6sen Beinbeschwerden<\/h5>\n<p>Citrus-Bioflavonoide ist ein Sammelbegriff f\u00fcr verschiedene Arten von Flavonoiden, die in Citrusfr\u00fcchten, vorwiegend in den Schalen, vorkommen. Sie geben den Bl\u00e4ttern und Bl\u00fcten ihre F\u00e4rbung und bieten den Pflanzen Schutz vor \u00e4usseren sch\u00e4dlichen Einfl\u00fcssen. Hochinteressant sind sie aber auch, weil sie als Venenmittel eingesetzt werden k\u00f6nnen. Hier wird ihnen (allen voran dem Hesperidin) insbesondere eine gef\u00e4sssch\u00fctzende und \u00f6demprotektive Wirkung zugeschrieben. Citrus-Bioflavonoide sind starke\u00a0Antioxidantien. Sie tragen zum Schutz vor freien Radikalen bei. Weil sie mit\u00a0Vitamin C\u00a0synergistisch wirken und es vor Oxidation sch\u00fctzen k\u00f6nnen, gelten Citrus-Bioflavonoide als wahre Vitaminverst\u00e4rker.<\/p>\n<p>\u201eGutes f\u00fcr die Venen\u201c VenenHeld enth\u00e4lt\u00a0Citrus Extrakt, der zu 50 % aus Bioflavonoiden besteht,\u00a0erg\u00e4nzt durch Vitamin B6, Fols\u00e4ure, Vitamin B12, Vitamin C und dem exklusiven\u00a0ZellschutzKomplex von PlantaVis.<\/p>\n<ul>\n<li>Vitamin C\u00a0tr\u00e4gt zu einer normalen Kollagenbildung f\u00fcr eine normale Funktion der Blutgef\u00e4sse bei<\/li>\n<li>Vitamin B6, B12 und\u00a0Vitamin C\u00a0tragen zu einer normalen Funktion des Immunsystems bei<\/li>\n<li>Folat (Fols\u00e4ure) und\u00a0Vitamin B12\u00a0haben eine Funktion bei der Zellteilung\u00a0und tragen zur Bildung roter Blutk\u00f6rperchen bei<\/li>\n<li>Fols\u00e4ure tr\u00e4gt zu einer normalen Blutbildung bei<\/li>\n<\/ul>\n<h5>Hauptbestandteile unseres Zellschutzkomplexes sind:<\/h5>\n<p>ZellschutzKomplex: (Camu Camu Extrakt mit 20 % Vitamin C, Vitamin C , Jiaogulan Extrakt, Cordyceps Sinensis Pulver, Shiitake Pulver, Kapern Extrakt, Astragaloside Extrakt I-VII,\u00a0Gersten Extrakt\u00a0mit 20-25% \u00df-Glucan, Chlorophyllin, Melonen Extrakt (EXTRAMEL\u00ae) enth\u00e4lt bioaktive Superoxiddismutase (SOD), schwarzer Pfeffer Extrakt mit 95% Piperine)<\/p>\n<h5>\u200bWas ist der exklusive\u00a0Zellschutz Komplex von PlantaVis?<\/h5>\n<p>Als innovatives Unternehmen in Sachen Herstellung und Entwicklung von Nahrungserg\u00e4nzungsmitteln, arbeiten wir von der PlantaVis\u00ae eng mit Wissenschaftlern aus den Bereichen Ern\u00e4hrung, Epi- und Nutrigenetik sowie der Medizin und Pharmazie zusammen. Neben dem \u00fcberlieferten, tradierten Wissen um den gesundheitlichen Wert von Nahrungsmitteln aus aller Welt, legen wir grossen Wert auf modernste Forschungsergebnisse, die wir tagt\u00e4glich in unsere Arbeit einfliessen lassen. Ein Ergebnis dieser Arbeit, auf das wir ganz besonders stolz sind, ist unser neuer, exklusiver Zellschutzkomplex. Zu hoher oxidativer Stress, ist zu einem generellen Problem in unserer modernen Gesellschaft geworden.\u00a0Die Gr\u00fcnde hierf\u00fcr sind vor allem in unserer Lebensf\u00fchrung zu suchen. Allen voran die \u00fcberm\u00e4ssige Verwendung von Genussmitteln, eine einseitige Ern\u00e4hrungsweise, Stress in Schule, Alltag und Beruf, Bewegungsmangel, aber auch Umweltgifte und verschiedene Medikamente, deren Einnahme zwingend notwendig ist. Die Folgen k\u00f6nnen ein geschw\u00e4chtes Immunsystem, beschleunigte Zellalterung, chronisch entz\u00fcndliche Erkrankungen, Stoffwechselst\u00f6rungen und unerw\u00fcnschte Arzneimittelwirkungen sein. Demgegen\u00fcber steht bei den meisten Menschen eine zu geringe Aufnahme von Obst, Gem\u00fcse, Kr\u00e4utern und Pilzen. Mit der Folge eines Mangels an sekund\u00e4ren Pflanzenstoffen. F\u00fcr zahlreiche Substanzen dieser umfangreichen Naturstoffgruppe, gilt eine antioxidative Wirkung inzwischen als wissenschaftlich belegt. Mit unserem intelligent zusammengesetzten Zellschutzkomplex, bieten wir eine L\u00f6sung f\u00fcr diese moderne Form der Mangelern\u00e4hrung. Sie finden ihn deshalb zus\u00e4tzlich in vielen unserer aktuellen Produkte.<\/p>\n<h5>Tipp:<\/h5>\n<p>Liegen und Laufen entlastet die Venen, deshalb treten Beschwerden h\u00e4ufig nach l\u00e4ngerem Sitzen und Stehen auf. Berufe mit sehr langen Sitz- oder Stehzeiten sind besonders belastend. Sitzen und stehen Sie nicht zu lange am St\u00fcck. Nutzen Sie vielmehr jede M\u00f6glichkeit zur Bewegung, auch und gerade zwischendurch: mal bewusst die Treppe nehmen oder einige Schritte laufen. Auch gibt es spezielle Venengymnastik f\u00fcrs B\u00fcro, die man sozusagen nebenbei machen und so den Venen zus\u00e4tzlich Gutes tun\u00a0kann,\u00a0(beispielsweise die F\u00fcsse kreisen lassen oder die Fussspitzen abwechselnd nach oben und unten bewegen).<\/p>\n<p>Da gesundheitsbezogene Aussagen\u00a0f\u00fcr ein Nahrungserg\u00e4nzungsmittel wie Citrus\u00a0Aurantium\u00a0Kapseln (VenenHeld)\u00a0und dessen\u00a0Zutaten nur im gesetzlichen Ramen m\u00f6glich sind, ist eine Internetrecherche \u00fcber die positiven Eigenschaften zu empfehlen.<br \/>\nInternetrecherche:\u00a0<a href=\"https:\/\/www.pharmawiki.ch\/wiki\/index.php?wiki=Rosskastanie\" target=\"_blank\" rel=\"noopener\">Rosskastanien<\/a>,\u00a0<a href=\"https:\/\/de.wikipedia.org\/wiki\/Ginkgo\" target=\"_blank\" rel=\"noopener\">Gingko Biloba<\/a><\/p>\n<p><strong>Anwendung:<\/strong><\/p>\n<p>T\u00e4glich eine\u00a0Kapsel\u00a0mit ausreichend Fl\u00fcssigkeit einnehmen.\u00a0Die Produkte sollten langfristig und konsequent angewandt werden, denn nur so ist es gew\u00e4hrleistet, dass die hochwertigen Wirkstoffe die gew\u00fcnschten Ergebnisse erzielen.<br \/>\nEine Dose reicht f\u00fcr einen Monatsbedarf und ist f\u00fcr eine dauerhafte Anwendung geeignet.<\/p>\n<p>&nbsp;<\/p>\n<p><strong>Zutaten:<\/strong><\/p>\n<p>Citrus Extrakt (50% Bioflavonoide), Kapselh\u00fclle: Hydroxypropylmethylcellulose, ZellschutzKomplex (Camu Camu Extrakt mit 20 % Vitamin C, Vitamin C, Jiaogulan Extrakt, Cordyceps Sinensis Pulver, Shiitake Pulver, Kapern Extrakt, Astragaloside Extrakt I-VII, Gersten Extrakt mit 20-25 % \u00df-Glucan, Chlorophyllin, Melonen Extrakt (Extramel\u00ae) enth\u00e4lt bioaktive Superoxiddismutase (SOD), schwarzer Pfeffer Extrakt mit 95 % Piperine), Ginkgo Biloba Blatt Pulver, Buchweizenmehl, Rosskastanien Extrakt, Vitamin C, Trennmittel: Magnesiumsalze der Speisefetts\u00e4uren, mittelkettige Triglyceride \u00d6l, Vitamin B12, Vitamin B6, Fols\u00e4ure<\/p>\n<ul>\n<li>Vitamin C tr\u00e4gt zu einer normalen Kollagenbildung f\u00fcr eine normale Funktion der Blutgef\u00e4sse bei<\/li>\n<li>Vitamin B6, B12 und Vitamin C tragen zu einer normalen Funktion des Immunsystems bei<\/li>\n<li>Folat (Fols\u00e4ure) und Vitamin B12 haben eine Funktion bei der Zellteilung und tragen zur Bildung roter Blutk\u00f6rperchen bei<\/li>\n<\/ul>\n<p><strong>Zusammensetzung:<\/strong><\/p>\n<table border=\"0\" cellspacing=\"1\" cellpadding=\"5\">\n<tbody>\n<tr>\n<td>Zusammensetzung<\/td>\n<td>pro Tagesdosis (1 Kapsel)<\/td>\n<td>RM (%)<\/td>\n<\/tr>\n<tr>\n<td>Citrus Bioflavonoide<\/td>\n<td>132.00 mg<\/td>\n<td>**<\/td>\n<\/tr>\n<tr>\n<td>Rosskastanien Extrakt<\/td>\n<td>30.00 mg<\/td>\n<td>**<\/td>\n<\/tr>\n<tr>\n<td>-davon Aescin (20%)<\/td>\n<td>6.00 mg<\/td>\n<td>**<\/td>\n<\/tr>\n<tr>\n<td>Vitamin B6<\/td>\n<td>705.20\u00a0\u03bcg<\/td>\n<td>100.74 %<\/td>\n<\/tr>\n<tr>\n<td>Fols\u00e4ure,\u00a0Vitamin B9<\/td>\n<td>100.00\u00a0\u03bcg<\/td>\n<td>100.00 %<\/td>\n<\/tr>\n<tr>\n<td>Vitamin B12<\/td>\n<td>1.25 \u03bcg<\/td>\n<td>100.00 %<\/td>\n<\/tr>\n<tr>\n<td><\/td>\n<td><\/td>\n<td><\/td>\n<\/tr>\n<tr>\n<td colspan=\"3\">RM(%): Referenzmengen (f\u00fcr den durchschnittlichen Erwachsenen) nach LMIV<br \/>\n**keine Empfehlung vorhanden<\/td>\n<\/tr>\n<\/tbody>\n<\/table>\n<p><strong>Hinweis:<\/strong><\/p>\n<p>Die angegebene empfohlene t\u00e4gliche Verzehrsmenge darf nicht \u00fcberschritten werden. Nahrungserg\u00e4nzungsmittel sollten nicht als Ersatz f\u00fcr eine ausgewogene und abwechslungsreiche Ern\u00e4hrung verwendet werden. Ausserhalb der Reichweite von Kindern aufbewahren.\u00a0Lagern Sie das Produkt trocken, lichtgesch\u00fctzt und nicht \u00fcber 25\u00b0C.<\/p>\n<p>Benutzen Sie dieses Produkt nicht, wenn das Sicherheitssiegel besch\u00e4digt ist.<\/p>\n<p>Wenn Sie schwanger sind oder stillen, kontaktieren\u00a0Sie bitte Ihren Arzt, bevor Sie das Produkt benutzen.<\/p>\n<p>&nbsp;<\/p>\n<p>&nbsp;<\/p>\n","protected":false},"excerpt":{"rendered":"<p>Vitamin C tr\u00e4gt zu einer normalen Kollagenbildung f\u00fcr eine normale Funktion der Blutgef\u00e4\u00dfe bei &nbsp; Nahrungserg\u00e4nzungsmittel mit Citrus Extrakt (50% Bioflavonoide), Kapselh\u00fclle: Hydroxypropylmethylcellulose, ZellschutzKomplex (Camu Camu Extrakt mit 20 % Vitamin C, Vitamin C, Jiaogulan Extrakt, Cordyceps Sinensis Pulver, Shiitake Pulver, Kapern Extrakt, Astragaloside Extrakt I-VII, Gersten Extrakt mit 20-25 % \u00df-Glucan, Chlorophyllin, Melonen Extrakt [&hellip;]<\/p>\n","protected":false},"featured_media":7214,"template":"","meta":[],"product_brand":[],"product_cat":[15,270],"product_tag":[],"class_list":{"0":"post-7213","1":"product","2":"type-product","3":"status-publish","4":"has-post-thumbnail","6":"product_cat-uncategorized","7":"product_cat-nahrungsergaenzung","9":"first","10":"instock","11":"taxable","12":"shipping-taxable","13":"purchasable","14":"product-type-simple"},"_links":{"self":[{"href":"https:\/\/schmecktbesser.yogalingam.ch\/index.php\/wp-json\/wp\/v2\/product\/7213","targetHints":{"allow":["GET"]}}],"collection":[{"href":"https:\/\/schmecktbesser.yogalingam.ch\/index.php\/wp-json\/wp\/v2\/product"}],"about":[{"href":"https:\/\/schmecktbesser.yogalingam.ch\/index.php\/wp-json\/wp\/v2\/types\/product"}],"wp:featuredmedia":[{"embeddable":true,"href":"https:\/\/schmecktbesser.yogalingam.ch\/index.php\/wp-json\/wp\/v2\/media\/7214"}],"wp:attachment":[{"href":"https:\/\/schmecktbesser.yogalingam.ch\/index.php\/wp-json\/wp\/v2\/media?parent=7213"}],"wp:term":[{"taxonomy":"product_brand","embeddable":true,"href":"https:\/\/schmecktbesser.yogalingam.ch\/index.php\/wp-json\/wp\/v2\/product_brand?post=7213"},{"taxonomy":"product_cat","embeddable":true,"href":"https:\/\/schmecktbesser.yogalingam.ch\/index.php\/wp-json\/wp\/v2\/product_cat?post=7213"},{"taxonomy":"product_tag","embeddable":true,"href":"https:\/\/schmecktbesser.yogalingam.ch\/index.php\/wp-json\/wp\/v2\/product_tag?post=7213"}],"curies":[{"name":"wp","href":"https:\/\/api.w.org\/{rel}","templated":true}]}}