{"id":7215,"date":"2024-05-05T16:32:34","date_gmt":"2024-05-05T14:32:34","guid":{"rendered":"https:\/\/schmecktbesser.ch\/?post_type=product&#038;p=7215"},"modified":"2024-10-24T15:01:55","modified_gmt":"2024-10-24T13:01:55","slug":"saettigungskapseln-120stk-zur-wirksamen-behandlung-von-uebergewicht-und-zur-gewichtskontrolle-im-rahmen-eines-diaetplanes-inhalt-120-kapseln-fuellmenge-72-1-g","status":"publish","type":"product","link":"https:\/\/schmecktbesser.yogalingam.ch\/index.php\/product\/saettigungskapseln-120stk-zur-wirksamen-behandlung-von-uebergewicht-und-zur-gewichtskontrolle-im-rahmen-eines-diaetplanes-inhalt-120-kapseln-fuellmenge-72-1-g\/","title":{"rendered":"S\u00e4ttigungskapseln 120Stk. nat\u00fcrlich satt und gesund abnehmen im Rahmen eines Di\u00e4tplanes Inhalt: 120 Kapseln | F\u00fcllmenge: 72.1g."},"content":{"rendered":"<p><strong>Nat\u00fcrliche Gewichtskontrolle mit Flohsamenschalen Pulver<\/strong><\/p>\n<h5>S\u00e4ttigungskapseln PlantaSlim zur Gewichtsreduktion\u00a0in Verbindung mit einem Di\u00e4tplan\u00a0&#8211; Im Rahmen einer 30\u00a0Tage Kur<\/h5>\n<p>hochwertiges Qualit\u00e4tsprodukt von PlantaVis.<\/p>\n<h5>S\u00e4ttigungskapseln PlantaSlim \u2013 Der leichte Weg zur guten Figur!<\/h5>\n<p>Die PlantaSlim S\u00e4ttigungskapseln enthalten 99 % indisches Flohsamenschalen Pulver, dieses ist nahezu kalorienfrei, vegan, laktose- und glutenfrei und wirkt als nat\u00fcrlicher, pflanzlicher Quellstoff.<\/p>\n<p>Die gr\u00f6ssten Feinde einer Di\u00e4t sind sicherlich \u00fcberm\u00e4ssiger Appetit und ein andauerndes Hungergef\u00fchl. Beides l\u00e4sst sich auf nat\u00fcrliche Weise vermeiden. Unsere S\u00e4ttigungskapseln enthalten einen nahezu kalorienfreien, fein gemahlenen rein pflanzlichen Quellstoff: indisches\u00a0Flohsamenschalen Pulver (Plantago ovata Forssk), orientalische Wegerich-Art. Nach der Einnahme mit Fl\u00fcssigkeit l\u00f6sen sich die Kapseln im Magen auf und quellen zu einer weichen, gelartigen Masse auf. Dadurch setzt w\u00e4hrend des Essens schneller ein S\u00e4ttigungsgef\u00fchl ein und es f\u00e4llt Ihnen leichter, weniger zu essen. So wird die Kalorienzufuhr nat\u00fcrlich reduziert und die Di\u00e4tmassnahmen zeigen besseren Erfolg.<\/p>\n<p>Wichtig ist dabei, dass Sie die S\u00e4ttigungskapseln lediglich unterst\u00fctzend und nicht als alleinige Massnahme einsetzen. Denn die blose Reduzierung von Kalorien f\u00fchrt zwar zu Gewichtsverlust, aber nicht zwangsweise zu einem ges\u00fcnderen K\u00f6rper. Achten Sie also darauf, die S\u00e4ttigungskapseln in einen zielf\u00fchrenden Di\u00e4tplan mit ausgewogener Ern\u00e4hrung und gen\u00fcgend Bewegung zu integrieren.<\/p>\n<ul>\n<li>zur Erh\u00f6hung des S\u00e4ttigungsgef\u00fchls und damit zur Appetitreduktion<\/li>\n<li>nat\u00fcrlicher Weg zur Wunschfigur und\u00a0zur Unterst\u00fctzung der Verdauung<\/li>\n<li>Gewichtsreduktion\u00a0in Verbindung mit einem Di\u00e4tplan<\/li>\n<\/ul>\n<p>Flohsamenschalenpulver\u00a0werden auch zur Unterst\u00fctzung einer nat\u00fcrlichen Verdauung und zur F\u00f6rderung der Darmgesundheit immer beliebter. Als rein pflanzliches Lebensmittel liefern sie einen hohen Gehalt an bek\u00f6mmlichen und ausserordentlich quellf\u00e4higen Schleimstoffen.\u00a0Verwenden Sie PlantaSlim mit nat\u00fcrlichen Flohsamenschalen als Teil einer Tagesration f\u00fcr eine gewichtskontrollierende Ern\u00e4hrung.<\/p>\n<h5>Die\u00a0S\u00e4ttigungskapseln unterst\u00fctzen Sie beim Abnehmen<\/h5>\n<p>\u00dcbergewicht ist eine h\u00e4ufige Begleiterscheinung unserer Zeit und Gesellschaft. Der Ursprung daf\u00fcr liegt oftmals in einem ungesunden Lebenswandel aus zu wenig Bewegung, Stress und schlechter Ern\u00e4hrung. Auf dem Weg zu Ihrem Wohlf\u00fchlgewicht unterst\u00fctzen wir Sie mit den PlantaVis S\u00e4ttigungskapseln.\u00a0Die PlantaSlim S\u00e4ttigungskapseln sind der optimale Begleiter f\u00fcr jede Di\u00e4t. S\u00e4ttigungskapseln sind f\u00fcr viele\u00a0Menschen eines der beliebtesten Di\u00e4t-Produkte. Die Kapseln setzen dort an, wo bei vielen das \u00dcbergewicht entsteht, sie helfen dabei, das Hungergef\u00fchl sp\u00fcrbar zu minimieren.<\/p>\n<h5>Auf nat\u00fcrliche Weise schneller satt werden<\/h5>\n<p>\u00dcber 50 Prozent der Schweizer Bev\u00f6lkerung\u00a0tragen das eine oder andere\u00a0Fettpolster\u00a0zu viel mit sich herum. Die meisten der Betroffenen haben \u00a0auch schon mal eine Abnehm-Di\u00e4t oder mehrere Kuren hinter sich. Dabei konnten viele feststellen, dass eine Di\u00e4t verbunden mit einem\u00a0Nahrungsentzug\u00a0oder Hungern nur kurzfristig zum Erfolg f\u00fchrte. Begleitet werden solche einseitigen Di\u00e4ten von Heisshunger-Attacken sowie davon, dass sich der Metabolismus, Stoffwechsel (Biotransformation)\u00a0auf eine D\u00fcrreperiode umstellt und zugef\u00fchrte Energie umso effektiver nutzt und speichert. Wird die Di\u00e4t beendet und wieder normal gegessen, kommen die unerw\u00fcnschten Kilos\u00a0auf diese Weise ganz schnell wieder zur\u00fcck (Jojoeffekt).<\/p>\n<h5>Der Flohsamen<\/h5>\n<p>Die Samen des Flohsamens\u00a0enthalten l\u00f6sliche Ballaststoffe, die beachtliche Mengen an Wasser aufnehmen k\u00f6nnen. Nur ein Teel\u00f6ffel mit Flohsamen l\u00e4sst eine Tasse voll Wasser innerhalb einer Minute so dickfl\u00fcssig wie Pudding werden.<\/p>\n<p>Das enorme Quellverm\u00f6gen des Flohsamens macht ihn zu einem probaten Hilfsmittel gegen Darmtr\u00e4gheit: Der Darminhalt wird durch den Flohsamen vermehrt, ein Dehnungsreiz wird ausgel\u00f6st und dieser f\u00fchrt dann schliesslich zur Darmentleerung.<\/p>\n<p>Gleichzeitig werden m\u00f6glicherweise vorhandene Schlacken oder Kotreste von den Darmw\u00e4nden entfernt, weshalb Flohsamen zu den\u00a0Bestandteilen einer jeden hochwertigen Darmreinigung geh\u00f6ren.<\/p>\n<p>Will man die Wirkung des Flohsamens verst\u00e4rken, dann w\u00e4hlt man nicht den ganzen Flohsamen, sondern Flohsamenschalen. Je feiner diese pulverisiert sind, umso st\u00e4rker ist deren Quellverm\u00f6gen und somit ihre darm-reinigende Wirkung.<\/p>\n<p>In Verbindung mit der Einnahme von Flohsamenschalen ist eine ausreichende Trinkmenge von ca. 2,5 Liter stillem Wasser pro Tag enorm wichtig, da es sonst leicht zur Verstopfung kommen kann.<\/p>\n<p>Flohsamen werden aufgrund ihres hohen Gehaltes an heilenden Schleimstoffen auch h\u00e4ufig bei Magen-Darmbeschwerden\u00a0verwendet. Der Schleim legt sich sch\u00fctzend auf die Schleimh\u00e4ute von Magen und Darm und f\u00f6rdert so deren Regeneration.<\/p>\n<p>Ein Ballaststoff-typischer Nebeneffekt ist dabei, dass der Darm auf nat\u00fcrliche Weise trainiert wird, was die Verdauung g\u00fcnstig beeinflusst.<\/p>\n<p>&nbsp;<\/p>\n<p><strong>Anwendung:<\/strong><\/p>\n<p>Einnahme und Dosierung:<\/p>\n<p>Nehmen Sie jeweils 30 Minuten vor den drei Hauptmahlzeiten 3-5 Kapseln mit reichlich Fl\u00fcssigkeit (2.5-3dl Wasser) ein.<\/p>\n<p>Zu Beginn der Behandlung sollten 3 Kapseln pro Mahlzeit eingenommen werden. Je nach S\u00e4ttigungsempfinden kann die Einnahme auf bis zu 5 Kapseln pro Mahlzeit erh\u00f6ht werden.<\/p>\n<p>Achten Sie w\u00e4hrend der Anwendung unbedingt auf ausreichende Fl\u00fcssigkeitszufuhr in Form von kalorienarmen Getr\u00e4nken (mind. 2 Liter pro Tag)!<\/p>\n<p>Nehmen Sie die S\u00e4ttigungskapseln nicht ohne Fl\u00fcssigkeit ein!<\/p>\n<p>S\u00e4ttigungskapseln nicht lutschen, kauen oder zerbeissen!<\/p>\n<p>Im Rahmen einer 30\u00a0Tage Kur. Bevor Sie eine erneute Kur beginnen bitte 3 Tage die Einnahme unterbrechen.<\/p>\n<p>Bewahren Sie das Pr\u00e4parat ausserhalb der Reichweite von Kindern auf.<\/p>\n<p><strong>Zutaten:<\/strong><\/p>\n<p>S\u00e4ttigungskapseln\u00a0zur begleitenden, unterst\u00fctzenden\u00a0Gewichtsreduktion im Rahmen eines Di\u00e4tplanes. Enthalten einen nahezu kalorienfreien, feingemahlenen pflanzlichen Quellstoff: Schalen von indischen Flohsamen (Plantago ovata Forssk).<\/p>\n<p><strong>Zusammensetzung:<\/strong><\/p>\n<p>Eine S\u00e4ttigungskapsel enth\u00e4lt 400 mg indisches Flohsamenschalen Pulver,\u00a0Natriumcarbonat, Magnesiumstearat. Die Kapselh\u00fclle besteht aus Hydroxypropylmethylcellulose.<\/p>\n<p>Hinweis:<\/p>\n<h5>Gegenanzeigen:<\/h5>\n<p>Bei krankhaften Verengungen im Magen-Darm-Trakt, drohendem oder bestehendem Darmverschluss, schwer einstellbarem Diabetes mellitus sowie bekannter \u00dcberempfindlichkeit gegen indische Flohsamenschalen darf das Produkt nicht angewandt werden.<\/p>\n<h5>Wechselwirkung mit anderen Mitteln:<\/h5>\n<p>Die Resorption von gleichzeitig eingenommenen Medikamenten kann verz\u00f6gert werden. Bei insulinpflichtigen Diabetikern kann eine Reduzierung der Isulindosis erforderlich sein.<\/p>\n<h5>Nebenwirkungen:<\/h5>\n<p>In Einzelf\u00e4llen k\u00f6nnen \u00dcberempfindlichkeitsreaktionen auftreten. Eine Zunahme des Stuhlvolumens und\/oder Stuhlerweichung kann auftreten.<\/p>\n<h5>Wichtige Hinweise:<\/h5>\n<p>Nach dem Verfallsdatum sollen die S\u00e4ttigungskapseln nicht mehr verwendet werden. F\u00fcr Kinder unzug\u00e4nglich aufbewahren! Anwendung nicht f\u00fcr Schwangere, stillende M\u00fctter und Kindern bestimmt. Achten Sie w\u00e4hrend der Anwendung unbedingt auf ausreichende Fl\u00fcssigkeitszufuhr in Form von kalorienarmen\u00a0Getr\u00e4nken (mind. 2 Liter pro Tag)! Nehmen Sie die Kapseln nicht ohne Fl\u00fcssigkeit ein! Kapseln nicht lutschen, kauen oder zerbeissen!<\/p>\n<p>Die angegebene empfohlene t\u00e4gliche Einnahmeempfehlung\u00a0darf nicht \u00fcberschritten werden.<\/p>\n<p>Lagern Sie das Produkt trocken, lichtgesch\u00fctzt und nicht \u00fcber 25\u00b0C.<\/p>\n<p>Benutzen Sie dieses Produkt nicht, wenn das Sicherheitssiegel besch\u00e4digt ist.<\/p>\n","protected":false},"excerpt":{"rendered":"<p>Nat\u00fcrliche Gewichtskontrolle mit Flohsamenschalen Pulver S\u00e4ttigungskapseln PlantaSlim zur Gewichtsreduktion\u00a0in Verbindung mit einem Di\u00e4tplan\u00a0&#8211; Im Rahmen einer 30\u00a0Tage Kur hochwertiges Qualit\u00e4tsprodukt von PlantaVis. S\u00e4ttigungskapseln PlantaSlim \u2013 Der leichte Weg zur guten Figur! Die PlantaSlim S\u00e4ttigungskapseln enthalten 99 % indisches Flohsamenschalen Pulver, dieses ist nahezu kalorienfrei, vegan, laktose- und glutenfrei und wirkt als nat\u00fcrlicher, pflanzlicher Quellstoff. Die [&hellip;]<\/p>\n","protected":false},"featured_media":7216,"template":"","meta":[],"product_brand":[],"product_cat":[15,270],"product_tag":[],"class_list":{"0":"post-7215","1":"product","2":"type-product","3":"status-publish","4":"has-post-thumbnail","6":"product_cat-uncategorized","7":"product_cat-nahrungsergaenzung","9":"first","10":"instock","11":"taxable","12":"shipping-taxable","13":"purchasable","14":"product-type-simple"},"_links":{"self":[{"href":"https:\/\/schmecktbesser.yogalingam.ch\/index.php\/wp-json\/wp\/v2\/product\/7215","targetHints":{"allow":["GET"]}}],"collection":[{"href":"https:\/\/schmecktbesser.yogalingam.ch\/index.php\/wp-json\/wp\/v2\/product"}],"about":[{"href":"https:\/\/schmecktbesser.yogalingam.ch\/index.php\/wp-json\/wp\/v2\/types\/product"}],"wp:featuredmedia":[{"embeddable":true,"href":"https:\/\/schmecktbesser.yogalingam.ch\/index.php\/wp-json\/wp\/v2\/media\/7216"}],"wp:attachment":[{"href":"https:\/\/schmecktbesser.yogalingam.ch\/index.php\/wp-json\/wp\/v2\/media?parent=7215"}],"wp:term":[{"taxonomy":"product_brand","embeddable":true,"href":"https:\/\/schmecktbesser.yogalingam.ch\/index.php\/wp-json\/wp\/v2\/product_brand?post=7215"},{"taxonomy":"product_cat","embeddable":true,"href":"https:\/\/schmecktbesser.yogalingam.ch\/index.php\/wp-json\/wp\/v2\/product_cat?post=7215"},{"taxonomy":"product_tag","embeddable":true,"href":"https:\/\/schmecktbesser.yogalingam.ch\/index.php\/wp-json\/wp\/v2\/product_tag?post=7215"}],"curies":[{"name":"wp","href":"https:\/\/api.w.org\/{rel}","templated":true}]}}