{"id":7217,"date":"2024-05-05T16:37:36","date_gmt":"2024-05-05T14:37:36","guid":{"rendered":"https:\/\/schmecktbesser.ch\/?post_type=product&#038;p=7217"},"modified":"2024-10-24T14:56:02","modified_gmt":"2024-10-24T12:56:02","slug":"garcinia-cambogia-kapseln-garcinia-cambogia-unterstuetzt-erfolgreich-fett-zu-verbrennen-und-den-stoffwechsel-zu-foerdern-30-tage-versorgung-inhalt-60-kapseln-fuellmenge-3468-g","status":"publish","type":"product","link":"https:\/\/schmecktbesser.ch\/index.php\/product\/garcinia-cambogia-kapseln-garcinia-cambogia-unterstuetzt-erfolgreich-fett-zu-verbrennen-und-den-stoffwechsel-zu-foerdern-30-tage-versorgung-inhalt-60-kapseln-fuellmenge-3468-g\/","title":{"rendered":"Garcinia Cambogia Kapseln Garcinia Cambogia: mit Zink tr\u00e4gt zu einem normalen Fetts\u00e4urestoffwechsel bei 30 Tage Versorgung  Inhalt: 60 Kapseln | F\u00fcllmenge: 34,68 g."},"content":{"rendered":"<p><b>Gutes f\u00fcr die schlanke\u00a0Linie &#8211; Slim-Komplex<\/b><\/p>\n<p>Garcinia Cambogia Kapseln mit Feigenkaktuspulver, Gr\u00fcner Kaffee, Ananaspulver und Zink<\/p>\n<p>Nahrungserg\u00e4nzungsmittel mit Garcinia Cambogia Extrakt, Feigenkaktus Pulver (Nopal\u00a0Opuntia ficus-indica), Gr\u00fcner Kaffee Extrakt, Zink\u00a0und\u00a0Ananas Fruchtpulver\u00a0&#8211; hochwertiges Qualit\u00e4tsprodukt von PlantaVis.<\/p>\n<h5>Garcinia Cambogia Kapseln mit nat\u00fcrlichen Inhaltsstoffen und Zink zur Gewichtsreduktion.<\/h5>\n<ul>\n<li>Hilft die Formation von Fettzellen zu unterdr\u00fccken<\/li>\n<li>Unterst\u00fctzt\u00a0die Gewichtsabnahme<\/li>\n<li>Wirkt appetithemmend und steigert das S\u00e4ttigungsgef\u00fchl<\/li>\n<li>St\u00e4rkt das Immunsystem &amp; f\u00f6rdert den Stoffwechsel<\/li>\n<\/ul>\n<h5>Was ist GARCINIA CAMBOGIA?<\/h5>\n<p>GARCINIA CAMBOGIA die in vielen Regionen auch als Tamarinde bekannt ist. Eine\u00a0Superfrucht die haupts\u00e4chlich in Asien und Afrika vorkommt und wurde traditionell von vielen Kulturen benutzt um die Verdauung \u00a0und die allgemeine Gesundheit zu f\u00f6rdern.<br \/>\nGARCINIA CAMBOGIA Extrakt ist 100% nat\u00fcrlich geerntet und enth\u00e4lt mindestens 60% Garcinia Cambogia Extrakt.<br \/>\nDie nat\u00fcrliche und Vegane Zusammensetzung\u00a0von PlantaVis\u00a0enth\u00e4lt auch Zink, Feigenkaktus Pulver, Ananas Fruchtpulver, gr\u00fcner Kaffee Extrakt (50% Chlorogens\u00e4ure), sowie Magnesiumsalze.<\/p>\n<h5>Wie wirkt GARCINIA CAMBOGIA?<\/h5>\n<p>GARCINIA CAMBOGIA\u00a0unterst\u00fctzt\u00a0bei der Gewichtsabnahme indem es Citrate Lyase (Enzym das Kohlenhydrat in Fett umwandelt) und Appetit unterdr\u00fcckt.<\/p>\n<ul>\n<li>Zink tr\u00e4gt zu einem normalen Fetts\u00e4urestoffwechsel bei<\/li>\n<li>Zink tr\u00e4gt zu einem normalen Stoffwechsel von Makron\u00e4hrstoffen bei<\/li>\n<li>Zink tr\u00e4gt zu einer normalen DNA-Synthese bei<\/li>\n<li>Zink tr\u00e4gt zu einem normalen Kohlenhydrat-Stoffwechsel bei<\/li>\n<li>Zink tr\u00e4gt zu einem normalen S\u00e4ure-Basen-Stoffwechsel bei<\/li>\n<li>Zink tr\u00e4gt zu einer normalen Funktion des Immunsystems bei<\/li>\n<\/ul>\n<p>Garcinia cambogia-Extrakt\u00a0enth\u00e4lt Hydroxycitronens\u00e4ure (HCA). Im Stoffwechsel verz\u00f6gert es die Bildung von Fett aus Kohlenhydraten und Proteinen.<\/p>\n<h5>Wie sieht die Forschung \u00fcber GARCINIA CAMBOGIA aus?<\/h5>\n<p>W\u00e4hrend Forschungen noch nicht abgeschlossen sind, zeigen Studien, dass GARCINIA CAMBOIGA viele Gesundheitsvorteile hat, wie: f\u00f6rdert mit Zink die Verdauung, reduziert, unterdr\u00fcckt den Appetit und stimuliert den Stoffwechsel um \u00fcbersch\u00fcssiges Fett zu verbrennen.<\/p>\n<h5>Auch f\u00fcr eine Keto Di\u00e4t geeignet<\/h5>\n<p>Ketogene Ern\u00e4hrung\u00a0ist eine Ern\u00e4hrungsform, bei der die Kohlenhydratzufuhr so reduziert ist, dass der K\u00f6rper beginnt, seinen Energiebedarf nicht aus\u00a0Glukose, sondern vorrangig\u00a0aus Fett und aus den daraus im K\u00f6rper aufgebauten namensgebenden\u00a0Ketonk\u00f6rpern\u00a0zu decken, die als Ersatzstoffe f\u00fcr Glukose dienen. Bei der ketogenen Ern\u00e4hrung wird\u00a0in der Regel\u00a0nur noch unter 20g Kohlenhydat\u00a0pro Tag zu sich genommen.<\/p>\n<h5>Tip:<\/h5>\n<p>Kombinieren Sie die Garcinia\u00a0Kapseln mit den\u00a0<a href=\"https:\/\/www.plantavis.ch\/de\/produkte\/schlanke-linie\/PlantaSlim-Kapseln\/?oid=3234&amp;lang=de\">PlantaSlim<\/a><a href=\"https:\/\/www.plantavis.ch\/de\/produkte\/schlanke-linie\/Garcinia-Kapseln\/?oid=1976&amp;lang=de\">\u00a0Kapseln<\/a>.\u00a0<a href=\"https:\/\/www.plantavis.ch\/de\/produkte\/schlanke-linie\/PlantaSlim-Kapseln\/?oid=3234&amp;lang=de\">PlantaSlim<\/a>\u00a0am Morgen\u00a02 Kapseln\u00a0vor dem Fr\u00fchst\u00fcck \u00a0und Garcinia ein Kapsel\u00a0eine halbe Stunde vor dem Mittagessen\u00a0mit ausreichend Fl\u00fcssigkeit.<\/p>\n<p>Empfehlung: 4 Monate-Kur<\/p>\n<p>Da gesundheitsbezogene Aussagen\u00a0f\u00fcr ein Nahrungserg\u00e4nzungsmittel wie Garcinia Cambogia Kapseln\u00a0und dessen\u00a0Zutaten nur im gesetzlichen Ramen m\u00f6glich sind, ist eine Internetrecherche \u00fcber die positiven Eigenschaften zu empfehlen.<br \/>\nInternetrecherche:\u00a0<a href=\"https:\/\/www.zentrum-der-gesundheit.de\/krankheiten\/weitere-erkrankungen\/nierenerkrankungen\/nierensteine-aufloesen\" target=\"_blank\" rel=\"noopener\">Garcinia Cambogia<\/a>,\u00a0<a href=\"https:\/\/www.pharmawiki.ch\/wiki\/index.php?wiki=Litramine\" target=\"_blank\" rel=\"noopener\">Feigenkaktus<\/a>,\u00a0<a href=\"https:\/\/www.zentrum-der-gesundheit.de\/bibliothek\/naturheilkunde\/alternative-mittel\/gruener-kaffee-als-darmreiniger\" target=\"_blank\" rel=\"noopener\">Gr\u00fcner Kaffee<\/a>,\u00a0<a href=\"https:\/\/www.zentrum-der-gesundheit.de\/ernaehrung\/lebensmittel\/obst-fruechte\/ananas\" target=\"_blank\" rel=\"noopener\">Ananas Fruchtpulver<\/a><\/p>\n<p>Anwendung:<\/p>\n<p>T\u00e4glich eine\u00a0Kapsel (Schweiz), zwei Kapseln (EU) mit ausreichend Fl\u00fcssigkeit ca. eine halbe Stunde vor dem Mittagessen einnehmen. Die Produkte sollten langfristig und konsequent angewandt werden, denn nur so ist es gew\u00e4hrleistet, dass die hochwertigen Wirkstoffe die gew\u00fcnschten Ergebnisse erzielen.<br \/>\nDaher empfehlen wir bei Garcinia mindestens eine vier Monate Kur.<br \/>\nEine Dose reicht f\u00fcr einen Monatsbedarf und ist f\u00fcr eine dauerhafte Anwendung geeignet.<\/p>\n<p><strong>Zutaten:<\/strong><\/p>\n<p>Garcinia Cambogia Extrakt 60%, Feigenkaktus Pulver (Nopal\u00a0Opuntia ficus-indica), Kapselh\u00fclle: Hydroxypropylmethylcellulose, Ananas Fruchtpulver, Gr\u00fcner Kaffee Extrakt (50% Chlorogens\u00e4ure), Trennmittel: Magnesiumsalze der Speisefetts\u00e4uren, Zinkcitrattrihydrat, Mittelkettige Triglyceride \u00d6l<\/p>\n<ul>\n<li>Zink tr\u00e4gt zu einem normalen Fetts\u00e4urestoffwechsel bei<\/li>\n<li>Zink tr\u00e4gt zu einem normalen Stoffwechsel von Makron\u00e4hrstoffen bei<\/li>\n<li>Zink tr\u00e4gt zu einer normalen DNA-Synthese bei<\/li>\n<li>Zink tr\u00e4gt zu einem normalen Kohlenhydrat-Stoffwechsel bei<\/li>\n<li>Zink tr\u00e4gt zu einem normalen S\u00e4ure-Basen-Stoffwechsel bei<\/li>\n<li>Zink tr\u00e4gt zu einer normalen Funktion des Immunsystems bei<\/li>\n<\/ul>\n<p>&nbsp;<\/p>\n<p><strong>Zusammensetzung:<\/strong><\/p>\n<p>Zusammensetzungpro Tagesdosis\u00a0(1 Kapsel)RM (%)Garcinia Cambogia250.00 mg**- davon HCA (60%)150.00 mg**Gr\u00fcner Kaffee Extrakt30.00 mg**- davon Chlorogens\u00e4ure (50%)15.00 mg**Zink3.21 mg32.15 %\u00a0\u00a0\u00a0RM(%): Referenzmengen (f\u00fcr den durchschnittlichen Erwachsenen) nach LMIV**keine Referenzmenge vorhanden<\/p>\n<p>Hinweis:<\/p>\n<p>Die angegebene empfohlene t\u00e4gliche Verzehrsmenge darf nicht \u00fcberschritten werden. Nahrungserg\u00e4nzungsmittel sollten nicht als Ersatz f\u00fcr eine ausgewogene und abwechslungsreiche Ern\u00e4hrung verwendet werden. Ausserhalb der Reichweite von Kindern aufbewahren.\u00a0Lagern Sie das Produkt trocken, lichtgesch\u00fctzt und nicht \u00fcber 25\u00b0C.\u00a0Benutzen Sie dieses Produkt nicht wenn das Sicherheitssiegel besch\u00e4digt ist.<\/p>\n<p>Benutzen Sie dieses Produkt nicht, wenn das Sicherheitssiegel besch\u00e4digt ist.<\/p>\n<p>Wenn Sie schwanger sind oder stillen, kontaktieren\u00a0Sie bitte Ihren Arzt, bevor Sie das Produkt benutzen.<\/p>\n","protected":false},"excerpt":{"rendered":"<p>Gutes f\u00fcr die schlanke\u00a0Linie &#8211; Slim-Komplex Garcinia Cambogia Kapseln mit Feigenkaktuspulver, Gr\u00fcner Kaffee, Ananaspulver und Zink Nahrungserg\u00e4nzungsmittel mit Garcinia Cambogia Extrakt, Feigenkaktus Pulver (Nopal\u00a0Opuntia ficus-indica), Gr\u00fcner Kaffee Extrakt, Zink\u00a0und\u00a0Ananas Fruchtpulver\u00a0&#8211; hochwertiges Qualit\u00e4tsprodukt von PlantaVis. Garcinia Cambogia Kapseln mit nat\u00fcrlichen Inhaltsstoffen und Zink zur Gewichtsreduktion. Hilft die Formation von Fettzellen zu unterdr\u00fccken Unterst\u00fctzt\u00a0die Gewichtsabnahme Wirkt appetithemmend &hellip;<\/p>\n<p class=\"read-more\"> <a class=\"\" href=\"https:\/\/schmecktbesser.ch\/index.php\/product\/garcinia-cambogia-kapseln-garcinia-cambogia-unterstuetzt-erfolgreich-fett-zu-verbrennen-und-den-stoffwechsel-zu-foerdern-30-tage-versorgung-inhalt-60-kapseln-fuellmenge-3468-g\/\"> <span class=\"screen-reader-text\">Garcinia Cambogia Kapseln Garcinia Cambogia: mit Zink tr\u00e4gt zu einem normalen Fetts\u00e4urestoffwechsel bei 30 Tage Versorgung  Inhalt: 60 Kapseln | F\u00fcllmenge: 34,68 g.<\/span> Weiterlesen &raquo;<\/a><\/p>\n","protected":false},"featured_media":7218,"template":"","meta":{"site-sidebar-layout":"default","site-content-layout":"default","ast-global-header-display":"","ast-main-header-display":"","ast-hfb-above-header-display":"","ast-hfb-below-header-display":"","ast-hfb-mobile-header-display":"","site-post-title":"","ast-breadcrumbs-content":"","ast-featured-img":"","footer-sml-layout":"","theme-transparent-header-meta":"default","adv-header-id-meta":"","stick-header-meta":"","header-above-stick-meta":"","header-main-stick-meta":"","header-below-stick-meta":""},"product_brand":[],"product_cat":[15,270],"product_tag":[],"class_list":{"0":"post-7217","1":"product","2":"type-product","3":"status-publish","4":"has-post-thumbnail","6":"product_cat-uncategorized","7":"product_cat-nahrungsergaenzung","8":"desktop-align-center","9":"tablet-align-center","10":"mobile-align-center","12":"first","13":"instock","14":"taxable","15":"shipping-taxable","16":"purchasable","17":"product-type-simple"},"_links":{"self":[{"href":"https:\/\/schmecktbesser.ch\/index.php\/wp-json\/wp\/v2\/product\/7217","targetHints":{"allow":["GET"]}}],"collection":[{"href":"https:\/\/schmecktbesser.ch\/index.php\/wp-json\/wp\/v2\/product"}],"about":[{"href":"https:\/\/schmecktbesser.ch\/index.php\/wp-json\/wp\/v2\/types\/product"}],"wp:featuredmedia":[{"embeddable":true,"href":"https:\/\/schmecktbesser.ch\/index.php\/wp-json\/wp\/v2\/media\/7218"}],"wp:attachment":[{"href":"https:\/\/schmecktbesser.ch\/index.php\/wp-json\/wp\/v2\/media?parent=7217"}],"wp:term":[{"taxonomy":"product_brand","embeddable":true,"href":"https:\/\/schmecktbesser.ch\/index.php\/wp-json\/wp\/v2\/product_brand?post=7217"},{"taxonomy":"product_cat","embeddable":true,"href":"https:\/\/schmecktbesser.ch\/index.php\/wp-json\/wp\/v2\/product_cat?post=7217"},{"taxonomy":"product_tag","embeddable":true,"href":"https:\/\/schmecktbesser.ch\/index.php\/wp-json\/wp\/v2\/product_tag?post=7217"}],"curies":[{"name":"wp","href":"https:\/\/api.w.org\/{rel}","templated":true}]}}