{"id":7219,"date":"2024-05-05T16:41:52","date_gmt":"2024-05-05T14:41:52","guid":{"rendered":"https:\/\/schmecktbesser.ch\/?post_type=product&#038;p=7219"},"modified":"2024-10-24T14:51:06","modified_gmt":"2024-10-24T12:51:06","slug":"plantaslim-kapseln-plantaslim-unterstuetzt-aktiv-ihre-diaet-und-traegt-zu-einem-normalen-energiestoffwechsel-bei-30-tage-versorgung-inhalt-60-kapseln-fuellmenge-3270-g","status":"publish","type":"product","link":"https:\/\/schmecktbesser.yogalingam.ch\/index.php\/product\/plantaslim-kapseln-plantaslim-unterstuetzt-aktiv-ihre-diaet-und-traegt-zu-einem-normalen-energiestoffwechsel-bei-30-tage-versorgung-inhalt-60-kapseln-fuellmenge-3270-g\/","title":{"rendered":"PlantaSlim Kapseln plantaslim UnterSt\u00fctzt aktiv ihre Di\u00e4t und tr\u00e4gt zu einem normalen energiestoffwechsel bei 30 Tage Versorgung  Inhalt: 60 Kapseln | F\u00fcllmenge: 32,70 g."},"content":{"rendered":"<p><b>Gutes f\u00fcr einen aktiven\u00a0Stoffwechsel am Morgen &#8211; Slim-Komplex<\/b><\/p>\n<p><strong>PlantaSlim Kapseln f\u00fcr einen schwungvollen Start in den Tag.<\/strong><\/p>\n<h5>PlantaSlim Kapseln zur nat\u00fcrlichen Gewichtskontrolle und Aktivierung des Energiestoffwechsel am Morgen<\/h5>\n<p>Nahrungserg\u00e4nzungsmittel mit nat\u00fcrlichen Inhaltsstoffen aus Extrakten mit Guarana Extrakt (Koffein), Gr\u00fcntee Extrakt (Polyphenole), Gr\u00fcner Kaffee Extrakt\u00a0(Chlorogens\u00e4ure), Hesperidin, Capsaicin\u00a0Extrakt, Safran Extrakt und\u00a0Methylcobalamin Vitamin B12\u00a0\u00a0&#8211; hochwertiges Qualit\u00e4tsprodukt von PlantaVis.<\/p>\n<p>Perfekt aufeinander abgestimmte, nat\u00fcrliche\u00a0\u00a0Inhaltsstoffe\u00a0zur Unterst\u00fctzung der\u00a0Gewichtsabnahme, St\u00e4rkung\u00a0des\u00a0Immunsystems\u00a0&amp; des\u00a0Stoffwechsels.<\/p>\n<p>PlantaSlim Kapseln &#8211; f\u00fcr einen schwungvollen Start in den Tag<\/p>\n<p>Sie m\u00f6chten Ihr Idealgewicht erreichen,\u00a0sich frischer und leichter f\u00fchlen oder einfach\u00a0Ihr Wohlbefinden steigern?<br \/>\nPlantaSlim\u00a0begleitet Sie bereits bei\u00a0einem\u00a0aktiven Start\u00a0in den Tag. Perfekt aufeinander abgestimmt helfen Ihnen die Inhaltsstoffe, Ihrem\u00a0angestrebten Wunschgewicht n\u00e4her zu kommen. PlantaSlim verleiht Ihnen mit\u00a0belebenden Extrakten einen schwungvollen Start in den Tag. Die einzigartigen, nat\u00fcrlichen Inhaltsstoffe macht PlantaSlim zum\u00a0idealen Begleiter f\u00fcr einen figurbewussten Lebensstil.<\/p>\n<h5>Zur aktiven\u00a0Unterst\u00fctzung\u00a0Ihrer Di\u00e4t<\/h5>\n<p>\u00dcbergewicht ist eine h\u00e4ufige Begleiterscheinung unserer Zeit und Gesellschaft. Der Ursprung daf\u00fcr liegt oftmals in einem ungesunden Lebenswandel aus zu wenig Bewegung, Stress und schlechter Ern\u00e4hrung.\u00a0 Mit den PlantaSlim Kapseln unterst\u00fctzen wie Sie auf dem Weg zu Ihrem Wohlf\u00fchlgewicht.<\/p>\n<p>PlantaSlim Kapslen mit seinen Extrakten aus gr\u00fcnem Tee und gr\u00fcnem Kaffee verleiht Ihnen die n\u00f6tige Energie am Morgen.\u00a0Die Extrakte enthalten Polyphenole, sogenannte sekund\u00e4re Pflanzenstoffe, die laut Studien eine Verbesserung der Fett- und Kohlenhydratverbrennung sowie einen\u00a0gesteigerten Energieverbrauch belegen.<br \/>\nEnth\u00e4lt: Guarana Extrakt (Koffein), Gr\u00fcntee Extrakt (Polyphenole), Gr\u00fcner Kaffee Extrakt\u00a0(Chlorogens\u00e4ure), Hesperidin, Capsaicin\u00a0Extrakt, Safran Extrakt, Methylcobalamin<\/p>\n<p>Auch nachdem Sie Ihr Wunschgewicht erreicht haben, sind die PlantaSlim Kapseln ein idealer\u00a0Begleiter f\u00fcr Ihr t\u00e4gliches Wohlbefinden.<\/p>\n<h5>PlantaSlim Kapseln mit nat\u00fcrlichen Inhaltsstoffen und Vitamin B12\u00a0zur Gewichtsreduktion<\/h5>\n<ul>\n<li>Vitamin B12 tr\u00e4gt zu einem normalen Energiestoffwechsel bei<\/li>\n<li>Vitamin B12 tr\u00e4gt zu einem normalen Homocystein- Stoffwechsel bei<\/li>\n<li>Vitamin B12 tr\u00e4gt zur Verringerung von M\u00fcdigkeit und Erm\u00fcdung bei<\/li>\n<li>Vitamin B12 tr\u00e4gt zu einer normalen Funktion des Immunsystems bei<\/li>\n<li>Vitamin B12 tr\u00e4gt zu einer normalen Funktion des Nervensystems bei<\/li>\n<li>Vitamin B12 tr\u00e4gt zu einer normalen Bildung roter Blutk\u00f6rperchen bei<\/li>\n<\/ul>\n<h5>Auch f\u00fcr eine Keto Di\u00e4t geeignet<\/h5>\n<p>Ketogene Ern\u00e4hrung\u00a0ist eine Ern\u00e4hrungsform, bei der die Kohlenhydratzufuhr so reduziert ist, dass der K\u00f6rper beginnt, seinen Energiebedarf nicht aus\u00a0Glukose, sondern vorrangig\u00a0aus Fett und aus den daraus im K\u00f6rper aufgebauten namensgebenden\u00a0Ketonk\u00f6rpern\u00a0zu decken, die als Ersatzstoffe f\u00fcr Glukose dienen. Bei der ketogenen Ern\u00e4hrung wird\u00a0in der Regel\u00a0nur noch unter 20g Kohlenhydat\u00a0pro Tag zu sich genommen.<\/p>\n<h5>Tip:<\/h5>\n<p>Kombinieren Sie die PlantaSlim Kapseln mit den\u00a0<a href=\"https:\/\/www.plantavis.ch\/de\/produkte\/schlanke-linie\/Garcinia-Kapseln\/?oid=1976&amp;lang=de\">Garcinia Kapseln<\/a>. PlantaSlim am Morgen\u00a02 Kapseln\u00a0vor dem Fr\u00fchst\u00fcck \u00a0und\u00a0<a href=\"https:\/\/www.plantavis.ch\/de\/produkte\/schlanke-linie\/Garcinia-Kapseln\/?oid=1976&amp;lang=de\">Garcinia<\/a>\u00a0eine\u00a0Kapsel\u00a0eine halbe Stunde vor dem Mittagessen\u00a0mit ausreichend Fl\u00fcssigkeit.<\/p>\n<p>Wichtig ist, dass Sie die PlantaSlim Kapseln\u00a0lediglich unterst\u00fctzend und nicht als alleinige Massnahme einsetzen. Je mehr Komponenten die Sie zur Erreichung Ihres Wunschgewichts mit einbeziehen je besser. Denn eine\u00a0blosse Aktivierung Ihres Stoffwechsels und Reduzierung von Kalorien f\u00fchrt zwar zu Gewichtsverlust, aber nicht zwangsweise zu einem ges\u00fcnderen K\u00f6rper. Achten Sie also darauf, die PlantaSlim Kapseln\u00a0in einen zielf\u00fchrenden Di\u00e4tplan mit ausgewogener Ern\u00e4hrung und gen\u00fcgend Bewegung zu integrieren.<\/p>\n<p>Empfehlung: 4 Monats-Kur<\/p>\n<p>Da gesundheitsbezogene Aussagen\u00a0f\u00fcr ein Nahrungserg\u00e4nzungsmittel wie PlantaSlim und dessen\u00a0Zutaten nur im gesetzlichen Ramen m\u00f6glich sind, ist eine Internetrecherche \u00fcber die positiven Eigenschaften zu empfehlen.<br \/>\nInternetrecherche:\u00a0<a href=\"https:\/\/www.pharmawiki.ch\/wiki\/index.php?wiki=Guarana\" target=\"_blank\" rel=\"noopener\">Guarana<\/a>,\u00a0<a href=\"https:\/\/www.zentrum-der-gesundheit.de\/bibliothek\/abnehmen\/abnehmen-uebersicht\/abnehmen-gruener-tee\" target=\"_blank\" rel=\"noopener\">Gr\u00fcntee<\/a>,\u00a0<a href=\"https:\/\/www.zentrum-der-gesundheit.de\/bibliothek\/naturheilkunde\/alternative-mittel\/gruener-kaffee-als-darmreiniger\" target=\"_blank\" rel=\"noopener\">Gr\u00fcner Kaffee<\/a>,\u00a0<a href=\"https:\/\/www.zentrum-der-gesundheit.de\/ernaehrung\/nahrungsergaenzung\/capsaicin\/capsaicin\" target=\"_blank\" rel=\"noopener\">Capsaicin<\/a>,\u00a0<a href=\"https:\/\/de.wikipedia.org\/wiki\/Safran\" target=\"_blank\" rel=\"noopener\">Safran<\/a>,\u00a0<a href=\"https:\/\/de.wikipedia.org\/wiki\/Hesperidin\" target=\"_blank\" rel=\"noopener\">Hesperidin<\/a>,<\/p>\n<p><strong>Anwendung:<\/strong><\/p>\n<p>T\u00e4glich 2 Kapseln mit ausreichend Fl\u00fcssigkeit morgens vor dem Fr\u00fchst\u00fcck einnehmen. Die Produkte sollten langfristig und konsequent angewandt werden, denn nur so ist es gew\u00e4hrleistet, dass die hochwertigen Wirkstoffe die gew\u00fcnschten Ergebnisse erzielen.<\/p>\n<p>Daher empfehlen wir bei Garcinia mindestens eine vier Monate Kur.<br \/>\nEine Dose reicht f\u00fcr einen Monatsbedarf und ist f\u00fcr eine dauerhafte Anwendung geeignet.<\/p>\n<p><strong>Zutaten:<\/strong><\/p>\n<p>Guarana Extrakt (Koffein), Gr\u00fcntee Extrakt (Polyphenole),\u00a0Kapselh\u00fclle: Hydroxypropylmethylcellulose, Gr\u00fcner Kaffee Extrakt\u00a0(Chlorogens\u00e4ure), Hesperidin, Capsaicin\u00a0Extrakt, Safran Extrakt, Methylcobalamin<\/p>\n<ul>\n<li>Vitamin B12 tr\u00e4gt zu einem normalen Energiestoffwechsel bei<\/li>\n<li>Vitamin B12 tr\u00e4gt zu einem normalen Homocystein- Stoffwechsel bei<\/li>\n<li>Vitamin B12 tr\u00e4gt zu einer normalen Funktion des Immunsystems bei<\/li>\n<li>Vitamin B12 tr\u00e4gt zur Verringerung von M\u00fcdigkeit und Erm\u00fcdung bei<\/li>\n<\/ul>\n<p>Hinweis:<\/p>\n<p>Die angegebene empfohlene t\u00e4gliche Verzehrsmenge darf nicht \u00fcberschritten werden. Nahrungserg\u00e4nzungsmittel sollten nicht als Ersatz f\u00fcr eine ausgewogene und abwechslungsreiche Ern\u00e4hrung verwendet werden. Ausserhalb der Reichweite von Kindern aufbewahren.\u00a0Lagern Sie das Produkt trocken, lichtgesch\u00fctzt und nicht \u00fcber 25\u00b0C.\u00a0Benutzen Sie dieses Produkt nicht wenn das Sicherheitssiegel besch\u00e4digt ist.<\/p>\n<p>Benutzen Sie dieses Produkt nicht, wenn das Sicherheitssiegel besch\u00e4digt ist.<\/p>\n<p>Wenn Sie schwanger sind oder stillen, kontaktieren\u00a0Sie bitte Ihren Arzt, bevor Sie das Produkt benutzen.<\/p>\n<h5>Zusammensetzung:<\/h5>\n<h5>PLANTASLIM &#8211; 60\u00a0KAPSELN &#8211; F\u00fcllmenge: 32,7\u00a0g<\/h5>\n<table border=\"0\" cellspacing=\"1\" cellpadding=\"5\">\n<tbody>\n<tr>\n<td>Zusammensetzung<\/td>\n<td>pro Tagesdosis (2 Kapseln)<\/td>\n<td>RM (%)<\/td>\n<\/tr>\n<tr>\n<td>Guarana Extrakt<\/td>\n<td>300.00 mg<\/td>\n<td>**<\/td>\n<\/tr>\n<tr>\n<td>-davon Koffein<\/td>\n<td>36.00 mg<\/td>\n<td>**<\/td>\n<\/tr>\n<tr>\n<td>Gr\u00fcntee Extrakt<\/td>\n<td>300.00 mg<\/td>\n<td>**<\/td>\n<\/tr>\n<tr>\n<td>-davon Polyphenole<\/td>\n<td>180.00 mg<\/td>\n<td>**<\/td>\n<\/tr>\n<tr>\n<td>Gr\u00fcner Kaffee Extrakt<\/td>\n<td>169.40 mg<\/td>\n<td>**<\/td>\n<\/tr>\n<tr>\n<td>-davon Chlorogens\u00e4ure<\/td>\n<td>84.70 mg<\/td>\n<td>**<\/td>\n<\/tr>\n<tr>\n<td>Hesperidin<\/td>\n<td>90.00 mg<\/td>\n<td>**<\/td>\n<\/tr>\n<tr>\n<td>Vitamin B12<\/td>\n<td>5.00\u00a0\u03bcg<\/td>\n<td>200.00 %<\/td>\n<\/tr>\n<tr>\n<td colspan=\"3\">RM(%): Referenzmengen (f\u00fcr den durchschnittlichen Erwachsenen) nach LMIV<\/p>\n<p>**keine Referenzmenge vorhanden<\/td>\n<\/tr>\n<\/tbody>\n<\/table>\n","protected":false},"excerpt":{"rendered":"<p>Gutes f\u00fcr einen aktiven\u00a0Stoffwechsel am Morgen &#8211; Slim-Komplex PlantaSlim Kapseln f\u00fcr einen schwungvollen Start in den Tag. PlantaSlim Kapseln zur nat\u00fcrlichen Gewichtskontrolle und Aktivierung des Energiestoffwechsel am Morgen Nahrungserg\u00e4nzungsmittel mit nat\u00fcrlichen Inhaltsstoffen aus Extrakten mit Guarana Extrakt (Koffein), Gr\u00fcntee Extrakt (Polyphenole), Gr\u00fcner Kaffee Extrakt\u00a0(Chlorogens\u00e4ure), Hesperidin, Capsaicin\u00a0Extrakt, Safran Extrakt und\u00a0Methylcobalamin Vitamin B12\u00a0\u00a0&#8211; hochwertiges Qualit\u00e4tsprodukt von PlantaVis. [&hellip;]<\/p>\n","protected":false},"featured_media":7220,"template":"","meta":[],"product_brand":[],"product_cat":[15,270],"product_tag":[],"class_list":{"0":"post-7219","1":"product","2":"type-product","3":"status-publish","4":"has-post-thumbnail","6":"product_cat-uncategorized","7":"product_cat-nahrungsergaenzung","9":"first","10":"instock","11":"taxable","12":"shipping-taxable","13":"purchasable","14":"product-type-simple"},"_links":{"self":[{"href":"https:\/\/schmecktbesser.yogalingam.ch\/index.php\/wp-json\/wp\/v2\/product\/7219","targetHints":{"allow":["GET"]}}],"collection":[{"href":"https:\/\/schmecktbesser.yogalingam.ch\/index.php\/wp-json\/wp\/v2\/product"}],"about":[{"href":"https:\/\/schmecktbesser.yogalingam.ch\/index.php\/wp-json\/wp\/v2\/types\/product"}],"wp:featuredmedia":[{"embeddable":true,"href":"https:\/\/schmecktbesser.yogalingam.ch\/index.php\/wp-json\/wp\/v2\/media\/7220"}],"wp:attachment":[{"href":"https:\/\/schmecktbesser.yogalingam.ch\/index.php\/wp-json\/wp\/v2\/media?parent=7219"}],"wp:term":[{"taxonomy":"product_brand","embeddable":true,"href":"https:\/\/schmecktbesser.yogalingam.ch\/index.php\/wp-json\/wp\/v2\/product_brand?post=7219"},{"taxonomy":"product_cat","embeddable":true,"href":"https:\/\/schmecktbesser.yogalingam.ch\/index.php\/wp-json\/wp\/v2\/product_cat?post=7219"},{"taxonomy":"product_tag","embeddable":true,"href":"https:\/\/schmecktbesser.yogalingam.ch\/index.php\/wp-json\/wp\/v2\/product_tag?post=7219"}],"curies":[{"name":"wp","href":"https:\/\/api.w.org\/{rel}","templated":true}]}}