{"id":7221,"date":"2024-05-05T16:46:00","date_gmt":"2024-05-05T14:46:00","guid":{"rendered":"https:\/\/schmecktbesser.ch\/?post_type=product&#038;p=7221"},"modified":"2025-01-30T17:45:15","modified_gmt":"2025-01-30T16:45:15","slug":"plantabrain-kapseln-plantabrain-kapseln-unterstuetzen-gedaechtnis-konzentration-lernfaehigkeit-und-ihre-mentale-leistungsfaehigkeit-optimal-inhalt-60-kapseln-fuellmenge-4995-g","status":"publish","type":"product","link":"https:\/\/schmecktbesser.ch\/index.php\/product\/plantabrain-kapseln-plantabrain-kapseln-unterstuetzen-gedaechtnis-konzentration-lernfaehigkeit-und-ihre-mentale-leistungsfaehigkeit-optimal-inhalt-60-kapseln-fuellmenge-4995-g\/","title":{"rendered":"GEDANKENKUNST PLANTABRAIN KAPSELN PLANTABRAIN KAPSELN UNTERST\u00dcTZEN GED\u00c4CHTNIS, KONZENTRATION, LERNF\u00c4HIGKEIT  UND IHRE MENTALE LEISTUNGSF\u00c4HIGKEIT OPTIMAL Inhalt: 60 Kapseln | F\u00fcllmenge: 49,95g."},"content":{"rendered":"<p><strong>Gutes f\u00fcr die geistige und mentale Leistung<\/strong><\/p>\n<p><strong>PlantaBrain Kapseln mit Ginkgo Biloba, Omega 3, Koffein, Biotin.<\/strong><\/p>\n<p>Nahrungserg\u00e4nzungsmittel mit\u00a0Brami (kleines Fettblatt Extrakt), Mate Tee Extrakt (8% Koffein), Guarana Extrakt\u00a0(12% Koffein), Sonnenblumenlecithin Pulver, Ginkgo\u00a0 Biloba Extrakt (24% Flavone, 6% Lactone), L-Tryptophan, Ginseng Extrakt (8% Gingsenoside), Omega-3 Pulver (50mg), Zellschutzkomplex (Camu Camu Extrakt mit 20 % Vitamin C, Vitamin C, Jiaogulan Extrakt, Cordyceps Sinensis Pulver, Shiitake Pulver, Kapern Extrakt, Astragaloside Extrakt I-VII, Gersten Extrakt mit 20\u201325 % \u03b2-Glucan, Chlorophyllin, Melonen Extrakt (Extramel\u00ae) enth\u00e4lt bioaktive Superoxiddismutase (SOD), schwarzer Pfeffer Extrakt mit 95 % Piperine),Heidelbeer Frucht Pulver, Eisen, Chlorophyllin, Vitamin B6, Vitamin B1, Vitamin B2, Vitamin B12, Biotin\u00a0&#8211; hochwertiges Qualit\u00e4tsprodukt von PlantaVis<\/p>\n<h5>PlantaBrain Kapseln (GedankenKunst) f\u00fcr die geistige und mentale Leistung sowie Verringerung von\u00a0M\u00fcdigkeit und Erm\u00fcdung<\/h5>\n<h5>PlantaBrain mit\u00a0Eisen\u00a0zur Unterst\u00fctzung der kognitiven Leistungen, wie Konzentrationsf\u00e4higkeit<\/h5>\n<p>Nahezu jeder Mensch kennt sie: Konzentrationsschw\u00e4chen. Konkret ist damit die verringerte F\u00e4higkeit eines Menschen gemeint, sich \u00fcber einen l\u00e4ngeren Zeitraum konzentriert mit einer bestimmten Aufgabe zu befassen. Die Betroffenen lassen sich leicht durch \u00e4ussere Reize ablenken und ihre Gedanken schweifen schnell ab. Dies kann zu Leistungsdruck und Stress f\u00fchren. Gef\u00fchle der beruflichen und\/oder privaten \u00dcberforderung kennen viele im Alltag und m\u00f6chten deshalb dagegen etwas tun. Ziel ist es, die Konzentrationsf\u00e4higkeit zu unterst\u00fctzen, am besten die kognitive Leistungsf\u00e4higkeit insgesamt. Hierf\u00fcr hilft PlantaBrain. Denn\u00a0Eisen\u00a0ist wissenschaftlich belegt dazu geeignet, die normalen gesunden kognitiven Leistungsfunktionen zu unterst\u00fctzen.\u00a0Eisen\u00a0hilft somit f\u00fcr Ihre Konzentrationsf\u00e4higkeit. Dar\u00fcber hinaus enth\u00e4lt PlantaBrain\u00a0Biotin, das\u00a0auch die normale gesunde Funktion Ihres Nervensystems und ihrer psychischen Funktionen unterst\u00fctzt.<\/p>\n<p>Wer sich weniger m\u00fcde f\u00fchlt, f\u00fchlt sich in der Regel auch emotional besser und ausgeglichener. Menschen mit geringerer M\u00fcdigkeit und Ersch\u00f6pfung sind im Alltag leistungsf\u00e4higer und tendieren entsprechend weniger zu einem stressbedingten Gef\u00fchl der \u00dcberforderung.<\/p>\n<p>Wir k\u00f6nnen jedoch einiges daf\u00fcr tun, um die Konzentrationsf\u00e4higkeit zu unterst\u00fctzen. PlantaBrain enth\u00e4lt hierf\u00fcr eine signifikante Menge an\u00a0Eisen. PlantaBrain enth\u00e4lt nicht nur eine signifikante Menge an\u00a0Eisen, sondern wertvolle\u00a0Naturrohstoffen wie Mate Tee, Fettblatt und Ginkgo Biloba Extrakt. Auch L-Tryptophan und Omega-3 Fetts\u00e4uren sind in der Naturheilkunde im Bereich der kognitiven Leistungssteigerung bereits seit langer Zeit etabliert. Nat\u00fcrlich darf unser exklusiver ZellschutzKomplex nicht fehlen. Der PlantaVis ZellschutzKomplex unterst\u00fctzt mit seinen essentiellen N\u00e4hrstoffen und Vitaminen aus Extrakten und Konzentraten eine ausgewogene Ern\u00e4hrung.<\/p>\n<ul>\n<li>Eisen tr\u00e4gt zu einer normalen kognitiven Funktion bei<\/li>\n<li>Eisen tr\u00e4gt zu einem normalen Energiestoffwechsel bei<\/li>\n<li>Eisen tr\u00e4gt zur Verringerung von M\u00fcdigkeit und Erm\u00fcdung bei<\/li>\n<li>Biotin tr\u00e4gt zu einer normalen Funktion des Nervensystems bei<\/li>\n<li>Biotin tr\u00e4gt zur normalen psychischen Funktion bei<\/li>\n<li>Riboflavin Vitamin B2 tr\u00e4gt zur Verringerung von M\u00fcdigkeit und Erm\u00fcdung bei<\/li>\n<li>Riboflavin Vitamin B2 tr\u00e4gt zur Erhaltung normaler Sehkraft bei<\/li>\n<li>Vitamin B6 tr\u00e4gt zur normalen psychischen Funktion bei<\/li>\n<\/ul>\n<h5>Ersch\u00f6pfung und M\u00fcdigkeit<\/h5>\n<p>M\u00fcdigkeit und Ersch\u00f6pfung wirken sich negativ auf die Konzentration aus. Es ist wissenschaftlich erwiesen, dass M\u00fcdigkeit und Schlafmangel f\u00fcr eine verlangsamte Reaktion und eine schlechtere Konzentrationsf\u00e4higkeit sorgen. Deshalb ist es f\u00fcr den K\u00f6rper und das Gehirn besonders wichtig, dass wir ausreichend schlafen. Mindestens sieben, besser jedoch acht Stunden Schlaf pro Nacht ben\u00f6tigt unser K\u00f6rper, um leistungsf\u00e4hig und fit zu sein.<\/p>\n<p>An dieser Stelle setzen unsere PlantaBrain\u00a0Kapseln an. Mit dem enthaltenen Eisen wird nachweislich eie normale kognitive Funktion unterst\u00fctzt.Die Vitamine B1, B2 B6 und B12 tragen ausserdem zu einer normalen Funktion des Nervensystems bei. Dar\u00fcber hinaus enth\u00e4lt PlantaBrain\u00a0auch Biotin, dass die normale Funktion des Nervensystems unterst\u00fctzt und zu einer normalen psychischen Funktion beitr\u00e4gt.<\/p>\n<h5>Hauptbestandteile unseres Zellschutzkomplexes sind:<\/h5>\n<p>ZellschutzKomplex: (Camu Camu Extrakt mit 20 % Vitamin C, Vitamin C , Jiaogulan Extrakt, Cordyceps Sinensis Pulver, Shiitake Pulver, Kapern Extrakt, Astragaloside Extrakt I-VII,\u00a0Gersten Extrakt\u00a0mit 20-25% \u00df-Glucan, Chlorophyllin, Melonen Extrakt (EXTRAMEL\u00ae) enth\u00e4lt bioaktive Superoxiddismutase (SOD), schwarzer Pfeffer Extrakt mit 95% Piperine)<\/p>\n<h5>\u200bWas ist der exklusive\u00a0Zellschutz Komplex von PlantaVis?<\/h5>\n<p>Als innovatives Unternehmen in Sachen Herstellung und Entwicklung von Nahrungserg\u00e4nzungsmitteln, arbeiten wir von der PlantaVis\u00ae eng mit Wissenschaftlern aus den Bereichen Ern\u00e4hrung, Epi- und Nutrigenetik sowie der Medizin und Pharmazie zusammen. Neben dem \u00fcberlieferten, tradierten Wissen um den gesundheitlichen Wert von Nahrungsmitteln aus aller Welt, legen wir grossen Wert auf modernste Forschungsergebnisse, die wir tagt\u00e4glich in unsere Arbeit einfliessen lassen. Ein Ergebnis dieser Arbeit, auf das wir ganz besonders stolz sind, ist unser neuer, exklusiver Zellschutzkomplex. Zu hoher oxidativer Stress, ist zu einem generellen Problem in unserer modernen Gesellschaft geworden.\u00a0Die Gr\u00fcnde hierf\u00fcr sind vor allem in unserer Lebensf\u00fchrung zu suchen. Allen voran die \u00fcberm\u00e4ssige Verwendung von Genussmitteln, eine einseitige Ern\u00e4hrungsweise, Stress in Schule, Alltag und Beruf, Bewegungsmangel, aber auch Umweltgifte und verschiedene Medikamente, deren Einnahme zwingend notwendig ist. Die Folgen k\u00f6nnen ein geschw\u00e4chtes Immunsystem, beschleunigte Zellalterung, chronisch entz\u00fcndliche Erkrankungen, Stoffwechselst\u00f6rungen und unerw\u00fcnschte Arzneimittelwirkungen sein. Demgegen\u00fcber steht bei den meisten Menschen eine zu geringe Aufnahme von Obst, Gem\u00fcse, Kr\u00e4utern und Pilzen. Mit der Folge eines Mangels an sekund\u00e4ren Pflanzenstoffen. F\u00fcr zahlreiche Substanzen dieser umfangreichen Naturstoffgruppe, gilt eine antioxidative Wirkung inzwischen als wissenschaftlich belegt. Mit unserem intelligent zusammengesetzten Zellschutzkomplex, bieten wir eine L\u00f6sung f\u00fcr diese moderne Form der Mangelern\u00e4hrung. Sie finden ihn deshalb zus\u00e4tzlich in vielen unserer aktuellen Produkte.<\/p>\n<h5>Tipp:<\/h5>\n<p>Sprichw\u00f6rtliche Gehirn- oder Nervennahrung sind z.B. N\u00fcsse. In diesem Zusammenhang treten ganz besonders Waln\u00fcsse hervor. Schon ihre \u00e4ussere Erscheinung erinnert an die Struktur eines Gehirns, was nat\u00fcrlich ein Zufall ist. Viel wichtiger sind ihre &#171;inneren Werte&#187;. So enthalten Waln\u00fcsse nicht nur viele Mineralstoffe, Aminos\u00e4uren und unges\u00e4ttigte Fetts\u00e4uren sondern neben den Vitaminen Beta-Carotin, Fols\u00e4ure und Vitamin E vor allem die B-Vitamine 1, 2 und 6 sowie Vitamin C und genau das machen\u00a0PlantaBrain-Kapseln so wertvoll f\u00fcr das\u00a0Gehirn. Eine gesunde und ausgewogene Ern\u00e4hrung mit viel frischem Obst und Gem\u00fcse und nat\u00fcrlich auch der Aufnahme von reichlich Fl\u00fcssigkeit am besten in Form von Wasser sind dagegen ein reiner Energieschub f\u00fcr das\u00a0Gehirn\u00a0und seine\u00a0Leistungsf\u00e4higkeit.<br \/>\n<strong>Anwendung:<\/strong><\/p>\n<p>T\u00e4glich eine\u00a0Kapsel\u00a0mit ausreichend Fl\u00fcssigkeit nach dem Fr\u00fchst\u00fcck oder Mittagessen einnehmen.\u00a0Die Produkte sollten langfristig und konsequent angewandt werden, denn nur so ist es gew\u00e4hrleistet, dass die hochwertigen Wirkstoffe die gew\u00fcnschten Ergebnisse erzielen.<br \/>\nEine Dose reicht f\u00fcr einen Monatsbedarf und ist f\u00fcr eine dauerhafte Anwendung geeignet.<\/p>\n<p>Anwendungsdauer Empfehlung:\u00a0mindestens eine drei-Monatekur.<\/p>\n<p><strong>Zutaten:<\/strong><\/p>\n<p>Kapselh\u00fclle: Hydroxypropylmethylcellulose, Brahmi (kleines Fettblatt Extrakt), Mate Tee Extrakt (8% Koffein), Guarana Extrakt (12% Koffein), Ginkgo Biloba Extrakt (24% Flavone, 6% Lactone), L-Tryptophan, Sonnenblumenlecithin Pulver, Gingseng Extrakt (8% Gingsenoside), Omega 3 Pulver\u00a0(50mg),\u00a0<strong>Zellschutzkomplex<\/strong>\u00a0(Camu Camu Extrakt mit 20% L-Ascorbins\u00e4ure1, L-Ascorbins\u00e4ure1, Jiaogulanextrakt, Cordyceps Sinensis Pulver, Shiitakepulver, Kapernextrakt, Astragaloside Extrakt I-VII (1%),\u00a0<strong>Gerstenextrakt<\/strong>\u00a0mit 20-25% \u00df-Glucan,\u00a0Chlorophyllin, Melonenextrakt (Extramel\u00ae), schwarzer Pfefferextrakt mit\u00a095% Piperin), Heidelbeer Fruchtpulver, Eisenfumarat, Chlorophyllin Natrium-Magnesium Komplex, Vitamin B6, Bitamin B1, Vitamin B2, Vitamin B12, Biotin.<\/p>\n<p>Hinweis:<\/p>\n<p>Die angegebene empfohlene t\u00e4gliche Verzehrsmenge darf nicht \u00fcberschritten werden. Nahrungserg\u00e4nzungsmittel sollten nicht als Ersatz f\u00fcr eine ausgewogene und abwechslungsreiche Ern\u00e4hrung verwendet werden. Ausserhalb der Reichweite von Kindern aufbewahren.\u00a0Lagern Sie das Produkt trocken, lichtgesch\u00fctzt und nicht \u00fcber 25\u00b0C.<\/p>\n<p>Benutzen Sie dieses Produkt nicht, wenn das Sicherheitssiegel besch\u00e4digt ist.<\/p>\n<p>Wenn Sie schwanger sind oder stillen, kontaktieren\u00a0Sie bitte Ihren Arzt, bevor Sie das Produkt benutzen.<\/p>\n<p><strong>Zusammensetzung:<\/strong><\/p>\n<table border=\"0\" cellspacing=\"1\" cellpadding=\"5\">\n<tbody>\n<tr>\n<td>Zusammensetzung<\/td>\n<td>pro Tagesdosis\u00a0(1 Kapseln)<\/td>\n<td>RM (%)<\/td>\n<\/tr>\n<tr>\n<td>Mate Tee Extrakt<\/td>\n<td>90.00 mg<\/td>\n<td>**<\/td>\n<\/tr>\n<tr>\n<td>&#8211; davon Koffein (8%)<\/td>\n<td>7.20 mg<\/td>\n<td>**<\/td>\n<\/tr>\n<tr>\n<td>Guarana Extrakt<\/td>\n<td>80.00 mg<\/td>\n<td>**<\/td>\n<\/tr>\n<tr>\n<td>&#8211; davon Koffein (12%)<\/td>\n<td>9.60 mg<\/td>\n<td>**<\/td>\n<\/tr>\n<tr>\n<td>Omega 3 Pulver<\/td>\n<td>50.00 mg<\/td>\n<td>**<\/td>\n<\/tr>\n<tr>\n<td>Eisen<\/td>\n<td>7.00 mg<\/td>\n<td>50.00 %<\/td>\n<\/tr>\n<tr>\n<td>Vitamin B2<\/td>\n<td>500.00\u00a0\u03bcg<\/td>\n<td>35.71 %<\/td>\n<\/tr>\n<tr>\n<td>Vitamin B6<\/td>\n<td>410.00 \u03bcg<\/td>\n<td>29.26 %<\/td>\n<\/tr>\n<tr>\n<td>Vitamin B1<\/td>\n<td>355.00 \u03bcg<\/td>\n<td>32.27 %<\/td>\n<\/tr>\n<tr>\n<td>Biotin<\/td>\n<td>20.00\u00a0\u03bcg<\/td>\n<td>40.00 %<\/td>\n<\/tr>\n<tr>\n<td>Viamin B12<\/td>\n<td>1.00\u00a0\u03bcg<\/td>\n<td>40.00 %<\/td>\n<\/tr>\n<tr>\n<td><\/td>\n<td><\/td>\n<td><\/td>\n<\/tr>\n<tr>\n<td colspan=\"3\">RM(%): Referenzmengen (f\u00fcr den durchschnittlichen Erwachsenen) nach LMIV<\/td>\n<\/tr>\n<tr>\n<td colspan=\"3\">**keine Referenzmenge vorhanden<\/td>\n<\/tr>\n<\/tbody>\n<\/table>\n","protected":false},"excerpt":{"rendered":"<p>Gutes f\u00fcr die geistige und mentale Leistung PlantaBrain Kapseln mit Ginkgo Biloba, Omega 3, Koffein, Biotin. Nahrungserg\u00e4nzungsmittel mit\u00a0Brami (kleines Fettblatt Extrakt), Mate Tee Extrakt (8% Koffein), Guarana Extrakt\u00a0(12% Koffein), Sonnenblumenlecithin Pulver, Ginkgo\u00a0 Biloba Extrakt (24% Flavone, 6% Lactone), L-Tryptophan, Ginseng Extrakt (8% Gingsenoside), Omega-3 Pulver (50mg), Zellschutzkomplex (Camu Camu Extrakt mit 20 % Vitamin C, &hellip;<\/p>\n<p class=\"read-more\"> <a class=\"\" href=\"https:\/\/schmecktbesser.ch\/index.php\/product\/plantabrain-kapseln-plantabrain-kapseln-unterstuetzen-gedaechtnis-konzentration-lernfaehigkeit-und-ihre-mentale-leistungsfaehigkeit-optimal-inhalt-60-kapseln-fuellmenge-4995-g\/\"> <span class=\"screen-reader-text\">GEDANKENKUNST PLANTABRAIN KAPSELN PLANTABRAIN KAPSELN UNTERST\u00dcTZEN GED\u00c4CHTNIS, KONZENTRATION, LERNF\u00c4HIGKEIT  UND IHRE MENTALE LEISTUNGSF\u00c4HIGKEIT OPTIMAL Inhalt: 60 Kapseln | F\u00fcllmenge: 49,95g.<\/span> Mehr lesen &raquo;<\/a><\/p>\n","protected":false},"featured_media":7222,"template":"","meta":{"site-sidebar-layout":"default","site-content-layout":"default","ast-global-header-display":"","ast-main-header-display":"","ast-hfb-above-header-display":"","ast-hfb-below-header-display":"","ast-hfb-mobile-header-display":"","site-post-title":"","ast-breadcrumbs-content":"","ast-featured-img":"","footer-sml-layout":"","theme-transparent-header-meta":"default","adv-header-id-meta":"","stick-header-meta":"","header-above-stick-meta":"","header-main-stick-meta":"","header-below-stick-meta":""},"product_cat":[15,270],"product_tag":[],"class_list":{"0":"post-7221","1":"product","2":"type-product","3":"status-publish","4":"has-post-thumbnail","6":"product_cat-uncategorized","7":"product_cat-nahrungsergaenzung","8":"desktop-align-center","9":"tablet-align-center","10":"mobile-align-center","12":"first","13":"instock","14":"taxable","15":"shipping-taxable","16":"purchasable","17":"product-type-simple"},"_links":{"self":[{"href":"https:\/\/schmecktbesser.ch\/index.php\/wp-json\/wp\/v2\/product\/7221","targetHints":{"allow":["GET"]}}],"collection":[{"href":"https:\/\/schmecktbesser.ch\/index.php\/wp-json\/wp\/v2\/product"}],"about":[{"href":"https:\/\/schmecktbesser.ch\/index.php\/wp-json\/wp\/v2\/types\/product"}],"wp:featuredmedia":[{"embeddable":true,"href":"https:\/\/schmecktbesser.ch\/index.php\/wp-json\/wp\/v2\/media\/7222"}],"wp:attachment":[{"href":"https:\/\/schmecktbesser.ch\/index.php\/wp-json\/wp\/v2\/media?parent=7221"}],"wp:term":[{"taxonomy":"product_cat","embeddable":true,"href":"https:\/\/schmecktbesser.ch\/index.php\/wp-json\/wp\/v2\/product_cat?post=7221"},{"taxonomy":"product_tag","embeddable":true,"href":"https:\/\/schmecktbesser.ch\/index.php\/wp-json\/wp\/v2\/product_tag?post=7221"}],"curies":[{"name":"wp","href":"https:\/\/api.w.org\/{rel}","templated":true}]}}