{"id":7227,"date":"2024-05-05T17:13:47","date_gmt":"2024-05-05T15:13:47","guid":{"rendered":"https:\/\/schmecktbesser.ch\/?post_type=product&#038;p=7227"},"modified":"2024-10-19T18:05:34","modified_gmt":"2024-10-19T16:05:34","slug":"plantviril-pulver-plantviril-l-arginin-leistung-potenz-muskelaufbau-und-fettverbrennung-inhalt-150g","status":"publish","type":"product","link":"https:\/\/schmecktbesser.ch\/index.php\/product\/plantviril-pulver-plantviril-l-arginin-leistung-potenz-muskelaufbau-und-fettverbrennung-inhalt-150g\/","title":{"rendered":"PlantViril Pulver f\u00fcr den Mann plantviril &#8211; nat\u00fcrliche Kraft f\u00fcr den mann mit leidenschaft"},"content":{"rendered":"<p><strong>F\u00fcr ein aktives Liebesleben<\/strong><\/p>\n<p><strong>PlantViril Pulver f\u00fcr den Mann mit Potenz<\/strong><\/p>\n<p>Nahrungserg\u00e4nzungsmittel\u00a0mit L-Arginin, Kaliumcitrat, Aroma Kirsche, Traubensaft Pulver, Kirsch Pulver, Adenosinmonophospaht, Damianablatt Extrakt, Aroma Johannisbeere, Guavenbl\u00e4tter Extrakt, S\u00fcssungsmittel Stevia Extrakt &amp; Sucralose, Selenmethionin, Vitamin B1 &#8211; hochwertiges Qualit\u00e4tsprodukt von PlantaVis.<\/p>\n<h5>PlantViril Pulver mit Zink f\u00fcr die Unterst\u00fctzung des m\u00e4nnlichen Sexualhormon Testosteron f\u00fcr den Mann mti\u00a0Potenzial<\/h5>\n<p>Zur zwischenmenschlichen Liebe geh\u00f6rt auch die k\u00f6rperliche Liebe. Zwar entscheidet die Potenz eines Mannes gl\u00fccklicherweise nicht mehr \u00fcber dessen M\u00e4nnlichkeit, sie ist in vielen F\u00e4llen jedoch ein wichtiger Faktor f\u00fcr das eigene Selbstbewusstsein, f\u00fcr ein befriedigendes Sexualleben und eine harmonische Partnerschaft. Erektionsst\u00f6rungen haben deshalb oft auch psychosoziale Folgen f\u00fcr die betroffenen M\u00e4nner und belasten die Beziehung zum Partner oder zur Partnerin.<\/p>\n<h5>M\u00e4nnliche Lebensqualit\u00e4t<\/h5>\n<p>&#8211; Zink tr\u00e4gt zur Erhaltung eines normalen Testosteronspiegels im Blut und zu einer normalen Fruchtbarkeit bei<\/p>\n<p>Eine Tagesdosis PlantViril Pulver\u00a0(10\u00a0g) enth\u00e4lt 6.9\u00a0g L-Arginin.<br \/>\nL-Arginin\u00a0ist eine Aminos\u00e4ure und als nat\u00fcrliches Potenzmittel bekannt. Im K\u00f6rper ist es Ausgangsstoff f\u00fcr die Stickstoffmonoxid-Produktion in den Schwellk\u00f6rpern des Penis. Die Stickstoffmonoxid-Produktion wiederum kann zur Entspannung der Penismuskulatur beitragen und die Durchblutung der Schwellk\u00f6rper verbessern, sodass eine regelm\u00e4ssige Einnahme von Arginin die Erektion deutlich steigern kann. Das\u00a0Adenosinmonophosphat\u00a0hat zus\u00e4tzlichen Einfluss auf die Entspannung der Penismuskulatur.<\/p>\n<p>Am besten nehmen Sie PlantViril\u00a0ein bis zwei Stunden vor dem Geschlechtsverkehr ein.<\/p>\n<p>PlantViril Pulver f\u00fcr den Mann ist:<\/p>\n<ul>\n<li>lactosefrei<\/li>\n<li>glutenfrei<\/li>\n<li>gelatinefrei<\/li>\n<li>vegan<\/li>\n<\/ul>\n<h5>Steigerung von Energie, Kraft und Leistung<\/h5>\n<p>Besonders in Zeiten h\u00f6chster Anspannung, bei k\u00f6rperlichem und psychischem Stress, nach Krankheit oder in Phasen ausgepr\u00e4gten Trainings kann es passieren, dass L-Arginin pl\u00f6tzlich zur Mangelware wird und infolgedessen unsere Leistung &#8211; ganz egal, wo sie gefordert wird &#8211; rapide abnimmt. Wird jetzt L-Arginin ganz gezielt eingenommen, kann ein enormer Anstieg der Leistungsf\u00e4higkeit beobachtet werden.<\/p>\n<h5>L-Arginin und Adenosinmonophosphat<\/h5>\n<p>PlantViril Pulver f\u00fcr den Mann\u00a0enth\u00e4lt die beiden Wirkstoffe L-Arginin und Adenosinmonophosphat.<br \/>\nStickstoffmonoxid ist eine wichtige Substanz, die vom K\u00f6rper aus L-Arginin produziert wird. Sie reguliert den Blutfluss, bek\u00e4mpft sch\u00e4dliche Mikroorganismen und spielt ausserdem eine wichtige Rolle in der Zellkommunikation. Zus\u00e4tzlich hilft Stickstoffmonoxid dabei, die N\u00e4hrstoffe im Muskelgewebe zu verteilen, was mit ein Grund daf\u00fcr ist, warum ein hoher NO-Spiegel bei Athleten zu einer h\u00f6heren Leistung f\u00fchrt. Gleichzeitig ist L-Arginin auch eine Ausgangssubstanz f\u00fcr Collagen, Bindegewebe, wichtige Enzyme und Hormone.<\/p>\n<h5>Tipp:<\/h5>\n<p>Regelm\u00e4ssige k\u00f6rperliche Bet\u00e4tigung kann sich positiv auf die Erektionsf\u00e4higkeit auswirken. Besonders gut eignen sich Ausdauersportarten wie Joggen oder Krafttraining der Oberschenkelmuskulatur. Gezieltes Beckenbodentraining kann ebenfalls die Potenz unterst\u00fctzen.<\/p>\n<p>Erektionsst\u00f6rungen sind ein Thema, \u00fcber das vermutlich niemand, der betroffen ist, gern spricht. Doch wenn die Probleme \u00fcber einen l\u00e4ngeren Zeitraum regelm\u00e4ssig auftreten, sollten Sie einen Arzt oder eine \u00c4rztin aufsuchen, um den Ursachen auf den Grund zu gehen.<\/p>\n<p>Anwendung:<\/p>\n<p>Einnahme und Dosierung:<\/p>\n<h5>Langfristige Wirkung:<\/h5>\n<p>2x t\u00e4glich\u00a0einen halben Messl\u00f6ffel\u00a0je 5 Gramm\u00a0mit ausreichend Fl\u00fcssigkeit (2 dl Wasser) einnehmen.<br \/>\nZur kurzfristigen und langfristigen Einnahme geeignet<\/p>\n<h5>Zus\u00e4tzliche Wirkung:<\/h5>\n<p>1-2 Stunden\u00a0\u00a0vor dem Geschlechtsverkehr oder k\u00f6rperlicher Leistung 10 Gramm\u00a0(ein Messl\u00f6ffel) PlantViril Pulver mit ausreichend Fl\u00fcssigkeit einnehmen.<\/p>\n<h5>Zusatzempfehlung Pinienrindenextrakt mit OPC:<\/h5>\n<p>In Kombination mit\u00a0<a href=\"http:\/\/www.plantavis.ch\/de\/produkte\/aktivitaet\/Pinienrinde-OPC\/?oid=1963&amp;lang=de\">Pinienrindenextrakt<\/a>\u00a0kann die Wirkung von L-Arginin positiv verst\u00e4rkt werden. Die Antioxidantien aus der Pinienrinde k\u00f6nnen die Flexibilit\u00e4t der Blutgef\u00e4sse erh\u00f6hen und damit den Blutfluss positiv beeinflussen.<br \/>\nWir empfehlen Ihnen\u00a0<a href=\"https:\/\/www.plantavis.ch\/de\/produkte\/aktivitaet\/Pinienrinde-OPC\/?oid=1963&amp;lang=de\">Pinienrinde mit OPC<\/a>\u00a0und PlantViril Pulver f\u00fcr den Mann\u00a0als perfektes Duo.<\/p>\n<p>Bewahren Sie das Pr\u00e4parat ausserhalb der Reichweite von Kindern auf.<\/p>\n<p>Zutaten:<\/p>\n<p>L-Arginin, Kaliumcitrat, Aroma Kirsche, Traubensaft Pulver, Kirsch Pulver, Adenosinmonophospaht, Damianablatt Extrakt, Aroma Johannisbeere, Guavenbl\u00e4tter Extrakt, S\u00fcssungsmittel Stevia Extrakt &amp; Sucralose, Selenmethionin, Vitamin B1<\/p>\n<p>Hinweis:<\/p>\n<p>Die angegebene empfohlene t\u00e4gliche Verzehrsmenge darf nicht \u00fcberschritten werden. Nahrungserg\u00e4nzungsmittel sollten nicht als Ersatz f\u00fcr eine ausgewogene und abwechslungsreiche Ern\u00e4hrung verwendet werden. Ausserhalb der Reichweite von Kindern aufbewahren.\u00a0Lagern Sie das Produkt trocken, lichtgesch\u00fctzt und nicht \u00fcber 25\u00b0C.<\/p>\n<p>Benutzen Sie dieses Produkt nicht, wenn das Sicherheitssiegel besch\u00e4digt ist.<\/p>\n<p>Zusammensetzung:<\/p>\n<table border=\"0\" cellspacing=\"1\" cellpadding=\"5\">\n<tbody>\n<tr>\n<td>Zusammensetzung<\/td>\n<td>pro Tagesdosis 10g<\/td>\n<td>RM (%)<\/td>\n<\/tr>\n<tr>\n<td>L-Arginin<\/td>\n<td>692.54 mg<\/td>\n<td>**<\/td>\n<\/tr>\n<tr>\n<td>Kalium<\/td>\n<td>300 mg<\/td>\n<td>15.00%<\/td>\n<\/tr>\n<tr>\n<td>Guavenbl\u00e4tter Extrakt<\/td>\n<td>75.00 mg<\/td>\n<td>**<\/td>\n<\/tr>\n<tr>\n<td>&#8211; davon Zink (4%)<\/td>\n<td>3.00 mg<\/td>\n<td>30.00 %<\/td>\n<\/tr>\n<tr>\n<td>Niacin\u00a0(Vitamin B3)<\/td>\n<td>3.20 mg<\/td>\n<td>20.00 %<\/td>\n<\/tr>\n<tr>\n<td>Selen<\/td>\n<td>11.00\u00a0\u03bcg<\/td>\n<td>20.00 %<\/td>\n<\/tr>\n<tr>\n<td>Vitamin B1<\/td>\n<td>330.00\u00a0\u03bcg<\/td>\n<td>30.00 %<\/td>\n<\/tr>\n<tr>\n<td><\/td>\n<td><\/td>\n<td><\/td>\n<\/tr>\n<tr>\n<td colspan=\"3\">RM(%): Referenzmengen (f\u00fcr den durchschnittlichen Erwachsenen) nach LMIV<\/td>\n<\/tr>\n<tr>\n<td colspan=\"3\">**keine Referenzmenge vorhanden<\/td>\n<\/tr>\n<\/tbody>\n<\/table>\n<p>&nbsp;<\/p>\n","protected":false},"excerpt":{"rendered":"<p>F\u00fcr ein aktives Liebesleben PlantViril Pulver f\u00fcr den Mann mit Potenz Nahrungserg\u00e4nzungsmittel\u00a0mit L-Arginin, Kaliumcitrat, Aroma Kirsche, Traubensaft Pulver, Kirsch Pulver, Adenosinmonophospaht, Damianablatt Extrakt, Aroma Johannisbeere, Guavenbl\u00e4tter Extrakt, S\u00fcssungsmittel Stevia Extrakt &amp; Sucralose, Selenmethionin, Vitamin B1 &#8211; hochwertiges Qualit\u00e4tsprodukt von PlantaVis. PlantViril Pulver mit Zink f\u00fcr die Unterst\u00fctzung des m\u00e4nnlichen Sexualhormon Testosteron f\u00fcr den Mann mti\u00a0Potenzial &hellip;<\/p>\n<p class=\"read-more\"> <a class=\"\" href=\"https:\/\/schmecktbesser.ch\/index.php\/product\/plantviril-pulver-plantviril-l-arginin-leistung-potenz-muskelaufbau-und-fettverbrennung-inhalt-150g\/\"> <span class=\"screen-reader-text\">PlantViril Pulver f\u00fcr den Mann plantviril &#8211; nat\u00fcrliche Kraft f\u00fcr den mann mit leidenschaft<\/span> Weiterlesen &raquo;<\/a><\/p>\n","protected":false},"featured_media":7228,"template":"","meta":{"site-sidebar-layout":"default","site-content-layout":"default","ast-global-header-display":"","ast-main-header-display":"","ast-hfb-above-header-display":"","ast-hfb-below-header-display":"","ast-hfb-mobile-header-display":"","site-post-title":"","ast-breadcrumbs-content":"","ast-featured-img":"","footer-sml-layout":"","theme-transparent-header-meta":"default","adv-header-id-meta":"","stick-header-meta":"","header-above-stick-meta":"","header-main-stick-meta":"","header-below-stick-meta":""},"product_brand":[],"product_cat":[15,270],"product_tag":[],"class_list":{"0":"post-7227","1":"product","2":"type-product","3":"status-publish","4":"has-post-thumbnail","6":"product_cat-uncategorized","7":"product_cat-nahrungsergaenzung","8":"desktop-align-center","9":"tablet-align-center","10":"mobile-align-center","12":"first","13":"instock","14":"taxable","15":"shipping-taxable","16":"purchasable","17":"product-type-simple"},"_links":{"self":[{"href":"https:\/\/schmecktbesser.ch\/index.php\/wp-json\/wp\/v2\/product\/7227","targetHints":{"allow":["GET"]}}],"collection":[{"href":"https:\/\/schmecktbesser.ch\/index.php\/wp-json\/wp\/v2\/product"}],"about":[{"href":"https:\/\/schmecktbesser.ch\/index.php\/wp-json\/wp\/v2\/types\/product"}],"wp:featuredmedia":[{"embeddable":true,"href":"https:\/\/schmecktbesser.ch\/index.php\/wp-json\/wp\/v2\/media\/7228"}],"wp:attachment":[{"href":"https:\/\/schmecktbesser.ch\/index.php\/wp-json\/wp\/v2\/media?parent=7227"}],"wp:term":[{"taxonomy":"product_brand","embeddable":true,"href":"https:\/\/schmecktbesser.ch\/index.php\/wp-json\/wp\/v2\/product_brand?post=7227"},{"taxonomy":"product_cat","embeddable":true,"href":"https:\/\/schmecktbesser.ch\/index.php\/wp-json\/wp\/v2\/product_cat?post=7227"},{"taxonomy":"product_tag","embeddable":true,"href":"https:\/\/schmecktbesser.ch\/index.php\/wp-json\/wp\/v2\/product_tag?post=7227"}],"curies":[{"name":"wp","href":"https:\/\/api.w.org\/{rel}","templated":true}]}}