{"id":7229,"date":"2024-05-05T17:19:16","date_gmt":"2024-05-05T15:19:16","guid":{"rendered":"https:\/\/schmecktbesser.ch\/?post_type=product&#038;p=7229"},"modified":"2024-10-19T18:04:32","modified_gmt":"2024-10-19T16:04:32","slug":"heldenstaerke-potenz-tropfen-heldenstaerke-potenz-booster-tinktur-enthaelt-hochqualitative-pflanzen-und-vitalpilzextrakte-inhalt-50-ml","status":"publish","type":"product","link":"https:\/\/schmecktbesser.ch\/index.php\/product\/heldenstaerke-potenz-tropfen-heldenstaerke-potenz-booster-tinktur-enthaelt-hochqualitative-pflanzen-und-vitalpilzextrakte-inhalt-50-ml\/","title":{"rendered":"HeldenSt\u00e4rke Tinktur HeldenSt\u00e4rke M\u00e4nnerkraft Tinktur enth\u00e4lt hochqualitative Pflanzen- und Vitalpilzextrakte Inhalt: 50ml"},"content":{"rendered":"<p><strong>F\u00fcr den Mann mit Leidenschaft und Potenz<\/strong><\/p>\n<p><strong>HeldenSt\u00e4rke Tinktur f\u00fcr ein aktives Liebesleben<\/strong><\/p>\n<p>Nahrungserg\u00e4nzungsmittel mit Wasser, Cordyceps Extrakt, nat\u00fcrliches Aroma, Zinkgluconat, Ginko Extrakt, Natriumselenit, Ashwagandha Extrakt, S\u00fcssungsmittel: Sucralose\u00a0&#8211; hochwertiges Qualit\u00e4tsprodukt von PlantaVis.<\/p>\n<h5>HeldenSt\u00e4rke &#8211; Tinktur nat\u00fcrliche Kraft\u00a0f\u00fcr den Mann<\/h5>\n<ul>\n<li>Mit Zink zur Unterst\u00fctzung einer normalen Fruchtbarkeit und einer normalen Reproduktion und Selen zur Unterst\u00fctzung einer normalen Spermabildung<\/li>\n<li>Konzipiert als\u00a0Tinktur f\u00fcr eine kinderleichte Anwendung<\/li>\n<li>Mit dem Besten aus der Pflanzenwelt<\/li>\n<\/ul>\n<h5>Das Beste aus der Pflanzenwelt<\/h5>\n<p>Die Pflanzenwelt bietet uns eine grosse Vielfalt an wertvollen Naturstoffen. In unserer HeldenSt\u00e4rke Potenz-Tinktur vereinen wir das Beste aus der Pflanzenwelt und kombinieren es mit lebenswichtigem Zink und Selen. Bei der Herstellung der Tinktur verzichten wir auf unn\u00f6tige Aroma-, Farb-, und Zusatzstoffe und auf tierische Bestandteile. Das macht unsere Produkte zu 100% vegan.<\/p>\n<h5>Cordyceps Extrakt \u2013 Qualit\u00e4t aus dem Himalaya<\/h5>\n<p>Unsere HeldenSt\u00e4rke Potenz-Tinktur enth\u00e4lt hochqualitativen\u00a0<a href=\"https:\/\/www.plantavis.ch\/de\/monofood-produkte\/vitalpilze\/Cordyceps-Pilzextrakt-Kapseln\/?oid=3256&amp;lang=de\">Cordyceps Extrakt<\/a>. Wir gewinnen den\u00a0<a href=\"https:\/\/www.plantavis.ch\/de\/monofood-produkte\/vitalpilze\/Cordyceps-Pilzextrakt-Kapseln\/?oid=3256&amp;lang=de\">Cordyceps Extrakt<\/a>\u00a0aus dem Pilz\u00a0<a href=\"https:\/\/www.plantavis.ch\/de\/monofood-produkte\/vitalpilze\/Cordyceps-Pilzextrakt-Kapseln\/?oid=3256&amp;lang=de\">Cordyceps sinesis<\/a>. Der Pilz ist vor allem in Tibet zu finden und f\u00fchlt sich dort auf einer H\u00f6he von bis zu 5.000 Metern wohl. Uns liegt die Nachhaltigkeit unserer Inhaltsstoffe sehr am Herzen, weshalb wir Cordyceps nicht aus Wildsammlungen beziehen, sondern aus Quellen, die naturnah auf rein pflanzlichen Substraten gez\u00fcchtet werden. Auf diese Weise sch\u00fctzen wir empfindliche \u00d6kosysteme und k\u00f6nnen die hohe Qualit\u00e4t des Extraktes garantieren. In der asiatischen Kultur hat der Pilz einen festen Bestandteil und wird von verschiedenen Personengruppen genutzt.<\/p>\n<h5>Cordyceps \u2013 Potenz- und Libido-Booster<\/h5>\n<p>Der Cordyceps Pilz wird als sehr effektives, nat\u00fcrliches Mittel zur Behebung von Impotenz und mangelnder Libido eingesch\u00e4tzt \u2013 und zwar bei M\u00e4nnern wie auch bei Frauen. Schon in alten chinesischen Schriften wurde der Cordyceps Pilz als hilfreiches Potenzmittel erw\u00e4hnt. Im alten China soll Cordyceps den Kaiser dazu bef\u00e4higt haben, seine zahlreichen Gattinnen so zufrieden zu stellen, dass sich keine in irgendeiner Weise vernachl\u00e4ssigt f\u00fchlen musste. Folglich hat man in den letzten Jahrzehnten besonders in diesem Bereich ausgiebig geforscht. Dabei zeigte sich, dass der Cordyceps Pilz \u00fcber viele verschiedene Wege die Liebesf\u00e4higkeit zu neuem Leben erwecken kann.<br \/>\nCordyceps entspannt das glatte Muskelgewebe im Corpus cavernosum (Schwellk\u00f6rper) des Penis. Demzufolge kann das Blut in den Penis hineinstr\u00f6men und eine Erektion bewirken. Cordyceps wirkt direkt auf die Geschlechtsorgane (Hoden und Geb\u00e4rmutter) ein. Cordyceps f\u00f6rdert ausserdem die Samenbildung.\u00a0 Eine Untersuchung zeigte, dass die Qualit\u00e4t und Vitalit\u00e4t der Spermien nach der Einnahme von Cordyceps signifikant verbessert war. Verschiedene Untersuchungen am Menschen zeigen \u00fcberdies, dass Cordyceps eine regulierende Wirkung auf die Geschlechtshormone aus\u00fcbt \u2013 und zwar sowohl auf die m\u00e4nnlichen als auch auf die weiblichen. Cordyceps ist also ein echter Potenz- und Libido-Booster.<br \/>\nBesondere Beliebtheit bei\u00a0Sportler und Studierende. Sie erh\u00f6hen mit Cordyceps ihre Kondition und Leistungsf\u00e4higkeit. Menschen mit Abwehrschw\u00e4che st\u00e4rken mit Cordyceps ihr Immunsystem.\u00a0Seine Spezialit\u00e4t ist jedoch die Potenz- und Libidosteigerung. Der Cordyceps Pilz\u00a0ist reich an N\u00e4hrstoffen wie:<\/p>\n<ul>\n<li>Vitamine: B1, B2, B12, E, K<\/li>\n<li>Mineralstoffe: Eisen, Kupfer, Selen, Zink<\/li>\n<li>Bis zu 35% Protein und damit alle essentiellen Aminos\u00e4uren sowie Glycoproteine &amp; Polysaccharide<\/li>\n<li>Steroide wie Ergosterol<\/li>\n<li>Nukleoside:\u00a0<a href=\"http:\/\/www.plantavis.ch\/de\/monofood-produkte\/vitalpilze\/Cordyceps-Pilzextrakt-Kapseln\/?oid=3256&amp;lang=de\">Cordycepin<\/a><\/li>\n<\/ul>\n<h5>Ginkgo Extrakt und Ashwagandha \u2013 Nat\u00fcrliche Rohstoffe<\/h5>\n<p>Aus der Pflanzenwelt haben wir noch zwei weitere Naturstoffe in unserer Potenz-Tinktur\u00a0integriert: Ginkgo und Ashwagandha. F\u00fcr unsere Tinktur gewinnen wir Ginkgo Extrakt aus den Bl\u00e4ttern des Ginkgo Baumes. Beheimatet ist der Baum im ostasiatischen Raum und geh\u00f6rt mit zu den \u00e4ltesten Baumarten, die uns bekannt sind. Er ist im asiatischen Raum besonders beliebt aufgrund des einzigartigen Substanzgemischs in seinen Bl\u00e4ttern. Die Bl\u00e4tter enthalten eine Mischung aus sekund\u00e4ren Pflanzenstoffen, wie Flavonoiden, Ginkgoliden und Terpenen. Ebenfalls aus dem asiatischen Raum stammt Ashwagandha. Hierzulande ist das Nachtschattengew\u00e4chs auch als Schlafbeere oder \u201eIndischer Ginseng&#187; bekannt. Die Pflanze wird f\u00fcr verschiedene Zwecke eingesetzt, da sowohl ihre Bl\u00e4tter, Bl\u00fcten, St\u00e4ngel, Samen, Beeren, Rinde und die Wurzel vielseitig genutzt werden. Ashwagandha enth\u00e4lt eine Reihe wertvoller Inhaltsstoffe, wie:<\/p>\n<ul>\n<li><strong>Withanolide:<\/strong>\u00a0Withanolide sind eine Gruppe nat\u00fcrlich vorkommender Verbindungen und werden als sekund\u00e4re Pflanzenstoffe haupts\u00e4chlich in Nachtschattengew\u00e4chsen gefunden.<\/li>\n<li><strong>Alkaloide:\u00a0<\/strong>Bei Alkaloiden handelt es sich um organische Verbindungen, die in Pflanzen vorkommen. Es gibt bis zu 8000 verschiedene Alkaloide. Sie enthalten Stickstoff und entstehen als Endprodukt des pflanzlichen Stoffwechsels.<\/li>\n<li><strong>Choline:<\/strong>\u00a0Choline m\u00fcssen \u00fcber die Nahrung verzehrt werden, da der K\u00f6rper sie selbst nicht bilden kann und kaum speichern kann. Die t\u00e4gliche Aufnahme ist empfehlenswert.<\/li>\n<li><strong>Fetts\u00e4uren:<\/strong>\u00a0Fetts\u00e4uren sind ein Bestandteil nat\u00fcrlicher Fette und \u00d6le und liefern vor allem Nahrungsenergie, wobei einige Fetts\u00e4uren auch spezielle Funktionen im Organismus haben.<\/li>\n<li><strong>Aminos\u00e4uren:\u00a0<\/strong>Aminos\u00e4uren sind die \u201eGrundbausteine&#187; der Eiweisse und spielen im K\u00f6rper eine wichtige Rolle. Sie werden in essenzielle, semi-essenzielle und nicht-essenzielle Aminos\u00e4uren aufgeteilt. Ein Mangel an Aminos\u00e4uren kann auf Dauer negative gesundheitliche Auswirkungen haben.<\/li>\n<\/ul>\n<h5>Unterst\u00fctzung der M\u00e4nnergesundheit<\/h5>\n<p>Wir haben unsere HeldenSt\u00e4rke Potenz-Tinktur entwickelt, um die M\u00e4nnergesundheit mit nat\u00fcrlichen Pflanzenstoffen und wertvollen Spurenelementen effektiv zu unterst\u00fctzen. Potenzprobleme sind ein Teil der M\u00e4nnergesundheit, welcher als unangenehm empfunden wird und eine psychische Belastung sein kann. W\u00e4hrend in einigen F\u00e4llen eine medikament\u00f6se Therapie n\u00f6tig ist, reicht bei manchen M\u00e4nnern eine Umstellung des Lebensstils und der Ern\u00e4hrung aus. Eine ausgewogene Ern\u00e4hrung kann sich positiv auf die Potenz und die Fruchtbarkeit des Mannes auswirken. Mit einer Versorgung durch die richtigen N\u00e4hrstoffe, kann ein gutes Fundament f\u00fcr die Fruchtbarkeit des Mannes gebaut werden \u2013 hierf\u00fcr bildet unsere HeldenSt\u00e4rke Potenz-Tinktur die bestm\u00f6gliche Grundlage. Die Tinktur enth\u00e4lt deshalb die lebenswichtigen Spurenelemente Zink und Selen, die auch eine Rolle bei Reproduktionsvorg\u00e4ngen einnehmen. So tr\u00e4gt Zink zu einer normalen Fruchtbarkeit und einer normalen Reproduktion bei und Selen tr\u00e4gt zu einer normalen Spermabildung bei. Beide Spurenelemente sind hochdosiert, damit eine gute Bioverf\u00fcgbarkeit gew\u00e4hrleistet ist und der K\u00f6rper sie ideal aufnehmen kann.<\/p>\n<h5>Tipp:<\/h5>\n<p>In Kombination mit\u00a0<a href=\"https:\/\/www.plantavis.ch\/de\/produkte\/aktivitaet\/Pinienrinde-OPC\/?oid=1963&amp;lang=de\">Pinienrindenextrakt<\/a>\u00a0und\u00a0<a href=\"https:\/\/www.plantavis.ch\/de\/produkte\/liebe\/PlantViril\/?oid=2952&amp;lang=de\">PlantViril Pulver<\/a>\u00a0kann die Wirkung\u00a0positiv verst\u00e4rkt werden. Die Antioxidantien aus der\u00a0<a href=\"https:\/\/www.plantavis.ch\/de\/produkte\/aktivitaet\/Pinienrinde-OPC\/?oid=1963&amp;lang=de\">Pinienrinde<\/a>\u00a0k\u00f6nnen die Flexibilit\u00e4t der Blutgef\u00e4sse erh\u00f6hen und damit den Blutfluss positiv beeinflussen.<br \/>\nWir empfehlen Ihnen die\u00a0<a href=\"http:\/\/www.plantavis.ch\/de\/produkte\/aktivitaet\/Pinienrinde-OPC\/?oid=1963&amp;lang=de\">Pinienrinde mit OPC\u00a0Kapseln<\/a>,\u00a0<a href=\"http:\/\/www.plantavis.ch\/de\/produkte\/liebe\/PlantViril\/?oid=2952&amp;lang=de\">PlantViril Pulver<\/a>\u00a0und HeldenSt\u00e4rke Potenz-Tinktur als perfektes Trio\u00a0zur Behandlung von erektilen Dysfunktion.<br \/>\nZus\u00e4tzlich kann man\u00a0die Powerknolle\u00a0<a href=\"https:\/\/www.plantavis.ch\/de\/produkte\/liebe\/Maca-Kapseln\/?oid=2474&amp;lang=de\">Maca\u00a0Kapseln<\/a>,\u00a0<a href=\"https:\/\/www.plantavis.ch\/de\/monofood-produkte\/proteine-samen\/Maca-Pulver-Bio\/?oid=3157&amp;lang=de\">Maca Pulver Bio<\/a>\u00a0oder\u00a0<a href=\"https:\/\/www.plantavis.ch\/de\/produkte\/liebe\/Muira-Maca\/?oid=3228&amp;lang=de\">Muira&amp;Maca Kapseln<\/a>\u00a0kombinieren, die sich\u00a0\u00e4usserst gezielt und sehr positiv auf Libido und Potenz auswirken.<\/p>\n<p>Erektionsst\u00f6rungen sind keine Seltenheit und kommen bei vielen M\u00e4nnern im Laufe ihres Lebens vor. Probleme mit der Erektion sind kein Zeichen mangelnder M\u00e4nnlichkeit, sondern geh\u00f6ren zum M\u00e4nner-Leben dazu. Wichtig ist den Grund f\u00fcr das Problem zu finden. Bei l\u00e4ngeren Potenzproblemen sollte \u00e4rztlicher Rat ersucht werden.<\/p>\n<p>Hinweis:<\/p>\n<p>Die angegebene empfohlene t\u00e4gliche Verzehrsmenge darf nicht \u00fcberschritten werden. Nahrungserg\u00e4nzungsmittel sollten nicht als Ersatz f\u00fcr eine ausgewogene und abwechslungsreiche Ern\u00e4hrung verwendet werden. Ausserhalb der Reichweite von Kindern aufbewahren. Lagern Sie das Produkt trocken, lichtgesch\u00fctzt und nicht \u00fcber 25\u00b0C.<\/p>\n<p>Benutzen Sie dieses Produkt nicht, wenn das Sicherheitssiegel besch\u00e4digt ist.<\/p>\n<p><strong>Anwendung:<\/strong><\/p>\n<p>Zwei Pipettenh\u00fcbe (1ml) zur direkten Einnahme vor dem Verkehr.<br \/>\nVor Gebrauch sch\u00fctteln.<\/p>\n<p><strong>Zutaten:<\/strong><\/p>\n<p>Wasser, Cordyceps Extrakt, nat\u00fcrliches Aroma, Zinkgluconat, Ginko Extrakt, Natriumselenit, Ashwagandha Extrakt, S\u00fcssungsmittel: Sucralose, (Konserviert mit 14.7% Alkohol).<\/p>\n<p><strong>Zusammensetzung:<\/strong><\/p>\n<table border=\"0\" cellspacing=\"1\" cellpadding=\"5\">\n<tbody>\n<tr>\n<td>Zusammensetzung<\/td>\n<td>pro Tagesdosis<\/td>\n<td>RM (%)<\/td>\n<\/tr>\n<tr>\n<td>Cordyceps Extrakt<\/td>\n<td>235.00 mg<\/td>\n<td>**<\/td>\n<\/tr>\n<tr>\n<td>Ginko Extrakt<\/td>\n<td>40 mg<\/td>\n<td>**<\/td>\n<\/tr>\n<tr>\n<td>Ashwagandha<\/td>\n<td>10.00 mg<\/td>\n<td>**<\/td>\n<\/tr>\n<tr>\n<td>Zink<\/td>\n<td>3.00 mg<\/td>\n<td>30.00 %<\/td>\n<\/tr>\n<tr>\n<td>Selen<\/td>\n<td>55.00\u00a0\u03bcg<\/td>\n<td>100.00 %<\/td>\n<\/tr>\n<tr>\n<td><\/td>\n<td><\/td>\n<td><\/td>\n<\/tr>\n<tr>\n<td colspan=\"3\">RM(%): Referenzmengen (f\u00fcr den durchschnittlichen Erwachsenen) nach LMIV<\/td>\n<\/tr>\n<tr>\n<td colspan=\"3\">**keine Referenzmenge vorhanden<\/td>\n<\/tr>\n<\/tbody>\n<\/table>\n<p>&nbsp;<\/p>\n<p><img decoding=\"async\" src=\"https:\/\/www.plantavis.ch\/image\/Produkte\/Neu\/HeldenSt%C3%A4rke_Potenz_Spray_PlantaVis_Switzerland_901x901.jpg\" alt=\"\" \/><\/p>\n<p><span style=\"font-size: 16px\">\u00a0<\/span><\/p>\n","protected":false},"excerpt":{"rendered":"<p>F\u00fcr den Mann mit Leidenschaft und Potenz HeldenSt\u00e4rke Tinktur f\u00fcr ein aktives Liebesleben Nahrungserg\u00e4nzungsmittel mit Wasser, Cordyceps Extrakt, nat\u00fcrliches Aroma, Zinkgluconat, Ginko Extrakt, Natriumselenit, Ashwagandha Extrakt, S\u00fcssungsmittel: Sucralose\u00a0&#8211; hochwertiges Qualit\u00e4tsprodukt von PlantaVis. HeldenSt\u00e4rke &#8211; Tinktur nat\u00fcrliche Kraft\u00a0f\u00fcr den Mann Mit Zink zur Unterst\u00fctzung einer normalen Fruchtbarkeit und einer normalen Reproduktion und Selen zur Unterst\u00fctzung einer &hellip;<\/p>\n<p class=\"read-more\"> <a class=\"\" href=\"https:\/\/schmecktbesser.ch\/index.php\/product\/heldenstaerke-potenz-tropfen-heldenstaerke-potenz-booster-tinktur-enthaelt-hochqualitative-pflanzen-und-vitalpilzextrakte-inhalt-50-ml\/\"> <span class=\"screen-reader-text\">HeldenSt\u00e4rke Tinktur HeldenSt\u00e4rke M\u00e4nnerkraft Tinktur enth\u00e4lt hochqualitative Pflanzen- und Vitalpilzextrakte Inhalt: 50ml<\/span> Weiterlesen &raquo;<\/a><\/p>\n","protected":false},"featured_media":7230,"template":"","meta":{"site-sidebar-layout":"default","site-content-layout":"default","ast-global-header-display":"","ast-main-header-display":"","ast-hfb-above-header-display":"","ast-hfb-below-header-display":"","ast-hfb-mobile-header-display":"","site-post-title":"","ast-breadcrumbs-content":"","ast-featured-img":"","footer-sml-layout":"","theme-transparent-header-meta":"default","adv-header-id-meta":"","stick-header-meta":"","header-above-stick-meta":"","header-main-stick-meta":"","header-below-stick-meta":""},"product_brand":[],"product_cat":[15,270],"product_tag":[],"class_list":{"0":"post-7229","1":"product","2":"type-product","3":"status-publish","4":"has-post-thumbnail","6":"product_cat-uncategorized","7":"product_cat-nahrungsergaenzung","8":"desktop-align-center","9":"tablet-align-center","10":"mobile-align-center","12":"first","13":"instock","14":"taxable","15":"shipping-taxable","16":"purchasable","17":"product-type-simple"},"_links":{"self":[{"href":"https:\/\/schmecktbesser.ch\/index.php\/wp-json\/wp\/v2\/product\/7229","targetHints":{"allow":["GET"]}}],"collection":[{"href":"https:\/\/schmecktbesser.ch\/index.php\/wp-json\/wp\/v2\/product"}],"about":[{"href":"https:\/\/schmecktbesser.ch\/index.php\/wp-json\/wp\/v2\/types\/product"}],"wp:featuredmedia":[{"embeddable":true,"href":"https:\/\/schmecktbesser.ch\/index.php\/wp-json\/wp\/v2\/media\/7230"}],"wp:attachment":[{"href":"https:\/\/schmecktbesser.ch\/index.php\/wp-json\/wp\/v2\/media?parent=7229"}],"wp:term":[{"taxonomy":"product_brand","embeddable":true,"href":"https:\/\/schmecktbesser.ch\/index.php\/wp-json\/wp\/v2\/product_brand?post=7229"},{"taxonomy":"product_cat","embeddable":true,"href":"https:\/\/schmecktbesser.ch\/index.php\/wp-json\/wp\/v2\/product_cat?post=7229"},{"taxonomy":"product_tag","embeddable":true,"href":"https:\/\/schmecktbesser.ch\/index.php\/wp-json\/wp\/v2\/product_tag?post=7229"}],"curies":[{"name":"wp","href":"https:\/\/api.w.org\/{rel}","templated":true}]}}