{"id":7231,"date":"2024-05-05T17:23:26","date_gmt":"2024-05-05T15:23:26","guid":{"rendered":"https:\/\/schmecktbesser.ch\/?post_type=product&#038;p=7231"},"modified":"2024-10-19T18:03:34","modified_gmt":"2024-10-19T16:03:34","slug":"muira-puama-maca-kapseln-dem-potenzholz-muira-puama-werden-positive-effekte-auf-die-koerperliche-leistungsfaehigkeit-zugeschrieben-60-tage-versorgung-inhalt-180-kapseln-fuellmenge-1107-g","status":"publish","type":"product","link":"https:\/\/schmecktbesser.ch\/index.php\/product\/muira-puama-maca-kapseln-dem-potenzholz-muira-puama-werden-positive-effekte-auf-die-koerperliche-leistungsfaehigkeit-zugeschrieben-60-tage-versorgung-inhalt-180-kapseln-fuellmenge-1107-g\/","title":{"rendered":"Muira Puama &amp; Maca Kapseln Dem potenzholz Muira Puama werden positive Effekte auf die k\u00f6rperliche Leistungsf\u00e4higkeit zugeschrieben 60 Tage Versorgung  Inhalt: 180 Kapseln | F\u00fcllmenge: 110,7 g."},"content":{"rendered":"<p><strong>Lust f\u00fcr ein aktiveres Liebesleben\u00a0<\/strong><\/p>\n<p><strong>Muira Puama &amp; Maca Kapseln f\u00fcr den Mann &amp; die Frau.<\/strong><\/p>\n<p>Nahrungserg\u00e4nzungsmittel mit Muira Puama Extrakt, Macawurzel Extrakt, \u00dcberzugsmittel: Hydroxypropylmethylcellulose, Damianablatt Extrakt, Ginkgo Biloba Extrakt, Zinkbisglycinat, schwarzer Pfeffer Extrakt (Bioperine) &#8211; hochwertiges Qualit\u00e4tsprodukt von PlantaVis.<\/p>\n<h5>Muira &amp;\u00a0Maca\u00a0Kapseln (ZauberSturm) f\u00fcr ein aktiveres Liebesleben<\/h5>\n<p>F\u00fcr das Sch\u00f6nste im Leben: Z\u00e4rtlichkeit und Liebe geh\u00f6ren zu den wunderbarsten Gef\u00fchlen, die zwei Menschen verbinden. Dabei kommt den Hormonen eine wichtige Rolle zu. Ein intakter Hormonhaushalt sowie die Funktion von Sexualhormonen tragen dazu bei, ein erf\u00fclltes und aktives Liebesleben zu f\u00fchren. Wir unterst\u00fctzen Sie dabei mit nat\u00fcrlichen, pflanzlichen Extrakten\u00a0und Zink.<\/p>\n<h5>F\u00fcr den Mann und f\u00fcr die Frau<\/h5>\n<p>Muira &amp;\u00a0Maca\u00a0ist ein\u00a0Nahrungserg\u00e4nzungsmittel\u00a0welches auf der Kombination verschiedener Pflanzenextrakte basiert. Hauptbestandteile sind hier die namensgebenden Muira Puama und\u00a0Maca, welche in ihren jeweiligen s\u00fcdamerikanischen Heimaten seit Jahrhunderten gesch\u00e4tzt werden. Extrakte aus Damiana und\u00a0Ginkgo\u00a0biloba sowie\u00a0Zink*1\u00a0und Bioperine\u00a9\u00a0runden die Rezeptur ab.<\/p>\n<ul>\n<li>Zink tr\u00e4gt zu einer normalen kognitiven Funktion bei<\/li>\n<li>Zink tr\u00e4gt zu einer normalen DNA-Synthese bei<\/li>\n<li>Zink tr\u00e4gt zu einer normalen Fruchtbarkeit und einer normalen Reproduktion bei<\/li>\n<li>Zink tr\u00e4gt zur Erhaltung eines normalen Testosteronspiegels im Blut bei<\/li>\n<\/ul>\n<h5>Die Vereinigung zweier Exoten<\/h5>\n<p>Maca\u00a0hat sich hierzulande bereits einen Namen als Superfood gemacht.\u00a0Und das auch zu Recht, die Knolle aus Peru strotzt nur so\u00a0von N\u00e4hrstoffen: Dank des hohen Proteingehalts ist sie eine sehr\u00a0gute pflanzliche Proteinquelle, doch enth\u00e4lt sie auch viele\u00a0Vitamine\u00a0und\u00a0Mineralstoffe, aber auch\u00a0Omega-3-Fetts\u00e4uren.\u00a0Muira Puama ist ein kleiner Baum, welcher im Regenwald des\u00a0Amazonas w\u00e4chst. Er besitzt kleine weisse Bl\u00fcten und hat einen\u00a0Geruch, der entfernt an Jasmin erinnert. Muira enth\u00e4lt viele wertvolle\u00a0Inhaltsstoffe, wie zum Beispiel Terpene, \u00e4therische \u00d6le, Alkaloide,\u00a0Flavone, Sitosterin, Tannin,\u00a0Bitterstoffe\u00a0und Fetts\u00e4uren.\u00a0H\u00e4ufig werden Wurzel und Rinde verwendet, um Gebrauch von\u00a0den Inhaltsstoffen zu machen.\u00a0Ein\u00a0anderer Name f\u00fcr Muira Puama ist auch Potenzholz.\u00a0Muira Puama ist in der evidenzbasierten Medizin nur wenig erforscht,\u00a0so dass es aktuell keine gesicherten wissenschaftlichen\u00a0Belege f\u00fcr diese Wirkung gibt. Bei\u00a0Maca\u00a0hingegen zeigen erste\u00a0Studien bereits vielversprechende Ergebnisse hinsichtlich einer\u00a0aphrodisierenden Wirkung, doch auch hier ist die Studienlage\u00a0noch zu d\u00fcnn, um gesicherte Aussagen treffen zu k\u00f6nnen. Die\u00a0Jahrhunderte lange, traditionelle Nutzung von Muira und\u00a0Maca\u00a0in\u00a0deren einheimischen Kulturen spricht jedoch f\u00fcr sich.<\/p>\n<h5>Perfekte Erg\u00e4nzung<\/h5>\n<p>Nichtsdestotrotz erfreuen sich sowohl\u00a0Maca\u00a0als auch Muira Puama\u00a0hierzulande an wachsender Beliebtheit. Unseren Kapseln haben\u00a0wir zus\u00e4tzlich\u00a0Zink*1\u00a0beigef\u00fcgt, welches nachweislich zu einer\u00a0normalen Fruchtbarkeit und einer normalen Reproduktion beitr\u00e4gt.<\/p>\n<h5>Tipp:<\/h5>\n<p>Da gesundheitsbezogene Aussagen\u00a0f\u00fcr ein Nahrungserg\u00e4nzungsmittel wie Muira Puama und\u00a0Maca\u00a0und dessen\u00a0Zutaten nur im gesetzlichen Ramen m\u00f6glich sind, ist eine Internetrecherche \u00fcber die positiven Eigenschaften zu empfehlen.<br \/>\nInternetrecherche:\u00a0<a href=\"https:\/\/de.wikipedia.org\/wiki\/Ptychopetalum_olacoides\" target=\"_blank\" rel=\"noopener\">Muira Puama<\/a>,\u00a0<a href=\"https:\/\/www.pharmawiki.ch\/wiki\/index.php?wiki=maca\" target=\"_blank\" rel=\"noopener\">Maca<\/a>,\u00a0<a href=\"https:\/\/de.wikipedia.org\/wiki\/Ginkgo\" target=\"_blank\" rel=\"noopener\">Ginkgo Biloba<\/a><\/p>\n<p>Anwendung:<\/p>\n<p>T\u00e4glich 3\u00a0Kapseln\u00a0mit ausreichend Fl\u00fcssigkeit zu oder nach einer Mahlzeit einnehmen. Es k\u00f6nnen auch mehrere Kapseln auf einmal eingenommen werden. Eine Dose reicht f\u00fcr einen zwei-Monatsbedarf und ist f\u00fcr eine dauerhafte Anwendung geeignet.<\/p>\n<p>Die Produkte sollten langfristig und konsequent angewandt werden, denn nur so ist es gew\u00e4hrleistet, dass die hochwertigen Wirkstoffe die gew\u00fcnschten Ergebnisse erzielen.<\/p>\n<p><strong>Zutaten:<\/strong><\/p>\n<p>Muira Puama Extrakt, Macawurzel Extrakt, Kapselh\u00fclle Vegan: Hydroxypropylmethylcellulose, Damianablatt Extrakt, Ginkgo Biloba Extrakt, Zinkbisglycinat, schwarzer Pfeffer Extrakt (Bioperine)<\/p>\n<p>Hinweis:<\/p>\n<p>Die angegebene empfohlene t\u00e4gliche Verzehrsmenge darf nicht \u00fcberschritten werden. Nahrungserg\u00e4nzungsmittel sollten nicht als Ersatz f\u00fcr eine ausgewogene und abwechslungsreiche Ern\u00e4hrung verwendet werden. Ausserhalb der Reichweite von Kindern aufbewahren.\u00a0Lagern Sie das Produkt trocken, lichtgesch\u00fctzt und nicht \u00fcber 25\u00b0C.<\/p>\n<p>Benutzen Sie dieses Produkt nicht, wenn das Sicherheitssiegel besch\u00e4digt ist.<\/p>\n<p>Wenn Sie schwanger sind oder stillen, kontaktieren\u00a0Sie bitte Ihren Arzt, bevor Sie das Produkt benutzen.<\/p>\n<h5><\/h5>\n<p><strong>Zusammensetzung:<\/strong><\/p>\n<table border=\"0\" cellspacing=\"1\" cellpadding=\"5\">\n<tbody>\n<tr>\n<td>Zusammensetzung<\/td>\n<td>pro Tagesdosis 3 Kapseln<\/td>\n<td>RM (%)<\/td>\n<\/tr>\n<tr>\n<td>Muira Puama Extrakt<\/td>\n<td>750.00 mg<\/td>\n<td>**<\/td>\n<\/tr>\n<tr>\n<td>Macawurzel Extrakt<\/td>\n<td>600.00 mg<\/td>\n<td>**<\/td>\n<\/tr>\n<tr>\n<td>Damianablatt Extrakt<\/td>\n<td>90.00 mg<\/td>\n<td>**<\/td>\n<\/tr>\n<tr>\n<td>Ginkgo Biloba Extrakt<\/td>\n<td>60.00 mg<\/td>\n<td>**<\/td>\n<\/tr>\n<tr>\n<td>Zink<\/td>\n<td>5.0 mg<\/td>\n<td>50.00%<\/td>\n<\/tr>\n<tr>\n<td><\/td>\n<td><\/td>\n<td><\/td>\n<\/tr>\n<tr>\n<td colspan=\"3\">RM(%): Referenzmengen (f\u00fcr den durchschnittlichen Erwachsenen) nach LMIV<\/p>\n<p>**keine Referenzmenge vorhanden<\/td>\n<\/tr>\n<\/tbody>\n<\/table>\n","protected":false},"excerpt":{"rendered":"<p>Lust f\u00fcr ein aktiveres Liebesleben\u00a0 Muira Puama &amp; Maca Kapseln f\u00fcr den Mann &amp; die Frau. Nahrungserg\u00e4nzungsmittel mit Muira Puama Extrakt, Macawurzel Extrakt, \u00dcberzugsmittel: Hydroxypropylmethylcellulose, Damianablatt Extrakt, Ginkgo Biloba Extrakt, Zinkbisglycinat, schwarzer Pfeffer Extrakt (Bioperine) &#8211; hochwertiges Qualit\u00e4tsprodukt von PlantaVis. Muira &amp;\u00a0Maca\u00a0Kapseln (ZauberSturm) f\u00fcr ein aktiveres Liebesleben F\u00fcr das Sch\u00f6nste im Leben: Z\u00e4rtlichkeit und Liebe &hellip;<\/p>\n<p class=\"read-more\"> <a class=\"\" href=\"https:\/\/schmecktbesser.ch\/index.php\/product\/muira-puama-maca-kapseln-dem-potenzholz-muira-puama-werden-positive-effekte-auf-die-koerperliche-leistungsfaehigkeit-zugeschrieben-60-tage-versorgung-inhalt-180-kapseln-fuellmenge-1107-g\/\"> <span class=\"screen-reader-text\">Muira Puama &amp; Maca Kapseln Dem potenzholz Muira Puama werden positive Effekte auf die k\u00f6rperliche Leistungsf\u00e4higkeit zugeschrieben 60 Tage Versorgung  Inhalt: 180 Kapseln | F\u00fcllmenge: 110,7 g.<\/span> Weiterlesen &raquo;<\/a><\/p>\n","protected":false},"featured_media":7232,"template":"","meta":{"site-sidebar-layout":"default","site-content-layout":"default","ast-global-header-display":"","ast-main-header-display":"","ast-hfb-above-header-display":"","ast-hfb-below-header-display":"","ast-hfb-mobile-header-display":"","site-post-title":"","ast-breadcrumbs-content":"","ast-featured-img":"","footer-sml-layout":"","theme-transparent-header-meta":"default","adv-header-id-meta":"","stick-header-meta":"","header-above-stick-meta":"","header-main-stick-meta":"","header-below-stick-meta":""},"product_brand":[],"product_cat":[15,270],"product_tag":[],"class_list":{"0":"post-7231","1":"product","2":"type-product","3":"status-publish","4":"has-post-thumbnail","6":"product_cat-uncategorized","7":"product_cat-nahrungsergaenzung","8":"desktop-align-center","9":"tablet-align-center","10":"mobile-align-center","12":"first","13":"instock","14":"taxable","15":"shipping-taxable","16":"purchasable","17":"product-type-simple"},"_links":{"self":[{"href":"https:\/\/schmecktbesser.ch\/index.php\/wp-json\/wp\/v2\/product\/7231","targetHints":{"allow":["GET"]}}],"collection":[{"href":"https:\/\/schmecktbesser.ch\/index.php\/wp-json\/wp\/v2\/product"}],"about":[{"href":"https:\/\/schmecktbesser.ch\/index.php\/wp-json\/wp\/v2\/types\/product"}],"wp:featuredmedia":[{"embeddable":true,"href":"https:\/\/schmecktbesser.ch\/index.php\/wp-json\/wp\/v2\/media\/7232"}],"wp:attachment":[{"href":"https:\/\/schmecktbesser.ch\/index.php\/wp-json\/wp\/v2\/media?parent=7231"}],"wp:term":[{"taxonomy":"product_brand","embeddable":true,"href":"https:\/\/schmecktbesser.ch\/index.php\/wp-json\/wp\/v2\/product_brand?post=7231"},{"taxonomy":"product_cat","embeddable":true,"href":"https:\/\/schmecktbesser.ch\/index.php\/wp-json\/wp\/v2\/product_cat?post=7231"},{"taxonomy":"product_tag","embeddable":true,"href":"https:\/\/schmecktbesser.ch\/index.php\/wp-json\/wp\/v2\/product_tag?post=7231"}],"curies":[{"name":"wp","href":"https:\/\/api.w.org\/{rel}","templated":true}]}}