{"id":7233,"date":"2024-05-05T17:26:33","date_gmt":"2024-05-05T15:26:33","guid":{"rendered":"https:\/\/schmecktbesser.ch\/?post_type=product&#038;p=7233"},"modified":"2024-10-19T18:01:51","modified_gmt":"2024-10-19T16:01:51","slug":"maennerheld-prosta-die-prosta-maennerheld-kapseln-mit-fuenf-wertvollen-pflanzenextrakten-60-tage-versorgung-inhalt-120-kapseln-fuellmenge-603-g","status":"publish","type":"product","link":"https:\/\/schmecktbesser.ch\/index.php\/product\/maennerheld-prosta-die-prosta-maennerheld-kapseln-mit-fuenf-wertvollen-pflanzenextrakten-60-tage-versorgung-inhalt-120-kapseln-fuellmenge-603-g\/","title":{"rendered":"M\u00e4nnerHeld Prosta Die Prosta M\u00e4nnerHeld Kapseln mit f\u00fcnf wertvollen Pflanzenextrakten 60 Tage Versorgung  Inhalt: 120 Kapseln | F\u00fcllmenge: 60,3 g."},"content":{"rendered":"<p><strong>Nat\u00fcrliche Kraft f\u00fcr die Prostata\u00a0<\/strong><\/p>\n<p><strong>M\u00e4nnerHeld Prosta Kapseln mit\u00a0wertvollen Pflanzenextrakten<\/strong><\/p>\n<p>&nbsp;<\/p>\n<p>Nahrungserg\u00e4nzungsmittel mit S\u00e4gepalm Extrakt, Brennnesselwurzel Pulver,\u00a0Tomaten Extrakt, Sibirischer Ginseng Pulver, K\u00fcrbiskern Extrakt, Granatapfelschalen Extrakt, L-Histidin, Zinkgluconat, Selenmethionin, Zink und Selen &#8211; hochwertiges Qualit\u00e4tsprodukt von PlantaVis.<\/p>\n<h5>Nat\u00fcrliche Kraft f\u00fcr die Prostata (M\u00e4nnerHeld) Kapseln<\/h5>\n<ul>\n<li>Enth\u00e4lt die lebenswichtigen N\u00e4hrstoffe Zink und Selen<\/li>\n<li>Mit f\u00fcnf wertvollen Pflanzenextrakten<\/li>\n<li>F\u00fcr die Gesundheit des Mannes<\/li>\n<\/ul>\n<h5>Sekund\u00e4re Pflanzenstoffe \u2013 Die Kraft der Natur gezielt nutzen<\/h5>\n<p>Sekund\u00e4re Pflanzenstoffe sind ein nat\u00fcrlicher Bestandteil von Pflanzen. Sie sch\u00fctzen die Pflanze vor \u00e4usseren Einfl\u00fcssen und sind daher essenziell f\u00fcr die Gesundheit der Pflanze. Mit unseren PlantaVis M\u00e4nnerHeld Prosta Kapseln k\u00f6nnen diese Stoffe gezielt aufgenommen werden. Unsere Kapseln vereinen Spurenelemente mit f\u00fcnf wertvollen Pflanzenextrakten. Die M\u00e4nnerHeld Prosta Kapseln beinhalten das Beste aus reinen Pflanzenstoffen:<\/p>\n<ul>\n<li><strong>S\u00e4gepalm Extrakt:<\/strong>\u00a0Wir haben uns gezielt f\u00fcr S\u00e4gepalm Extrakt in unseren M\u00e4nnerHeld Kapseln entschieden. Die S\u00e4gepalme w\u00e4chst im S\u00fcdosten der USA und enth\u00e4lt Phytosterole, was den Extrakt auch so unverzichtbar f\u00fcr unsere M\u00e4nnerHeld Prosta\u00a0Kapseln macht.<\/li>\n<li><strong>Brennnesselwurzel Pulver:\u00a0<\/strong>Die Brennnessel ist bei uns nicht unbekannt,\u00a0schon seit Jahrhunderten ist die Pflanze in der heimischen Kr\u00e4uterkunde\u00a0zuhause. In Bl\u00e4ttern und Wurzel sind wertvolle Inhaltsstoffe wie Flavonoide,\u00a0beta-Sitosterole und Polysaccharide enthalten. Besonders die Phytohormone\u00a0(wie beta-Sitosterol) sind eine perfekte Erg\u00e4nzung f\u00fcr die PlantaVis\u00a0M\u00e4nnerHeld Kapseln.<\/li>\n<li><strong>Tomatenextrakt:<\/strong>\u00a0Gem\u00fcse, wie Tomaten, sollte Teil einer ausgewogenen Ern\u00e4hrung sein. Tomaten sind reich an sekund\u00e4ren Pflanzenstoffen, Kalium und Vitamin C. Sie enthalten ausserdem Lycopin, was als hochpotentes Antioxidans wirkt, auch deshalb haben wir uns daf\u00fcr entschieden Tomatenextrakt in unsere Kapseln aufzunehmen.<\/li>\n<li><strong>K\u00fcrbiskern Extrakt:<\/strong>\u00a0Der Extrakt enth\u00e4lt Linols\u00e4ure, eine Omega-6-Fetts\u00e4ure, Beta-Sitosterol, Carotinoide, Selen und Magnesium.<\/li>\n<li><strong>Granatapfelschalen Extrakt:<\/strong>\u00a0Granat\u00e4pfel gelten als Superfrucht und das auch aus gutem Grund. Sie enthalten neben Polyphenolen, die zu den sekund\u00e4ren Pflanzenstoffen geh\u00f6ren, auch Mineralstoffe, wie Kalium, Calcium und Eisen, und Vitamine, wie Vitamin C, Vitamin B und Fols\u00e4ure.\u200b<\/li>\n<\/ul>\n<p>Die in der S\u00e4gepalme enthaltenen\u00a0Sterole bewirken, dass die Pflanze bei einer gutartigen Vergr\u00f6sserung der Prostata, regulierend auf diesen Bereich einwirkt und so zur Normalisierung der Dr\u00fcse beitragen und dadurch \u00a0den Harnfluss\u00a0verbessern kann.<\/p>\n<h5>Erektionsst\u00f6rungen bei vergr\u00f6sserter Prostata<\/h5>\n<p>Bei vielen M\u00e4nnern ist die gutartige Vergr\u00f6sserung der Prostata ein Hauptgrund daf\u00fcr, dass das Liebesleben oft\u00a0zu kurz kommt. Der h\u00e4ufige und pl\u00f6tzliche Harndrang geht oftmals mit einer schmerzhaften Ejakulation und auch mit Erektionsst\u00f6rungen einher. S\u00e4gepalmextrakt kann sich positiv bei Erektionsst\u00f6rungen auswirken und gleichzeitig die sexuelle Leistungsf\u00e4higkeit merklich verbessern.<\/p>\n<p>Wir verzichten bei der Herstellung unserer M\u00e4nnerHeld Prosta Kapseln auf das Hinzuf\u00fcgen unn\u00f6tiger Aroma-, Farb-, und Zusatzstoffe und auf tierische Bestandteile. Das macht unsere Produkte zu 100% vegan.<\/p>\n<h5>Prostatagesundheit<\/h5>\n<p>Die Prostata, auch bekannt als Vorsteherdr\u00fcse, ist eine Dr\u00fcse, die zu den inneren Geschlechtsorganen des Mannes geh\u00f6rt. Die Hauptaufgabe der Prostata ist es, ein Sekret zu bilden, welches in Kombination mit den Samenzellen aus den Hoden und der Fl\u00fcssigkeit aus anderen Dr\u00fcsen, das Sperma des Mannes bildet. Wie bei allen inneren Organen, kann es auch bei der Prostata zu Beschwerden und Erkrankungen kommen. Am h\u00e4ufigsten treten solche in Zusammenhang mit dem Wasserlassen und der Sexualfunktion auf. Meist treten Prostatabeschwerden erst mit zunehmendem Alter auf, k\u00f6nnen aber bereits junge M\u00e4nner betreffen. Eine gesunde Lebensweise und medizinische Vorsorgeuntersuchungen k\u00f6nnen M\u00e4nner vor ernsthaften Prostatabeschwerden und -erkrankungen bewahren.<\/p>\n<h5>F\u00fcr die Gesundheit des Mannes<\/h5>\n<p>Unsere M\u00e4nnerHeld Prosta Kapseln enthalten die lebenswichtigen Spurenelemente Zink und Selen. Die Aufnahme der richtigen N\u00e4hrstoffe wirkt sich positiv auf die Gesundheit des Mannes aus. Hier spielen die beiden Spurenelemente eine wichtige Rolle. Selen und Zink tragen zu einer normalen Funktion des Immunsystems bei. Beide Spurenelemente sind aber vor allem wichtig f\u00fcr m\u00e4nnliche Reproduktionsvorg\u00e4nge im K\u00f6rper. Selen tr\u00e4gt zu einer normalen Spermabildung bei und Zink unterst\u00fctzt eine normale Fruchtbarkeit und eine normale Reproduktion.<\/p>\n<h5>Tipp:<\/h5>\n<p>Kombinieren Sie die M\u00e4nnerHeld\u00a0Kapseln mit den\u00a0<a href=\"https:\/\/www.plantavis.ch\/de\/produkte\/aktivitaet\/Pinienrinde-OPC\/?oid=1963&amp;lang=de\">Pinienrinde OPC Kapseln<\/a>.<\/p>\n<p>Eine regelm\u00e4ssige Untersuchung der Prostata ist auch ohne Beschwerden empfehlenswert. Prostatakrebs geh\u00f6rt zu den h\u00e4ufigsten Krebsarten bei M\u00e4nnern. In einem fr\u00fchen Stadium kann die Krebsart gut behandelt werden.<\/p>\n<p>Zutaten:<\/p>\n<p>S\u00e4gepalm Extrakt, Brennnesselwurzel Pulver, Kapselh\u00fclle: Hydroxypropylmethylcellulose, Tomaten Extrakt, Sibirischer Ginseng Pulver, K\u00fcrbiskern Extrakt, Granatapfelschalen Extrakt (mit\u00a040%\u00a0Ellags\u00e4ure), L-Histidin, Zinkgluconat, Selenmethionin<\/p>\n<p><strong>Anwendung:<\/strong><\/p>\n<p>T\u00e4glich 2\u00a0Kapseln\u00a0mit ausreichend Fl\u00fcssigkeit zu oder nach einer Mahlzeit einnehmen. Es k\u00f6nnen auch mehrere Kapseln auf einmal eingenommen werden. Eine Dose reicht f\u00fcr einen zwei-Monatsbedarf und ist f\u00fcr eine dauerhafte Anwendung geeignet.<\/p>\n<p>Die Produkte sollten langfristig und konsequent angewandt werden, denn nur so ist es gew\u00e4hrleistet, dass die hochwertigen Wirkstoffe die gew\u00fcnschten Ergebnisse erzielen.<\/p>\n<p>&nbsp;<\/p>\n<p>Hinweis:<\/p>\n<p>Die angegebene empfohlene t\u00e4gliche Verzehrsmenge darf nicht \u00fcberschritten werden. Nahrungserg\u00e4nzungsmittel sollten nicht als Ersatz f\u00fcr eine ausgewogene und abwechslungsreiche Ern\u00e4hrung verwendet werden. Ausserhalb der Reichweite von Kindern aufbewahren.\u00a0Lagern Sie das Produkt trocken, lichtgesch\u00fctzt und nicht \u00fcber 25\u00b0C.<\/p>\n<p>Benutzen Sie dieses Produkt nicht, wenn das Sicherheitssiegel besch\u00e4digt ist.<\/p>\n<p>&nbsp;<\/p>\n<p>&nbsp;<\/p>\n<table border=\"0\" cellspacing=\"1\" cellpadding=\"5\">\n<tbody>\n<tr>\n<td>Zusammensetzung<\/td>\n<td>pro Tagesdosis 2 Kapseln<\/td>\n<td>RM (%)<\/td>\n<\/tr>\n<tr>\n<td>S\u00e4gepalm Extrakt<\/td>\n<td>300.00 mg<\/td>\n<td>*<\/td>\n<\/tr>\n<tr>\n<td>Sojabohnen Extrakt<\/td>\n<td>200.00 mg<\/td>\n<td>*<\/td>\n<\/tr>\n<tr>\n<td>\u00a0 \u00a0 \u00a0davon Phytosterol (95%)<\/td>\n<td>190.00 mg<\/td>\n<td>*<\/td>\n<\/tr>\n<tr>\n<td>Tomaten Extrakt<\/td>\n<td>100.00 mg<\/td>\n<td>*<\/td>\n<\/tr>\n<tr>\n<td>\u00a0 \u00a0 \u00a0davon Lycopine (5%)<\/td>\n<td>5.00 mg<\/td>\n<td>*<\/td>\n<\/tr>\n<tr>\n<td>K\u00fcrbiskern Extrakt<\/td>\n<td>100.00 mg<\/td>\n<td>*<\/td>\n<td><\/td>\n<\/tr>\n<tr>\n<td>Granatapfelschalen Extrakt<\/td>\n<td>50.00 mg<\/td>\n<td>*<\/td>\n<\/tr>\n<tr>\n<td>Zink<\/td>\n<td>2.60 mg<\/td>\n<td>26.00 %<\/td>\n<\/tr>\n<tr>\n<td>Selen<\/td>\n<td>18.00 \u03bcg<\/td>\n<td>32.72 %<\/td>\n<\/tr>\n<tr>\n<td><\/td>\n<td><\/td>\n<td><\/td>\n<\/tr>\n<tr>\n<td colspan=\"3\">RM(%): Referenzmengen (f\u00fcr den durchschnittlichen Erwachsenen) nach LMIV<\/td>\n<\/tr>\n<\/tbody>\n<\/table>\n","protected":false},"excerpt":{"rendered":"<p>Nat\u00fcrliche Kraft f\u00fcr die Prostata\u00a0 M\u00e4nnerHeld Prosta Kapseln mit\u00a0wertvollen Pflanzenextrakten &nbsp; Nahrungserg\u00e4nzungsmittel mit S\u00e4gepalm Extrakt, Brennnesselwurzel Pulver,\u00a0Tomaten Extrakt, Sibirischer Ginseng Pulver, K\u00fcrbiskern Extrakt, Granatapfelschalen Extrakt, L-Histidin, Zinkgluconat, Selenmethionin, Zink und Selen &#8211; hochwertiges Qualit\u00e4tsprodukt von PlantaVis. Nat\u00fcrliche Kraft f\u00fcr die Prostata (M\u00e4nnerHeld) Kapseln Enth\u00e4lt die lebenswichtigen N\u00e4hrstoffe Zink und Selen Mit f\u00fcnf wertvollen Pflanzenextrakten F\u00fcr &hellip;<\/p>\n<p class=\"read-more\"> <a class=\"\" href=\"https:\/\/schmecktbesser.ch\/index.php\/product\/maennerheld-prosta-die-prosta-maennerheld-kapseln-mit-fuenf-wertvollen-pflanzenextrakten-60-tage-versorgung-inhalt-120-kapseln-fuellmenge-603-g\/\"> <span class=\"screen-reader-text\">M\u00e4nnerHeld Prosta Die Prosta M\u00e4nnerHeld Kapseln mit f\u00fcnf wertvollen Pflanzenextrakten 60 Tage Versorgung  Inhalt: 120 Kapseln | F\u00fcllmenge: 60,3 g.<\/span> Weiterlesen &raquo;<\/a><\/p>\n","protected":false},"featured_media":7234,"template":"","meta":{"site-sidebar-layout":"default","site-content-layout":"default","ast-global-header-display":"","ast-main-header-display":"","ast-hfb-above-header-display":"","ast-hfb-below-header-display":"","ast-hfb-mobile-header-display":"","site-post-title":"","ast-breadcrumbs-content":"","ast-featured-img":"","footer-sml-layout":"","theme-transparent-header-meta":"default","adv-header-id-meta":"","stick-header-meta":"","header-above-stick-meta":"","header-main-stick-meta":"","header-below-stick-meta":""},"product_brand":[],"product_cat":[15,270],"product_tag":[],"class_list":{"0":"post-7233","1":"product","2":"type-product","3":"status-publish","4":"has-post-thumbnail","6":"product_cat-uncategorized","7":"product_cat-nahrungsergaenzung","8":"desktop-align-center","9":"tablet-align-center","10":"mobile-align-center","12":"first","13":"instock","14":"taxable","15":"shipping-taxable","16":"purchasable","17":"product-type-simple"},"_links":{"self":[{"href":"https:\/\/schmecktbesser.ch\/index.php\/wp-json\/wp\/v2\/product\/7233","targetHints":{"allow":["GET"]}}],"collection":[{"href":"https:\/\/schmecktbesser.ch\/index.php\/wp-json\/wp\/v2\/product"}],"about":[{"href":"https:\/\/schmecktbesser.ch\/index.php\/wp-json\/wp\/v2\/types\/product"}],"wp:featuredmedia":[{"embeddable":true,"href":"https:\/\/schmecktbesser.ch\/index.php\/wp-json\/wp\/v2\/media\/7234"}],"wp:attachment":[{"href":"https:\/\/schmecktbesser.ch\/index.php\/wp-json\/wp\/v2\/media?parent=7233"}],"wp:term":[{"taxonomy":"product_brand","embeddable":true,"href":"https:\/\/schmecktbesser.ch\/index.php\/wp-json\/wp\/v2\/product_brand?post=7233"},{"taxonomy":"product_cat","embeddable":true,"href":"https:\/\/schmecktbesser.ch\/index.php\/wp-json\/wp\/v2\/product_cat?post=7233"},{"taxonomy":"product_tag","embeddable":true,"href":"https:\/\/schmecktbesser.ch\/index.php\/wp-json\/wp\/v2\/product_tag?post=7233"}],"curies":[{"name":"wp","href":"https:\/\/api.w.org\/{rel}","templated":true}]}}