{"id":7235,"date":"2024-05-05T17:31:39","date_gmt":"2024-05-05T15:31:39","guid":{"rendered":"https:\/\/schmecktbesser.ch\/?post_type=product&#038;p=7235"},"modified":"2024-10-29T07:38:38","modified_gmt":"2024-10-29T06:38:38","slug":"stoffwechsel-kapseln-plantabiotic-stoffwechsel-kapseln-plantabiotic-fuer-eine-harmonische-darmflora-von-plantavis-30-tage-versorgung-inhalt-60-kapseln-fuellmenge-227-g","status":"publish","type":"product","link":"https:\/\/schmecktbesser.ch\/index.php\/product\/stoffwechsel-kapseln-plantabiotic-stoffwechsel-kapseln-plantabiotic-fuer-eine-harmonische-darmflora-von-plantavis-30-tage-versorgung-inhalt-60-kapseln-fuellmenge-227-g\/","title":{"rendered":"Stoffwechsel Kapseln PlantaBiotic Stoffwechsel Kapseln PlantaBiotic F\u00fcr eine harmonische Darmflora von PlantaVis Inhalt: 60 Kapseln | F\u00fcllmenge: 22,7g. Art. 29"},"content":{"rendered":"<p><strong>Gutes f\u00fcr den Stoffwechse<\/strong><\/p>\n<h5>Stoffwechsel Kapseln PlantaBiotic\u00a0mit diversen Bifidobakterien\u00a0und\u00a0Laktobazillen\u00a0von PlantaVis<\/h5>\n<p>&nbsp;<\/p>\n<p>Nahrungserg\u00e4nzungsmittel mit diversen Bifidobakterium und\u00a0Lactobacillus\u00a0&#8211; hochwertiges Qualit\u00e4tsprodukt von PlantaVis.<\/p>\n<p>&nbsp;<\/p>\n<p>Bifidobakterien und Laktobazillen\u00a0sind Bestandteil der\u00a0Magen-Darm-Flora<\/p>\n<h5>Unterst\u00fctzung f\u00fcr den Darm von PlantaVis<\/h5>\n<p>PlantaBiotic enth\u00e4lt eine Kombination aus folgenden Bifido- und Laktobakterien:<\/p>\n<ul>\n<li>Bifidobacterium breve<\/li>\n<li>Bifidobacterium bifidum<\/li>\n<li>Bifidobacterium longum<\/li>\n<li>Lactococcus lactis<\/li>\n<li>Lactobacillus acidophilus<\/li>\n<li>Lactobacillus rhamnosus<\/li>\n<\/ul>\n<h5>Zur Unterst\u00fctzung einer gesunden Darmflora<\/h5>\n<p>PlantaBiotic enth\u00e4lt verschiedene n\u00fctzliche\u00a0Bifidobakterien\u00a0und Laktobakterien (Milchs\u00e4urebakterien). Diese sind ein nat\u00fcrlicher Bestandteil der menschlichen Darmflora und am Stoffwechsel sowie an der Immunabwehr beteiligt. Sie geh\u00f6ren zu den Mikroorganismen, die unseren Darmtrakt besiedeln, f\u00fcr eine ausgeglichene Darmflora sorgen und so die Funktion des Darmtraktes sicherstellen.<\/p>\n<h5>F\u00fcr eine\u00a0harmonische Darmflora<\/h5>\n<p>Im Darm des Menschen lebt eine grosse Anzahl n\u00fctzlicher Bakterien, ohne die der Mensch nicht lebensf\u00e4hig w\u00e4re. Sie bewerkstelligen einen bedeutenden Teil von Verdauung und Immunabwehr und produzieren f\u00fcr den Menschen lebenswichtige Vitamine und Stoffwechselprodukte (Verdauungsenzyme).<br \/>\nEine St\u00f6rung der mikrobiellen Darmflora durch Stress, Antibiotikaeinnahme, Hormonpr\u00e4parate (Antibabypille, Kortison, etc.) oder einseitige Ern\u00e4hrung f\u00fchrt zu bisweilen schwerwiegenden Gesundheitsst\u00f6rungen.<br \/>\nAls Vorbeugung aber auch zur Behandlung solcher Darmdysbiosen eignen sich konzentrierte lebensf\u00e4hige Bakterienkulturen, sogenannte \u201eProbiotika\u201c.<\/p>\n<h5>Bifidobakterien<\/h5>\n<p>Bifidobakterien besiedeln das Verdauungssystem (einschliesslich des Blinddarms) gesunder Menschen sowie die Vagina gesunder Frauen. Sie halten sch\u00e4dliche Bakterien und Krankheitserreger in Schach. Die Ansiedlung von Bifidobakterien in Darm und\/oder Vagina kann mit Hilfe hochwertiger Probiotika erreicht werden. Gleichzeitig muss die Ern\u00e4hrung reich an unverdaulichen Kohlenhydraten sein (Ballaststoffen), damit die Bifidobakterien ausreichend Nahrung vorfinden und sich auch wirklich dauerhaft ansiedeln.<\/p>\n<h5>Bifidobakterien f\u00fcr einen gesunden Darm<\/h5>\n<p>Forscher haben bereits vor mehr als zwanzig Jahren erkannt, dass Bifidobakterien zu den wichtigsten Bestandteilen der Darmflora geh\u00f6ren. Bei erwachsenen Menschen betr\u00e4gt ihr Anteil an der gesamten Darmflora etwa 25 Prozent, w\u00e4hrend er bei Neugeborenen sogar 95 Prozent erreicht.<br \/>\nDie Wissenschaftler hatten gezeigt, dass die Anzahl der Bifidobakterien gezielt erh\u00f6ht werden kann, wenn reichlich unverdauliche Kohlenhydrate gegessen werden.<\/p>\n<h5>Bifidobakterien halten sch\u00e4dliche Darmbakterien fern<\/h5>\n<p>Bifidobakterien senken (genau wie Laktobazillen) den\u00a0pH-Wert\u00a0im Dickdarm, indem sie Glucose zu Milchs\u00e4ure fermentieren.<br \/>\nUnerw\u00fcnschte Darmbakterien und\u00a0Krankheitserreger\u00a0wie etwa Salmonellen, F\u00e4ulnisbakterien oder Kolibakterien m\u00f6gen ein solch saures Milieu im Dickdarm nicht und k\u00f6nnen sich daher kaum ansiedeln, und wenn doch, so k\u00f6nnen sie sich nicht \u00fcberm\u00e4ssig vermehren und werden von den &#171;guten&#187; Darmbakterien \u2013 wie den Bifidobakterien \u2013 unter Kontrolle gehalten.<br \/>\nDieser kontrollierende Einfluss der Bifidobakterien ergibt sich aus dem sog. Bifidin. Dabei handelt es sich um ein von den Bifidobakterien gebildetes Toxin, welches das Wachstum und die Vermehrung der gesundheitssch\u00e4digenden Darmbakterien wie beispielsweise\u00a0Listerien\u00a0oder auch\u00a0Clostridien\u00a0verhindern kann.<br \/>\nBetrachtet man nun die m\u00f6glichen Auswirkungen der sch\u00e4dlichen Darmbakterien, wovon\u00a0Durchfall\u00a0noch eine der harmlosesten ist, dann wird erst klar, welche unglaublichen Verdienste wir den Bifidobakterien zu verdanken haben.<\/p>\n<p>F\u00fcr unser Wohlbefinden und unsere Gesundheit ist es wichtig, dass sich unsere Darmflora \u2013 das sensible und komplexe \u00d6kosystem aller Mikroorganismen in unserem Darm \u2013 in einem harmonischen Gleichgewicht befindet. Ger\u00e4t die Darmflora jedoch in ein Ungleichgewicht (zum Beispiel durch St\u00f6rfaktoren wie Stress, falsche Ern\u00e4hrung, Schlafmangel, Einnahme von Medikamenten), k\u00f6nnen sch\u00e4dliche Bakterien die Oberhand gewinnen und die Gesundheit und Funktion des Darms oder anderer K\u00f6rperbereiche beeintr\u00e4chtigen. Dann muss der K\u00f6rper versuchen, das Gleichgewicht wiederherzustellen.<\/p>\n<h5>Wie funktionieren die PlantaBiotic Kapseln?<\/h5>\n<p>Unsere eingesetzten Bakterien-Rohstoffe sind mikroverkapselt oder werden in einer magensaftresistenten Kapsel geliefert. Bei der Mikroverkapselung handelt es sich um eine Technik, bei der kleinste Mengen der Bakterien mit einem \u00dcberzug umh\u00fcllt werden. Somit werden die Bakterien vor dem geringen pH-Wert der Magens\u00e4ure gesch\u00fctzt. Die Mikroverkapselung \u00f6ffnet sich im D\u00fcnndarm durch den ansteigenden pH-Wert, werden die\u00a0Bakterien aktiviert und freigesetzt.<br \/>\nDie Bakterien sind bei uns tiefgefroren und somit inaktiv. Sie stellen alle Lebensprozesse ein, sind aber nicht tot.<br \/>\nSobald die Temperaturen steigen, erwachen sie aus dem K\u00e4lteschlaf und werden aktiv (vermehren sich etc.).<\/p>\n<h5>Tipp:<\/h5>\n<p>Geht es um die Darmgesundheit, denken viele vor allem an eine gesunde und ballaststoffreiche Ern\u00e4hrung. Doch dar\u00fcber hinaus ist es auch wichtig, sich ausreichend zu bewegen. Denn Bewegung tut dem Darm gut.<\/p>\n<h5>Anwendung:<\/h5>\n<p>T\u00e4glich zwei\u00a0Kapseln mit ausreichend Fl\u00fcssigkeit einnehmen.\u00a0Die Produkte sollten langfristig und konsequent angewandt werden, denn nur so ist es gew\u00e4hrleistet, dass die hochwertigen Wirkstoffe die gew\u00fcnschten Ergebnisse erzielen.<br \/>\nEine Dose reicht f\u00fcr einen Monatsbedarf und ist f\u00fcr eine dauerhafte Anwendung geeignet.<\/p>\n<p>Zutaten:<\/p>\n<p>Maltodextrin, Reismehl, Kapselh\u00fclle: Hypromellose und Gellan, Stabilisator: Ascorbylpalmitat, Bifidobakterium Breve, Lactococcus Lactis, Trennmittel: Tricalciumphosphat, Lactobacillus Acidophilus, Lactobacillus Rhamnosus, Bifidobakterium Bifidum, Bifidobakterium Longum<\/p>\n<p>Hinweis:<\/p>\n<p>Die angegebene empfohlene t\u00e4gliche Verzehrsmenge darf nicht \u00fcberschritten werden. Nahrungserg\u00e4nzungsmittel sollten nicht als Ersatz f\u00fcr eine ausgewogene und abwechslungsreiche Ern\u00e4hrung verwendet werden. Ausserhalb der Reichweite von Kindern aufbewahren.\u00a0Lagern Sie das Produkt trocken, lichtgesch\u00fctzt und nicht \u00fcber 25\u00b0C.<\/p>\n<p>Benutzen Sie dieses Produkt nicht, wenn das Sicherheitssiegel besch\u00e4digt ist.<\/p>\n<p>Wenn Sie schwanger sind oder stillen, kontaktieren\u00a0Sie bitte Ihren Arzt, bevor Sie das Produkt benutzen.<\/p>\n<table border=\"0\" cellspacing=\"1\" cellpadding=\"5\">\n<tbody>\n<tr>\n<td><strong>Zusammensetzung<\/strong><\/td>\n<td>pro Tagesdosis (2 Kapseln)<\/td>\n<\/tr>\n<tr>\n<td>Bifidobakterium Breve<\/td>\n<td>8.4 x 10<sup>9<\/sup>\u00a0CFU<\/td>\n<\/tr>\n<tr>\n<td>Lactococcus Lactis<\/td>\n<td>0.8 x 10<sup>9<\/sup>\u00a0CFU<\/td>\n<\/tr>\n<tr>\n<td>Lactobacilus Acidophilus<\/td>\n<td>0.4 x 10<sup>9<\/sup>\u00a0CFU<\/td>\n<\/tr>\n<tr>\n<td>Lactobacilus Rhamnosus<\/td>\n<td>0.4 x 10<sup>9<\/sup>\u00a0CFU<\/td>\n<\/tr>\n<tr>\n<td>Bifidobakterium Bifidum<\/td>\n<td>0.2 x 10<sup>9<\/sup>\u00a0CFU<\/td>\n<\/tr>\n<tr>\n<td>Bifidobakterium Lognum<\/td>\n<td>0.1 x 10<sup>9\u00a0<\/sup>CFU<\/td>\n<\/tr>\n<\/tbody>\n<\/table>\n","protected":false},"excerpt":{"rendered":"<p>Gutes f\u00fcr den Stoffwechse Stoffwechsel Kapseln PlantaBiotic\u00a0mit diversen Bifidobakterien\u00a0und\u00a0Laktobazillen\u00a0von PlantaVis &nbsp; Nahrungserg\u00e4nzungsmittel mit diversen Bifidobakterium und\u00a0Lactobacillus\u00a0&#8211; hochwertiges Qualit\u00e4tsprodukt von PlantaVis. &nbsp; Bifidobakterien und Laktobazillen\u00a0sind Bestandteil der\u00a0Magen-Darm-Flora Unterst\u00fctzung f\u00fcr den Darm von PlantaVis PlantaBiotic enth\u00e4lt eine Kombination aus folgenden Bifido- und Laktobakterien: Bifidobacterium breve Bifidobacterium bifidum Bifidobacterium longum Lactococcus lactis Lactobacillus acidophilus Lactobacillus rhamnosus Zur Unterst\u00fctzung &hellip;<\/p>\n<p class=\"read-more\"> <a class=\"\" href=\"https:\/\/schmecktbesser.ch\/index.php\/product\/stoffwechsel-kapseln-plantabiotic-stoffwechsel-kapseln-plantabiotic-fuer-eine-harmonische-darmflora-von-plantavis-30-tage-versorgung-inhalt-60-kapseln-fuellmenge-227-g\/\"> <span class=\"screen-reader-text\">Stoffwechsel Kapseln PlantaBiotic Stoffwechsel Kapseln PlantaBiotic F\u00fcr eine harmonische Darmflora von PlantaVis Inhalt: 60 Kapseln | F\u00fcllmenge: 22,7g. Art. 29<\/span> Weiterlesen &raquo;<\/a><\/p>\n","protected":false},"featured_media":7236,"template":"","meta":{"site-sidebar-layout":"default","site-content-layout":"default","ast-global-header-display":"","ast-main-header-display":"","ast-hfb-above-header-display":"","ast-hfb-below-header-display":"","ast-hfb-mobile-header-display":"","site-post-title":"","ast-breadcrumbs-content":"","ast-featured-img":"","footer-sml-layout":"","theme-transparent-header-meta":"default","adv-header-id-meta":"","stick-header-meta":"","header-above-stick-meta":"","header-main-stick-meta":"","header-below-stick-meta":""},"product_brand":[],"product_cat":[15,270],"product_tag":[],"class_list":{"0":"post-7235","1":"product","2":"type-product","3":"status-publish","4":"has-post-thumbnail","6":"product_cat-uncategorized","7":"product_cat-nahrungsergaenzung","8":"desktop-align-center","9":"tablet-align-center","10":"mobile-align-center","12":"first","13":"instock","14":"taxable","15":"shipping-taxable","16":"purchasable","17":"product-type-simple"},"_links":{"self":[{"href":"https:\/\/schmecktbesser.ch\/index.php\/wp-json\/wp\/v2\/product\/7235","targetHints":{"allow":["GET"]}}],"collection":[{"href":"https:\/\/schmecktbesser.ch\/index.php\/wp-json\/wp\/v2\/product"}],"about":[{"href":"https:\/\/schmecktbesser.ch\/index.php\/wp-json\/wp\/v2\/types\/product"}],"wp:featuredmedia":[{"embeddable":true,"href":"https:\/\/schmecktbesser.ch\/index.php\/wp-json\/wp\/v2\/media\/7236"}],"wp:attachment":[{"href":"https:\/\/schmecktbesser.ch\/index.php\/wp-json\/wp\/v2\/media?parent=7235"}],"wp:term":[{"taxonomy":"product_brand","embeddable":true,"href":"https:\/\/schmecktbesser.ch\/index.php\/wp-json\/wp\/v2\/product_brand?post=7235"},{"taxonomy":"product_cat","embeddable":true,"href":"https:\/\/schmecktbesser.ch\/index.php\/wp-json\/wp\/v2\/product_cat?post=7235"},{"taxonomy":"product_tag","embeddable":true,"href":"https:\/\/schmecktbesser.ch\/index.php\/wp-json\/wp\/v2\/product_tag?post=7235"}],"curies":[{"name":"wp","href":"https:\/\/api.w.org\/{rel}","templated":true}]}}